{"id":9688,"date":"2018-06-15T15:02:03","date_gmt":"2018-06-15T14:02:03","guid":{"rendered":"https:\/\/www.tyroremotes.be\/product\/bevestigingsmagneet-voor-ontvanger\/"},"modified":"2018-09-17T14:05:39","modified_gmt":"2018-09-17T13:05:39","slug":"attache-magnetique-pour-recepteurs","status":"publish","type":"product","link":"https:\/\/www.tyroremotes.be\/fr\/produit\/attache-magnetique-pour-recepteurs\/","title":{"rendered":"Attache magn\u00e9tique pour r\u00e9cepteurs"},"content":{"rendered":"<p>Une solution simple mais efficace d\u2019attacher le r\u00e9cepteur sur, par exemple, une remorque ou une machine, sans l\u2019y visser de mani\u00e8re permanente. L\u2019aimant neodyminium s\u00e9par\u00e9 se monte sur le r\u00e9cepteur. Les aimants disposent d\u2019une r\u00e9sistance \u00e0 la traction \u00e9lev\u00e9e (75N) : pour le petit r\u00e9cepteur Hydrus, deux aimants devraient \u00eatre suffisants.<br \/>\nConvient pour : <\/p>\n<ul>\n<li>Hydrus<\/li>\n<li>Aquarius<\/li>\n<li>Auriga<\/li>\n<li>Pavo<\/li>\n<li>Aquila<\/li>\n<li>Gemini<\/li>\n<\/ul>\n","protected":false},"excerpt":{"rendered":"<p>\u2022\tDiam\u00e8tre: 31 mm<br \/>\n\u2022\tHauteur: 6 mm<br \/>\n\u2022\tOuverture de filetage : 5M<br \/>\n\u2022\tR\u00e9sistance \u00e0 la traction: 75N<br \/>\n\u2022\tTemp\u00e9rature Max. : 60 \u00b0C<\/p>\n","protected":false},"featured_media":9692,"comment_status":"closed","ping_status":"closed","template":"","meta":[],"product_brand":[],"product_cat":[278],"product_tag":[],"class_list":{"0":"post-9688","1":"product","2":"type-product","3":"status-publish","4":"has-post-thumbnail","6":"product_cat-accessoires","8":"first","9":"instock","10":"shipping-taxable","11":"product-type-simple"},"yoast_head":"<!-- This site is optimized with the Yoast SEO plugin v27.6 - https:\/\/yoast.com\/product\/yoast-seo-wordpress\/ -->\n<title>Attache magn\u00e9tique pour r\u00e9cepteurs Tyro \u2013 Tyro Remotes<\/title>\n<meta name=\"description\" content=\"Une solution simple mais efficace pour attacher nos r\u00e9cepteurs \u00e0 une remorque ou une machine avec des aimants.\" \/>\n<meta name=\"robots\" content=\"index, follow, max-snippet:-1, max-image-preview:large, max-video-preview:-1\" \/>\n<link rel=\"canonical\" href=\"https:\/\/www.tyroremotes.be\/fr\/produit\/attache-magnetique-pour-recepteurs\/\" \/>\n<meta property=\"og:locale\" content=\"fr_FR\" \/>\n<meta property=\"og:type\" content=\"article\" \/>\n<meta property=\"og:title\" content=\"Attache magn\u00e9tique pour r\u00e9cepteurs Tyro \u2013 Tyro Remotes\" \/>\n<meta property=\"og:description\" content=\"Une solution simple mais efficace pour attacher nos r\u00e9cepteurs \u00e0 une remorque ou une machine avec des aimants.\" \/>\n<meta property=\"og:url\" content=\"https:\/\/www.tyroremotes.be\/fr\/produit\/attache-magnetique-pour-recepteurs\/\" \/>\n<meta property=\"og:site_name\" content=\"Tyro Remotes\" \/>\n<meta property=\"article:modified_time\" content=\"2018-09-17T13:05:39+00:00\" \/>\n<meta property=\"og:image\" content=\"https:\/\/www.tyroremotes.be\/wp-content\/uploads\/2018\/06\/1pc-magnetic-holder-03.jpg\" \/>\n\t<meta property=\"og:image:width\" content=\"800\" \/>\n\t<meta property=\"og:image:height\" content=\"800\" \/>\n\t<meta property=\"og:image:type\" content=\"image\/jpeg\" \/>\n<meta name=\"twitter:card\" content=\"summary_large_image\" \/>\n<meta name=\"twitter:site\" content=\"@TyroRemotesNL\" \/>\n<script type=\"application\/ld+json\" class=\"yoast-schema-graph\">{\"@context\":\"https:\\\/\\\/schema.org\",\"@graph\":[{\"@type\":\"WebPage\",\"@id\":\"https:\\\/\\\/www.tyroremotes.be\\\/fr\\\/produit\\\/attache-magnetique-pour-recepteurs\\\/\",\"url\":\"https:\\\/\\\/www.tyroremotes.be\\\/fr\\\/produit\\\/attache-magnetique-pour-recepteurs\\\/\",\"name\":\"Attache magn\u00e9tique pour r\u00e9cepteurs Tyro \u2013 Tyro Remotes\",\"isPartOf\":{\"@id\":\"https:\\\/\\\/www.tyroremotes.be\\\/#website\"},\"primaryImageOfPage\":{\"@id\":\"https:\\\/\\\/www.tyroremotes.be\\\/fr\\\/produit\\\/attache-magnetique-pour-recepteurs\\\/#primaryimage\"},\"image\":{\"@id\":\"https:\\\/\\\/www.tyroremotes.be\\\/fr\\\/produit\\\/attache-magnetique-pour-recepteurs\\\/#primaryimage\"},\"thumbnailUrl\":\"https:\\\/\\\/www.tyroremotes.be\\\/wp-content\\\/uploads\\\/2018\\\/06\\\/1pc-magnetic-holder-03.jpg\",\"datePublished\":\"2018-06-15T14:02:03+00:00\",\"dateModified\":\"2018-09-17T13:05:39+00:00\",\"description\":\"Une solution simple mais efficace pour attacher nos r\u00e9cepteurs \u00e0 une remorque ou une machine avec des aimants.\",\"breadcrumb\":{\"@id\":\"https:\\\/\\\/www.tyroremotes.be\\\/fr\\\/produit\\\/attache-magnetique-pour-recepteurs\\\/#breadcrumb\"},\"inLanguage\":\"fr-BE\",\"potentialAction\":[{\"@type\":\"ReadAction\",\"target\":[\"https:\\\/\\\/www.tyroremotes.be\\\/fr\\\/produit\\\/attache-magnetique-pour-recepteurs\\\/\"]}]},{\"@type\":\"ImageObject\",\"inLanguage\":\"fr-BE\",\"@id\":\"https:\\\/\\\/www.tyroremotes.be\\\/fr\\\/produit\\\/attache-magnetique-pour-recepteurs\\\/#primaryimage\",\"url\":\"https:\\\/\\\/www.tyroremotes.be\\\/wp-content\\\/uploads\\\/2018\\\/06\\\/1pc-magnetic-holder-03.jpg\",\"contentUrl\":\"https:\\\/\\\/www.tyroremotes.be\\\/wp-content\\\/uploads\\\/2018\\\/06\\\/1pc-magnetic-holder-03.jpg\",\"width\":800,\"height\":800},{\"@type\":\"BreadcrumbList\",\"@id\":\"https:\\\/\\\/www.tyroremotes.be\\\/fr\\\/produit\\\/attache-magnetique-pour-recepteurs\\\/#breadcrumb\",\"itemListElement\":[{\"@type\":\"ListItem\",\"position\":1,\"name\":\"Home\",\"item\":\"https:\\\/\\\/www.tyroremotes.be\\\/fr\\\/\"},{\"@type\":\"ListItem\",\"position\":2,\"name\":\"Winkel\",\"item\":\"https:\\\/\\\/www.tyroremotes.be\\\/winkel\\\/\"},{\"@type\":\"ListItem\",\"position\":3,\"name\":\"Accessoires\",\"item\":\"https:\\\/\\\/www.tyroremotes.be\\\/pcat\\\/accessoires\\\/\"},{\"@type\":\"ListItem\",\"position\":4,\"name\":\"Attache magn\u00e9tique pour r\u00e9cepteurs\"}]},{\"@type\":\"WebSite\",\"@id\":\"https:\\\/\\\/www.tyroremotes.be\\\/#website\",\"url\":\"https:\\\/\\\/www.tyroremotes.be\\\/\",\"name\":\"Tyro Remotes\",\"description\":\"\",\"potentialAction\":[{\"@type\":\"SearchAction\",\"target\":{\"@type\":\"EntryPoint\",\"urlTemplate\":\"https:\\\/\\\/www.tyroremotes.be\\\/?s={search_term_string}\"},\"query-input\":{\"@type\":\"PropertyValueSpecification\",\"valueRequired\":true,\"valueName\":\"search_term_string\"}}],\"inLanguage\":\"fr-BE\"}]}<\/script>\n<!-- \/ Yoast SEO plugin. -->","yoast_head_json":{"title":"Attache magn\u00e9tique pour r\u00e9cepteurs Tyro \u2013 Tyro Remotes","description":"Une solution simple mais efficace pour attacher nos r\u00e9cepteurs \u00e0 une remorque ou une machine avec des aimants.","robots":{"index":"index","follow":"follow","max-snippet":"max-snippet:-1","max-image-preview":"max-image-preview:large","max-video-preview":"max-video-preview:-1"},"canonical":"https:\/\/www.tyroremotes.be\/fr\/produit\/attache-magnetique-pour-recepteurs\/","og_locale":"fr_FR","og_type":"article","og_title":"Attache magn\u00e9tique pour r\u00e9cepteurs Tyro \u2013 Tyro Remotes","og_description":"Une solution simple mais efficace pour attacher nos r\u00e9cepteurs \u00e0 une remorque ou une machine avec des aimants.","og_url":"https:\/\/www.tyroremotes.be\/fr\/produit\/attache-magnetique-pour-recepteurs\/","og_site_name":"Tyro Remotes","article_modified_time":"2018-09-17T13:05:39+00:00","og_image":[{"width":800,"height":800,"url":"https:\/\/www.tyroremotes.be\/wp-content\/uploads\/2018\/06\/1pc-magnetic-holder-03.jpg","type":"image\/jpeg"}],"twitter_card":"summary_large_image","twitter_site":"@TyroRemotesNL","schema":{"@context":"https:\/\/schema.org","@graph":[{"@type":"WebPage","@id":"https:\/\/www.tyroremotes.be\/fr\/produit\/attache-magnetique-pour-recepteurs\/","url":"https:\/\/www.tyroremotes.be\/fr\/produit\/attache-magnetique-pour-recepteurs\/","name":"Attache magn\u00e9tique pour r\u00e9cepteurs Tyro \u2013 Tyro Remotes","isPartOf":{"@id":"https:\/\/www.tyroremotes.be\/#website"},"primaryImageOfPage":{"@id":"https:\/\/www.tyroremotes.be\/fr\/produit\/attache-magnetique-pour-recepteurs\/#primaryimage"},"image":{"@id":"https:\/\/www.tyroremotes.be\/fr\/produit\/attache-magnetique-pour-recepteurs\/#primaryimage"},"thumbnailUrl":"https:\/\/www.tyroremotes.be\/wp-content\/uploads\/2018\/06\/1pc-magnetic-holder-03.jpg","datePublished":"2018-06-15T14:02:03+00:00","dateModified":"2018-09-17T13:05:39+00:00","description":"Une solution simple mais efficace pour attacher nos r\u00e9cepteurs \u00e0 une remorque ou une machine avec des aimants.","breadcrumb":{"@id":"https:\/\/www.tyroremotes.be\/fr\/produit\/attache-magnetique-pour-recepteurs\/#breadcrumb"},"inLanguage":"fr-BE","potentialAction":[{"@type":"ReadAction","target":["https:\/\/www.tyroremotes.be\/fr\/produit\/attache-magnetique-pour-recepteurs\/"]}]},{"@type":"ImageObject","inLanguage":"fr-BE","@id":"https:\/\/www.tyroremotes.be\/fr\/produit\/attache-magnetique-pour-recepteurs\/#primaryimage","url":"https:\/\/www.tyroremotes.be\/wp-content\/uploads\/2018\/06\/1pc-magnetic-holder-03.jpg","contentUrl":"https:\/\/www.tyroremotes.be\/wp-content\/uploads\/2018\/06\/1pc-magnetic-holder-03.jpg","width":800,"height":800},{"@type":"BreadcrumbList","@id":"https:\/\/www.tyroremotes.be\/fr\/produit\/attache-magnetique-pour-recepteurs\/#breadcrumb","itemListElement":[{"@type":"ListItem","position":1,"name":"Home","item":"https:\/\/www.tyroremotes.be\/fr\/"},{"@type":"ListItem","position":2,"name":"Winkel","item":"https:\/\/www.tyroremotes.be\/winkel\/"},{"@type":"ListItem","position":3,"name":"Accessoires","item":"https:\/\/www.tyroremotes.be\/pcat\/accessoires\/"},{"@type":"ListItem","position":4,"name":"Attache magn\u00e9tique pour r\u00e9cepteurs"}]},{"@type":"WebSite","@id":"https:\/\/www.tyroremotes.be\/#website","url":"https:\/\/www.tyroremotes.be\/","name":"Tyro Remotes","description":"","potentialAction":[{"@type":"SearchAction","target":{"@type":"EntryPoint","urlTemplate":"https:\/\/www.tyroremotes.be\/?s={search_term_string}"},"query-input":{"@type":"PropertyValueSpecification","valueRequired":true,"valueName":"search_term_string"}}],"inLanguage":"fr-BE"}]}},"_links":{"self":[{"href":"https:\/\/www.tyroremotes.be\/fr\/wp-json\/wp\/v2\/product\/9688","targetHints":{"allow":["GET"]}}],"collection":[{"href":"https:\/\/www.tyroremotes.be\/fr\/wp-json\/wp\/v2\/product"}],"about":[{"href":"https:\/\/www.tyroremotes.be\/fr\/wp-json\/wp\/v2\/types\/product"}],"replies":[{"embeddable":true,"href":"https:\/\/www.tyroremotes.be\/fr\/wp-json\/wp\/v2\/comments?post=9688"}],"wp:featuredmedia":[{"embeddable":true,"href":"https:\/\/www.tyroremotes.be\/fr\/wp-json\/wp\/v2\/media\/9692"}],"wp:attachment":[{"href":"https:\/\/www.tyroremotes.be\/fr\/wp-json\/wp\/v2\/media?parent=9688"}],"wp:term":[{"taxonomy":"product_brand","embeddable":true,"href":"https:\/\/www.tyroremotes.be\/fr\/wp-json\/wp\/v2\/product_brand?post=9688"},{"taxonomy":"product_cat","embeddable":true,"href":"https:\/\/www.tyroremotes.be\/fr\/wp-json\/wp\/v2\/product_cat?post=9688"},{"taxonomy":"product_tag","embeddable":true,"href":"https:\/\/www.tyroremotes.be\/fr\/wp-json\/wp\/v2\/product_tag?post=9688"}],"curies":[{"name":"wp","href":"https:\/\/api.w.org\/{rel}","templated":true}]}}