{"id":9684,"date":"2015-10-20T00:00:00","date_gmt":"2015-10-19T23:00:00","guid":{"rendered":"https:\/\/www.tyroremotes.be\/product\/1500mah-nimh-accu\/"},"modified":"2018-09-17T13:32:37","modified_gmt":"2018-09-17T12:32:37","slug":"batterie-daccumulateurs-nimh-rechargeable-1500-mah","status":"publish","type":"product","link":"https:\/\/www.tyroremotes.be\/fr\/produit\/batterie-daccumulateurs-nimh-rechargeable-1500-mah\/","title":{"rendered":"Batterie d\u2019accumulateurs nimh rechargeable 1500 mAh"},"content":{"rendered":"<h2>Batterie d\u2019accumulateurs nimh rechargeable 1500 mAh<\/h2>\n<p>Batterie d&rsquo;accumulateurs NiMH rechargeable 1300mAh pour votre \u00e9metteur Tyro Pyxis, Corvus, Libra et Cetus. \u00c9galement compatible avec la Tyro R\u00e9peteur Radio.<br \/>\nAutonomie: ca. 100 heures dans les conditions normales, ca. 40 heures en continue, ca. 10 heures avec \u00e9clairage du clavier.<\/p>\n","protected":false},"excerpt":{"rendered":"<p>Batterie d\u2019accumulateurs nimh rechargeable 1500 mAh Batterie d&rsquo;accumulateurs NiMH rechargeable 1300mAh pour votre \u00e9metteur Tyro Pyxis, Corvus, Libra et Cetus. \u00c9galement compatible avec la Tyro R\u00e9peteur Radio. Autonomie: ca. 100 heures dans les conditions normales, ca. 40 heures en continue, ca. 10 heures avec \u00e9clairage du clavier.<\/p>\n","protected":false},"featured_media":8808,"comment_status":"closed","ping_status":"closed","template":"","meta":[],"product_brand":[],"product_cat":[278],"product_tag":[],"class_list":{"0":"post-9684","1":"product","2":"type-product","3":"status-publish","4":"has-post-thumbnail","6":"product_cat-accessoires","8":"first","9":"instock","10":"shipping-taxable","11":"product-type-simple"},"yoast_head":"<!-- This site is optimized with the Yoast SEO plugin v27.6 - https:\/\/yoast.com\/product\/yoast-seo-wordpress\/ -->\n<title>Batterie Nimh 1500 Mah | Tyro Remotes<\/title>\n<meta name=\"description\" content=\"Batterie Nimh rechargeable 1500 Mah pour les t\u00e9l\u00e9commandes Pyxis, Corvus, Libra ou Cetus. Convient \u00e9galement pour le r\u00e9p\u00e9teur radio Tyro.\" \/>\n<meta name=\"robots\" content=\"index, follow, max-snippet:-1, max-image-preview:large, max-video-preview:-1\" \/>\n<link rel=\"canonical\" href=\"https:\/\/www.tyroremotes.be\/fr\/produit\/batterie-daccumulateurs-nimh-rechargeable-1500-mah\/\" \/>\n<meta property=\"og:locale\" content=\"fr_FR\" \/>\n<meta property=\"og:type\" content=\"article\" \/>\n<meta property=\"og:title\" content=\"Batterie Nimh 1500 Mah | Tyro Remotes\" \/>\n<meta property=\"og:description\" content=\"Batterie Nimh rechargeable 1500 Mah pour les t\u00e9l\u00e9commandes Pyxis, Corvus, Libra ou Cetus. Convient \u00e9galement pour le r\u00e9p\u00e9teur radio Tyro.\" \/>\n<meta property=\"og:url\" content=\"https:\/\/www.tyroremotes.be\/fr\/produit\/batterie-daccumulateurs-nimh-rechargeable-1500-mah\/\" \/>\n<meta property=\"og:site_name\" content=\"Tyro Remotes\" \/>\n<meta property=\"article:modified_time\" content=\"2018-09-17T12:32:37+00:00\" \/>\n<meta property=\"og:image\" content=\"https:\/\/www.tyroremotes.be\/wp-content\/uploads\/2015\/10\/1500Mah-NiMH.jpg\" \/>\n\t<meta property=\"og:image:width\" content=\"800\" \/>\n\t<meta property=\"og:image:height\" content=\"800\" \/>\n\t<meta property=\"og:image:type\" content=\"image\/jpeg\" \/>\n<meta name=\"twitter:card\" content=\"summary_large_image\" \/>\n<meta name=\"twitter:site\" content=\"@TyroRemotesNL\" \/>\n<script type=\"application\/ld+json\" class=\"yoast-schema-graph\">{\"@context\":\"https:\\\/\\\/schema.org\",\"@graph\":[{\"@type\":\"WebPage\",\"@id\":\"https:\\\/\\\/www.tyroremotes.be\\\/fr\\\/produit\\\/batterie-daccumulateurs-nimh-rechargeable-1500-mah\\\/\",\"url\":\"https:\\\/\\\/www.tyroremotes.be\\\/fr\\\/produit\\\/batterie-daccumulateurs-nimh-rechargeable-1500-mah\\\/\",\"name\":\"Batterie Nimh 1500 Mah | Tyro Remotes\",\"isPartOf\":{\"@id\":\"https:\\\/\\\/www.tyroremotes.be\\\/#website\"},\"primaryImageOfPage\":{\"@id\":\"https:\\\/\\\/www.tyroremotes.be\\\/fr\\\/produit\\\/batterie-daccumulateurs-nimh-rechargeable-1500-mah\\\/#primaryimage\"},\"image\":{\"@id\":\"https:\\\/\\\/www.tyroremotes.be\\\/fr\\\/produit\\\/batterie-daccumulateurs-nimh-rechargeable-1500-mah\\\/#primaryimage\"},\"thumbnailUrl\":\"https:\\\/\\\/www.tyroremotes.be\\\/wp-content\\\/uploads\\\/2015\\\/10\\\/1500Mah-NiMH.jpg\",\"datePublished\":\"2015-10-19T23:00:00+00:00\",\"dateModified\":\"2018-09-17T12:32:37+00:00\",\"description\":\"Batterie Nimh rechargeable 1500 Mah pour les t\u00e9l\u00e9commandes Pyxis, Corvus, Libra ou Cetus. Convient \u00e9galement pour le r\u00e9p\u00e9teur radio Tyro.\",\"breadcrumb\":{\"@id\":\"https:\\\/\\\/www.tyroremotes.be\\\/fr\\\/produit\\\/batterie-daccumulateurs-nimh-rechargeable-1500-mah\\\/#breadcrumb\"},\"inLanguage\":\"fr-BE\",\"potentialAction\":[{\"@type\":\"ReadAction\",\"target\":[\"https:\\\/\\\/www.tyroremotes.be\\\/fr\\\/produit\\\/batterie-daccumulateurs-nimh-rechargeable-1500-mah\\\/\"]}]},{\"@type\":\"ImageObject\",\"inLanguage\":\"fr-BE\",\"@id\":\"https:\\\/\\\/www.tyroremotes.be\\\/fr\\\/produit\\\/batterie-daccumulateurs-nimh-rechargeable-1500-mah\\\/#primaryimage\",\"url\":\"https:\\\/\\\/www.tyroremotes.be\\\/wp-content\\\/uploads\\\/2015\\\/10\\\/1500Mah-NiMH.jpg\",\"contentUrl\":\"https:\\\/\\\/www.tyroremotes.be\\\/wp-content\\\/uploads\\\/2015\\\/10\\\/1500Mah-NiMH.jpg\",\"width\":800,\"height\":800},{\"@type\":\"BreadcrumbList\",\"@id\":\"https:\\\/\\\/www.tyroremotes.be\\\/fr\\\/produit\\\/batterie-daccumulateurs-nimh-rechargeable-1500-mah\\\/#breadcrumb\",\"itemListElement\":[{\"@type\":\"ListItem\",\"position\":1,\"name\":\"Home\",\"item\":\"https:\\\/\\\/www.tyroremotes.be\\\/fr\\\/\"},{\"@type\":\"ListItem\",\"position\":2,\"name\":\"Winkel\",\"item\":\"https:\\\/\\\/www.tyroremotes.be\\\/winkel\\\/\"},{\"@type\":\"ListItem\",\"position\":3,\"name\":\"Accessoires\",\"item\":\"https:\\\/\\\/www.tyroremotes.be\\\/fr\\\/pcat\\\/accessoires\\\/\"},{\"@type\":\"ListItem\",\"position\":4,\"name\":\"Batterie d\u2019accumulateurs nimh rechargeable 1500 mAh\"}]},{\"@type\":\"WebSite\",\"@id\":\"https:\\\/\\\/www.tyroremotes.be\\\/#website\",\"url\":\"https:\\\/\\\/www.tyroremotes.be\\\/\",\"name\":\"Tyro Remotes\",\"description\":\"\",\"potentialAction\":[{\"@type\":\"SearchAction\",\"target\":{\"@type\":\"EntryPoint\",\"urlTemplate\":\"https:\\\/\\\/www.tyroremotes.be\\\/?s={search_term_string}\"},\"query-input\":{\"@type\":\"PropertyValueSpecification\",\"valueRequired\":true,\"valueName\":\"search_term_string\"}}],\"inLanguage\":\"fr-BE\"}]}<\/script>\n<!-- \/ Yoast SEO plugin. -->","yoast_head_json":{"title":"Batterie Nimh 1500 Mah | Tyro Remotes","description":"Batterie Nimh rechargeable 1500 Mah pour les t\u00e9l\u00e9commandes Pyxis, Corvus, Libra ou Cetus. Convient \u00e9galement pour le r\u00e9p\u00e9teur radio Tyro.","robots":{"index":"index","follow":"follow","max-snippet":"max-snippet:-1","max-image-preview":"max-image-preview:large","max-video-preview":"max-video-preview:-1"},"canonical":"https:\/\/www.tyroremotes.be\/fr\/produit\/batterie-daccumulateurs-nimh-rechargeable-1500-mah\/","og_locale":"fr_FR","og_type":"article","og_title":"Batterie Nimh 1500 Mah | Tyro Remotes","og_description":"Batterie Nimh rechargeable 1500 Mah pour les t\u00e9l\u00e9commandes Pyxis, Corvus, Libra ou Cetus. Convient \u00e9galement pour le r\u00e9p\u00e9teur radio Tyro.","og_url":"https:\/\/www.tyroremotes.be\/fr\/produit\/batterie-daccumulateurs-nimh-rechargeable-1500-mah\/","og_site_name":"Tyro Remotes","article_modified_time":"2018-09-17T12:32:37+00:00","og_image":[{"width":800,"height":800,"url":"https:\/\/www.tyroremotes.be\/wp-content\/uploads\/2015\/10\/1500Mah-NiMH.jpg","type":"image\/jpeg"}],"twitter_card":"summary_large_image","twitter_site":"@TyroRemotesNL","schema":{"@context":"https:\/\/schema.org","@graph":[{"@type":"WebPage","@id":"https:\/\/www.tyroremotes.be\/fr\/produit\/batterie-daccumulateurs-nimh-rechargeable-1500-mah\/","url":"https:\/\/www.tyroremotes.be\/fr\/produit\/batterie-daccumulateurs-nimh-rechargeable-1500-mah\/","name":"Batterie Nimh 1500 Mah | Tyro Remotes","isPartOf":{"@id":"https:\/\/www.tyroremotes.be\/#website"},"primaryImageOfPage":{"@id":"https:\/\/www.tyroremotes.be\/fr\/produit\/batterie-daccumulateurs-nimh-rechargeable-1500-mah\/#primaryimage"},"image":{"@id":"https:\/\/www.tyroremotes.be\/fr\/produit\/batterie-daccumulateurs-nimh-rechargeable-1500-mah\/#primaryimage"},"thumbnailUrl":"https:\/\/www.tyroremotes.be\/wp-content\/uploads\/2015\/10\/1500Mah-NiMH.jpg","datePublished":"2015-10-19T23:00:00+00:00","dateModified":"2018-09-17T12:32:37+00:00","description":"Batterie Nimh rechargeable 1500 Mah pour les t\u00e9l\u00e9commandes Pyxis, Corvus, Libra ou Cetus. Convient \u00e9galement pour le r\u00e9p\u00e9teur radio Tyro.","breadcrumb":{"@id":"https:\/\/www.tyroremotes.be\/fr\/produit\/batterie-daccumulateurs-nimh-rechargeable-1500-mah\/#breadcrumb"},"inLanguage":"fr-BE","potentialAction":[{"@type":"ReadAction","target":["https:\/\/www.tyroremotes.be\/fr\/produit\/batterie-daccumulateurs-nimh-rechargeable-1500-mah\/"]}]},{"@type":"ImageObject","inLanguage":"fr-BE","@id":"https:\/\/www.tyroremotes.be\/fr\/produit\/batterie-daccumulateurs-nimh-rechargeable-1500-mah\/#primaryimage","url":"https:\/\/www.tyroremotes.be\/wp-content\/uploads\/2015\/10\/1500Mah-NiMH.jpg","contentUrl":"https:\/\/www.tyroremotes.be\/wp-content\/uploads\/2015\/10\/1500Mah-NiMH.jpg","width":800,"height":800},{"@type":"BreadcrumbList","@id":"https:\/\/www.tyroremotes.be\/fr\/produit\/batterie-daccumulateurs-nimh-rechargeable-1500-mah\/#breadcrumb","itemListElement":[{"@type":"ListItem","position":1,"name":"Home","item":"https:\/\/www.tyroremotes.be\/fr\/"},{"@type":"ListItem","position":2,"name":"Winkel","item":"https:\/\/www.tyroremotes.be\/winkel\/"},{"@type":"ListItem","position":3,"name":"Accessoires","item":"https:\/\/www.tyroremotes.be\/fr\/pcat\/accessoires\/"},{"@type":"ListItem","position":4,"name":"Batterie d\u2019accumulateurs nimh rechargeable 1500 mAh"}]},{"@type":"WebSite","@id":"https:\/\/www.tyroremotes.be\/#website","url":"https:\/\/www.tyroremotes.be\/","name":"Tyro Remotes","description":"","potentialAction":[{"@type":"SearchAction","target":{"@type":"EntryPoint","urlTemplate":"https:\/\/www.tyroremotes.be\/?s={search_term_string}"},"query-input":{"@type":"PropertyValueSpecification","valueRequired":true,"valueName":"search_term_string"}}],"inLanguage":"fr-BE"}]}},"_links":{"self":[{"href":"https:\/\/www.tyroremotes.be\/fr\/wp-json\/wp\/v2\/product\/9684","targetHints":{"allow":["GET"]}}],"collection":[{"href":"https:\/\/www.tyroremotes.be\/fr\/wp-json\/wp\/v2\/product"}],"about":[{"href":"https:\/\/www.tyroremotes.be\/fr\/wp-json\/wp\/v2\/types\/product"}],"replies":[{"embeddable":true,"href":"https:\/\/www.tyroremotes.be\/fr\/wp-json\/wp\/v2\/comments?post=9684"}],"wp:featuredmedia":[{"embeddable":true,"href":"https:\/\/www.tyroremotes.be\/fr\/wp-json\/wp\/v2\/media\/8808"}],"wp:attachment":[{"href":"https:\/\/www.tyroremotes.be\/fr\/wp-json\/wp\/v2\/media?parent=9684"}],"wp:term":[{"taxonomy":"product_brand","embeddable":true,"href":"https:\/\/www.tyroremotes.be\/fr\/wp-json\/wp\/v2\/product_brand?post=9684"},{"taxonomy":"product_cat","embeddable":true,"href":"https:\/\/www.tyroremotes.be\/fr\/wp-json\/wp\/v2\/product_cat?post=9684"},{"taxonomy":"product_tag","embeddable":true,"href":"https:\/\/www.tyroremotes.be\/fr\/wp-json\/wp\/v2\/product_tag?post=9684"}],"curies":[{"name":"wp","href":"https:\/\/api.w.org\/{rel}","templated":true}]}}