{"id":9681,"date":"2015-10-20T00:00:00","date_gmt":"2015-10-19T23:00:00","guid":{"rendered":"https:\/\/www.tyroremotes.be\/product\/230v-eu-oplader\/"},"modified":"2018-09-17T13:25:10","modified_gmt":"2018-09-17T12:25:10","slug":"chargeur-eu-uk-mural","status":"publish","type":"product","link":"https:\/\/www.tyroremotes.be\/fr\/produit\/chargeur-eu-uk-mural\/","title":{"rendered":"Chargeur EU\/UK 230V avec support mural"},"content":{"rendered":"<h2>Chargeur EU\/UK 230V avec support mural<\/h2>\n<p>Ce chargeur \u00e0 2 p\u00f4les avec un support mural pour charger les \u00e9metteurs Tyro Pyxis, Corvus, et Libra depuis une prise de courant.<\/p>\n<p>Entr\u00e9e: AC 100-240V, 50\/60Hz, 0,35A<br \/>\nSortie: DC 24V, 0,75A<\/p>\n","protected":false},"excerpt":{"rendered":"<ul>\n<li>Pour le Pyxis, Corvus et Libra<\/li>\n<\/ul>\n","protected":false},"featured_media":9401,"comment_status":"closed","ping_status":"closed","template":"","meta":[],"product_brand":[],"product_cat":[278],"product_tag":[],"class_list":{"0":"post-9681","1":"product","2":"type-product","3":"status-publish","4":"has-post-thumbnail","6":"product_cat-accessoires","8":"first","9":"instock","10":"shipping-taxable","11":"product-type-simple"},"yoast_head":"<!-- This site is optimized with the Yoast SEO plugin v27.6 - https:\/\/yoast.com\/product\/yoast-seo-wordpress\/ -->\n<title>Chargeur 230V UE avec support (mural) | Tyro Remotes<\/title>\n<meta name=\"description\" content=\"Adaptateur bipolaire avec support (mural) pour charger les t\u00e9l\u00e9commandes de Tyro: Pyxis, Corvus et Libra. \u00c9galement possible avec le chargeur 230V UK.\" \/>\n<meta name=\"robots\" content=\"index, follow, max-snippet:-1, max-image-preview:large, max-video-preview:-1\" \/>\n<link rel=\"canonical\" href=\"https:\/\/www.tyroremotes.be\/fr\/produit\/chargeur-eu-uk-mural\/\" \/>\n<meta property=\"og:locale\" content=\"fr_FR\" \/>\n<meta property=\"og:type\" content=\"article\" \/>\n<meta property=\"og:title\" content=\"Chargeur 230V UE avec support (mural) | Tyro Remotes\" \/>\n<meta property=\"og:description\" content=\"Adaptateur bipolaire avec support (mural) pour charger les t\u00e9l\u00e9commandes de Tyro: Pyxis, Corvus et Libra. \u00c9galement possible avec le chargeur 230V UK.\" \/>\n<meta property=\"og:url\" content=\"https:\/\/www.tyroremotes.be\/fr\/produit\/chargeur-eu-uk-mural\/\" \/>\n<meta property=\"og:site_name\" content=\"Tyro Remotes\" \/>\n<meta property=\"article:modified_time\" content=\"2018-09-17T12:25:10+00:00\" \/>\n<meta property=\"og:image\" content=\"https:\/\/www.tyroremotes.be\/wp-content\/uploads\/2015\/10\/Universal-adapter.jpg\" \/>\n\t<meta property=\"og:image:width\" content=\"800\" \/>\n\t<meta property=\"og:image:height\" content=\"800\" \/>\n\t<meta property=\"og:image:type\" content=\"image\/jpeg\" \/>\n<meta name=\"twitter:card\" content=\"summary_large_image\" \/>\n<meta name=\"twitter:site\" content=\"@TyroRemotesNL\" \/>\n<script type=\"application\/ld+json\" class=\"yoast-schema-graph\">{\"@context\":\"https:\\\/\\\/schema.org\",\"@graph\":[{\"@type\":\"WebPage\",\"@id\":\"https:\\\/\\\/www.tyroremotes.be\\\/fr\\\/produit\\\/chargeur-eu-uk-mural\\\/\",\"url\":\"https:\\\/\\\/www.tyroremotes.be\\\/fr\\\/produit\\\/chargeur-eu-uk-mural\\\/\",\"name\":\"Chargeur 230V UE avec support (mural) | Tyro Remotes\",\"isPartOf\":{\"@id\":\"https:\\\/\\\/www.tyroremotes.be\\\/#website\"},\"primaryImageOfPage\":{\"@id\":\"https:\\\/\\\/www.tyroremotes.be\\\/fr\\\/produit\\\/chargeur-eu-uk-mural\\\/#primaryimage\"},\"image\":{\"@id\":\"https:\\\/\\\/www.tyroremotes.be\\\/fr\\\/produit\\\/chargeur-eu-uk-mural\\\/#primaryimage\"},\"thumbnailUrl\":\"https:\\\/\\\/www.tyroremotes.be\\\/wp-content\\\/uploads\\\/2015\\\/10\\\/Universal-adapter.jpg\",\"datePublished\":\"2015-10-19T23:00:00+00:00\",\"dateModified\":\"2018-09-17T12:25:10+00:00\",\"description\":\"Adaptateur bipolaire avec support (mural) pour charger les t\u00e9l\u00e9commandes de Tyro: Pyxis, Corvus et Libra. \u00c9galement possible avec le chargeur 230V UK.\",\"breadcrumb\":{\"@id\":\"https:\\\/\\\/www.tyroremotes.be\\\/fr\\\/produit\\\/chargeur-eu-uk-mural\\\/#breadcrumb\"},\"inLanguage\":\"fr-BE\",\"potentialAction\":[{\"@type\":\"ReadAction\",\"target\":[\"https:\\\/\\\/www.tyroremotes.be\\\/fr\\\/produit\\\/chargeur-eu-uk-mural\\\/\"]}]},{\"@type\":\"ImageObject\",\"inLanguage\":\"fr-BE\",\"@id\":\"https:\\\/\\\/www.tyroremotes.be\\\/fr\\\/produit\\\/chargeur-eu-uk-mural\\\/#primaryimage\",\"url\":\"https:\\\/\\\/www.tyroremotes.be\\\/wp-content\\\/uploads\\\/2015\\\/10\\\/Universal-adapter.jpg\",\"contentUrl\":\"https:\\\/\\\/www.tyroremotes.be\\\/wp-content\\\/uploads\\\/2015\\\/10\\\/Universal-adapter.jpg\",\"width\":800,\"height\":800},{\"@type\":\"BreadcrumbList\",\"@id\":\"https:\\\/\\\/www.tyroremotes.be\\\/fr\\\/produit\\\/chargeur-eu-uk-mural\\\/#breadcrumb\",\"itemListElement\":[{\"@type\":\"ListItem\",\"position\":1,\"name\":\"Home\",\"item\":\"https:\\\/\\\/www.tyroremotes.be\\\/fr\\\/\"},{\"@type\":\"ListItem\",\"position\":2,\"name\":\"Winkel\",\"item\":\"https:\\\/\\\/www.tyroremotes.be\\\/winkel\\\/\"},{\"@type\":\"ListItem\",\"position\":3,\"name\":\"Accessoires\",\"item\":\"https:\\\/\\\/www.tyroremotes.be\\\/fr\\\/pcat\\\/accessoires\\\/\"},{\"@type\":\"ListItem\",\"position\":4,\"name\":\"Chargeur EU\\\/UK 230V avec support mural\"}]},{\"@type\":\"WebSite\",\"@id\":\"https:\\\/\\\/www.tyroremotes.be\\\/#website\",\"url\":\"https:\\\/\\\/www.tyroremotes.be\\\/\",\"name\":\"Tyro Remotes\",\"description\":\"\",\"potentialAction\":[{\"@type\":\"SearchAction\",\"target\":{\"@type\":\"EntryPoint\",\"urlTemplate\":\"https:\\\/\\\/www.tyroremotes.be\\\/?s={search_term_string}\"},\"query-input\":{\"@type\":\"PropertyValueSpecification\",\"valueRequired\":true,\"valueName\":\"search_term_string\"}}],\"inLanguage\":\"fr-BE\"}]}<\/script>\n<!-- \/ Yoast SEO plugin. -->","yoast_head_json":{"title":"Chargeur 230V UE avec support (mural) | Tyro Remotes","description":"Adaptateur bipolaire avec support (mural) pour charger les t\u00e9l\u00e9commandes de Tyro: Pyxis, Corvus et Libra. \u00c9galement possible avec le chargeur 230V UK.","robots":{"index":"index","follow":"follow","max-snippet":"max-snippet:-1","max-image-preview":"max-image-preview:large","max-video-preview":"max-video-preview:-1"},"canonical":"https:\/\/www.tyroremotes.be\/fr\/produit\/chargeur-eu-uk-mural\/","og_locale":"fr_FR","og_type":"article","og_title":"Chargeur 230V UE avec support (mural) | Tyro Remotes","og_description":"Adaptateur bipolaire avec support (mural) pour charger les t\u00e9l\u00e9commandes de Tyro: Pyxis, Corvus et Libra. \u00c9galement possible avec le chargeur 230V UK.","og_url":"https:\/\/www.tyroremotes.be\/fr\/produit\/chargeur-eu-uk-mural\/","og_site_name":"Tyro Remotes","article_modified_time":"2018-09-17T12:25:10+00:00","og_image":[{"width":800,"height":800,"url":"https:\/\/www.tyroremotes.be\/wp-content\/uploads\/2015\/10\/Universal-adapter.jpg","type":"image\/jpeg"}],"twitter_card":"summary_large_image","twitter_site":"@TyroRemotesNL","schema":{"@context":"https:\/\/schema.org","@graph":[{"@type":"WebPage","@id":"https:\/\/www.tyroremotes.be\/fr\/produit\/chargeur-eu-uk-mural\/","url":"https:\/\/www.tyroremotes.be\/fr\/produit\/chargeur-eu-uk-mural\/","name":"Chargeur 230V UE avec support (mural) | Tyro Remotes","isPartOf":{"@id":"https:\/\/www.tyroremotes.be\/#website"},"primaryImageOfPage":{"@id":"https:\/\/www.tyroremotes.be\/fr\/produit\/chargeur-eu-uk-mural\/#primaryimage"},"image":{"@id":"https:\/\/www.tyroremotes.be\/fr\/produit\/chargeur-eu-uk-mural\/#primaryimage"},"thumbnailUrl":"https:\/\/www.tyroremotes.be\/wp-content\/uploads\/2015\/10\/Universal-adapter.jpg","datePublished":"2015-10-19T23:00:00+00:00","dateModified":"2018-09-17T12:25:10+00:00","description":"Adaptateur bipolaire avec support (mural) pour charger les t\u00e9l\u00e9commandes de Tyro: Pyxis, Corvus et Libra. \u00c9galement possible avec le chargeur 230V UK.","breadcrumb":{"@id":"https:\/\/www.tyroremotes.be\/fr\/produit\/chargeur-eu-uk-mural\/#breadcrumb"},"inLanguage":"fr-BE","potentialAction":[{"@type":"ReadAction","target":["https:\/\/www.tyroremotes.be\/fr\/produit\/chargeur-eu-uk-mural\/"]}]},{"@type":"ImageObject","inLanguage":"fr-BE","@id":"https:\/\/www.tyroremotes.be\/fr\/produit\/chargeur-eu-uk-mural\/#primaryimage","url":"https:\/\/www.tyroremotes.be\/wp-content\/uploads\/2015\/10\/Universal-adapter.jpg","contentUrl":"https:\/\/www.tyroremotes.be\/wp-content\/uploads\/2015\/10\/Universal-adapter.jpg","width":800,"height":800},{"@type":"BreadcrumbList","@id":"https:\/\/www.tyroremotes.be\/fr\/produit\/chargeur-eu-uk-mural\/#breadcrumb","itemListElement":[{"@type":"ListItem","position":1,"name":"Home","item":"https:\/\/www.tyroremotes.be\/fr\/"},{"@type":"ListItem","position":2,"name":"Winkel","item":"https:\/\/www.tyroremotes.be\/winkel\/"},{"@type":"ListItem","position":3,"name":"Accessoires","item":"https:\/\/www.tyroremotes.be\/fr\/pcat\/accessoires\/"},{"@type":"ListItem","position":4,"name":"Chargeur EU\/UK 230V avec support mural"}]},{"@type":"WebSite","@id":"https:\/\/www.tyroremotes.be\/#website","url":"https:\/\/www.tyroremotes.be\/","name":"Tyro Remotes","description":"","potentialAction":[{"@type":"SearchAction","target":{"@type":"EntryPoint","urlTemplate":"https:\/\/www.tyroremotes.be\/?s={search_term_string}"},"query-input":{"@type":"PropertyValueSpecification","valueRequired":true,"valueName":"search_term_string"}}],"inLanguage":"fr-BE"}]}},"_links":{"self":[{"href":"https:\/\/www.tyroremotes.be\/fr\/wp-json\/wp\/v2\/product\/9681","targetHints":{"allow":["GET"]}}],"collection":[{"href":"https:\/\/www.tyroremotes.be\/fr\/wp-json\/wp\/v2\/product"}],"about":[{"href":"https:\/\/www.tyroremotes.be\/fr\/wp-json\/wp\/v2\/types\/product"}],"replies":[{"embeddable":true,"href":"https:\/\/www.tyroremotes.be\/fr\/wp-json\/wp\/v2\/comments?post=9681"}],"wp:featuredmedia":[{"embeddable":true,"href":"https:\/\/www.tyroremotes.be\/fr\/wp-json\/wp\/v2\/media\/9401"}],"wp:attachment":[{"href":"https:\/\/www.tyroremotes.be\/fr\/wp-json\/wp\/v2\/media?parent=9681"}],"wp:term":[{"taxonomy":"product_brand","embeddable":true,"href":"https:\/\/www.tyroremotes.be\/fr\/wp-json\/wp\/v2\/product_brand?post=9681"},{"taxonomy":"product_cat","embeddable":true,"href":"https:\/\/www.tyroremotes.be\/fr\/wp-json\/wp\/v2\/product_cat?post=9681"},{"taxonomy":"product_tag","embeddable":true,"href":"https:\/\/www.tyroremotes.be\/fr\/wp-json\/wp\/v2\/product_tag?post=9681"}],"curies":[{"name":"wp","href":"https:\/\/api.w.org\/{rel}","templated":true}]}}