{"id":9680,"date":"2015-10-20T00:00:00","date_gmt":"2015-10-19T23:00:00","guid":{"rendered":"https:\/\/www.tyroremotes.be\/product\/230v-interface-ontvanger\/"},"modified":"2018-09-17T13:22:27","modified_gmt":"2018-09-17T12:22:27","slug":"230vinterface-recepteur-aquarius-et-hydrus","status":"publish","type":"product","link":"https:\/\/www.tyroremotes.be\/fr\/produit\/230vinterface-recepteur-aquarius-et-hydrus\/","title":{"rendered":"Interface 240V pour r\u00e9cepteurs Aquarius et Hydrus"},"content":{"rendered":"<h2>Interface 240V pour r\u00e9cepteurs Aquarius et Hydrus<\/h2>\n<p>Module d&rsquo;extension de l&rsquo;Aquarius et le Hydrus pour le connecter \u00e0 une tension d&rsquo;alimentation de 230V (24V standard), avec des relais libres de potentiel.<\/p>\n<h2>Sp\u00e9cifications techniques :<\/h2>\n<p>Tension : 100 &#8211; 240V ~ 50\/60Hz<br \/>\nConsommation: 0,35 A<br \/>\nCourant de commutation maximal : 3A (100W @ 230V ~) max par sortie<br \/>\nDescription : Interface compl\u00e8te int\u00e9gr\u00e9e dans l&rsquo;Attema AK2- IP54, bo\u00eetier de c\u00e2ble avec 3x M20 avec vissage.<br \/>\nDimensions: Bo\u00eetier (sauf vissage) 120 x 95 x 45 mm.<\/p>\n","protected":false},"excerpt":{"rendered":"<p>Interface 240V pour r\u00e9cepteurs Aquarius et Hydrus Module d&rsquo;extension de l&rsquo;Aquarius et le Hydrus pour le connecter \u00e0 une tension d&rsquo;alimentation de 230V (24V standard), avec des relais libres de potentiel. Sp\u00e9cifications techniques : Tension : 100 &#8211; 240V ~ 50\/60Hz Consommation: 0,35 A Courant de commutation maximal : 3A (100W @ 230V ~) max [&#8230;]\n","protected":false},"featured_media":8971,"comment_status":"closed","ping_status":"closed","template":"","meta":[],"product_brand":[],"product_cat":[278],"product_tag":[],"class_list":{"0":"post-9680","1":"product","2":"type-product","3":"status-publish","4":"has-post-thumbnail","6":"product_cat-accessoires","8":"first","9":"instock","10":"shipping-taxable","11":"product-type-simple"},"yoast_head":"<!-- This site is optimized with the Yoast SEO plugin v27.6 - https:\/\/yoast.com\/product\/yoast-seo-wordpress\/ -->\n<title>Interface 230V pour r\u00e9cepteur | Tyro Remotes<\/title>\n<meta name=\"description\" content=\"Module d&#039;extension avec 5 contacts de relais libres de potentiel pour les r\u00e9cepteurs Aquarius et Hydrus, connect\u00e9s \u00e0 une alimentation de 230V.\" \/>\n<meta name=\"robots\" content=\"index, follow, max-snippet:-1, max-image-preview:large, max-video-preview:-1\" \/>\n<link rel=\"canonical\" href=\"https:\/\/www.tyroremotes.be\/fr\/produit\/230vinterface-recepteur-aquarius-et-hydrus\/\" \/>\n<meta property=\"og:locale\" content=\"fr_FR\" \/>\n<meta property=\"og:type\" content=\"article\" \/>\n<meta property=\"og:title\" content=\"Interface 230V pour r\u00e9cepteur | Tyro Remotes\" \/>\n<meta property=\"og:description\" content=\"Module d&#039;extension avec 5 contacts de relais libres de potentiel pour les r\u00e9cepteurs Aquarius et Hydrus, connect\u00e9s \u00e0 une alimentation de 230V.\" \/>\n<meta property=\"og:url\" content=\"https:\/\/www.tyroremotes.be\/fr\/produit\/230vinterface-recepteur-aquarius-et-hydrus\/\" \/>\n<meta property=\"og:site_name\" content=\"Tyro Remotes\" \/>\n<meta property=\"article:modified_time\" content=\"2018-09-17T12:22:27+00:00\" \/>\n<meta property=\"og:image\" content=\"https:\/\/www.tyroremotes.be\/wp-content\/uploads\/2015\/10\/240v-interface-buz.jpg\" \/>\n\t<meta property=\"og:image:width\" content=\"800\" \/>\n\t<meta property=\"og:image:height\" content=\"800\" \/>\n\t<meta property=\"og:image:type\" content=\"image\/jpeg\" \/>\n<meta name=\"twitter:card\" content=\"summary_large_image\" \/>\n<meta name=\"twitter:site\" content=\"@TyroRemotesNL\" \/>\n<script type=\"application\/ld+json\" class=\"yoast-schema-graph\">{\"@context\":\"https:\\\/\\\/schema.org\",\"@graph\":[{\"@type\":\"WebPage\",\"@id\":\"https:\\\/\\\/www.tyroremotes.be\\\/fr\\\/produit\\\/230vinterface-recepteur-aquarius-et-hydrus\\\/\",\"url\":\"https:\\\/\\\/www.tyroremotes.be\\\/fr\\\/produit\\\/230vinterface-recepteur-aquarius-et-hydrus\\\/\",\"name\":\"Interface 230V pour r\u00e9cepteur | Tyro Remotes\",\"isPartOf\":{\"@id\":\"https:\\\/\\\/www.tyroremotes.be\\\/#website\"},\"primaryImageOfPage\":{\"@id\":\"https:\\\/\\\/www.tyroremotes.be\\\/fr\\\/produit\\\/230vinterface-recepteur-aquarius-et-hydrus\\\/#primaryimage\"},\"image\":{\"@id\":\"https:\\\/\\\/www.tyroremotes.be\\\/fr\\\/produit\\\/230vinterface-recepteur-aquarius-et-hydrus\\\/#primaryimage\"},\"thumbnailUrl\":\"https:\\\/\\\/www.tyroremotes.be\\\/wp-content\\\/uploads\\\/2015\\\/10\\\/240v-interface-buz.jpg\",\"datePublished\":\"2015-10-19T23:00:00+00:00\",\"dateModified\":\"2018-09-17T12:22:27+00:00\",\"description\":\"Module d'extension avec 5 contacts de relais libres de potentiel pour les r\u00e9cepteurs Aquarius et Hydrus, connect\u00e9s \u00e0 une alimentation de 230V.\",\"breadcrumb\":{\"@id\":\"https:\\\/\\\/www.tyroremotes.be\\\/fr\\\/produit\\\/230vinterface-recepteur-aquarius-et-hydrus\\\/#breadcrumb\"},\"inLanguage\":\"fr-BE\",\"potentialAction\":[{\"@type\":\"ReadAction\",\"target\":[\"https:\\\/\\\/www.tyroremotes.be\\\/fr\\\/produit\\\/230vinterface-recepteur-aquarius-et-hydrus\\\/\"]}]},{\"@type\":\"ImageObject\",\"inLanguage\":\"fr-BE\",\"@id\":\"https:\\\/\\\/www.tyroremotes.be\\\/fr\\\/produit\\\/230vinterface-recepteur-aquarius-et-hydrus\\\/#primaryimage\",\"url\":\"https:\\\/\\\/www.tyroremotes.be\\\/wp-content\\\/uploads\\\/2015\\\/10\\\/240v-interface-buz.jpg\",\"contentUrl\":\"https:\\\/\\\/www.tyroremotes.be\\\/wp-content\\\/uploads\\\/2015\\\/10\\\/240v-interface-buz.jpg\",\"width\":800,\"height\":800},{\"@type\":\"BreadcrumbList\",\"@id\":\"https:\\\/\\\/www.tyroremotes.be\\\/fr\\\/produit\\\/230vinterface-recepteur-aquarius-et-hydrus\\\/#breadcrumb\",\"itemListElement\":[{\"@type\":\"ListItem\",\"position\":1,\"name\":\"Home\",\"item\":\"https:\\\/\\\/www.tyroremotes.be\\\/fr\\\/\"},{\"@type\":\"ListItem\",\"position\":2,\"name\":\"Winkel\",\"item\":\"https:\\\/\\\/www.tyroremotes.be\\\/winkel\\\/\"},{\"@type\":\"ListItem\",\"position\":3,\"name\":\"Accessoires\",\"item\":\"https:\\\/\\\/www.tyroremotes.be\\\/fr\\\/pcat\\\/accessoires\\\/\"},{\"@type\":\"ListItem\",\"position\":4,\"name\":\"Interface 240V pour r\u00e9cepteurs Aquarius et Hydrus\"}]},{\"@type\":\"WebSite\",\"@id\":\"https:\\\/\\\/www.tyroremotes.be\\\/#website\",\"url\":\"https:\\\/\\\/www.tyroremotes.be\\\/\",\"name\":\"Tyro Remotes\",\"description\":\"\",\"potentialAction\":[{\"@type\":\"SearchAction\",\"target\":{\"@type\":\"EntryPoint\",\"urlTemplate\":\"https:\\\/\\\/www.tyroremotes.be\\\/?s={search_term_string}\"},\"query-input\":{\"@type\":\"PropertyValueSpecification\",\"valueRequired\":true,\"valueName\":\"search_term_string\"}}],\"inLanguage\":\"fr-BE\"}]}<\/script>\n<!-- \/ Yoast SEO plugin. -->","yoast_head_json":{"title":"Interface 230V pour r\u00e9cepteur | Tyro Remotes","description":"Module d'extension avec 5 contacts de relais libres de potentiel pour les r\u00e9cepteurs Aquarius et Hydrus, connect\u00e9s \u00e0 une alimentation de 230V.","robots":{"index":"index","follow":"follow","max-snippet":"max-snippet:-1","max-image-preview":"max-image-preview:large","max-video-preview":"max-video-preview:-1"},"canonical":"https:\/\/www.tyroremotes.be\/fr\/produit\/230vinterface-recepteur-aquarius-et-hydrus\/","og_locale":"fr_FR","og_type":"article","og_title":"Interface 230V pour r\u00e9cepteur | Tyro Remotes","og_description":"Module d'extension avec 5 contacts de relais libres de potentiel pour les r\u00e9cepteurs Aquarius et Hydrus, connect\u00e9s \u00e0 une alimentation de 230V.","og_url":"https:\/\/www.tyroremotes.be\/fr\/produit\/230vinterface-recepteur-aquarius-et-hydrus\/","og_site_name":"Tyro Remotes","article_modified_time":"2018-09-17T12:22:27+00:00","og_image":[{"width":800,"height":800,"url":"https:\/\/www.tyroremotes.be\/wp-content\/uploads\/2015\/10\/240v-interface-buz.jpg","type":"image\/jpeg"}],"twitter_card":"summary_large_image","twitter_site":"@TyroRemotesNL","schema":{"@context":"https:\/\/schema.org","@graph":[{"@type":"WebPage","@id":"https:\/\/www.tyroremotes.be\/fr\/produit\/230vinterface-recepteur-aquarius-et-hydrus\/","url":"https:\/\/www.tyroremotes.be\/fr\/produit\/230vinterface-recepteur-aquarius-et-hydrus\/","name":"Interface 230V pour r\u00e9cepteur | Tyro Remotes","isPartOf":{"@id":"https:\/\/www.tyroremotes.be\/#website"},"primaryImageOfPage":{"@id":"https:\/\/www.tyroremotes.be\/fr\/produit\/230vinterface-recepteur-aquarius-et-hydrus\/#primaryimage"},"image":{"@id":"https:\/\/www.tyroremotes.be\/fr\/produit\/230vinterface-recepteur-aquarius-et-hydrus\/#primaryimage"},"thumbnailUrl":"https:\/\/www.tyroremotes.be\/wp-content\/uploads\/2015\/10\/240v-interface-buz.jpg","datePublished":"2015-10-19T23:00:00+00:00","dateModified":"2018-09-17T12:22:27+00:00","description":"Module d'extension avec 5 contacts de relais libres de potentiel pour les r\u00e9cepteurs Aquarius et Hydrus, connect\u00e9s \u00e0 une alimentation de 230V.","breadcrumb":{"@id":"https:\/\/www.tyroremotes.be\/fr\/produit\/230vinterface-recepteur-aquarius-et-hydrus\/#breadcrumb"},"inLanguage":"fr-BE","potentialAction":[{"@type":"ReadAction","target":["https:\/\/www.tyroremotes.be\/fr\/produit\/230vinterface-recepteur-aquarius-et-hydrus\/"]}]},{"@type":"ImageObject","inLanguage":"fr-BE","@id":"https:\/\/www.tyroremotes.be\/fr\/produit\/230vinterface-recepteur-aquarius-et-hydrus\/#primaryimage","url":"https:\/\/www.tyroremotes.be\/wp-content\/uploads\/2015\/10\/240v-interface-buz.jpg","contentUrl":"https:\/\/www.tyroremotes.be\/wp-content\/uploads\/2015\/10\/240v-interface-buz.jpg","width":800,"height":800},{"@type":"BreadcrumbList","@id":"https:\/\/www.tyroremotes.be\/fr\/produit\/230vinterface-recepteur-aquarius-et-hydrus\/#breadcrumb","itemListElement":[{"@type":"ListItem","position":1,"name":"Home","item":"https:\/\/www.tyroremotes.be\/fr\/"},{"@type":"ListItem","position":2,"name":"Winkel","item":"https:\/\/www.tyroremotes.be\/winkel\/"},{"@type":"ListItem","position":3,"name":"Accessoires","item":"https:\/\/www.tyroremotes.be\/fr\/pcat\/accessoires\/"},{"@type":"ListItem","position":4,"name":"Interface 240V pour r\u00e9cepteurs Aquarius et Hydrus"}]},{"@type":"WebSite","@id":"https:\/\/www.tyroremotes.be\/#website","url":"https:\/\/www.tyroremotes.be\/","name":"Tyro Remotes","description":"","potentialAction":[{"@type":"SearchAction","target":{"@type":"EntryPoint","urlTemplate":"https:\/\/www.tyroremotes.be\/?s={search_term_string}"},"query-input":{"@type":"PropertyValueSpecification","valueRequired":true,"valueName":"search_term_string"}}],"inLanguage":"fr-BE"}]}},"_links":{"self":[{"href":"https:\/\/www.tyroremotes.be\/fr\/wp-json\/wp\/v2\/product\/9680","targetHints":{"allow":["GET"]}}],"collection":[{"href":"https:\/\/www.tyroremotes.be\/fr\/wp-json\/wp\/v2\/product"}],"about":[{"href":"https:\/\/www.tyroremotes.be\/fr\/wp-json\/wp\/v2\/types\/product"}],"replies":[{"embeddable":true,"href":"https:\/\/www.tyroremotes.be\/fr\/wp-json\/wp\/v2\/comments?post=9680"}],"wp:featuredmedia":[{"embeddable":true,"href":"https:\/\/www.tyroremotes.be\/fr\/wp-json\/wp\/v2\/media\/8971"}],"wp:attachment":[{"href":"https:\/\/www.tyroremotes.be\/fr\/wp-json\/wp\/v2\/media?parent=9680"}],"wp:term":[{"taxonomy":"product_brand","embeddable":true,"href":"https:\/\/www.tyroremotes.be\/fr\/wp-json\/wp\/v2\/product_brand?post=9680"},{"taxonomy":"product_cat","embeddable":true,"href":"https:\/\/www.tyroremotes.be\/fr\/wp-json\/wp\/v2\/product_cat?post=9680"},{"taxonomy":"product_tag","embeddable":true,"href":"https:\/\/www.tyroremotes.be\/fr\/wp-json\/wp\/v2\/product_tag?post=9680"}],"curies":[{"name":"wp","href":"https:\/\/api.w.org\/{rel}","templated":true}]}}