{"id":9678,"date":"2015-10-20T00:00:00","date_gmt":"2015-10-19T23:00:00","guid":{"rendered":"https:\/\/www.tyroremotes.be\/product\/12v24v-carkit-oplader\/"},"modified":"2018-09-17T13:11:52","modified_gmt":"2018-09-17T12:11:52","slug":"chargeur-kit-auto-12v-24v","status":"publish","type":"product","link":"https:\/\/www.tyroremotes.be\/fr\/produit\/chargeur-kit-auto-12v-24v\/","title":{"rendered":"Chargeur kit auto 12V\/24V"},"content":{"rendered":"<h2>Chargeur kit auto 12V\/24V<\/h2>\n<p>Kit auto pour le chargement de votre \u00e9metteur Tyro Pyxis, Corvus, Libra et Cetus. Nos syst\u00e8mes sont souvent utilis\u00e9s pour des v\u00e9hicules tr\u00e8s mobiles et qui par cons\u00e9quent ne se trouvent pas toujours au m\u00eame endroit. Pour cette raison, ce kit a sp\u00e9cialement \u00e9t\u00e9 d\u00e9velopp\u00e9 afin que vous puissiez facilement recharger la radiocommande Tyro. Le carkit est facile \u00e0 connecter \u00e0 l&rsquo;allume-cigare du v\u00e9hicule. De cette mani\u00e8re, vous pouvez charger la radiocommande Tyro \u00e0 tout moment peu importe l&rsquo;endroit o\u00f9 vous vous trouvez.<\/p>\n<h2>Sp\u00e9cifications:<\/h2>\n<ul>\n<li>Fusible 2 Amp\u00e8re<\/li>\n<li>C\u00e2ble de 80cm qui peut \u00eatre rallong\u00e9 jusqu&rsquo;\u00e0 \u00b1 2,5 m\u00e8tres<\/li>\n<li>Cette commande est calcul\u00e9e jusqu&rsquo;\u00e0 38 Volt maximum<\/li>\n<\/ul>\n","protected":false},"excerpt":{"rendered":"<p>Chargeur kit auto 12V\/24V Kit auto pour le chargement de votre \u00e9metteur Tyro Pyxis, Corvus, Libra et Cetus. Nos syst\u00e8mes sont souvent utilis\u00e9s pour des v\u00e9hicules tr\u00e8s mobiles et qui par cons\u00e9quent ne se trouvent pas toujours au m\u00eame endroit. Pour cette raison, ce kit a sp\u00e9cialement \u00e9t\u00e9 d\u00e9velopp\u00e9 afin que vous puissiez facilement recharger [&#8230;]\n","protected":false},"featured_media":8806,"comment_status":"closed","ping_status":"closed","template":"","meta":[],"product_brand":[],"product_cat":[278],"product_tag":[],"class_list":{"0":"post-9678","1":"product","2":"type-product","3":"status-publish","4":"has-post-thumbnail","6":"product_cat-accessoires","8":"first","9":"instock","10":"shipping-taxable","11":"product-type-simple"},"yoast_head":"<!-- This site is optimized with the Yoast SEO plugin v27.6 - https:\/\/yoast.com\/product\/yoast-seo-wordpress\/ -->\n<title>Chargeur kit auto 12V\/24V | Tyro Remotes<\/title>\n<meta name=\"description\" content=\"Nos syst\u00e8mes sans fil sont largement appliqu\u00e9s sur les v\u00e9hicules. C&#039;est surtout pour cette raison que nous avons d\u00e9velopp\u00e9 un chargeur kit auto.\" \/>\n<meta name=\"robots\" content=\"index, follow, max-snippet:-1, max-image-preview:large, max-video-preview:-1\" \/>\n<link rel=\"canonical\" href=\"https:\/\/www.tyroremotes.be\/fr\/produit\/chargeur-kit-auto-12v-24v\/\" \/>\n<meta property=\"og:locale\" content=\"fr_FR\" \/>\n<meta property=\"og:type\" content=\"article\" \/>\n<meta property=\"og:title\" content=\"Chargeur kit auto 12V\/24V | Tyro Remotes\" \/>\n<meta property=\"og:description\" content=\"Nos syst\u00e8mes sans fil sont largement appliqu\u00e9s sur les v\u00e9hicules. C&#039;est surtout pour cette raison que nous avons d\u00e9velopp\u00e9 un chargeur kit auto.\" \/>\n<meta property=\"og:url\" content=\"https:\/\/www.tyroremotes.be\/fr\/produit\/chargeur-kit-auto-12v-24v\/\" \/>\n<meta property=\"og:site_name\" content=\"Tyro Remotes\" \/>\n<meta property=\"article:modified_time\" content=\"2018-09-17T12:11:52+00:00\" \/>\n<meta property=\"og:image\" content=\"https:\/\/www.tyroremotes.be\/wp-content\/uploads\/2015\/10\/carkit-charger-pyxis.jpg\" \/>\n\t<meta property=\"og:image:width\" content=\"800\" \/>\n\t<meta property=\"og:image:height\" content=\"800\" \/>\n\t<meta property=\"og:image:type\" content=\"image\/jpeg\" \/>\n<meta name=\"twitter:card\" content=\"summary_large_image\" \/>\n<meta name=\"twitter:site\" content=\"@TyroRemotesNL\" \/>\n<meta name=\"twitter:label1\" content=\"Dur\u00e9e de lecture est.\" \/>\n\t<meta name=\"twitter:data1\" content=\"1 minute\" \/>\n<script type=\"application\/ld+json\" class=\"yoast-schema-graph\">{\"@context\":\"https:\\\/\\\/schema.org\",\"@graph\":[{\"@type\":\"WebPage\",\"@id\":\"https:\\\/\\\/www.tyroremotes.be\\\/fr\\\/produit\\\/chargeur-kit-auto-12v-24v\\\/\",\"url\":\"https:\\\/\\\/www.tyroremotes.be\\\/fr\\\/produit\\\/chargeur-kit-auto-12v-24v\\\/\",\"name\":\"Chargeur kit auto 12V\\\/24V | Tyro Remotes\",\"isPartOf\":{\"@id\":\"https:\\\/\\\/www.tyroremotes.be\\\/#website\"},\"primaryImageOfPage\":{\"@id\":\"https:\\\/\\\/www.tyroremotes.be\\\/fr\\\/produit\\\/chargeur-kit-auto-12v-24v\\\/#primaryimage\"},\"image\":{\"@id\":\"https:\\\/\\\/www.tyroremotes.be\\\/fr\\\/produit\\\/chargeur-kit-auto-12v-24v\\\/#primaryimage\"},\"thumbnailUrl\":\"https:\\\/\\\/www.tyroremotes.be\\\/wp-content\\\/uploads\\\/2015\\\/10\\\/carkit-charger-pyxis.jpg\",\"datePublished\":\"2015-10-19T23:00:00+00:00\",\"dateModified\":\"2018-09-17T12:11:52+00:00\",\"description\":\"Nos syst\u00e8mes sans fil sont largement appliqu\u00e9s sur les v\u00e9hicules. C'est surtout pour cette raison que nous avons d\u00e9velopp\u00e9 un chargeur kit auto.\",\"breadcrumb\":{\"@id\":\"https:\\\/\\\/www.tyroremotes.be\\\/fr\\\/produit\\\/chargeur-kit-auto-12v-24v\\\/#breadcrumb\"},\"inLanguage\":\"fr-BE\",\"potentialAction\":[{\"@type\":\"ReadAction\",\"target\":[\"https:\\\/\\\/www.tyroremotes.be\\\/fr\\\/produit\\\/chargeur-kit-auto-12v-24v\\\/\"]}]},{\"@type\":\"ImageObject\",\"inLanguage\":\"fr-BE\",\"@id\":\"https:\\\/\\\/www.tyroremotes.be\\\/fr\\\/produit\\\/chargeur-kit-auto-12v-24v\\\/#primaryimage\",\"url\":\"https:\\\/\\\/www.tyroremotes.be\\\/wp-content\\\/uploads\\\/2015\\\/10\\\/carkit-charger-pyxis.jpg\",\"contentUrl\":\"https:\\\/\\\/www.tyroremotes.be\\\/wp-content\\\/uploads\\\/2015\\\/10\\\/carkit-charger-pyxis.jpg\",\"width\":800,\"height\":800},{\"@type\":\"BreadcrumbList\",\"@id\":\"https:\\\/\\\/www.tyroremotes.be\\\/fr\\\/produit\\\/chargeur-kit-auto-12v-24v\\\/#breadcrumb\",\"itemListElement\":[{\"@type\":\"ListItem\",\"position\":1,\"name\":\"Home\",\"item\":\"https:\\\/\\\/www.tyroremotes.be\\\/fr\\\/\"},{\"@type\":\"ListItem\",\"position\":2,\"name\":\"Winkel\",\"item\":\"https:\\\/\\\/www.tyroremotes.be\\\/winkel\\\/\"},{\"@type\":\"ListItem\",\"position\":3,\"name\":\"Accessoires\",\"item\":\"https:\\\/\\\/www.tyroremotes.be\\\/fr\\\/pcat\\\/accessoires\\\/\"},{\"@type\":\"ListItem\",\"position\":4,\"name\":\"Chargeur kit auto 12V\\\/24V\"}]},{\"@type\":\"WebSite\",\"@id\":\"https:\\\/\\\/www.tyroremotes.be\\\/#website\",\"url\":\"https:\\\/\\\/www.tyroremotes.be\\\/\",\"name\":\"Tyro Remotes\",\"description\":\"\",\"potentialAction\":[{\"@type\":\"SearchAction\",\"target\":{\"@type\":\"EntryPoint\",\"urlTemplate\":\"https:\\\/\\\/www.tyroremotes.be\\\/?s={search_term_string}\"},\"query-input\":{\"@type\":\"PropertyValueSpecification\",\"valueRequired\":true,\"valueName\":\"search_term_string\"}}],\"inLanguage\":\"fr-BE\"}]}<\/script>\n<!-- \/ Yoast SEO plugin. -->","yoast_head_json":{"title":"Chargeur kit auto 12V\/24V | Tyro Remotes","description":"Nos syst\u00e8mes sans fil sont largement appliqu\u00e9s sur les v\u00e9hicules. C'est surtout pour cette raison que nous avons d\u00e9velopp\u00e9 un chargeur kit auto.","robots":{"index":"index","follow":"follow","max-snippet":"max-snippet:-1","max-image-preview":"max-image-preview:large","max-video-preview":"max-video-preview:-1"},"canonical":"https:\/\/www.tyroremotes.be\/fr\/produit\/chargeur-kit-auto-12v-24v\/","og_locale":"fr_FR","og_type":"article","og_title":"Chargeur kit auto 12V\/24V | Tyro Remotes","og_description":"Nos syst\u00e8mes sans fil sont largement appliqu\u00e9s sur les v\u00e9hicules. C'est surtout pour cette raison que nous avons d\u00e9velopp\u00e9 un chargeur kit auto.","og_url":"https:\/\/www.tyroremotes.be\/fr\/produit\/chargeur-kit-auto-12v-24v\/","og_site_name":"Tyro Remotes","article_modified_time":"2018-09-17T12:11:52+00:00","og_image":[{"width":800,"height":800,"url":"https:\/\/www.tyroremotes.be\/wp-content\/uploads\/2015\/10\/carkit-charger-pyxis.jpg","type":"image\/jpeg"}],"twitter_card":"summary_large_image","twitter_site":"@TyroRemotesNL","twitter_misc":{"Dur\u00e9e de lecture est.":"1 minute"},"schema":{"@context":"https:\/\/schema.org","@graph":[{"@type":"WebPage","@id":"https:\/\/www.tyroremotes.be\/fr\/produit\/chargeur-kit-auto-12v-24v\/","url":"https:\/\/www.tyroremotes.be\/fr\/produit\/chargeur-kit-auto-12v-24v\/","name":"Chargeur kit auto 12V\/24V | Tyro Remotes","isPartOf":{"@id":"https:\/\/www.tyroremotes.be\/#website"},"primaryImageOfPage":{"@id":"https:\/\/www.tyroremotes.be\/fr\/produit\/chargeur-kit-auto-12v-24v\/#primaryimage"},"image":{"@id":"https:\/\/www.tyroremotes.be\/fr\/produit\/chargeur-kit-auto-12v-24v\/#primaryimage"},"thumbnailUrl":"https:\/\/www.tyroremotes.be\/wp-content\/uploads\/2015\/10\/carkit-charger-pyxis.jpg","datePublished":"2015-10-19T23:00:00+00:00","dateModified":"2018-09-17T12:11:52+00:00","description":"Nos syst\u00e8mes sans fil sont largement appliqu\u00e9s sur les v\u00e9hicules. C'est surtout pour cette raison que nous avons d\u00e9velopp\u00e9 un chargeur kit auto.","breadcrumb":{"@id":"https:\/\/www.tyroremotes.be\/fr\/produit\/chargeur-kit-auto-12v-24v\/#breadcrumb"},"inLanguage":"fr-BE","potentialAction":[{"@type":"ReadAction","target":["https:\/\/www.tyroremotes.be\/fr\/produit\/chargeur-kit-auto-12v-24v\/"]}]},{"@type":"ImageObject","inLanguage":"fr-BE","@id":"https:\/\/www.tyroremotes.be\/fr\/produit\/chargeur-kit-auto-12v-24v\/#primaryimage","url":"https:\/\/www.tyroremotes.be\/wp-content\/uploads\/2015\/10\/carkit-charger-pyxis.jpg","contentUrl":"https:\/\/www.tyroremotes.be\/wp-content\/uploads\/2015\/10\/carkit-charger-pyxis.jpg","width":800,"height":800},{"@type":"BreadcrumbList","@id":"https:\/\/www.tyroremotes.be\/fr\/produit\/chargeur-kit-auto-12v-24v\/#breadcrumb","itemListElement":[{"@type":"ListItem","position":1,"name":"Home","item":"https:\/\/www.tyroremotes.be\/fr\/"},{"@type":"ListItem","position":2,"name":"Winkel","item":"https:\/\/www.tyroremotes.be\/winkel\/"},{"@type":"ListItem","position":3,"name":"Accessoires","item":"https:\/\/www.tyroremotes.be\/fr\/pcat\/accessoires\/"},{"@type":"ListItem","position":4,"name":"Chargeur kit auto 12V\/24V"}]},{"@type":"WebSite","@id":"https:\/\/www.tyroremotes.be\/#website","url":"https:\/\/www.tyroremotes.be\/","name":"Tyro Remotes","description":"","potentialAction":[{"@type":"SearchAction","target":{"@type":"EntryPoint","urlTemplate":"https:\/\/www.tyroremotes.be\/?s={search_term_string}"},"query-input":{"@type":"PropertyValueSpecification","valueRequired":true,"valueName":"search_term_string"}}],"inLanguage":"fr-BE"}]}},"_links":{"self":[{"href":"https:\/\/www.tyroremotes.be\/fr\/wp-json\/wp\/v2\/product\/9678","targetHints":{"allow":["GET"]}}],"collection":[{"href":"https:\/\/www.tyroremotes.be\/fr\/wp-json\/wp\/v2\/product"}],"about":[{"href":"https:\/\/www.tyroremotes.be\/fr\/wp-json\/wp\/v2\/types\/product"}],"replies":[{"embeddable":true,"href":"https:\/\/www.tyroremotes.be\/fr\/wp-json\/wp\/v2\/comments?post=9678"}],"wp:featuredmedia":[{"embeddable":true,"href":"https:\/\/www.tyroremotes.be\/fr\/wp-json\/wp\/v2\/media\/8806"}],"wp:attachment":[{"href":"https:\/\/www.tyroremotes.be\/fr\/wp-json\/wp\/v2\/media?parent=9678"}],"wp:term":[{"taxonomy":"product_brand","embeddable":true,"href":"https:\/\/www.tyroremotes.be\/fr\/wp-json\/wp\/v2\/product_brand?post=9678"},{"taxonomy":"product_cat","embeddable":true,"href":"https:\/\/www.tyroremotes.be\/fr\/wp-json\/wp\/v2\/product_cat?post=9678"},{"taxonomy":"product_tag","embeddable":true,"href":"https:\/\/www.tyroremotes.be\/fr\/wp-json\/wp\/v2\/product_tag?post=9678"}],"curies":[{"name":"wp","href":"https:\/\/api.w.org\/{rel}","templated":true}]}}