{"id":9677,"date":"2016-11-11T15:01:08","date_gmt":"2016-11-11T14:01:08","guid":{"rendered":"https:\/\/www.tyroremotes.be\/product\/indus-aq-draadloze-stopknop\/"},"modified":"2018-10-16T10:59:01","modified_gmt":"2018-10-16T09:59:01","slug":"bouton-coup-de-poing-commande-a-distance","status":"publish","type":"product","link":"https:\/\/www.tyroremotes.be\/fr\/produit\/bouton-coup-de-poing-commande-a-distance\/","title":{"rendered":"Indus AQ"},"content":{"rendered":"<h2>Bouton coup de poing command\u00e9 \u00e0 distance<\/h2>\n<p>Une possibilit\u00e9 suppl\u00e9mentaire d&rsquo;arr\u00eater votre ligne de production ou plusieurs machines simultan\u00e9ment. L\u2019Indus AQ ne remplace pas un syst\u00e8me d&rsquo;arr\u00eat (d&rsquo;urgence) existant. Pour cela il y a <a href=\"https:\/\/www.tyroremotes.be\/fr\/produit\/indus-1s-arret-durgence-sans-fil\">l\u2019arr\u00eat d\u2019urgence sans fil Indus 1S<\/a> qui est conforme aux directives relatives aux machines Plc.<\/p>\n<h2>D\u00e9velopp\u00e9 pour les convoyeurs et les syst\u00e8mes de direction \u00e9lectrique<\/h2>\n<p>Le bouton coup de poing sans fil est con\u00e7u pour les convoyeurs, les treuils, les pompes et les syst\u00e8mes de direction hydrauliques et \u00e9lectriques. La radiocommande envoie un signal d\u00e8s que le bouton coup de poing est enfonc\u00e9. Avec l&rsquo;Indus AQ vous pouvez programmer jusqu&rsquo;\u00e0 54 \u00e9metteurs sur un seul r\u00e9cepteur. L\u2019Indus AQ utilise la fr\u00e9quence (bande large) 868 MHz et a une port\u00e9e de 600 m\u00e8tres en champ libre.<\/p>\n","protected":false},"excerpt":{"rendered":"<ul>\n<li>La fr\u00e9quence 868 MHz \u2013 bande large<\/li>\n<li>Dur\u00e9e d\u2019utilisation150 heures<\/li>\n<li>Port\u00e9e jusqu&#039;\u00e0 600 m\u00e8tres en champ libre<\/li>\n<li>R\u00e9cepteur IP68, \u00e9metteur IP65<\/li>\n<li>Antichoc et anti coup<\/li>\n<li>Jusqu&#039;\u00e0 54 \u00e9metteurs sur un r\u00e9cepteur<\/li>\n<li>Temps de r\u00e9ponse rapide de &lt;0,1 sec<\/li>\n<li>Equip\u00e9 d&#039;un clip ceinture<\/li>\n<\/ul>\n","protected":false},"featured_media":9282,"comment_status":"closed","ping_status":"closed","template":"","meta":[],"product_brand":[],"product_cat":[276],"product_tag":[],"class_list":{"0":"post-9677","1":"product","2":"type-product","3":"status-publish","4":"has-post-thumbnail","6":"product_cat-produits-specifiques","8":"first","9":"instock","10":"shipping-taxable","11":"product-type-simple"},"yoast_head":"<!-- This site is optimized with the Yoast SEO plugin v27.5 - https:\/\/yoast.com\/product\/yoast-seo-wordpress\/ -->\n<title>Bouton coup de poing sans fil Indus AQ | Tyro Remotes<\/title>\n<meta name=\"description\" content=\"Une option suppl\u00e9mentaire pour arr\u00eater votre ligne de production ou plusieurs machines simultan\u00e9ment gr\u00e2ce \u00e0 une t\u00e9l\u00e9commande sans fil.\" \/>\n<meta name=\"robots\" content=\"index, follow, max-snippet:-1, max-image-preview:large, max-video-preview:-1\" \/>\n<link rel=\"canonical\" href=\"https:\/\/www.tyroremotes.be\/fr\/produit\/bouton-coup-de-poing-commande-a-distance\/\" \/>\n<meta property=\"og:locale\" content=\"fr_FR\" \/>\n<meta property=\"og:type\" content=\"article\" \/>\n<meta property=\"og:title\" content=\"Bouton coup de poing sans fil Indus AQ | Tyro Remotes\" \/>\n<meta property=\"og:description\" content=\"Une option suppl\u00e9mentaire pour arr\u00eater votre ligne de production ou plusieurs machines simultan\u00e9ment gr\u00e2ce \u00e0 une t\u00e9l\u00e9commande sans fil.\" \/>\n<meta property=\"og:url\" content=\"https:\/\/www.tyroremotes.be\/fr\/produit\/bouton-coup-de-poing-commande-a-distance\/\" \/>\n<meta property=\"og:site_name\" content=\"Tyro Remotes\" \/>\n<meta property=\"article:modified_time\" content=\"2018-10-16T09:59:01+00:00\" \/>\n<meta property=\"og:image\" content=\"https:\/\/www.tyroremotes.be\/wp-content\/uploads\/2016\/11\/indus-aq-stopknop-afstandsbediening.jpg\" \/>\n\t<meta property=\"og:image:width\" content=\"800\" \/>\n\t<meta property=\"og:image:height\" content=\"800\" \/>\n\t<meta property=\"og:image:type\" content=\"image\/jpeg\" \/>\n<meta name=\"twitter:card\" content=\"summary_large_image\" \/>\n<meta name=\"twitter:site\" content=\"@TyroRemotesNL\" \/>\n<meta name=\"twitter:label1\" content=\"Dur\u00e9e de lecture est.\" \/>\n\t<meta name=\"twitter:data1\" content=\"1 minute\" \/>\n<script type=\"application\/ld+json\" class=\"yoast-schema-graph\">{\"@context\":\"https:\\\/\\\/schema.org\",\"@graph\":[{\"@type\":\"WebPage\",\"@id\":\"https:\\\/\\\/www.tyroremotes.be\\\/fr\\\/produit\\\/bouton-coup-de-poing-commande-a-distance\\\/\",\"url\":\"https:\\\/\\\/www.tyroremotes.be\\\/fr\\\/produit\\\/bouton-coup-de-poing-commande-a-distance\\\/\",\"name\":\"Bouton coup de poing sans fil Indus AQ | Tyro Remotes\",\"isPartOf\":{\"@id\":\"https:\\\/\\\/www.tyroremotes.be\\\/#website\"},\"primaryImageOfPage\":{\"@id\":\"https:\\\/\\\/www.tyroremotes.be\\\/fr\\\/produit\\\/bouton-coup-de-poing-commande-a-distance\\\/#primaryimage\"},\"image\":{\"@id\":\"https:\\\/\\\/www.tyroremotes.be\\\/fr\\\/produit\\\/bouton-coup-de-poing-commande-a-distance\\\/#primaryimage\"},\"thumbnailUrl\":\"https:\\\/\\\/www.tyroremotes.be\\\/wp-content\\\/uploads\\\/2016\\\/11\\\/indus-aq-stopknop-afstandsbediening.jpg\",\"datePublished\":\"2016-11-11T14:01:08+00:00\",\"dateModified\":\"2018-10-16T09:59:01+00:00\",\"description\":\"Une option suppl\u00e9mentaire pour arr\u00eater votre ligne de production ou plusieurs machines simultan\u00e9ment gr\u00e2ce \u00e0 une t\u00e9l\u00e9commande sans fil.\",\"breadcrumb\":{\"@id\":\"https:\\\/\\\/www.tyroremotes.be\\\/fr\\\/produit\\\/bouton-coup-de-poing-commande-a-distance\\\/#breadcrumb\"},\"inLanguage\":\"fr-BE\",\"potentialAction\":[{\"@type\":\"ReadAction\",\"target\":[\"https:\\\/\\\/www.tyroremotes.be\\\/fr\\\/produit\\\/bouton-coup-de-poing-commande-a-distance\\\/\"]}]},{\"@type\":\"ImageObject\",\"inLanguage\":\"fr-BE\",\"@id\":\"https:\\\/\\\/www.tyroremotes.be\\\/fr\\\/produit\\\/bouton-coup-de-poing-commande-a-distance\\\/#primaryimage\",\"url\":\"https:\\\/\\\/www.tyroremotes.be\\\/wp-content\\\/uploads\\\/2016\\\/11\\\/indus-aq-stopknop-afstandsbediening.jpg\",\"contentUrl\":\"https:\\\/\\\/www.tyroremotes.be\\\/wp-content\\\/uploads\\\/2016\\\/11\\\/indus-aq-stopknop-afstandsbediening.jpg\",\"width\":800,\"height\":800},{\"@type\":\"BreadcrumbList\",\"@id\":\"https:\\\/\\\/www.tyroremotes.be\\\/fr\\\/produit\\\/bouton-coup-de-poing-commande-a-distance\\\/#breadcrumb\",\"itemListElement\":[{\"@type\":\"ListItem\",\"position\":1,\"name\":\"Home\",\"item\":\"https:\\\/\\\/www.tyroremotes.be\\\/fr\\\/\"},{\"@type\":\"ListItem\",\"position\":2,\"name\":\"Winkel\",\"item\":\"https:\\\/\\\/www.tyroremotes.be\\\/winkel\\\/\"},{\"@type\":\"ListItem\",\"position\":3,\"name\":\"Produits sp\u00e9cifiques\",\"item\":\"https:\\\/\\\/www.tyroremotes.be\\\/fr\\\/pcat\\\/produits-specifiques\\\/\"},{\"@type\":\"ListItem\",\"position\":4,\"name\":\"Indus AQ\"}]},{\"@type\":\"WebSite\",\"@id\":\"https:\\\/\\\/www.tyroremotes.be\\\/#website\",\"url\":\"https:\\\/\\\/www.tyroremotes.be\\\/\",\"name\":\"Tyro Remotes\",\"description\":\"\",\"potentialAction\":[{\"@type\":\"SearchAction\",\"target\":{\"@type\":\"EntryPoint\",\"urlTemplate\":\"https:\\\/\\\/www.tyroremotes.be\\\/?s={search_term_string}\"},\"query-input\":{\"@type\":\"PropertyValueSpecification\",\"valueRequired\":true,\"valueName\":\"search_term_string\"}}],\"inLanguage\":\"fr-BE\"}]}<\/script>\n<!-- \/ Yoast SEO plugin. -->","yoast_head_json":{"title":"Bouton coup de poing sans fil Indus AQ | Tyro Remotes","description":"Une option suppl\u00e9mentaire pour arr\u00eater votre ligne de production ou plusieurs machines simultan\u00e9ment gr\u00e2ce \u00e0 une t\u00e9l\u00e9commande sans fil.","robots":{"index":"index","follow":"follow","max-snippet":"max-snippet:-1","max-image-preview":"max-image-preview:large","max-video-preview":"max-video-preview:-1"},"canonical":"https:\/\/www.tyroremotes.be\/fr\/produit\/bouton-coup-de-poing-commande-a-distance\/","og_locale":"fr_FR","og_type":"article","og_title":"Bouton coup de poing sans fil Indus AQ | Tyro Remotes","og_description":"Une option suppl\u00e9mentaire pour arr\u00eater votre ligne de production ou plusieurs machines simultan\u00e9ment gr\u00e2ce \u00e0 une t\u00e9l\u00e9commande sans fil.","og_url":"https:\/\/www.tyroremotes.be\/fr\/produit\/bouton-coup-de-poing-commande-a-distance\/","og_site_name":"Tyro Remotes","article_modified_time":"2018-10-16T09:59:01+00:00","og_image":[{"width":800,"height":800,"url":"https:\/\/www.tyroremotes.be\/wp-content\/uploads\/2016\/11\/indus-aq-stopknop-afstandsbediening.jpg","type":"image\/jpeg"}],"twitter_card":"summary_large_image","twitter_site":"@TyroRemotesNL","twitter_misc":{"Dur\u00e9e de lecture est.":"1 minute"},"schema":{"@context":"https:\/\/schema.org","@graph":[{"@type":"WebPage","@id":"https:\/\/www.tyroremotes.be\/fr\/produit\/bouton-coup-de-poing-commande-a-distance\/","url":"https:\/\/www.tyroremotes.be\/fr\/produit\/bouton-coup-de-poing-commande-a-distance\/","name":"Bouton coup de poing sans fil Indus AQ | Tyro Remotes","isPartOf":{"@id":"https:\/\/www.tyroremotes.be\/#website"},"primaryImageOfPage":{"@id":"https:\/\/www.tyroremotes.be\/fr\/produit\/bouton-coup-de-poing-commande-a-distance\/#primaryimage"},"image":{"@id":"https:\/\/www.tyroremotes.be\/fr\/produit\/bouton-coup-de-poing-commande-a-distance\/#primaryimage"},"thumbnailUrl":"https:\/\/www.tyroremotes.be\/wp-content\/uploads\/2016\/11\/indus-aq-stopknop-afstandsbediening.jpg","datePublished":"2016-11-11T14:01:08+00:00","dateModified":"2018-10-16T09:59:01+00:00","description":"Une option suppl\u00e9mentaire pour arr\u00eater votre ligne de production ou plusieurs machines simultan\u00e9ment gr\u00e2ce \u00e0 une t\u00e9l\u00e9commande sans fil.","breadcrumb":{"@id":"https:\/\/www.tyroremotes.be\/fr\/produit\/bouton-coup-de-poing-commande-a-distance\/#breadcrumb"},"inLanguage":"fr-BE","potentialAction":[{"@type":"ReadAction","target":["https:\/\/www.tyroremotes.be\/fr\/produit\/bouton-coup-de-poing-commande-a-distance\/"]}]},{"@type":"ImageObject","inLanguage":"fr-BE","@id":"https:\/\/www.tyroremotes.be\/fr\/produit\/bouton-coup-de-poing-commande-a-distance\/#primaryimage","url":"https:\/\/www.tyroremotes.be\/wp-content\/uploads\/2016\/11\/indus-aq-stopknop-afstandsbediening.jpg","contentUrl":"https:\/\/www.tyroremotes.be\/wp-content\/uploads\/2016\/11\/indus-aq-stopknop-afstandsbediening.jpg","width":800,"height":800},{"@type":"BreadcrumbList","@id":"https:\/\/www.tyroremotes.be\/fr\/produit\/bouton-coup-de-poing-commande-a-distance\/#breadcrumb","itemListElement":[{"@type":"ListItem","position":1,"name":"Home","item":"https:\/\/www.tyroremotes.be\/fr\/"},{"@type":"ListItem","position":2,"name":"Winkel","item":"https:\/\/www.tyroremotes.be\/winkel\/"},{"@type":"ListItem","position":3,"name":"Produits sp\u00e9cifiques","item":"https:\/\/www.tyroremotes.be\/fr\/pcat\/produits-specifiques\/"},{"@type":"ListItem","position":4,"name":"Indus AQ"}]},{"@type":"WebSite","@id":"https:\/\/www.tyroremotes.be\/#website","url":"https:\/\/www.tyroremotes.be\/","name":"Tyro Remotes","description":"","potentialAction":[{"@type":"SearchAction","target":{"@type":"EntryPoint","urlTemplate":"https:\/\/www.tyroremotes.be\/?s={search_term_string}"},"query-input":{"@type":"PropertyValueSpecification","valueRequired":true,"valueName":"search_term_string"}}],"inLanguage":"fr-BE"}]}},"_links":{"self":[{"href":"https:\/\/www.tyroremotes.be\/fr\/wp-json\/wp\/v2\/product\/9677","targetHints":{"allow":["GET"]}}],"collection":[{"href":"https:\/\/www.tyroremotes.be\/fr\/wp-json\/wp\/v2\/product"}],"about":[{"href":"https:\/\/www.tyroremotes.be\/fr\/wp-json\/wp\/v2\/types\/product"}],"replies":[{"embeddable":true,"href":"https:\/\/www.tyroremotes.be\/fr\/wp-json\/wp\/v2\/comments?post=9677"}],"wp:featuredmedia":[{"embeddable":true,"href":"https:\/\/www.tyroremotes.be\/fr\/wp-json\/wp\/v2\/media\/9282"}],"wp:attachment":[{"href":"https:\/\/www.tyroremotes.be\/fr\/wp-json\/wp\/v2\/media?parent=9677"}],"wp:term":[{"taxonomy":"product_brand","embeddable":true,"href":"https:\/\/www.tyroremotes.be\/fr\/wp-json\/wp\/v2\/product_brand?post=9677"},{"taxonomy":"product_cat","embeddable":true,"href":"https:\/\/www.tyroremotes.be\/fr\/wp-json\/wp\/v2\/product_cat?post=9677"},{"taxonomy":"product_tag","embeddable":true,"href":"https:\/\/www.tyroremotes.be\/fr\/wp-json\/wp\/v2\/product_tag?post=9677"}],"curies":[{"name":"wp","href":"https:\/\/api.w.org\/{rel}","templated":true}]}}