{"id":9673,"date":"2016-02-12T16:09:16","date_gmt":"2016-02-12T15:09:16","guid":{"rendered":"https:\/\/www.tyroremotes.be\/product\/carina\/"},"modified":"2018-10-16T10:55:54","modified_gmt":"2018-10-16T09:55:54","slug":"carina-solution-oem","status":"publish","type":"product","link":"https:\/\/www.tyroremotes.be\/fr\/produit\/carina-solution-oem\/","title":{"rendered":"Carina | solution OEM"},"content":{"rendered":"<h2>\u00c9metteurs et solutions OEM pour int\u00e9grateurs de syst\u00e8me<\/h2>\n<p>Votre soci\u00e9t\u00e9 aussi peut b\u00e9n\u00e9ficier de notre expertise, fond\u00e9e sur de longues ann\u00e9es d\u2019exp\u00e9rience dans le domaine des commandes \u00e0 distance radioguid\u00e9es.  Tyro Remotes fabrique non seulement des produits finis pr\u00eats \u00e0 l\u2019emploi mais aussi des composants que vous pouvez int\u00e9grer dans votre solution totale et votre produit fini.<\/p>\n<h2>Cas<\/h2>\n<p>Un producteur international de nettoyeurs \u00e0 haute pression professionnels industriels cherchait une solution pour ses pistolets pulv\u00e9risateurs. En plus du flexible d\u2019alimentation en eau, il aurait en effet aussi fallu pr\u00e9voir un c\u00e2ble s\u00e9par\u00e9 vers le pistolet pour pouvoir commander la machine \u00e0 longues distances.  Un tel c\u00e2ble est tr\u00e8s sensible aux interf\u00e9rences et r\u00e9duit consid\u00e9rablement la mobilit\u00e9 de l\u2019utilisateur.  Dans de telles conditions, la seule et la meilleure alternative serait une commande \u00e0 distance.<\/p>\n<h2>Actionnement et protection de la commande \u00e0 distance<\/h2>\n<p>Celui qui pense que ceci peut se r\u00e9soudre avec un petit \u00e9metteur ordinaire se trompe. \u00c9tant donn\u00e9 que le nettoyage industriel se fait \u00e0 une pression extr\u00eame, un niveau de protection classique est souvent insuffisant. De plus, se servir d\u2019un pistolet pulv\u00e9risateur aussi lourd ne laisse \u00e0 l\u2019utilisateur aucune main libre pour l\u2019actionnement d\u2019une commande \u00e0 distance s\u00e9par\u00e9e.<\/p>\n<h2>Int\u00e9gration de l\u2019\u00e9metteur sans fil pour plus de s\u00e9curit\u00e9<\/h2>\n<p>Apr\u00e8s concertation avec le client, ceci a r\u00e9sult\u00e9 en une commande \u00e0 distance enti\u00e8rement int\u00e9gr\u00e9e dans le pistolet. L\u2019interrupteur dans la g\u00e2chette est reli\u00e9 par deux fils \u00e0 l\u2019\u00e9metteur. L&rsquo;activation de la g\u00e2chette a pour effet l\u2019envoi d\u2019un signal RF. La commande ais\u00e9e, associ\u00e9e \u00e0 l&rsquo;absence de c\u00e2bles, contribue \u00e0 une plus grande s\u00e9curit\u00e9.  En utilisant les canaux pr\u00e9sents, il est \u00e9videmment toujours possible d\u2019int\u00e9grer une s\u00e9curit\u00e9 suppl\u00e9mentaire sur le r\u00e9cepteur radioguid\u00e9 plac\u00e9 sur la machine.<\/p>\n<h2>\u00c9metteur et r\u00e9cepteur sans fil \u00e9tanches<\/h2>\n<p>Pour satisfaire \u00e0 la condition de niveau de protection \u00e9lev\u00e9, l\u2019\u00e9metteur est enti\u00e8rement moul\u00e9 dans de la r\u00e9sine. Seuls l\u2019antenne et le c\u00e2blage avec la g\u00e2chette et l\u2019alimentation sont visibles. Cet ensemble est d\u2019ailleurs encore une fois int\u00e9gr\u00e9 dans le pistolet. En raison de la faible consommation de courant, la batterie de 9 volts ne doit \u00eatre remplac\u00e9e qu\u2019apr\u00e8s deux ans. Les alternatives d\u2019alimentation en courant de l\u2019\u00e9metteur ne posent pas de probl\u00e8mes. L\u2019\u00e9metteur Carina, combin\u00e9 au r\u00e9cepteur radioguid\u00e9 Aquarius forme l\u2019une des solutions \u00e9tanches les plus flexibles disponibles sur le march\u00e9. Une commande \u00e0 distance qui peut \u00e9galement \u00eatre utilis\u00e9e dans d\u2019autres applications OEM.<\/p>\n<h2>Notre force : des solutions individuelles<\/h2>\n<p>Vous \u00eates \u00e9galement confront\u00e9 aux limites de votre commande \u00e0 distance industrielle ? Cet \u00e9metteur est peut \u00eatre la solution que vous recherchez.  Nos sp\u00e9cialistes seront heureux de vous aider \u00e0 trouver la meilleure solution. Contactez-nous sans attendre !<\/p>\n","protected":false},"excerpt":{"rendered":"<div class=\"row\"  id=\"row-376757184\">\n\t<div id=\"col-305579651\" class=\"col medium-1\/4 large-3\"  >\n\t\t\t\t<div class=\"col-inner\"  >\n\t\t\t\n\t\t\t\t\t<\/div>\n\t\t\t\t\t<\/div>\n\n\t\n\t<div id=\"col-307964840\" class=\"col medium-1\/4 large-3\"  >\n\t\t\t\t<div class=\"col-inner\"  >\n\t\t\t\n\t\t\t\t\t<\/div>\n\t\t\t\t\t<\/div>\n\n\t\n\t<div id=\"col-480823587\" class=\"col medium-1\/4 large-3\"  >\n\t\t\t\t<div class=\"col-inner\"  >\n\t\t\t\n\t\t\t\t\t<\/div>\n\t\t\t\t\t<\/div>\n\n\t\n\t<div id=\"col-764084117\" class=\"col medium-1\/4 large-3\"  >\n\t\t\t\t<div class=\"col-inner\"  >\n\t\t\t\n\t\t\t<a href=\"https:\/\/www.tyroremotes.co.uk\/o\/specials\/carina-oem-solution\" target=\"_blank\" title=\"English\"><img decoding=\"async\" src=\"\/wp-content\/uploads\/2016\/04\/English.png\" alt=\"English\" width=\"16\" height=\"16\" class=\"alignnone size-full\" \/><\/a> <a href=\"https:\/\/www.tyroremotes.nl\/o\/specials\/carina\" target=\"_blank\" title=\"Nederlands\"><img decoding=\"async\" src=\"\/wp-content\/uploads\/2016\/04\/Netherlands.png\" alt=\"Netherlands\" width=\"16\" height=\"16\" class=\"alignnone size-full\" \/><\/a> <a href=\"https:\/\/www.tyroremotes.de\/o\/spezialsteuerungen\/carina-oem-losung\" target=\"_blank\" title=\"Deutsch\"><img decoding=\"async\"  src=\"\/wp-content\/uploads\/2016\/04\/Germany.png\" alt=\"Germany\" width=\"16\" height=\"16\" class=\"alignnone size-full\" \/><\/a> <a href=\"https:\/\/www.tyroremotes.no\/o\/specials\/carina-oem-losning\" target=\"_blank\" title=\"Norsk\"><img decoding=\"async\" src=\"\/wp-content\/uploads\/2016\/04\/Norsk.png\" alt=\"Norsk\" width=\"16\" height=\"16\" class=\"alignnone size-full\" \/><\/a>\t\t<\/div>\n\t\t\t\t\t<\/div>\n\n\t<\/div>\n<ul>\n<li>R\u00e9sistant \u00e0 l&#039;humidit\u00e9 et \u00e0 la salet\u00e9 (IP68)<\/li>\n<li>R\u00e9action tr\u00e8s rapide\u00a0&lt;0,1s<\/li>\n<li>Tr\u00e8s grande fiabilit\u00e9 d&#039;utilisation<\/li>\n<li>R\u00e9cepteur 100% \u00e9tanche (IP68)<\/li>\n<li>Haut niveau de conformit\u00e9<\/li>\n<\/ul>\n","protected":false},"featured_media":8969,"comment_status":"closed","ping_status":"closed","template":"","meta":[],"product_brand":[],"product_cat":[276],"product_tag":[],"class_list":{"0":"post-9673","1":"product","2":"type-product","3":"status-publish","4":"has-post-thumbnail","6":"product_cat-produits-specifiques","8":"first","9":"instock","10":"shipping-taxable","11":"product-type-variable"},"yoast_head":"<!-- This site is optimized with the Yoast SEO plugin v27.5 - https:\/\/yoast.com\/product\/yoast-seo-wordpress\/ -->\n<title>\u00c9metteur radio OEM Carina | Tyro Remotes<\/title>\n<meta name=\"description\" content=\"Une t\u00e9l\u00e9commande incorpor\u00e9e dans un pistolet de nettoyeur \u00e0 haute pression industriel. Une telle solution OEM est \u00e0 d\u00e9velopper pour plus de machines.\" \/>\n<meta name=\"robots\" content=\"index, follow, max-snippet:-1, max-image-preview:large, max-video-preview:-1\" \/>\n<link rel=\"canonical\" href=\"https:\/\/www.tyroremotes.be\/fr\/produit\/carina-solution-oem\/\" \/>\n<meta property=\"og:locale\" content=\"fr_FR\" \/>\n<meta property=\"og:type\" content=\"article\" \/>\n<meta property=\"og:title\" content=\"\u00c9metteur radio OEM Carina | Tyro Remotes\" \/>\n<meta property=\"og:description\" content=\"Une t\u00e9l\u00e9commande incorpor\u00e9e dans un pistolet de nettoyeur \u00e0 haute pression industriel. Une telle solution OEM est \u00e0 d\u00e9velopper pour plus de machines.\" \/>\n<meta property=\"og:url\" content=\"https:\/\/www.tyroremotes.be\/fr\/produit\/carina-solution-oem\/\" \/>\n<meta property=\"og:site_name\" content=\"Tyro Remotes\" \/>\n<meta property=\"article:modified_time\" content=\"2018-10-16T09:55:54+00:00\" \/>\n<meta property=\"og:image\" content=\"https:\/\/www.tyroremotes.be\/wp-content\/uploads\/2016\/02\/Carina-01-1.jpg\" \/>\n\t<meta property=\"og:image:width\" content=\"800\" \/>\n\t<meta property=\"og:image:height\" content=\"800\" \/>\n\t<meta property=\"og:image:type\" content=\"image\/jpeg\" \/>\n<meta name=\"twitter:card\" content=\"summary_large_image\" \/>\n<meta name=\"twitter:site\" content=\"@TyroRemotesNL\" \/>\n<meta name=\"twitter:label1\" content=\"Dur\u00e9e de lecture est.\" \/>\n\t<meta name=\"twitter:data1\" content=\"2 minutes\" \/>\n<script type=\"application\/ld+json\" class=\"yoast-schema-graph\">{\"@context\":\"https:\\\/\\\/schema.org\",\"@graph\":[{\"@type\":\"WebPage\",\"@id\":\"https:\\\/\\\/www.tyroremotes.be\\\/fr\\\/produit\\\/carina-solution-oem\\\/\",\"url\":\"https:\\\/\\\/www.tyroremotes.be\\\/fr\\\/produit\\\/carina-solution-oem\\\/\",\"name\":\"\u00c9metteur radio OEM Carina | Tyro Remotes\",\"isPartOf\":{\"@id\":\"https:\\\/\\\/www.tyroremotes.be\\\/#website\"},\"primaryImageOfPage\":{\"@id\":\"https:\\\/\\\/www.tyroremotes.be\\\/fr\\\/produit\\\/carina-solution-oem\\\/#primaryimage\"},\"image\":{\"@id\":\"https:\\\/\\\/www.tyroremotes.be\\\/fr\\\/produit\\\/carina-solution-oem\\\/#primaryimage\"},\"thumbnailUrl\":\"https:\\\/\\\/www.tyroremotes.be\\\/wp-content\\\/uploads\\\/2016\\\/02\\\/Carina-01-1.jpg\",\"datePublished\":\"2016-02-12T15:09:16+00:00\",\"dateModified\":\"2018-10-16T09:55:54+00:00\",\"description\":\"Une t\u00e9l\u00e9commande incorpor\u00e9e dans un pistolet de nettoyeur \u00e0 haute pression industriel. Une telle solution OEM est \u00e0 d\u00e9velopper pour plus de machines.\",\"breadcrumb\":{\"@id\":\"https:\\\/\\\/www.tyroremotes.be\\\/fr\\\/produit\\\/carina-solution-oem\\\/#breadcrumb\"},\"inLanguage\":\"fr-BE\",\"potentialAction\":[{\"@type\":\"ReadAction\",\"target\":[\"https:\\\/\\\/www.tyroremotes.be\\\/fr\\\/produit\\\/carina-solution-oem\\\/\"]}]},{\"@type\":\"ImageObject\",\"inLanguage\":\"fr-BE\",\"@id\":\"https:\\\/\\\/www.tyroremotes.be\\\/fr\\\/produit\\\/carina-solution-oem\\\/#primaryimage\",\"url\":\"https:\\\/\\\/www.tyroremotes.be\\\/wp-content\\\/uploads\\\/2016\\\/02\\\/Carina-01-1.jpg\",\"contentUrl\":\"https:\\\/\\\/www.tyroremotes.be\\\/wp-content\\\/uploads\\\/2016\\\/02\\\/Carina-01-1.jpg\",\"width\":800,\"height\":800},{\"@type\":\"BreadcrumbList\",\"@id\":\"https:\\\/\\\/www.tyroremotes.be\\\/fr\\\/produit\\\/carina-solution-oem\\\/#breadcrumb\",\"itemListElement\":[{\"@type\":\"ListItem\",\"position\":1,\"name\":\"Home\",\"item\":\"https:\\\/\\\/www.tyroremotes.be\\\/fr\\\/\"},{\"@type\":\"ListItem\",\"position\":2,\"name\":\"Winkel\",\"item\":\"https:\\\/\\\/www.tyroremotes.be\\\/winkel\\\/\"},{\"@type\":\"ListItem\",\"position\":3,\"name\":\"Produits sp\u00e9cifiques\",\"item\":\"https:\\\/\\\/www.tyroremotes.be\\\/fr\\\/pcat\\\/produits-specifiques\\\/\"},{\"@type\":\"ListItem\",\"position\":4,\"name\":\"Carina | solution OEM\"}]},{\"@type\":\"WebSite\",\"@id\":\"https:\\\/\\\/www.tyroremotes.be\\\/#website\",\"url\":\"https:\\\/\\\/www.tyroremotes.be\\\/\",\"name\":\"Tyro Remotes\",\"description\":\"\",\"potentialAction\":[{\"@type\":\"SearchAction\",\"target\":{\"@type\":\"EntryPoint\",\"urlTemplate\":\"https:\\\/\\\/www.tyroremotes.be\\\/?s={search_term_string}\"},\"query-input\":{\"@type\":\"PropertyValueSpecification\",\"valueRequired\":true,\"valueName\":\"search_term_string\"}}],\"inLanguage\":\"fr-BE\"}]}<\/script>\n<!-- \/ Yoast SEO plugin. -->","yoast_head_json":{"title":"\u00c9metteur radio OEM Carina | Tyro Remotes","description":"Une t\u00e9l\u00e9commande incorpor\u00e9e dans un pistolet de nettoyeur \u00e0 haute pression industriel. Une telle solution OEM est \u00e0 d\u00e9velopper pour plus de machines.","robots":{"index":"index","follow":"follow","max-snippet":"max-snippet:-1","max-image-preview":"max-image-preview:large","max-video-preview":"max-video-preview:-1"},"canonical":"https:\/\/www.tyroremotes.be\/fr\/produit\/carina-solution-oem\/","og_locale":"fr_FR","og_type":"article","og_title":"\u00c9metteur radio OEM Carina | Tyro Remotes","og_description":"Une t\u00e9l\u00e9commande incorpor\u00e9e dans un pistolet de nettoyeur \u00e0 haute pression industriel. Une telle solution OEM est \u00e0 d\u00e9velopper pour plus de machines.","og_url":"https:\/\/www.tyroremotes.be\/fr\/produit\/carina-solution-oem\/","og_site_name":"Tyro Remotes","article_modified_time":"2018-10-16T09:55:54+00:00","og_image":[{"width":800,"height":800,"url":"https:\/\/www.tyroremotes.be\/wp-content\/uploads\/2016\/02\/Carina-01-1.jpg","type":"image\/jpeg"}],"twitter_card":"summary_large_image","twitter_site":"@TyroRemotesNL","twitter_misc":{"Dur\u00e9e de lecture est.":"2 minutes"},"schema":{"@context":"https:\/\/schema.org","@graph":[{"@type":"WebPage","@id":"https:\/\/www.tyroremotes.be\/fr\/produit\/carina-solution-oem\/","url":"https:\/\/www.tyroremotes.be\/fr\/produit\/carina-solution-oem\/","name":"\u00c9metteur radio OEM Carina | Tyro Remotes","isPartOf":{"@id":"https:\/\/www.tyroremotes.be\/#website"},"primaryImageOfPage":{"@id":"https:\/\/www.tyroremotes.be\/fr\/produit\/carina-solution-oem\/#primaryimage"},"image":{"@id":"https:\/\/www.tyroremotes.be\/fr\/produit\/carina-solution-oem\/#primaryimage"},"thumbnailUrl":"https:\/\/www.tyroremotes.be\/wp-content\/uploads\/2016\/02\/Carina-01-1.jpg","datePublished":"2016-02-12T15:09:16+00:00","dateModified":"2018-10-16T09:55:54+00:00","description":"Une t\u00e9l\u00e9commande incorpor\u00e9e dans un pistolet de nettoyeur \u00e0 haute pression industriel. Une telle solution OEM est \u00e0 d\u00e9velopper pour plus de machines.","breadcrumb":{"@id":"https:\/\/www.tyroremotes.be\/fr\/produit\/carina-solution-oem\/#breadcrumb"},"inLanguage":"fr-BE","potentialAction":[{"@type":"ReadAction","target":["https:\/\/www.tyroremotes.be\/fr\/produit\/carina-solution-oem\/"]}]},{"@type":"ImageObject","inLanguage":"fr-BE","@id":"https:\/\/www.tyroremotes.be\/fr\/produit\/carina-solution-oem\/#primaryimage","url":"https:\/\/www.tyroremotes.be\/wp-content\/uploads\/2016\/02\/Carina-01-1.jpg","contentUrl":"https:\/\/www.tyroremotes.be\/wp-content\/uploads\/2016\/02\/Carina-01-1.jpg","width":800,"height":800},{"@type":"BreadcrumbList","@id":"https:\/\/www.tyroremotes.be\/fr\/produit\/carina-solution-oem\/#breadcrumb","itemListElement":[{"@type":"ListItem","position":1,"name":"Home","item":"https:\/\/www.tyroremotes.be\/fr\/"},{"@type":"ListItem","position":2,"name":"Winkel","item":"https:\/\/www.tyroremotes.be\/winkel\/"},{"@type":"ListItem","position":3,"name":"Produits sp\u00e9cifiques","item":"https:\/\/www.tyroremotes.be\/fr\/pcat\/produits-specifiques\/"},{"@type":"ListItem","position":4,"name":"Carina | solution OEM"}]},{"@type":"WebSite","@id":"https:\/\/www.tyroremotes.be\/#website","url":"https:\/\/www.tyroremotes.be\/","name":"Tyro Remotes","description":"","potentialAction":[{"@type":"SearchAction","target":{"@type":"EntryPoint","urlTemplate":"https:\/\/www.tyroremotes.be\/?s={search_term_string}"},"query-input":{"@type":"PropertyValueSpecification","valueRequired":true,"valueName":"search_term_string"}}],"inLanguage":"fr-BE"}]}},"_links":{"self":[{"href":"https:\/\/www.tyroremotes.be\/fr\/wp-json\/wp\/v2\/product\/9673","targetHints":{"allow":["GET"]}}],"collection":[{"href":"https:\/\/www.tyroremotes.be\/fr\/wp-json\/wp\/v2\/product"}],"about":[{"href":"https:\/\/www.tyroremotes.be\/fr\/wp-json\/wp\/v2\/types\/product"}],"replies":[{"embeddable":true,"href":"https:\/\/www.tyroremotes.be\/fr\/wp-json\/wp\/v2\/comments?post=9673"}],"wp:featuredmedia":[{"embeddable":true,"href":"https:\/\/www.tyroremotes.be\/fr\/wp-json\/wp\/v2\/media\/8969"}],"wp:attachment":[{"href":"https:\/\/www.tyroremotes.be\/fr\/wp-json\/wp\/v2\/media?parent=9673"}],"wp:term":[{"taxonomy":"product_brand","embeddable":true,"href":"https:\/\/www.tyroremotes.be\/fr\/wp-json\/wp\/v2\/product_brand?post=9673"},{"taxonomy":"product_cat","embeddable":true,"href":"https:\/\/www.tyroremotes.be\/fr\/wp-json\/wp\/v2\/product_cat?post=9673"},{"taxonomy":"product_tag","embeddable":true,"href":"https:\/\/www.tyroremotes.be\/fr\/wp-json\/wp\/v2\/product_tag?post=9673"}],"curies":[{"name":"wp","href":"https:\/\/api.w.org\/{rel}","templated":true}]}}