{"id":9672,"date":"2015-12-11T00:00:00","date_gmt":"2015-12-10T23:00:00","guid":{"rendered":"https:\/\/www.tyroremotes.be\/product\/aquarius-m2m-system\/"},"modified":"2018-10-16T11:17:46","modified_gmt":"2018-10-16T10:17:46","slug":"aquarius-m2m-system","status":"publish","type":"product","link":"https:\/\/www.tyroremotes.be\/fr\/produit\/aquarius-m2m-system\/","title":{"rendered":"Syst\u00e8me M2M Aquarius"},"content":{"rendered":"<h2>La communication sans fil de machine \u00e0 machine<\/h2>\n<p>Les solutions sans fil M2M sont d\u00e9ploy\u00e9es dans un grand nombre d\u2019applications qui n\u00e9cessitent la transmission d\u2019un signal entre deux syst\u00e8mes, sans intervention humaine.<\/p>\n<h2>Applications du syst\u00e8me M2M<\/h2>\n<p>Le syst\u00e8me M2M est appropri\u00e9 pour surveiller les machines \u00e0 distance. Mais on l\u2019utilise aussi pour, par exemple, d\u00e9sactiver \u00e0 distance une pompe ou un moteur d\u00e8s qu\u2019un certain cycle est achev\u00e9 ou lorsque le syst\u00e8me de contr\u00f4le d\u00e9tecte un niveau voulu.<\/p>\n<h2>Le syst\u00e8me M2M Aquarius<\/h2>\n<p>Le syst\u00e8me M2M Aquarius est un syst\u00e8me compos\u00e9 de deux unit\u00e9s 100% \u00e9tanches \u00e0 l\u2019eau (IP68), dont l\u2019une fonctionne comme \u00e9metteur et l\u2019autre comme r\u00e9cepteur. Gr\u00e2ce \u00e0 son bo\u00eetier en acier massif, le syst\u00e8me Aquarius est aussi tr\u00e8s appropri\u00e9 pour une utilisation dans des conditions m\u00e9t\u00e9orologiques extr\u00eames.<\/p>\n<h2>La fa\u00e7on dont nos clients utilisent notre solution M2M<\/h2>\n<p>Le d\u00e9ploiement de syst\u00e8mes M2M est courant dans l\u2019irrigation, dans l\u2019utilisation de fraiseuses CNC et de pompes d\u2019eau. Voici ci-dessous un exemple illustrant le fonctionnement d\u2019un tel syst\u00e8me utilis\u00e9 en association avec un syst\u00e8me M2M.<\/p>\n<h2>Le M2M appliqu\u00e9 aux syst\u00e8mes d\u2019irrigation<\/h2>\n<p>Un syst\u00e8me d\u2019irrigation se compose g\u00e9n\u00e9ralement d\u2019une pompe puissante &#8211; qui pompe l\u2019eau d\u2019un foss\u00e9, par exemple &#8211; et d\u2019un canon \u00e0 eau qui arrose les champs. Lorsque l\u2019ordinateur indique que le canon \u00e0 eau a fini son programme, la pompe doit \u00eatre mise \u00e0 l\u2019arr\u00eat automatiquement. L\u2019\u00e9metteur Aquarius M2M re\u00e7oit une entr\u00e9e du canon \u00e0 eau et envoie alors \u00e0 son tour un signal au r\u00e9cepteur Aquarius M2M mont\u00e9 sur la pompe, qui s\u2019\u00e9teint alors imm\u00e9diatement. Le tout sans qu\u2019un op\u00e9rateur n\u2019ait \u00e0 appuyer sur un bouton.<\/p>\n<h2>Gagner du temps et de l\u2019argent<\/h2>\n<p>La communication entre machines limite l\u2019intervention humaine. Elle permet aussi de gagner du temps et de l\u2019argent en pr\u00e9venant le gaspillage de mati\u00e8res premi\u00e8res et les risques de d\u00e9bordements lors du remplissage de citernes ou de r\u00e9servoirs.<\/p>\n","protected":false},"excerpt":{"rendered":"<ul>\n<li>R\u00e9cepteur r\u00e9sistant aux chocs et compl\u00e8tement \u00e9tanche (IP68)<\/li>\n<li>Antenne BNC\u00a0extensible\u00a0incluse<\/li>\n<li>Jusqu\u2019\u00e0 700 m\u00e8tres de port\u00e9e (bande large)<\/li>\n<li>6 canaux (MOSFET)<\/li>\n<li>Alimentation 12\/24V<\/li>\n<li>Plug &amp; play<\/li>\n<\/ul>\n","protected":false},"featured_media":8804,"comment_status":"closed","ping_status":"closed","template":"","meta":[],"product_brand":[],"product_cat":[276],"product_tag":[],"class_list":{"0":"post-9672","1":"product","2":"type-product","3":"status-publish","4":"has-post-thumbnail","6":"product_cat-produits-specifiques","8":"first","9":"instock","10":"shipping-taxable","11":"product-type-simple"},"yoast_head":"<!-- This site is optimized with the Yoast SEO plugin v27.5 - https:\/\/yoast.com\/product\/yoast-seo-wordpress\/ -->\n<title>La communication sans fil de machine \u00e0 machine | Tyro<\/title>\n<meta name=\"description\" content=\"Le syst\u00e8me Machine-\u00e0-Machine Aquarius de Tyro Remotes rend possible la communication M2M jusqu\u2019\u00e0 700 m\u00e8tres avec un temps de r\u00e9action inf\u00e9rieur \u00e0 0.1s\" \/>\n<meta name=\"robots\" content=\"index, follow, max-snippet:-1, max-image-preview:large, max-video-preview:-1\" \/>\n<link rel=\"canonical\" href=\"https:\/\/www.tyroremotes.be\/fr\/produit\/aquarius-m2m-system\/\" \/>\n<meta property=\"og:locale\" content=\"fr_FR\" \/>\n<meta property=\"og:type\" content=\"article\" \/>\n<meta property=\"og:title\" content=\"La communication sans fil de machine \u00e0 machine | Tyro\" \/>\n<meta property=\"og:description\" content=\"Le syst\u00e8me Machine-\u00e0-Machine Aquarius de Tyro Remotes rend possible la communication M2M jusqu\u2019\u00e0 700 m\u00e8tres avec un temps de r\u00e9action inf\u00e9rieur \u00e0 0.1s\" \/>\n<meta property=\"og:url\" content=\"https:\/\/www.tyroremotes.be\/fr\/produit\/aquarius-m2m-system\/\" \/>\n<meta property=\"og:site_name\" content=\"Tyro Remotes\" \/>\n<meta property=\"article:modified_time\" content=\"2018-10-16T10:17:46+00:00\" \/>\n<meta property=\"og:image\" content=\"https:\/\/www.tyroremotes.be\/wp-content\/uploads\/2015\/12\/machine2machine.jpg\" \/>\n\t<meta property=\"og:image:width\" content=\"800\" \/>\n\t<meta property=\"og:image:height\" content=\"800\" \/>\n\t<meta property=\"og:image:type\" content=\"image\/jpeg\" \/>\n<meta name=\"twitter:card\" content=\"summary_large_image\" \/>\n<meta name=\"twitter:site\" content=\"@TyroRemotesNL\" \/>\n<meta name=\"twitter:label1\" content=\"Dur\u00e9e de lecture est.\" \/>\n\t<meta name=\"twitter:data1\" content=\"2 minutes\" \/>\n<script type=\"application\/ld+json\" class=\"yoast-schema-graph\">{\"@context\":\"https:\\\/\\\/schema.org\",\"@graph\":[{\"@type\":\"WebPage\",\"@id\":\"https:\\\/\\\/www.tyroremotes.be\\\/fr\\\/produit\\\/aquarius-m2m-system\\\/\",\"url\":\"https:\\\/\\\/www.tyroremotes.be\\\/fr\\\/produit\\\/aquarius-m2m-system\\\/\",\"name\":\"La communication sans fil de machine \u00e0 machine | Tyro\",\"isPartOf\":{\"@id\":\"https:\\\/\\\/www.tyroremotes.be\\\/#website\"},\"primaryImageOfPage\":{\"@id\":\"https:\\\/\\\/www.tyroremotes.be\\\/fr\\\/produit\\\/aquarius-m2m-system\\\/#primaryimage\"},\"image\":{\"@id\":\"https:\\\/\\\/www.tyroremotes.be\\\/fr\\\/produit\\\/aquarius-m2m-system\\\/#primaryimage\"},\"thumbnailUrl\":\"https:\\\/\\\/www.tyroremotes.be\\\/wp-content\\\/uploads\\\/2015\\\/12\\\/machine2machine.jpg\",\"datePublished\":\"2015-12-10T23:00:00+00:00\",\"dateModified\":\"2018-10-16T10:17:46+00:00\",\"description\":\"Le syst\u00e8me Machine-\u00e0-Machine Aquarius de Tyro Remotes rend possible la communication M2M jusqu\u2019\u00e0 700 m\u00e8tres avec un temps de r\u00e9action inf\u00e9rieur \u00e0 0.1s\",\"breadcrumb\":{\"@id\":\"https:\\\/\\\/www.tyroremotes.be\\\/fr\\\/produit\\\/aquarius-m2m-system\\\/#breadcrumb\"},\"inLanguage\":\"fr-BE\",\"potentialAction\":[{\"@type\":\"ReadAction\",\"target\":[\"https:\\\/\\\/www.tyroremotes.be\\\/fr\\\/produit\\\/aquarius-m2m-system\\\/\"]}]},{\"@type\":\"ImageObject\",\"inLanguage\":\"fr-BE\",\"@id\":\"https:\\\/\\\/www.tyroremotes.be\\\/fr\\\/produit\\\/aquarius-m2m-system\\\/#primaryimage\",\"url\":\"https:\\\/\\\/www.tyroremotes.be\\\/wp-content\\\/uploads\\\/2015\\\/12\\\/machine2machine.jpg\",\"contentUrl\":\"https:\\\/\\\/www.tyroremotes.be\\\/wp-content\\\/uploads\\\/2015\\\/12\\\/machine2machine.jpg\",\"width\":800,\"height\":800},{\"@type\":\"BreadcrumbList\",\"@id\":\"https:\\\/\\\/www.tyroremotes.be\\\/fr\\\/produit\\\/aquarius-m2m-system\\\/#breadcrumb\",\"itemListElement\":[{\"@type\":\"ListItem\",\"position\":1,\"name\":\"Home\",\"item\":\"https:\\\/\\\/www.tyroremotes.be\\\/fr\\\/\"},{\"@type\":\"ListItem\",\"position\":2,\"name\":\"Winkel\",\"item\":\"https:\\\/\\\/www.tyroremotes.be\\\/winkel\\\/\"},{\"@type\":\"ListItem\",\"position\":3,\"name\":\"Produits sp\u00e9cifiques\",\"item\":\"https:\\\/\\\/www.tyroremotes.be\\\/fr\\\/pcat\\\/produits-specifiques\\\/\"},{\"@type\":\"ListItem\",\"position\":4,\"name\":\"Syst\u00e8me M2M Aquarius\"}]},{\"@type\":\"WebSite\",\"@id\":\"https:\\\/\\\/www.tyroremotes.be\\\/#website\",\"url\":\"https:\\\/\\\/www.tyroremotes.be\\\/\",\"name\":\"Tyro Remotes\",\"description\":\"\",\"potentialAction\":[{\"@type\":\"SearchAction\",\"target\":{\"@type\":\"EntryPoint\",\"urlTemplate\":\"https:\\\/\\\/www.tyroremotes.be\\\/?s={search_term_string}\"},\"query-input\":{\"@type\":\"PropertyValueSpecification\",\"valueRequired\":true,\"valueName\":\"search_term_string\"}}],\"inLanguage\":\"fr-BE\"}]}<\/script>\n<!-- \/ Yoast SEO plugin. -->","yoast_head_json":{"title":"La communication sans fil de machine \u00e0 machine | Tyro","description":"Le syst\u00e8me Machine-\u00e0-Machine Aquarius de Tyro Remotes rend possible la communication M2M jusqu\u2019\u00e0 700 m\u00e8tres avec un temps de r\u00e9action inf\u00e9rieur \u00e0 0.1s","robots":{"index":"index","follow":"follow","max-snippet":"max-snippet:-1","max-image-preview":"max-image-preview:large","max-video-preview":"max-video-preview:-1"},"canonical":"https:\/\/www.tyroremotes.be\/fr\/produit\/aquarius-m2m-system\/","og_locale":"fr_FR","og_type":"article","og_title":"La communication sans fil de machine \u00e0 machine | Tyro","og_description":"Le syst\u00e8me Machine-\u00e0-Machine Aquarius de Tyro Remotes rend possible la communication M2M jusqu\u2019\u00e0 700 m\u00e8tres avec un temps de r\u00e9action inf\u00e9rieur \u00e0 0.1s","og_url":"https:\/\/www.tyroremotes.be\/fr\/produit\/aquarius-m2m-system\/","og_site_name":"Tyro Remotes","article_modified_time":"2018-10-16T10:17:46+00:00","og_image":[{"width":800,"height":800,"url":"https:\/\/www.tyroremotes.be\/wp-content\/uploads\/2015\/12\/machine2machine.jpg","type":"image\/jpeg"}],"twitter_card":"summary_large_image","twitter_site":"@TyroRemotesNL","twitter_misc":{"Dur\u00e9e de lecture est.":"2 minutes"},"schema":{"@context":"https:\/\/schema.org","@graph":[{"@type":"WebPage","@id":"https:\/\/www.tyroremotes.be\/fr\/produit\/aquarius-m2m-system\/","url":"https:\/\/www.tyroremotes.be\/fr\/produit\/aquarius-m2m-system\/","name":"La communication sans fil de machine \u00e0 machine | Tyro","isPartOf":{"@id":"https:\/\/www.tyroremotes.be\/#website"},"primaryImageOfPage":{"@id":"https:\/\/www.tyroremotes.be\/fr\/produit\/aquarius-m2m-system\/#primaryimage"},"image":{"@id":"https:\/\/www.tyroremotes.be\/fr\/produit\/aquarius-m2m-system\/#primaryimage"},"thumbnailUrl":"https:\/\/www.tyroremotes.be\/wp-content\/uploads\/2015\/12\/machine2machine.jpg","datePublished":"2015-12-10T23:00:00+00:00","dateModified":"2018-10-16T10:17:46+00:00","description":"Le syst\u00e8me Machine-\u00e0-Machine Aquarius de Tyro Remotes rend possible la communication M2M jusqu\u2019\u00e0 700 m\u00e8tres avec un temps de r\u00e9action inf\u00e9rieur \u00e0 0.1s","breadcrumb":{"@id":"https:\/\/www.tyroremotes.be\/fr\/produit\/aquarius-m2m-system\/#breadcrumb"},"inLanguage":"fr-BE","potentialAction":[{"@type":"ReadAction","target":["https:\/\/www.tyroremotes.be\/fr\/produit\/aquarius-m2m-system\/"]}]},{"@type":"ImageObject","inLanguage":"fr-BE","@id":"https:\/\/www.tyroremotes.be\/fr\/produit\/aquarius-m2m-system\/#primaryimage","url":"https:\/\/www.tyroremotes.be\/wp-content\/uploads\/2015\/12\/machine2machine.jpg","contentUrl":"https:\/\/www.tyroremotes.be\/wp-content\/uploads\/2015\/12\/machine2machine.jpg","width":800,"height":800},{"@type":"BreadcrumbList","@id":"https:\/\/www.tyroremotes.be\/fr\/produit\/aquarius-m2m-system\/#breadcrumb","itemListElement":[{"@type":"ListItem","position":1,"name":"Home","item":"https:\/\/www.tyroremotes.be\/fr\/"},{"@type":"ListItem","position":2,"name":"Winkel","item":"https:\/\/www.tyroremotes.be\/winkel\/"},{"@type":"ListItem","position":3,"name":"Produits sp\u00e9cifiques","item":"https:\/\/www.tyroremotes.be\/fr\/pcat\/produits-specifiques\/"},{"@type":"ListItem","position":4,"name":"Syst\u00e8me M2M Aquarius"}]},{"@type":"WebSite","@id":"https:\/\/www.tyroremotes.be\/#website","url":"https:\/\/www.tyroremotes.be\/","name":"Tyro Remotes","description":"","potentialAction":[{"@type":"SearchAction","target":{"@type":"EntryPoint","urlTemplate":"https:\/\/www.tyroremotes.be\/?s={search_term_string}"},"query-input":{"@type":"PropertyValueSpecification","valueRequired":true,"valueName":"search_term_string"}}],"inLanguage":"fr-BE"}]}},"_links":{"self":[{"href":"https:\/\/www.tyroremotes.be\/fr\/wp-json\/wp\/v2\/product\/9672","targetHints":{"allow":["GET"]}}],"collection":[{"href":"https:\/\/www.tyroremotes.be\/fr\/wp-json\/wp\/v2\/product"}],"about":[{"href":"https:\/\/www.tyroremotes.be\/fr\/wp-json\/wp\/v2\/types\/product"}],"replies":[{"embeddable":true,"href":"https:\/\/www.tyroremotes.be\/fr\/wp-json\/wp\/v2\/comments?post=9672"}],"wp:featuredmedia":[{"embeddable":true,"href":"https:\/\/www.tyroremotes.be\/fr\/wp-json\/wp\/v2\/media\/8804"}],"wp:attachment":[{"href":"https:\/\/www.tyroremotes.be\/fr\/wp-json\/wp\/v2\/media?parent=9672"}],"wp:term":[{"taxonomy":"product_brand","embeddable":true,"href":"https:\/\/www.tyroremotes.be\/fr\/wp-json\/wp\/v2\/product_brand?post=9672"},{"taxonomy":"product_cat","embeddable":true,"href":"https:\/\/www.tyroremotes.be\/fr\/wp-json\/wp\/v2\/product_cat?post=9672"},{"taxonomy":"product_tag","embeddable":true,"href":"https:\/\/www.tyroremotes.be\/fr\/wp-json\/wp\/v2\/product_tag?post=9672"}],"curies":[{"name":"wp","href":"https:\/\/api.w.org\/{rel}","templated":true}]}}