{"id":9671,"date":"2015-11-09T00:00:00","date_gmt":"2015-11-08T23:00:00","guid":{"rendered":"https:\/\/www.tyroremotes.be\/product\/radio-repeater-signaalversterker\/"},"modified":"2018-09-17T12:50:25","modified_gmt":"2018-09-17T11:50:25","slug":"repeteur-radio","status":"publish","type":"product","link":"https:\/\/www.tyroremotes.be\/fr\/produit\/repeteur-radio\/","title":{"rendered":"R\u00e9p\u00e9teur radio"},"content":{"rendered":"<h2>R\u00e9p\u00e9teur radio<\/h2>\n<p>Une station interm\u00e9diaire pratique pour une plus grande port\u00e9e<\/p>\n<p>En d\u00e9pit de la tr\u00e8s bonne port\u00e9e du syst\u00e8me de commande radio Tyro, il arrive parfois que les ondes radio n&rsquo;arrivent pas \u00e0 traverser les m\u00fbrs. Certains obstacles ne sont compl\u00e8tement imperm\u00e9able aux ondes radio (comme les rochers). Cela peut poser probl\u00e8me dans les r\u00e9gions montagneuses o\u00f9 l&rsquo;on souhaite utiliser un syst\u00e8me de t\u00e9l\u00e9commande sans fil. C&rsquo;est le cas par exemple du secteur forestier en Autriche.<\/p>\n<h2>Le r\u00e9p\u00e9teur Radio de Tyro<\/h2>\n<p>Tyro Remotes a sp\u00e9cialement d\u00e9velopp\u00e9 ce r\u00e9p\u00e9teur radio pour vous permettre d&rsquo;envoyer facilement des signaux radio sur ou autour de l&rsquo;obstacle.<\/p>\n<h2>Doubler la port\u00e9e<\/h2>\n<p>Le r\u00e9p\u00e9teur radio de Tyro est plac\u00e9 directement sur ou \u00e0 proximit\u00e9 de l&rsquo;obstacle, \u00e0 partir duquel il renvoie (r\u00e9p\u00e8te) le signal re\u00e7u de la t\u00e9l\u00e9commande vers le r\u00e9cepteur, ou vers un autre r\u00e9p\u00e9teur. Cela augmentera consid\u00e9rablement la port\u00e9e, voire m\u00eame jusqu&rsquo;\u00e0 la doubler. En fait, il s&rsquo;agit du m\u00eame principe que la mani\u00e8re dont les satellites doivent surmonter la courbure de la terre.<\/p>\n<h2>Contourner les probl\u00e8mes<\/h2>\n<p>Le r\u00e9p\u00e9teur radio de Tyro est \u00e9galement utilis\u00e9 pour agrandir la port\u00e9e dans les zones plates. Par exemple, dans des environnements avec beaucoup d&rsquo;obstacles en fer ou en acier qui peuvent perturber le signal radio ou l&rsquo;affaiblir par un blindage, l&rsquo;absorption ou la r\u00e9flexion. Les r\u00e9p\u00e9teurs radio de Tyro Remotes peuvent litt\u00e9ralement contourner ce probl\u00e8me.<\/p>\n","protected":false},"excerpt":{"rendered":"<p>R\u00e9p\u00e9teur radio Une station interm\u00e9diaire pratique pour une plus grande port\u00e9e En d\u00e9pit de la tr\u00e8s bonne port\u00e9e du syst\u00e8me de commande radio Tyro, il arrive parfois que les ondes radio n&rsquo;arrivent pas \u00e0 traverser les m\u00fbrs. Certains obstacles ne sont compl\u00e8tement imperm\u00e9able aux ondes radio (comme les rochers). Cela peut poser probl\u00e8me dans les [&#8230;]\n","protected":false},"featured_media":8799,"comment_status":"closed","ping_status":"closed","template":"","meta":[],"product_brand":[],"product_cat":[276],"product_tag":[],"class_list":{"0":"post-9671","1":"product","2":"type-product","3":"status-publish","4":"has-post-thumbnail","6":"product_cat-produits-specifiques","8":"first","9":"instock","10":"shipping-taxable","11":"product-type-simple"},"yoast_head":"<!-- This site is optimized with the Yoast SEO plugin v27.5 - https:\/\/yoast.com\/product\/yoast-seo-wordpress\/ -->\n<title>R\u00e9p\u00e9teur radio - Tyro Remotes<\/title>\n<meta name=\"description\" content=\"Doublez la port\u00e9e de votre t\u00e9l\u00e9commande gr\u00e2ce au r\u00e9p\u00e9teur radio. Pour par exemple, les t\u00e9l\u00e9commandes industrielles dans un environnement riche en acier.\" \/>\n<meta name=\"robots\" content=\"index, follow, max-snippet:-1, max-image-preview:large, max-video-preview:-1\" \/>\n<link rel=\"canonical\" href=\"https:\/\/www.tyroremotes.be\/fr\/produit\/repeteur-radio\/\" \/>\n<meta property=\"og:locale\" content=\"fr_FR\" \/>\n<meta property=\"og:type\" content=\"article\" \/>\n<meta property=\"og:title\" content=\"R\u00e9p\u00e9teur radio - Tyro Remotes\" \/>\n<meta property=\"og:description\" content=\"Doublez la port\u00e9e de votre t\u00e9l\u00e9commande gr\u00e2ce au r\u00e9p\u00e9teur radio. Pour par exemple, les t\u00e9l\u00e9commandes industrielles dans un environnement riche en acier.\" \/>\n<meta property=\"og:url\" content=\"https:\/\/www.tyroremotes.be\/fr\/produit\/repeteur-radio\/\" \/>\n<meta property=\"og:site_name\" content=\"Tyro Remotes\" \/>\n<meta property=\"article:modified_time\" content=\"2018-09-17T11:50:25+00:00\" \/>\n<meta property=\"og:image\" content=\"https:\/\/www.tyroremotes.be\/wp-content\/uploads\/2015\/11\/Repeater-1.jpg\" \/>\n\t<meta property=\"og:image:width\" content=\"800\" \/>\n\t<meta property=\"og:image:height\" content=\"800\" \/>\n\t<meta property=\"og:image:type\" content=\"image\/jpeg\" \/>\n<meta name=\"twitter:card\" content=\"summary_large_image\" \/>\n<meta name=\"twitter:site\" content=\"@TyroRemotesNL\" \/>\n<meta name=\"twitter:label1\" content=\"Dur\u00e9e de lecture est.\" \/>\n\t<meta name=\"twitter:data1\" content=\"1 minute\" \/>\n<script type=\"application\/ld+json\" class=\"yoast-schema-graph\">{\"@context\":\"https:\\\/\\\/schema.org\",\"@graph\":[{\"@type\":\"WebPage\",\"@id\":\"https:\\\/\\\/www.tyroremotes.be\\\/fr\\\/produit\\\/repeteur-radio\\\/\",\"url\":\"https:\\\/\\\/www.tyroremotes.be\\\/fr\\\/produit\\\/repeteur-radio\\\/\",\"name\":\"R\u00e9p\u00e9teur radio - Tyro Remotes\",\"isPartOf\":{\"@id\":\"https:\\\/\\\/www.tyroremotes.be\\\/#website\"},\"primaryImageOfPage\":{\"@id\":\"https:\\\/\\\/www.tyroremotes.be\\\/fr\\\/produit\\\/repeteur-radio\\\/#primaryimage\"},\"image\":{\"@id\":\"https:\\\/\\\/www.tyroremotes.be\\\/fr\\\/produit\\\/repeteur-radio\\\/#primaryimage\"},\"thumbnailUrl\":\"https:\\\/\\\/www.tyroremotes.be\\\/wp-content\\\/uploads\\\/2015\\\/11\\\/Repeater-1.jpg\",\"datePublished\":\"2015-11-08T23:00:00+00:00\",\"dateModified\":\"2018-09-17T11:50:25+00:00\",\"description\":\"Doublez la port\u00e9e de votre t\u00e9l\u00e9commande gr\u00e2ce au r\u00e9p\u00e9teur radio. Pour par exemple, les t\u00e9l\u00e9commandes industrielles dans un environnement riche en acier.\",\"breadcrumb\":{\"@id\":\"https:\\\/\\\/www.tyroremotes.be\\\/fr\\\/produit\\\/repeteur-radio\\\/#breadcrumb\"},\"inLanguage\":\"fr-BE\",\"potentialAction\":[{\"@type\":\"ReadAction\",\"target\":[\"https:\\\/\\\/www.tyroremotes.be\\\/fr\\\/produit\\\/repeteur-radio\\\/\"]}]},{\"@type\":\"ImageObject\",\"inLanguage\":\"fr-BE\",\"@id\":\"https:\\\/\\\/www.tyroremotes.be\\\/fr\\\/produit\\\/repeteur-radio\\\/#primaryimage\",\"url\":\"https:\\\/\\\/www.tyroremotes.be\\\/wp-content\\\/uploads\\\/2015\\\/11\\\/Repeater-1.jpg\",\"contentUrl\":\"https:\\\/\\\/www.tyroremotes.be\\\/wp-content\\\/uploads\\\/2015\\\/11\\\/Repeater-1.jpg\",\"width\":800,\"height\":800},{\"@type\":\"BreadcrumbList\",\"@id\":\"https:\\\/\\\/www.tyroremotes.be\\\/fr\\\/produit\\\/repeteur-radio\\\/#breadcrumb\",\"itemListElement\":[{\"@type\":\"ListItem\",\"position\":1,\"name\":\"Home\",\"item\":\"https:\\\/\\\/www.tyroremotes.be\\\/fr\\\/\"},{\"@type\":\"ListItem\",\"position\":2,\"name\":\"Winkel\",\"item\":\"https:\\\/\\\/www.tyroremotes.be\\\/winkel\\\/\"},{\"@type\":\"ListItem\",\"position\":3,\"name\":\"Produits sp\u00e9cifiques\",\"item\":\"https:\\\/\\\/www.tyroremotes.be\\\/fr\\\/pcat\\\/produits-specifiques\\\/\"},{\"@type\":\"ListItem\",\"position\":4,\"name\":\"R\u00e9p\u00e9teur radio\"}]},{\"@type\":\"WebSite\",\"@id\":\"https:\\\/\\\/www.tyroremotes.be\\\/#website\",\"url\":\"https:\\\/\\\/www.tyroremotes.be\\\/\",\"name\":\"Tyro Remotes\",\"description\":\"\",\"potentialAction\":[{\"@type\":\"SearchAction\",\"target\":{\"@type\":\"EntryPoint\",\"urlTemplate\":\"https:\\\/\\\/www.tyroremotes.be\\\/?s={search_term_string}\"},\"query-input\":{\"@type\":\"PropertyValueSpecification\",\"valueRequired\":true,\"valueName\":\"search_term_string\"}}],\"inLanguage\":\"fr-BE\"}]}<\/script>\n<!-- \/ Yoast SEO plugin. -->","yoast_head_json":{"title":"R\u00e9p\u00e9teur radio - Tyro Remotes","description":"Doublez la port\u00e9e de votre t\u00e9l\u00e9commande gr\u00e2ce au r\u00e9p\u00e9teur radio. Pour par exemple, les t\u00e9l\u00e9commandes industrielles dans un environnement riche en acier.","robots":{"index":"index","follow":"follow","max-snippet":"max-snippet:-1","max-image-preview":"max-image-preview:large","max-video-preview":"max-video-preview:-1"},"canonical":"https:\/\/www.tyroremotes.be\/fr\/produit\/repeteur-radio\/","og_locale":"fr_FR","og_type":"article","og_title":"R\u00e9p\u00e9teur radio - Tyro Remotes","og_description":"Doublez la port\u00e9e de votre t\u00e9l\u00e9commande gr\u00e2ce au r\u00e9p\u00e9teur radio. Pour par exemple, les t\u00e9l\u00e9commandes industrielles dans un environnement riche en acier.","og_url":"https:\/\/www.tyroremotes.be\/fr\/produit\/repeteur-radio\/","og_site_name":"Tyro Remotes","article_modified_time":"2018-09-17T11:50:25+00:00","og_image":[{"width":800,"height":800,"url":"https:\/\/www.tyroremotes.be\/wp-content\/uploads\/2015\/11\/Repeater-1.jpg","type":"image\/jpeg"}],"twitter_card":"summary_large_image","twitter_site":"@TyroRemotesNL","twitter_misc":{"Dur\u00e9e de lecture est.":"1 minute"},"schema":{"@context":"https:\/\/schema.org","@graph":[{"@type":"WebPage","@id":"https:\/\/www.tyroremotes.be\/fr\/produit\/repeteur-radio\/","url":"https:\/\/www.tyroremotes.be\/fr\/produit\/repeteur-radio\/","name":"R\u00e9p\u00e9teur radio - Tyro Remotes","isPartOf":{"@id":"https:\/\/www.tyroremotes.be\/#website"},"primaryImageOfPage":{"@id":"https:\/\/www.tyroremotes.be\/fr\/produit\/repeteur-radio\/#primaryimage"},"image":{"@id":"https:\/\/www.tyroremotes.be\/fr\/produit\/repeteur-radio\/#primaryimage"},"thumbnailUrl":"https:\/\/www.tyroremotes.be\/wp-content\/uploads\/2015\/11\/Repeater-1.jpg","datePublished":"2015-11-08T23:00:00+00:00","dateModified":"2018-09-17T11:50:25+00:00","description":"Doublez la port\u00e9e de votre t\u00e9l\u00e9commande gr\u00e2ce au r\u00e9p\u00e9teur radio. Pour par exemple, les t\u00e9l\u00e9commandes industrielles dans un environnement riche en acier.","breadcrumb":{"@id":"https:\/\/www.tyroremotes.be\/fr\/produit\/repeteur-radio\/#breadcrumb"},"inLanguage":"fr-BE","potentialAction":[{"@type":"ReadAction","target":["https:\/\/www.tyroremotes.be\/fr\/produit\/repeteur-radio\/"]}]},{"@type":"ImageObject","inLanguage":"fr-BE","@id":"https:\/\/www.tyroremotes.be\/fr\/produit\/repeteur-radio\/#primaryimage","url":"https:\/\/www.tyroremotes.be\/wp-content\/uploads\/2015\/11\/Repeater-1.jpg","contentUrl":"https:\/\/www.tyroremotes.be\/wp-content\/uploads\/2015\/11\/Repeater-1.jpg","width":800,"height":800},{"@type":"BreadcrumbList","@id":"https:\/\/www.tyroremotes.be\/fr\/produit\/repeteur-radio\/#breadcrumb","itemListElement":[{"@type":"ListItem","position":1,"name":"Home","item":"https:\/\/www.tyroremotes.be\/fr\/"},{"@type":"ListItem","position":2,"name":"Winkel","item":"https:\/\/www.tyroremotes.be\/winkel\/"},{"@type":"ListItem","position":3,"name":"Produits sp\u00e9cifiques","item":"https:\/\/www.tyroremotes.be\/fr\/pcat\/produits-specifiques\/"},{"@type":"ListItem","position":4,"name":"R\u00e9p\u00e9teur radio"}]},{"@type":"WebSite","@id":"https:\/\/www.tyroremotes.be\/#website","url":"https:\/\/www.tyroremotes.be\/","name":"Tyro Remotes","description":"","potentialAction":[{"@type":"SearchAction","target":{"@type":"EntryPoint","urlTemplate":"https:\/\/www.tyroremotes.be\/?s={search_term_string}"},"query-input":{"@type":"PropertyValueSpecification","valueRequired":true,"valueName":"search_term_string"}}],"inLanguage":"fr-BE"}]}},"_links":{"self":[{"href":"https:\/\/www.tyroremotes.be\/fr\/wp-json\/wp\/v2\/product\/9671","targetHints":{"allow":["GET"]}}],"collection":[{"href":"https:\/\/www.tyroremotes.be\/fr\/wp-json\/wp\/v2\/product"}],"about":[{"href":"https:\/\/www.tyroremotes.be\/fr\/wp-json\/wp\/v2\/types\/product"}],"replies":[{"embeddable":true,"href":"https:\/\/www.tyroremotes.be\/fr\/wp-json\/wp\/v2\/comments?post=9671"}],"wp:featuredmedia":[{"embeddable":true,"href":"https:\/\/www.tyroremotes.be\/fr\/wp-json\/wp\/v2\/media\/8799"}],"wp:attachment":[{"href":"https:\/\/www.tyroremotes.be\/fr\/wp-json\/wp\/v2\/media?parent=9671"}],"wp:term":[{"taxonomy":"product_brand","embeddable":true,"href":"https:\/\/www.tyroremotes.be\/fr\/wp-json\/wp\/v2\/product_brand?post=9671"},{"taxonomy":"product_cat","embeddable":true,"href":"https:\/\/www.tyroremotes.be\/fr\/wp-json\/wp\/v2\/product_cat?post=9671"},{"taxonomy":"product_tag","embeddable":true,"href":"https:\/\/www.tyroremotes.be\/fr\/wp-json\/wp\/v2\/product_tag?post=9671"}],"curies":[{"name":"wp","href":"https:\/\/api.w.org\/{rel}","templated":true}]}}