{"id":9667,"date":"2015-11-09T00:00:00","date_gmt":"2015-11-08T23:00:00","guid":{"rendered":"https:\/\/www.tyroremotes.be\/product\/tyro-remote-starter\/"},"modified":"2018-09-17T12:45:20","modified_gmt":"2018-09-17T11:45:20","slug":"demarreur-a-distance","status":"publish","type":"product","link":"https:\/\/www.tyroremotes.be\/fr\/produit\/demarreur-a-distance\/","title":{"rendered":"D\u00e9marreur \u00e0 distance"},"content":{"rendered":"<h2>Le d\u00e9marreur \u00e0 distance: rentable et efficace<\/h2>\n<p>Economiser sur la maintenance et le carburant ? Le d\u00e9marreur \u00e0 distance offre une solution universelle pour d\u00e9marrer et \u00e9teindre les moteurs diesel ou \u00e0 essence \u00e0 une distance maximale de 350 m\u00e8tres. Il vous permet d&rsquo;\u00e9conomiser du temps et de l&rsquo;argent. Ce syst\u00e8me durable est facile \u00e0 connecter sur pratiquement tous les types de moteurs, g\u00e9n\u00e9rateurs, pompes et autres applications motoris\u00e9es.<\/p>\n<h2>Protection contre le red\u00e9marrage<\/h2>\n<p>Avec le bouton ON, vous activez le syst\u00e8me et le moteur est mis en contact. Vous pouvez donc pr\u00e9chauffer le moteur. Avec la touche 1, vous d\u00e9marrez le moteur. Une fois que le moteur est en marche, la fonction \u00a0\u00bb d\u00e9marrage \u00a0\u00bb est automatiquement bloqu\u00e9e afin d&#8217;emp\u00eacher le red\u00e9marrage.<\/p>\n<h2>La fonction de minuterie<\/h2>\n<p>Si l&rsquo;\u00e9metteur ne re\u00e7oit aucun signal de la dynamo dans un d\u00e9lai d&rsquo;une minute apr\u00e8s le d\u00e9marrage, le r\u00e9cepteur \u00e9teint le moteur. Cela a pour avantage d&rsquo;\u00e9viter de vider la batterie. Le bouton OFF d\u00e9sactive l&rsquo;ensemble du syst\u00e8me.<\/p>\n<h2>Trois contacts libres<\/h2>\n<p>Le bouton stop et la certification CEM e2 vous garantissent une utilisation s\u00e9curis\u00e9e. Il y a trois contacts suppl\u00e9mentaires de disponibles avec lesquels vous pouvez commander d&rsquo;autres fonctions comme un actionneur \u00e0 la vitesse de rotation.<\/p>\n","protected":false},"excerpt":{"rendered":"<ul>\n<li>Economie de temps et d&rsquo;argent<\/li>\n<li>Respect de l&rsquo;environnement car le moteur ne reste pas inutilement allum\u00e9<\/li>\n<li>Jusqu&rsquo;\u00e0 350 m\u00e8tres de port\u00e9e<\/li>\n<li>Temps de r\u00e9action tres rapide &lt;0,1s<\/li>\n<li>Facile \u00e0 connecter gr\u00e2ce \u00e0 son c\u00e2ble de 1,5 m\u00e8tres pr\u00e9-c\u00e2bl\u00e9<\/li>\n<li>Antichoc et r\u00e9sistant \u00e0 l&rsquo;humidit\u00e9 et \u00e0 la salet\u00e9<\/li>\n<li>R\u00e9cepteur monobloc en fonte (IP68)<\/li>\n<li>Transmetteur \u00e9quip\u00e9 d&rsquo;un clip ceinture et d&rsquo;une poign\u00e9e en caoutchouc<\/li>\n<\/ul>\n","protected":false},"featured_media":8800,"comment_status":"closed","ping_status":"closed","template":"","meta":[],"product_brand":[],"product_cat":[276],"product_tag":[],"class_list":{"0":"post-9667","1":"product","2":"type-product","3":"status-publish","4":"has-post-thumbnail","6":"product_cat-produits-specifiques","8":"first","9":"instock","10":"shipping-taxable","11":"product-type-simple"},"yoast_head":"<!-- This site is optimized with the Yoast SEO plugin v27.5 - https:\/\/yoast.com\/product\/yoast-seo-wordpress\/ -->\n<title>D\u00e9marreur \u00e0 distance: rentable et efficace | Tyro Remotes<\/title>\n<meta name=\"robots\" content=\"index, follow, max-snippet:-1, max-image-preview:large, max-video-preview:-1\" \/>\n<link rel=\"canonical\" href=\"https:\/\/www.tyroremotes.be\/fr\/produit\/demarreur-a-distance\/\" \/>\n<meta property=\"og:locale\" content=\"fr_FR\" \/>\n<meta property=\"og:type\" content=\"article\" \/>\n<meta property=\"og:title\" content=\"D\u00e9marreur \u00e0 distance: rentable et efficace | Tyro Remotes\" \/>\n<meta property=\"og:description\" content=\"Economie de temps et d&#039;argent  Respect de l&#039;environnement car le moteur ne reste pas inutilement allum\u00e9  Jusqu&#039;\u00e0 350 m\u00e8tres de port\u00e9e  Temps de r\u00e9action tres rapide &lt;0,1s  Facile \u00e0 connecter gr\u00e2ce \u00e0 son c\u00e2ble de 1,5 m\u00e8tres pr\u00e9-c\u00e2bl\u00e9  Antichoc et r\u00e9sistant \u00e0 l&#039;humidit\u00e9 et \u00e0 la salet\u00e9  R\u00e9cepteur monobloc en fonte (IP68)  Transmetteur \u00e9quip\u00e9 d&#039;un clip ceinture et d&#039;une poign\u00e9e en caoutchouc\" \/>\n<meta property=\"og:url\" content=\"https:\/\/www.tyroremotes.be\/fr\/produit\/demarreur-a-distance\/\" \/>\n<meta property=\"og:site_name\" content=\"Tyro Remotes\" \/>\n<meta property=\"article:modified_time\" content=\"2018-09-17T11:45:20+00:00\" \/>\n<meta property=\"og:image\" content=\"https:\/\/www.tyroremotes.be\/wp-content\/uploads\/2015\/11\/Musca-2v-5.jpg\" \/>\n\t<meta property=\"og:image:width\" content=\"800\" \/>\n\t<meta property=\"og:image:height\" content=\"800\" \/>\n\t<meta property=\"og:image:type\" content=\"image\/jpeg\" \/>\n<meta name=\"twitter:card\" content=\"summary_large_image\" \/>\n<meta name=\"twitter:site\" content=\"@TyroRemotesNL\" \/>\n<meta name=\"twitter:label1\" content=\"Dur\u00e9e de lecture est.\" \/>\n\t<meta name=\"twitter:data1\" content=\"1 minute\" \/>\n<script type=\"application\/ld+json\" class=\"yoast-schema-graph\">{\"@context\":\"https:\\\/\\\/schema.org\",\"@graph\":[{\"@type\":\"WebPage\",\"@id\":\"https:\\\/\\\/www.tyroremotes.be\\\/fr\\\/produit\\\/demarreur-a-distance\\\/\",\"url\":\"https:\\\/\\\/www.tyroremotes.be\\\/fr\\\/produit\\\/demarreur-a-distance\\\/\",\"name\":\"D\u00e9marreur \u00e0 distance: rentable et efficace | Tyro Remotes\",\"isPartOf\":{\"@id\":\"https:\\\/\\\/www.tyroremotes.be\\\/#website\"},\"primaryImageOfPage\":{\"@id\":\"https:\\\/\\\/www.tyroremotes.be\\\/fr\\\/produit\\\/demarreur-a-distance\\\/#primaryimage\"},\"image\":{\"@id\":\"https:\\\/\\\/www.tyroremotes.be\\\/fr\\\/produit\\\/demarreur-a-distance\\\/#primaryimage\"},\"thumbnailUrl\":\"https:\\\/\\\/www.tyroremotes.be\\\/wp-content\\\/uploads\\\/2015\\\/11\\\/Musca-2v-5.jpg\",\"datePublished\":\"2015-11-08T23:00:00+00:00\",\"dateModified\":\"2018-09-17T11:45:20+00:00\",\"breadcrumb\":{\"@id\":\"https:\\\/\\\/www.tyroremotes.be\\\/fr\\\/produit\\\/demarreur-a-distance\\\/#breadcrumb\"},\"inLanguage\":\"fr-BE\",\"potentialAction\":[{\"@type\":\"ReadAction\",\"target\":[\"https:\\\/\\\/www.tyroremotes.be\\\/fr\\\/produit\\\/demarreur-a-distance\\\/\"]}]},{\"@type\":\"ImageObject\",\"inLanguage\":\"fr-BE\",\"@id\":\"https:\\\/\\\/www.tyroremotes.be\\\/fr\\\/produit\\\/demarreur-a-distance\\\/#primaryimage\",\"url\":\"https:\\\/\\\/www.tyroremotes.be\\\/wp-content\\\/uploads\\\/2015\\\/11\\\/Musca-2v-5.jpg\",\"contentUrl\":\"https:\\\/\\\/www.tyroremotes.be\\\/wp-content\\\/uploads\\\/2015\\\/11\\\/Musca-2v-5.jpg\",\"width\":800,\"height\":800},{\"@type\":\"BreadcrumbList\",\"@id\":\"https:\\\/\\\/www.tyroremotes.be\\\/fr\\\/produit\\\/demarreur-a-distance\\\/#breadcrumb\",\"itemListElement\":[{\"@type\":\"ListItem\",\"position\":1,\"name\":\"Home\",\"item\":\"https:\\\/\\\/www.tyroremotes.be\\\/fr\\\/\"},{\"@type\":\"ListItem\",\"position\":2,\"name\":\"Winkel\",\"item\":\"https:\\\/\\\/www.tyroremotes.be\\\/winkel\\\/\"},{\"@type\":\"ListItem\",\"position\":3,\"name\":\"Produits sp\u00e9cifiques\",\"item\":\"https:\\\/\\\/www.tyroremotes.be\\\/fr\\\/pcat\\\/produits-specifiques\\\/\"},{\"@type\":\"ListItem\",\"position\":4,\"name\":\"D\u00e9marreur \u00e0 distance\"}]},{\"@type\":\"WebSite\",\"@id\":\"https:\\\/\\\/www.tyroremotes.be\\\/#website\",\"url\":\"https:\\\/\\\/www.tyroremotes.be\\\/\",\"name\":\"Tyro Remotes\",\"description\":\"\",\"potentialAction\":[{\"@type\":\"SearchAction\",\"target\":{\"@type\":\"EntryPoint\",\"urlTemplate\":\"https:\\\/\\\/www.tyroremotes.be\\\/?s={search_term_string}\"},\"query-input\":{\"@type\":\"PropertyValueSpecification\",\"valueRequired\":true,\"valueName\":\"search_term_string\"}}],\"inLanguage\":\"fr-BE\"}]}<\/script>\n<!-- \/ Yoast SEO plugin. -->","yoast_head_json":{"title":"D\u00e9marreur \u00e0 distance: rentable et efficace | Tyro Remotes","robots":{"index":"index","follow":"follow","max-snippet":"max-snippet:-1","max-image-preview":"max-image-preview:large","max-video-preview":"max-video-preview:-1"},"canonical":"https:\/\/www.tyroremotes.be\/fr\/produit\/demarreur-a-distance\/","og_locale":"fr_FR","og_type":"article","og_title":"D\u00e9marreur \u00e0 distance: rentable et efficace | Tyro Remotes","og_description":"Economie de temps et d'argent  Respect de l'environnement car le moteur ne reste pas inutilement allum\u00e9  Jusqu'\u00e0 350 m\u00e8tres de port\u00e9e  Temps de r\u00e9action tres rapide &lt;0,1s  Facile \u00e0 connecter gr\u00e2ce \u00e0 son c\u00e2ble de 1,5 m\u00e8tres pr\u00e9-c\u00e2bl\u00e9  Antichoc et r\u00e9sistant \u00e0 l'humidit\u00e9 et \u00e0 la salet\u00e9  R\u00e9cepteur monobloc en fonte (IP68)  Transmetteur \u00e9quip\u00e9 d'un clip ceinture et d'une poign\u00e9e en caoutchouc","og_url":"https:\/\/www.tyroremotes.be\/fr\/produit\/demarreur-a-distance\/","og_site_name":"Tyro Remotes","article_modified_time":"2018-09-17T11:45:20+00:00","og_image":[{"width":800,"height":800,"url":"https:\/\/www.tyroremotes.be\/wp-content\/uploads\/2015\/11\/Musca-2v-5.jpg","type":"image\/jpeg"}],"twitter_card":"summary_large_image","twitter_site":"@TyroRemotesNL","twitter_misc":{"Dur\u00e9e de lecture est.":"1 minute"},"schema":{"@context":"https:\/\/schema.org","@graph":[{"@type":"WebPage","@id":"https:\/\/www.tyroremotes.be\/fr\/produit\/demarreur-a-distance\/","url":"https:\/\/www.tyroremotes.be\/fr\/produit\/demarreur-a-distance\/","name":"D\u00e9marreur \u00e0 distance: rentable et efficace | Tyro Remotes","isPartOf":{"@id":"https:\/\/www.tyroremotes.be\/#website"},"primaryImageOfPage":{"@id":"https:\/\/www.tyroremotes.be\/fr\/produit\/demarreur-a-distance\/#primaryimage"},"image":{"@id":"https:\/\/www.tyroremotes.be\/fr\/produit\/demarreur-a-distance\/#primaryimage"},"thumbnailUrl":"https:\/\/www.tyroremotes.be\/wp-content\/uploads\/2015\/11\/Musca-2v-5.jpg","datePublished":"2015-11-08T23:00:00+00:00","dateModified":"2018-09-17T11:45:20+00:00","breadcrumb":{"@id":"https:\/\/www.tyroremotes.be\/fr\/produit\/demarreur-a-distance\/#breadcrumb"},"inLanguage":"fr-BE","potentialAction":[{"@type":"ReadAction","target":["https:\/\/www.tyroremotes.be\/fr\/produit\/demarreur-a-distance\/"]}]},{"@type":"ImageObject","inLanguage":"fr-BE","@id":"https:\/\/www.tyroremotes.be\/fr\/produit\/demarreur-a-distance\/#primaryimage","url":"https:\/\/www.tyroremotes.be\/wp-content\/uploads\/2015\/11\/Musca-2v-5.jpg","contentUrl":"https:\/\/www.tyroremotes.be\/wp-content\/uploads\/2015\/11\/Musca-2v-5.jpg","width":800,"height":800},{"@type":"BreadcrumbList","@id":"https:\/\/www.tyroremotes.be\/fr\/produit\/demarreur-a-distance\/#breadcrumb","itemListElement":[{"@type":"ListItem","position":1,"name":"Home","item":"https:\/\/www.tyroremotes.be\/fr\/"},{"@type":"ListItem","position":2,"name":"Winkel","item":"https:\/\/www.tyroremotes.be\/winkel\/"},{"@type":"ListItem","position":3,"name":"Produits sp\u00e9cifiques","item":"https:\/\/www.tyroremotes.be\/fr\/pcat\/produits-specifiques\/"},{"@type":"ListItem","position":4,"name":"D\u00e9marreur \u00e0 distance"}]},{"@type":"WebSite","@id":"https:\/\/www.tyroremotes.be\/#website","url":"https:\/\/www.tyroremotes.be\/","name":"Tyro Remotes","description":"","potentialAction":[{"@type":"SearchAction","target":{"@type":"EntryPoint","urlTemplate":"https:\/\/www.tyroremotes.be\/?s={search_term_string}"},"query-input":{"@type":"PropertyValueSpecification","valueRequired":true,"valueName":"search_term_string"}}],"inLanguage":"fr-BE"}]}},"_links":{"self":[{"href":"https:\/\/www.tyroremotes.be\/fr\/wp-json\/wp\/v2\/product\/9667","targetHints":{"allow":["GET"]}}],"collection":[{"href":"https:\/\/www.tyroremotes.be\/fr\/wp-json\/wp\/v2\/product"}],"about":[{"href":"https:\/\/www.tyroremotes.be\/fr\/wp-json\/wp\/v2\/types\/product"}],"replies":[{"embeddable":true,"href":"https:\/\/www.tyroremotes.be\/fr\/wp-json\/wp\/v2\/comments?post=9667"}],"wp:featuredmedia":[{"embeddable":true,"href":"https:\/\/www.tyroremotes.be\/fr\/wp-json\/wp\/v2\/media\/8800"}],"wp:attachment":[{"href":"https:\/\/www.tyroremotes.be\/fr\/wp-json\/wp\/v2\/media?parent=9667"}],"wp:term":[{"taxonomy":"product_brand","embeddable":true,"href":"https:\/\/www.tyroremotes.be\/fr\/wp-json\/wp\/v2\/product_brand?post=9667"},{"taxonomy":"product_cat","embeddable":true,"href":"https:\/\/www.tyroremotes.be\/fr\/wp-json\/wp\/v2\/product_cat?post=9667"},{"taxonomy":"product_tag","embeddable":true,"href":"https:\/\/www.tyroremotes.be\/fr\/wp-json\/wp\/v2\/product_tag?post=9667"}],"curies":[{"name":"wp","href":"https:\/\/api.w.org\/{rel}","templated":true}]}}