{"id":9666,"date":"2015-11-09T00:00:00","date_gmt":"2015-11-08T23:00:00","guid":{"rendered":"https:\/\/www.tyroremotes.be\/product\/assenbesturing\/"},"modified":"2018-09-17T12:39:18","modified_gmt":"2018-09-17T11:39:18","slug":"commande-de-essieux","status":"publish","type":"product","link":"https:\/\/www.tyroremotes.be\/fr\/produit\/commande-de-essieux\/","title":{"rendered":"Commande de essieux"},"content":{"rendered":"<h2>La commande des essieux: le meilleur pour les virages<\/h2>\n<p>Dans cette application, notre technologie est utilis\u00e9e pour la commande \u00e0 l&rsquo;aide de capteurs des essieux des v\u00e9hicules et pour l&rsquo;alignement automatique. Cela est principalement utilis\u00e9 pour les transports exceptionnels de 25 m\u00e8tres et plus.<\/p>\n<h2>Choix de diff\u00e9rentes commandes<\/h2>\n<p>On peut utiliser diff\u00e9rentes t\u00e9l\u00e9commandes Tyro. Tout d\u00e9pend si vous souhaitez commander plusieurs fonctions de la remorque, comme le r\u00e9glage de la hauteur ou le fonctionnement des rampes.<\/p>\n<h2>Rentabilit\u00e9<\/h2>\n<p>Auparavant, il \u00e9tait n\u00e9cessaire de retirer les panneaux de signalisation et les lampadaires pour pouvoir commander ces v\u00e9hicules sans risque de dommage dans les virages. Avec la commande des essieux de Tyro, le rayon de braquage est beaucoup plus petit. Il n&rsquo;est plus n\u00e9cessaire de prendre ces mesures.<\/p>\n<h2>Rapide et pr\u00e9cis<\/h2>\n<p>Une haute pr\u00e9cision et une r\u00e9ponse rapide sont extr\u00eamement importantes pour cette application. La diff\u00e9rence entre un temps de r\u00e9action d&rsquo;une demi-seconde et moins d&rsquo;une dixi\u00e8me de seconde, peut par exemple \u00e9viter de toucher un lampadaire lors des transports exceptionnels.<\/p>\n<h2>Approuv\u00e9 pour une utilisation sur les voies publiques<\/h2>\n<p>La s\u00e9curit\u00e9 compte \u00e9norm\u00e9ment dans cette application. Le syst\u00e8me doit \u00eatre s\u00fbr pour une utilisation sur les voies publiques, sans interf\u00e9rence de sources externes. C&rsquo;est pour cela que la certification europ\u00e9enne CEM-e2 est obligatoire. Toutes les t\u00e9l\u00e9commandes Tyro sont en possession de cette certification.<\/p>\n","protected":false},"excerpt":{"rendered":"<ul>\n<li>Commande sans fil des essieux des remorques<\/li>\n<li>Alignement automatique des essieux<\/li>\n<li>Commande proportionnelle possible<\/li>\n<li>Temps de r\u00e9action tr\u00e8s rapide\u00a0&lt; 100ms<\/li>\n<li>Standards de s\u00e9curit\u00e9 de haut niveau<\/li>\n<li>R\u00e9cepteur disponible avec un clavier et un \u00e9cran d&#039;affichage<\/li>\n<\/ul>\n","protected":false},"featured_media":8909,"comment_status":"closed","ping_status":"closed","template":"","meta":[],"product_brand":[],"product_cat":[276],"product_tag":[],"class_list":{"0":"post-9666","1":"product","2":"type-product","3":"status-publish","4":"has-post-thumbnail","6":"product_cat-produits-specifiques","8":"first","9":"instock","10":"shipping-taxable","11":"product-type-simple"},"yoast_head":"<!-- This site is optimized with the Yoast SEO plugin v27.5 - https:\/\/yoast.com\/product\/yoast-seo-wordpress\/ -->\n<title>Commande d&#039;axe pour les remorques de camions | Tyro Remotes<\/title>\n<meta name=\"description\" content=\"Notre technologie est utilis\u00e9e dans cette application pour commander les axes des v\u00e9hicules \u00e0 l&#039;aide des capteurs et pour l&#039;alignement automatique.\" \/>\n<meta name=\"robots\" content=\"index, follow, max-snippet:-1, max-image-preview:large, max-video-preview:-1\" \/>\n<link rel=\"canonical\" href=\"https:\/\/www.tyroremotes.be\/fr\/produit\/commande-de-essieux\/\" \/>\n<meta property=\"og:locale\" content=\"fr_FR\" \/>\n<meta property=\"og:type\" content=\"article\" \/>\n<meta property=\"og:title\" content=\"Commande d&#039;axe pour les remorques de camions | Tyro Remotes\" \/>\n<meta property=\"og:description\" content=\"Notre technologie est utilis\u00e9e dans cette application pour commander les axes des v\u00e9hicules \u00e0 l&#039;aide des capteurs et pour l&#039;alignement automatique.\" \/>\n<meta property=\"og:url\" content=\"https:\/\/www.tyroremotes.be\/fr\/produit\/commande-de-essieux\/\" \/>\n<meta property=\"og:site_name\" content=\"Tyro Remotes\" \/>\n<meta property=\"article:modified_time\" content=\"2018-09-17T11:39:18+00:00\" \/>\n<meta property=\"og:image\" content=\"https:\/\/www.tyroremotes.be\/wp-content\/uploads\/2015\/11\/2F.jpg\" \/>\n\t<meta property=\"og:image:width\" content=\"800\" \/>\n\t<meta property=\"og:image:height\" content=\"800\" \/>\n\t<meta property=\"og:image:type\" content=\"image\/jpeg\" \/>\n<meta name=\"twitter:card\" content=\"summary_large_image\" \/>\n<meta name=\"twitter:site\" content=\"@TyroRemotesNL\" \/>\n<meta name=\"twitter:label1\" content=\"Dur\u00e9e de lecture est.\" \/>\n\t<meta name=\"twitter:data1\" content=\"1 minute\" \/>\n<script type=\"application\/ld+json\" class=\"yoast-schema-graph\">{\"@context\":\"https:\\\/\\\/schema.org\",\"@graph\":[{\"@type\":\"WebPage\",\"@id\":\"https:\\\/\\\/www.tyroremotes.be\\\/fr\\\/produit\\\/commande-de-essieux\\\/\",\"url\":\"https:\\\/\\\/www.tyroremotes.be\\\/fr\\\/produit\\\/commande-de-essieux\\\/\",\"name\":\"Commande d'axe pour les remorques de camions | Tyro Remotes\",\"isPartOf\":{\"@id\":\"https:\\\/\\\/www.tyroremotes.be\\\/#website\"},\"primaryImageOfPage\":{\"@id\":\"https:\\\/\\\/www.tyroremotes.be\\\/fr\\\/produit\\\/commande-de-essieux\\\/#primaryimage\"},\"image\":{\"@id\":\"https:\\\/\\\/www.tyroremotes.be\\\/fr\\\/produit\\\/commande-de-essieux\\\/#primaryimage\"},\"thumbnailUrl\":\"https:\\\/\\\/www.tyroremotes.be\\\/wp-content\\\/uploads\\\/2015\\\/11\\\/2F.jpg\",\"datePublished\":\"2015-11-08T23:00:00+00:00\",\"dateModified\":\"2018-09-17T11:39:18+00:00\",\"description\":\"Notre technologie est utilis\u00e9e dans cette application pour commander les axes des v\u00e9hicules \u00e0 l'aide des capteurs et pour l'alignement automatique.\",\"breadcrumb\":{\"@id\":\"https:\\\/\\\/www.tyroremotes.be\\\/fr\\\/produit\\\/commande-de-essieux\\\/#breadcrumb\"},\"inLanguage\":\"fr-BE\",\"potentialAction\":[{\"@type\":\"ReadAction\",\"target\":[\"https:\\\/\\\/www.tyroremotes.be\\\/fr\\\/produit\\\/commande-de-essieux\\\/\"]}]},{\"@type\":\"ImageObject\",\"inLanguage\":\"fr-BE\",\"@id\":\"https:\\\/\\\/www.tyroremotes.be\\\/fr\\\/produit\\\/commande-de-essieux\\\/#primaryimage\",\"url\":\"https:\\\/\\\/www.tyroremotes.be\\\/wp-content\\\/uploads\\\/2015\\\/11\\\/2F.jpg\",\"contentUrl\":\"https:\\\/\\\/www.tyroremotes.be\\\/wp-content\\\/uploads\\\/2015\\\/11\\\/2F.jpg\",\"width\":800,\"height\":800},{\"@type\":\"BreadcrumbList\",\"@id\":\"https:\\\/\\\/www.tyroremotes.be\\\/fr\\\/produit\\\/commande-de-essieux\\\/#breadcrumb\",\"itemListElement\":[{\"@type\":\"ListItem\",\"position\":1,\"name\":\"Home\",\"item\":\"https:\\\/\\\/www.tyroremotes.be\\\/fr\\\/\"},{\"@type\":\"ListItem\",\"position\":2,\"name\":\"Winkel\",\"item\":\"https:\\\/\\\/www.tyroremotes.be\\\/winkel\\\/\"},{\"@type\":\"ListItem\",\"position\":3,\"name\":\"Produits sp\u00e9cifiques\",\"item\":\"https:\\\/\\\/www.tyroremotes.be\\\/fr\\\/pcat\\\/produits-specifiques\\\/\"},{\"@type\":\"ListItem\",\"position\":4,\"name\":\"Commande de essieux\"}]},{\"@type\":\"WebSite\",\"@id\":\"https:\\\/\\\/www.tyroremotes.be\\\/#website\",\"url\":\"https:\\\/\\\/www.tyroremotes.be\\\/\",\"name\":\"Tyro Remotes\",\"description\":\"\",\"potentialAction\":[{\"@type\":\"SearchAction\",\"target\":{\"@type\":\"EntryPoint\",\"urlTemplate\":\"https:\\\/\\\/www.tyroremotes.be\\\/?s={search_term_string}\"},\"query-input\":{\"@type\":\"PropertyValueSpecification\",\"valueRequired\":true,\"valueName\":\"search_term_string\"}}],\"inLanguage\":\"fr-BE\"}]}<\/script>\n<!-- \/ Yoast SEO plugin. -->","yoast_head_json":{"title":"Commande d'axe pour les remorques de camions | Tyro Remotes","description":"Notre technologie est utilis\u00e9e dans cette application pour commander les axes des v\u00e9hicules \u00e0 l'aide des capteurs et pour l'alignement automatique.","robots":{"index":"index","follow":"follow","max-snippet":"max-snippet:-1","max-image-preview":"max-image-preview:large","max-video-preview":"max-video-preview:-1"},"canonical":"https:\/\/www.tyroremotes.be\/fr\/produit\/commande-de-essieux\/","og_locale":"fr_FR","og_type":"article","og_title":"Commande d'axe pour les remorques de camions | Tyro Remotes","og_description":"Notre technologie est utilis\u00e9e dans cette application pour commander les axes des v\u00e9hicules \u00e0 l'aide des capteurs et pour l'alignement automatique.","og_url":"https:\/\/www.tyroremotes.be\/fr\/produit\/commande-de-essieux\/","og_site_name":"Tyro Remotes","article_modified_time":"2018-09-17T11:39:18+00:00","og_image":[{"width":800,"height":800,"url":"https:\/\/www.tyroremotes.be\/wp-content\/uploads\/2015\/11\/2F.jpg","type":"image\/jpeg"}],"twitter_card":"summary_large_image","twitter_site":"@TyroRemotesNL","twitter_misc":{"Dur\u00e9e de lecture est.":"1 minute"},"schema":{"@context":"https:\/\/schema.org","@graph":[{"@type":"WebPage","@id":"https:\/\/www.tyroremotes.be\/fr\/produit\/commande-de-essieux\/","url":"https:\/\/www.tyroremotes.be\/fr\/produit\/commande-de-essieux\/","name":"Commande d'axe pour les remorques de camions | Tyro Remotes","isPartOf":{"@id":"https:\/\/www.tyroremotes.be\/#website"},"primaryImageOfPage":{"@id":"https:\/\/www.tyroremotes.be\/fr\/produit\/commande-de-essieux\/#primaryimage"},"image":{"@id":"https:\/\/www.tyroremotes.be\/fr\/produit\/commande-de-essieux\/#primaryimage"},"thumbnailUrl":"https:\/\/www.tyroremotes.be\/wp-content\/uploads\/2015\/11\/2F.jpg","datePublished":"2015-11-08T23:00:00+00:00","dateModified":"2018-09-17T11:39:18+00:00","description":"Notre technologie est utilis\u00e9e dans cette application pour commander les axes des v\u00e9hicules \u00e0 l'aide des capteurs et pour l'alignement automatique.","breadcrumb":{"@id":"https:\/\/www.tyroremotes.be\/fr\/produit\/commande-de-essieux\/#breadcrumb"},"inLanguage":"fr-BE","potentialAction":[{"@type":"ReadAction","target":["https:\/\/www.tyroremotes.be\/fr\/produit\/commande-de-essieux\/"]}]},{"@type":"ImageObject","inLanguage":"fr-BE","@id":"https:\/\/www.tyroremotes.be\/fr\/produit\/commande-de-essieux\/#primaryimage","url":"https:\/\/www.tyroremotes.be\/wp-content\/uploads\/2015\/11\/2F.jpg","contentUrl":"https:\/\/www.tyroremotes.be\/wp-content\/uploads\/2015\/11\/2F.jpg","width":800,"height":800},{"@type":"BreadcrumbList","@id":"https:\/\/www.tyroremotes.be\/fr\/produit\/commande-de-essieux\/#breadcrumb","itemListElement":[{"@type":"ListItem","position":1,"name":"Home","item":"https:\/\/www.tyroremotes.be\/fr\/"},{"@type":"ListItem","position":2,"name":"Winkel","item":"https:\/\/www.tyroremotes.be\/winkel\/"},{"@type":"ListItem","position":3,"name":"Produits sp\u00e9cifiques","item":"https:\/\/www.tyroremotes.be\/fr\/pcat\/produits-specifiques\/"},{"@type":"ListItem","position":4,"name":"Commande de essieux"}]},{"@type":"WebSite","@id":"https:\/\/www.tyroremotes.be\/#website","url":"https:\/\/www.tyroremotes.be\/","name":"Tyro Remotes","description":"","potentialAction":[{"@type":"SearchAction","target":{"@type":"EntryPoint","urlTemplate":"https:\/\/www.tyroremotes.be\/?s={search_term_string}"},"query-input":{"@type":"PropertyValueSpecification","valueRequired":true,"valueName":"search_term_string"}}],"inLanguage":"fr-BE"}]}},"_links":{"self":[{"href":"https:\/\/www.tyroremotes.be\/fr\/wp-json\/wp\/v2\/product\/9666","targetHints":{"allow":["GET"]}}],"collection":[{"href":"https:\/\/www.tyroremotes.be\/fr\/wp-json\/wp\/v2\/product"}],"about":[{"href":"https:\/\/www.tyroremotes.be\/fr\/wp-json\/wp\/v2\/types\/product"}],"replies":[{"embeddable":true,"href":"https:\/\/www.tyroremotes.be\/fr\/wp-json\/wp\/v2\/comments?post=9666"}],"wp:featuredmedia":[{"embeddable":true,"href":"https:\/\/www.tyroremotes.be\/fr\/wp-json\/wp\/v2\/media\/8909"}],"wp:attachment":[{"href":"https:\/\/www.tyroremotes.be\/fr\/wp-json\/wp\/v2\/media?parent=9666"}],"wp:term":[{"taxonomy":"product_brand","embeddable":true,"href":"https:\/\/www.tyroremotes.be\/fr\/wp-json\/wp\/v2\/product_brand?post=9666"},{"taxonomy":"product_cat","embeddable":true,"href":"https:\/\/www.tyroremotes.be\/fr\/wp-json\/wp\/v2\/product_cat?post=9666"},{"taxonomy":"product_tag","embeddable":true,"href":"https:\/\/www.tyroremotes.be\/fr\/wp-json\/wp\/v2\/product_tag?post=9666"}],"curies":[{"name":"wp","href":"https:\/\/api.w.org\/{rel}","templated":true}]}}