{"id":9665,"date":"2015-10-20T00:00:00","date_gmt":"2015-10-19T23:00:00","guid":{"rendered":"https:\/\/www.tyroremotes.be\/product\/gemini-noodstop-ontvanger\/"},"modified":"2023-01-31T17:17:01","modified_gmt":"2023-01-31T16:17:01","slug":"recepteur-gemini-1s","status":"publish","type":"product","link":"https:\/\/www.tyroremotes.be\/fr\/produit\/recepteur-gemini-1s\/","title":{"rendered":"Gemini 1s"},"content":{"rendered":"<h2>Con\u00e7u pour un maximum de s\u00e9curit\u00e9<\/h2>\n<p>Le r\u00e9cepteur Tyro Gemini a sp\u00e9cialement \u00e9t\u00e9 d\u00e9velopp\u00e9 pour recevoir et commuter les signaux d\u2019arr\u00eat de l\u2019\u00e9metteur manuel Indus. Conjointement, ils constituent <a href=\"https:\/\/www.tyroremotes.be\/fr\/produit\/indus-1s-arret-durgence-sans-fil\">le syst\u00e8me coup de poing sans fil Indus<\/a> \/ Gemini 1S.<br \/>\n<span class=\"scroll-to\" data-label=\"Scroll to: #productsheet\" data-bullet=\"false\" data-link=\"#productsheet\" data-title=\"Change this\" ><a name=\"productsheet\"><\/a><\/span>\r\n\r\n\t<section class=\"section\" id=\"section_653790278\">\n\t\t<div class=\"bg section-bg fill bg-fill bg-loaded bg-loaded\" >\n\n\t\t\t\n\t\t\t\n\t\t\t\n\n\t\t<\/div>\n\n\t\t\n\n\t\t<div class=\"section-content relative\">\n\t\t\t\r\n\r\n<div class=\"row align-center\"  id=\"row-125774864\">\r\n\r\n\n\t<div id=\"col-623794115\" class=\"col medium-8 small-12 large-8\"  >\n\t\t\t\t<div class=\"col-inner\"  >\n\t\t\t\n\t\t\t\r\n\t<div id=\"gap-325141792\" class=\"gap-element clearfix\" style=\"display:block; height:auto;\">\n\t\t\n<style>\n#gap-325141792 {\n  padding-top: 30px;\n}\n<\/style>\n\t<\/div>\n\t\r\n<h3>Recevoir la fiche produit directement par e-mail<\/h3>\r\n\n<div class=\"wpcf7 no-js\" id=\"wpcf7-f11233-o1\" lang=\"nl-NL\" dir=\"ltr\" data-wpcf7-id=\"11233\">\n<div class=\"screen-reader-response\"><p role=\"status\" aria-live=\"polite\" aria-atomic=\"true\"><\/p> <ul><\/ul><\/div>\n<form action=\"\/fr\/wp-json\/wp\/v2\/product\/9665#wpcf7-f11233-o1\" method=\"post\" class=\"wpcf7-form init wpcf7-acceptance-as-validation\" aria-label=\"Contactformulier\" novalidate=\"novalidate\" data-status=\"init\">\n<fieldset class=\"hidden-fields-container\"><input type=\"hidden\" name=\"_wpcf7\" value=\"11233\" \/><input type=\"hidden\" name=\"_wpcf7_version\" value=\"6.1.5\" \/><input type=\"hidden\" name=\"_wpcf7_locale\" value=\"nl_NL\" \/><input type=\"hidden\" name=\"_wpcf7_unit_tag\" value=\"wpcf7-f11233-o1\" \/><input type=\"hidden\" name=\"_wpcf7_container_post\" value=\"0\" \/><input type=\"hidden\" name=\"_wpcf7_posted_data_hash\" value=\"\" \/><input type=\"hidden\" name=\"_wpcf7_recaptcha_response\" value=\"\" \/>\n<\/fieldset>\n<p><div class=\"row\"  id=\"row-1901332401\"><br \/>\n\n\t<div id=\"col-1582494577\" class=\"col medium-6 small-12 large-6\"  >\n\t\t\t\t<div class=\"col-inner\"  >\n\t\t\t\n\t\t\t<br \/>\n<label> Pr\u00e9nom <span class=\"obligated\">*<\/span><br \/>\n<span class=\"wpcf7-form-control-wrap\" data-name=\"firstname\"><input size=\"40\" maxlength=\"400\" class=\"wpcf7-form-control wpcf7-text wpcf7-validates-as-required\" aria-required=\"true\" aria-invalid=\"false\" value=\"\" type=\"text\" name=\"firstname\" \/><\/span> <\/label><br \/>\n\t\t<\/div>\n\t\t\t\t\t<\/div>\n\n\t<br \/>\n\n\t<div id=\"col-1653695506\" class=\"col medium-6 small-12 large-6\"  >\n\t\t\t\t<div class=\"col-inner\"  >\n\t\t\t\n\t\t\t<br \/>\n<label> Nom de famille <span class=\"obligated\">*<\/span><br \/>\n<span class=\"wpcf7-form-control-wrap\" data-name=\"lastname\"><input size=\"40\" maxlength=\"400\" class=\"wpcf7-form-control wpcf7-text wpcf7-validates-as-required\" aria-required=\"true\" aria-invalid=\"false\" value=\"\" type=\"text\" name=\"lastname\" \/><\/span> <\/label><br \/>\n\t\t<\/div>\n\t\t\t\t\t<\/div>\n\n\t<br \/>\n\n\t<div id=\"col-528315311\" class=\"col medium-12 small-12 large-12\"  >\n\t\t\t\t<div class=\"col-inner\"  >\n\t\t\t\n\t\t\t\n<\/p>\n<p><label> E-mail <span class=\"obligated\">*<\/span><br \/>\n<span class=\"wpcf7-form-control-wrap\" data-name=\"be_fr_email\"><input size=\"40\" maxlength=\"400\" class=\"wpcf7-form-control wpcf7-email wpcf7-validates-as-required wpcf7-text wpcf7-validates-as-email\" aria-required=\"true\" aria-invalid=\"false\" value=\"\" type=\"email\" name=\"be_fr_email\" \/><\/span> <\/label>\n<\/p>\n<p><label> N\u00famero de t\u00e9l\u00e9phone<br \/>\n<span class=\"wpcf7-form-control-wrap\" data-name=\"phone\"><input size=\"40\" maxlength=\"400\" class=\"wpcf7-form-control wpcf7-text\" aria-invalid=\"false\" value=\"\" type=\"text\" name=\"phone\" \/><\/span> <\/label>\n<\/p>\n<p><label> Privacy <span class=\"obligated\">*<\/span><\/label><br \/>\n<span class=\"wpcf7-form-control-wrap\" data-name=\"privacy\"><span class=\"wpcf7-form-control wpcf7-acceptance\"><span class=\"wpcf7-list-item\"><label><input type=\"checkbox\" name=\"privacy\" value=\"1\" aria-invalid=\"false\" \/><span class=\"wpcf7-list-item-label\">En utilisant ce formulaire, vous acceptez notre <a target=\"_blank\" href=\"https:\/\/www.tyroremotes.be\/fr\/declaration-de-confidentialite\/\">d\u00e9claration de confidentialit\u00e9<\/a>.<\/span><\/label><\/span><\/span><\/span>\n<\/p>\n<p>\t<div id=\"gap-2095973842\" class=\"gap-element clearfix\" style=\"display:block; height:auto;\">\n\t\t\n<style>\n#gap-2095973842 {\n  padding-top: 30px;\n}\n<\/style>\n\t<\/div>\n\t<br \/>\n<input class=\"wpcf7-form-control wpcf7-submit has-spinner\" type=\"submit\" value=\"Recevoir la fiche produit\" \/><br \/>\n<input type=\"read-only\" class=\"current_url\" readonly name=\"source\" value=\"https:\/\/www.tyroremotes.be\/fr\/wp-json\/wp\/v2\/product\/9665\/\" \/><br \/>\n\t\t<\/div>\n\t\t\t\t\t<\/div>\n\n\t<br \/>\n<\/div>\n<\/p><div class=\"wpcf7-response-output\" aria-hidden=\"true\"><\/div>\n<\/form>\n<\/div>\n\t\t<\/div>\n\t\t\t\t\t<\/div>\n\n\t\r\n\r\n\n<style>\n#row-125774864 > .col > .col-inner {\n  padding: 20px 20px 20px 20px;\n}\n<\/style>\n<\/div>\r\n\r\n\t\t<\/div>\n\n\t\t\n<style>\n#section_653790278 {\n  padding-top: 30px;\n  padding-bottom: 30px;\n  background-color: rgb(218, 218, 218);\n}\n<\/style>\n\t<\/section>\n\t\r\n\t<div id=\"gap-733579794\" class=\"gap-element clearfix\" style=\"display:block; height:auto;\">\n\t\t\n<style>\n#gap-733579794 {\n  padding-top: 30px;\n}\n<\/style>\n\t<\/div>\n\t\n<h2>Fonctionnement du syst\u00e8me<\/h2>\n<p>Le r\u00e9cepteur Gemini poss\u00e8de 2 relais de s\u00e9curit\u00e9 redondants \u00e0 des contacts guid\u00e9s. Tant que l\u2019\u00e9metteur Indus est actif et qu\u2019il n\u2019est pas hors de port\u00e9e du r\u00e9cepteur Gemini, ces relais sont activ\u00e9s. En appuyant sur le bouton poussoir coup de poing, les relais se d\u00e9branchent et l\u2019application en cours est imm\u00e9diatement interrompue.<\/p>\n<h2>Relais de s\u00e9curit\u00e9 redondants, s\u00e9curit\u00e9 hors de port\u00e9e &amp; d\u00e9tection d\u2019erreurs<\/h2>\n<p>L\u2019\u00e9tat des relais dans le r\u00e9cepteur Gemini est constamment surveill\u00e9. Lorsqu\u2019un d\u00e9r\u00e8glement se produit \u2013 comme c\u2019est par exemple le cas lorsqu\u2019un relais ne commute pas ou reste coll\u00e9 dans le r\u00e9cepteur Gemini, le 2e relais redondant est directement d\u00e9sactiv\u00e9, assurant \u00e0 tout moment la s\u00e9curit\u00e9 de fonctionnement du syst\u00e8me. Pour \u00e9viter les situations potentiellement dangereuses, les relais dans le Gemini sont aussi directement d\u00e9sactiv\u00e9s d\u00e8s qu\u2019\u00e9metteur et r\u00e9cepteur se trouvent hors de port\u00e9e l\u2019un de l\u2019autre.<\/p>\n<h2>Facile \u00e0 connecter<\/h2>\n<p>Le r\u00e9cepteur Gemini se connecte facilement en s\u00e9rie au circuit d\u2019arr\u00eat d\u2019urgence existant ou \u00e0 l\u2019API de s\u00e9curit\u00e9. Avec un c\u00e2ble de rallonge, l\u2019antenne SMA du Gemini peut \u00eatre positionn\u00e9e de fa\u00e7on optimale, permettant d\u2019avoir une port\u00e9e jusqu\u2019\u00e0 700m. Le r\u00e9cepteur Gemini est particuli\u00e8rement adapt\u00e9 aux situations o\u00f9 les conditions ambiantes peuvent att\u00e9nuer, absorber ou refl\u00e9ter les signaux radiographiques, tels que des immeubles d\u2019acier, de b\u00e9ton et de verre.<\/p>\n<h2>Variantes<\/h2>\n<p>Le r\u00e9cepteur Tyro Gemini est mont\u00e9 dans un bo\u00eetier robuste 100% \u00e9tanche \u00e0 l\u2019eau (IP65) et existe dans 2 mod\u00e8les: le Gemini 12\/24 Vdc et le Gemini 230 Vac (tension d\u2019alimentation).<\/p>\n","protected":false},"excerpt":{"rendered":"<div class=\"row row-small align-equal align-center\"  id=\"row-737072012\">\n\t<div id=\"col-1863284565\" class=\"col medium-3 small-3 large-3\"  >\n\t\t\t\t<div class=\"col-inner\"  >\n\t\t\t\n\t\t\t<a title=\"Download la fiche produit\" href=\"#productsheet\"><img decoding=\"async\" src=\"https:\/\/www.tyroremotes.fr\/wp-content\/uploads\/2016\/11\/download-pdf.png\" \/><\/a>\t\t<\/div>\n\t\t\t\t\t<\/div>\n\n\t\n\t<div id=\"col-240101430\" class=\"col medium-3 small-3 large-3\"  >\n\t\t\t\t<div class=\"col-inner\"  >\n\t\t\t\n\t\t\t\t\t<\/div>\n\t\t\t\t\t<\/div>\n\n\t\n\t<div id=\"col-336890023\" class=\"col medium-3 small-3 large-3\"  >\n\t\t\t\t<div class=\"col-inner\"  >\n\t\t\t\n\t\t\t<a href=\"https:\/\/www.tyroremotes.fr\/support\/videos-de-programmation\/programmation-indus-gemini-arret-durgence\"><img decoding=\"async\" class=\"alignnone size-full wp-image-5588\" src=\"https:\/\/www.tyroremotes.fr\/wp-content\/uploads\/2016\/11\/watch-tutorial.png\" alt=\"icon video\" width=\"58\" height=\"58\" \/><\/a>\t\t<\/div>\n\t\t\t\t\t<\/div>\n\n\t\n\t<div id=\"col-2074492429\" class=\"col medium-3 small-3 large-3\"  >\n\t\t\t\t<div class=\"col-inner\"  >\n\t\t\t\n\t\t\t<a href=\"#madeineu\"><img decoding=\"async\" src=\"https:\/\/www.tyroremotes.be\/wp-content\/uploads\/2018\/10\/made-in-eu-icon-fr.png\" \/><\/a>\r\n\t<div id=\"madeineu\"\n\t     class=\"lightbox-by-id lightbox-content mfp-hide lightbox-white \"\n\t     style=\"max-width:700px ;padding:20px\">\n\t\t\r\n<div class=\"row row-collapse row-full-width align-middle\"  id=\"row-1289269564\">\r\n\r\n\n\t<div id=\"col-1160734313\" class=\"col medium-7 small-12 large-7\"  >\n\t\t\t\t<div class=\"col-inner text-left\"  >\n\t\t\t\n\t\t\t\r\n\r\n<img decoding=\"async\" src=\"https:\/\/www.tyroremotes.be\/wp-content\/uploads\/2015\/10\/made-in-eu-icon.png\" \/>\r\n\r\n\t\t<\/div>\n\t\t\t\t\n<style>\n#col-1160734313 > .col-inner {\n  max-width: 520px;\n}\n<\/style>\n\t<\/div>\n\n\t\r\n\n\t<div id=\"col-889000658\" class=\"col medium-5 small-12 large-5\"  >\n\t\t\t\t<div class=\"col-inner\"  >\n\t\t\t\n\t\t\t\r\n\r\n<h5 class=\"uppercase\">Fabriqu\u00e9 en Europe<\/h5><p>Toutes nos radiocommandes et  nos r\u00e9cepteurs sont con\u00e7us, d\u00e9velopp\u00e9s et produits en Europe.<\/p>\r\n\r\n\t\t<\/div>\n\t\t\t\t\t<\/div>\n\n\t\r\n<\/div>\r\n\t<\/div>\n\t\n\t\r\n\t\t<\/div>\n\t\t\t\t\t<\/div>\n\n\t<\/div>\n<ul>\n<li>Niveau de performance: EN-ISO 13849-1 (PLC)<\/li>\n<li>Temp\u00e9rature: -40 \u00b0C \u00e0 +85 \u00b0C<\/li>\n<li>Relais de s\u00e9curit\u00e9 double avec contacts \u00e0 guidage forc\u00e9<\/li>\n<li>Bande \u00e9troite 868 MHz<\/li>\n<li>L&rsquo;\u00e9metteur\/r\u00e9cepteur avec une cl\u00e9 de cryptage unique de 64-bits<\/li>\n<\/ul>\n","protected":false},"featured_media":9291,"comment_status":"closed","ping_status":"closed","template":"","meta":[],"product_brand":[],"product_cat":[277],"product_tag":[],"class_list":{"0":"post-9665","1":"product","2":"type-product","3":"status-publish","4":"has-post-thumbnail","6":"product_cat-recepteur-de-radio","8":"first","9":"instock","10":"shipping-taxable","11":"product-type-simple"},"yoast_head":"<!-- This site is optimized with the Yoast SEO plugin v27.5 - https:\/\/yoast.com\/product\/yoast-seo-wordpress\/ -->\n<title>R\u00e9cepteur Gemini 1S | Tyro Remotes<\/title>\n<meta name=\"description\" content=\"Faisant parti du syst\u00e8me coup de poing sans fil Indus\/Gemini 1S, le r\u00e9cepteur Gemini poss\u00e8de 2 relais de s\u00e9curit\u00e9 redondants, se connecte en s\u00e9rie au circuit d\u2019arr\u00eat d\u2019urgence existant ou \u00e0 l\u2019API de s\u00e9curit\u00e9. Bo\u00eetier robuste 100% \u00e9tanche \u00e0 l\u2019eau (IP65). Existant dans 2 mod\u00e8les: le Gemini 12\/24 Vdc et le Gemini 230 Vac.\" \/>\n<meta name=\"robots\" content=\"index, follow, max-snippet:-1, max-image-preview:large, max-video-preview:-1\" \/>\n<link rel=\"canonical\" href=\"https:\/\/www.tyroremotes.be\/fr\/produit\/recepteur-gemini-1s\/\" \/>\n<meta property=\"og:locale\" content=\"fr_FR\" \/>\n<meta property=\"og:type\" content=\"article\" \/>\n<meta property=\"og:title\" content=\"R\u00e9cepteur Gemini 1S | Tyro Remotes\" \/>\n<meta property=\"og:description\" content=\"Faisant parti du syst\u00e8me coup de poing sans fil Indus\/Gemini 1S, le r\u00e9cepteur Gemini poss\u00e8de 2 relais de s\u00e9curit\u00e9 redondants, se connecte en s\u00e9rie au circuit d\u2019arr\u00eat d\u2019urgence existant ou \u00e0 l\u2019API de s\u00e9curit\u00e9. Bo\u00eetier robuste 100% \u00e9tanche \u00e0 l\u2019eau (IP65). Existant dans 2 mod\u00e8les: le Gemini 12\/24 Vdc et le Gemini 230 Vac.\" \/>\n<meta property=\"og:url\" content=\"https:\/\/www.tyroremotes.be\/fr\/produit\/recepteur-gemini-1s\/\" \/>\n<meta property=\"og:site_name\" content=\"Tyro Remotes\" \/>\n<meta property=\"article:modified_time\" content=\"2023-01-31T16:17:01+00:00\" \/>\n<meta property=\"og:image\" content=\"https:\/\/www.tyroremotes.be\/wp-content\/uploads\/2015\/10\/gemini-web-1s.jpg\" \/>\n\t<meta property=\"og:image:width\" content=\"800\" \/>\n\t<meta property=\"og:image:height\" content=\"800\" \/>\n\t<meta property=\"og:image:type\" content=\"image\/jpeg\" \/>\n<meta name=\"twitter:card\" content=\"summary_large_image\" \/>\n<meta name=\"twitter:site\" content=\"@TyroRemotesNL\" \/>\n<meta name=\"twitter:label1\" content=\"Dur\u00e9e de lecture est.\" \/>\n\t<meta name=\"twitter:data1\" content=\"2 minutes\" \/>\n<script type=\"application\/ld+json\" class=\"yoast-schema-graph\">{\"@context\":\"https:\\\/\\\/schema.org\",\"@graph\":[{\"@type\":\"WebPage\",\"@id\":\"https:\\\/\\\/www.tyroremotes.be\\\/fr\\\/produit\\\/recepteur-gemini-1s\\\/\",\"url\":\"https:\\\/\\\/www.tyroremotes.be\\\/fr\\\/produit\\\/recepteur-gemini-1s\\\/\",\"name\":\"R\u00e9cepteur Gemini 1S | Tyro Remotes\",\"isPartOf\":{\"@id\":\"https:\\\/\\\/www.tyroremotes.be\\\/#website\"},\"primaryImageOfPage\":{\"@id\":\"https:\\\/\\\/www.tyroremotes.be\\\/fr\\\/produit\\\/recepteur-gemini-1s\\\/#primaryimage\"},\"image\":{\"@id\":\"https:\\\/\\\/www.tyroremotes.be\\\/fr\\\/produit\\\/recepteur-gemini-1s\\\/#primaryimage\"},\"thumbnailUrl\":\"https:\\\/\\\/www.tyroremotes.be\\\/wp-content\\\/uploads\\\/2015\\\/10\\\/gemini-web-1s.jpg\",\"datePublished\":\"2015-10-19T23:00:00+00:00\",\"dateModified\":\"2023-01-31T16:17:01+00:00\",\"description\":\"Faisant parti du syst\u00e8me coup de poing sans fil Indus\\\/Gemini 1S, le r\u00e9cepteur Gemini poss\u00e8de 2 relais de s\u00e9curit\u00e9 redondants, se connecte en s\u00e9rie au circuit d\u2019arr\u00eat d\u2019urgence existant ou \u00e0 l\u2019API de s\u00e9curit\u00e9. Bo\u00eetier robuste 100% \u00e9tanche \u00e0 l\u2019eau (IP65). Existant dans 2 mod\u00e8les: le Gemini 12\\\/24 Vdc et le Gemini 230 Vac.\",\"breadcrumb\":{\"@id\":\"https:\\\/\\\/www.tyroremotes.be\\\/fr\\\/produit\\\/recepteur-gemini-1s\\\/#breadcrumb\"},\"inLanguage\":\"fr-BE\",\"potentialAction\":[{\"@type\":\"ReadAction\",\"target\":[\"https:\\\/\\\/www.tyroremotes.be\\\/fr\\\/produit\\\/recepteur-gemini-1s\\\/\"]}]},{\"@type\":\"ImageObject\",\"inLanguage\":\"fr-BE\",\"@id\":\"https:\\\/\\\/www.tyroremotes.be\\\/fr\\\/produit\\\/recepteur-gemini-1s\\\/#primaryimage\",\"url\":\"https:\\\/\\\/www.tyroremotes.be\\\/wp-content\\\/uploads\\\/2015\\\/10\\\/gemini-web-1s.jpg\",\"contentUrl\":\"https:\\\/\\\/www.tyroremotes.be\\\/wp-content\\\/uploads\\\/2015\\\/10\\\/gemini-web-1s.jpg\",\"width\":800,\"height\":800},{\"@type\":\"BreadcrumbList\",\"@id\":\"https:\\\/\\\/www.tyroremotes.be\\\/fr\\\/produit\\\/recepteur-gemini-1s\\\/#breadcrumb\",\"itemListElement\":[{\"@type\":\"ListItem\",\"position\":1,\"name\":\"Home\",\"item\":\"https:\\\/\\\/www.tyroremotes.be\\\/fr\\\/\"},{\"@type\":\"ListItem\",\"position\":2,\"name\":\"Winkel\",\"item\":\"https:\\\/\\\/www.tyroremotes.be\\\/winkel\\\/\"},{\"@type\":\"ListItem\",\"position\":3,\"name\":\"R\u00e9cepteurs\",\"item\":\"https:\\\/\\\/www.tyroremotes.be\\\/fr\\\/pcat\\\/recepteur-de-radio\\\/\"},{\"@type\":\"ListItem\",\"position\":4,\"name\":\"Gemini 1s\"}]},{\"@type\":\"WebSite\",\"@id\":\"https:\\\/\\\/www.tyroremotes.be\\\/#website\",\"url\":\"https:\\\/\\\/www.tyroremotes.be\\\/\",\"name\":\"Tyro Remotes\",\"description\":\"\",\"potentialAction\":[{\"@type\":\"SearchAction\",\"target\":{\"@type\":\"EntryPoint\",\"urlTemplate\":\"https:\\\/\\\/www.tyroremotes.be\\\/?s={search_term_string}\"},\"query-input\":{\"@type\":\"PropertyValueSpecification\",\"valueRequired\":true,\"valueName\":\"search_term_string\"}}],\"inLanguage\":\"fr-BE\"}]}<\/script>\n<!-- \/ Yoast SEO plugin. -->","yoast_head_json":{"title":"R\u00e9cepteur Gemini 1S | Tyro Remotes","description":"Faisant parti du syst\u00e8me coup de poing sans fil Indus\/Gemini 1S, le r\u00e9cepteur Gemini poss\u00e8de 2 relais de s\u00e9curit\u00e9 redondants, se connecte en s\u00e9rie au circuit d\u2019arr\u00eat d\u2019urgence existant ou \u00e0 l\u2019API de s\u00e9curit\u00e9. Bo\u00eetier robuste 100% \u00e9tanche \u00e0 l\u2019eau (IP65). Existant dans 2 mod\u00e8les: le Gemini 12\/24 Vdc et le Gemini 230 Vac.","robots":{"index":"index","follow":"follow","max-snippet":"max-snippet:-1","max-image-preview":"max-image-preview:large","max-video-preview":"max-video-preview:-1"},"canonical":"https:\/\/www.tyroremotes.be\/fr\/produit\/recepteur-gemini-1s\/","og_locale":"fr_FR","og_type":"article","og_title":"R\u00e9cepteur Gemini 1S | Tyro Remotes","og_description":"Faisant parti du syst\u00e8me coup de poing sans fil Indus\/Gemini 1S, le r\u00e9cepteur Gemini poss\u00e8de 2 relais de s\u00e9curit\u00e9 redondants, se connecte en s\u00e9rie au circuit d\u2019arr\u00eat d\u2019urgence existant ou \u00e0 l\u2019API de s\u00e9curit\u00e9. Bo\u00eetier robuste 100% \u00e9tanche \u00e0 l\u2019eau (IP65). Existant dans 2 mod\u00e8les: le Gemini 12\/24 Vdc et le Gemini 230 Vac.","og_url":"https:\/\/www.tyroremotes.be\/fr\/produit\/recepteur-gemini-1s\/","og_site_name":"Tyro Remotes","article_modified_time":"2023-01-31T16:17:01+00:00","og_image":[{"width":800,"height":800,"url":"https:\/\/www.tyroremotes.be\/wp-content\/uploads\/2015\/10\/gemini-web-1s.jpg","type":"image\/jpeg"}],"twitter_card":"summary_large_image","twitter_site":"@TyroRemotesNL","twitter_misc":{"Dur\u00e9e de lecture est.":"2 minutes"},"schema":{"@context":"https:\/\/schema.org","@graph":[{"@type":"WebPage","@id":"https:\/\/www.tyroremotes.be\/fr\/produit\/recepteur-gemini-1s\/","url":"https:\/\/www.tyroremotes.be\/fr\/produit\/recepteur-gemini-1s\/","name":"R\u00e9cepteur Gemini 1S | Tyro Remotes","isPartOf":{"@id":"https:\/\/www.tyroremotes.be\/#website"},"primaryImageOfPage":{"@id":"https:\/\/www.tyroremotes.be\/fr\/produit\/recepteur-gemini-1s\/#primaryimage"},"image":{"@id":"https:\/\/www.tyroremotes.be\/fr\/produit\/recepteur-gemini-1s\/#primaryimage"},"thumbnailUrl":"https:\/\/www.tyroremotes.be\/wp-content\/uploads\/2015\/10\/gemini-web-1s.jpg","datePublished":"2015-10-19T23:00:00+00:00","dateModified":"2023-01-31T16:17:01+00:00","description":"Faisant parti du syst\u00e8me coup de poing sans fil Indus\/Gemini 1S, le r\u00e9cepteur Gemini poss\u00e8de 2 relais de s\u00e9curit\u00e9 redondants, se connecte en s\u00e9rie au circuit d\u2019arr\u00eat d\u2019urgence existant ou \u00e0 l\u2019API de s\u00e9curit\u00e9. Bo\u00eetier robuste 100% \u00e9tanche \u00e0 l\u2019eau (IP65). Existant dans 2 mod\u00e8les: le Gemini 12\/24 Vdc et le Gemini 230 Vac.","breadcrumb":{"@id":"https:\/\/www.tyroremotes.be\/fr\/produit\/recepteur-gemini-1s\/#breadcrumb"},"inLanguage":"fr-BE","potentialAction":[{"@type":"ReadAction","target":["https:\/\/www.tyroremotes.be\/fr\/produit\/recepteur-gemini-1s\/"]}]},{"@type":"ImageObject","inLanguage":"fr-BE","@id":"https:\/\/www.tyroremotes.be\/fr\/produit\/recepteur-gemini-1s\/#primaryimage","url":"https:\/\/www.tyroremotes.be\/wp-content\/uploads\/2015\/10\/gemini-web-1s.jpg","contentUrl":"https:\/\/www.tyroremotes.be\/wp-content\/uploads\/2015\/10\/gemini-web-1s.jpg","width":800,"height":800},{"@type":"BreadcrumbList","@id":"https:\/\/www.tyroremotes.be\/fr\/produit\/recepteur-gemini-1s\/#breadcrumb","itemListElement":[{"@type":"ListItem","position":1,"name":"Home","item":"https:\/\/www.tyroremotes.be\/fr\/"},{"@type":"ListItem","position":2,"name":"Winkel","item":"https:\/\/www.tyroremotes.be\/winkel\/"},{"@type":"ListItem","position":3,"name":"R\u00e9cepteurs","item":"https:\/\/www.tyroremotes.be\/fr\/pcat\/recepteur-de-radio\/"},{"@type":"ListItem","position":4,"name":"Gemini 1s"}]},{"@type":"WebSite","@id":"https:\/\/www.tyroremotes.be\/#website","url":"https:\/\/www.tyroremotes.be\/","name":"Tyro Remotes","description":"","potentialAction":[{"@type":"SearchAction","target":{"@type":"EntryPoint","urlTemplate":"https:\/\/www.tyroremotes.be\/?s={search_term_string}"},"query-input":{"@type":"PropertyValueSpecification","valueRequired":true,"valueName":"search_term_string"}}],"inLanguage":"fr-BE"}]}},"_links":{"self":[{"href":"https:\/\/www.tyroremotes.be\/fr\/wp-json\/wp\/v2\/product\/9665","targetHints":{"allow":["GET"]}}],"collection":[{"href":"https:\/\/www.tyroremotes.be\/fr\/wp-json\/wp\/v2\/product"}],"about":[{"href":"https:\/\/www.tyroremotes.be\/fr\/wp-json\/wp\/v2\/types\/product"}],"replies":[{"embeddable":true,"href":"https:\/\/www.tyroremotes.be\/fr\/wp-json\/wp\/v2\/comments?post=9665"}],"wp:featuredmedia":[{"embeddable":true,"href":"https:\/\/www.tyroremotes.be\/fr\/wp-json\/wp\/v2\/media\/9291"}],"wp:attachment":[{"href":"https:\/\/www.tyroremotes.be\/fr\/wp-json\/wp\/v2\/media?parent=9665"}],"wp:term":[{"taxonomy":"product_brand","embeddable":true,"href":"https:\/\/www.tyroremotes.be\/fr\/wp-json\/wp\/v2\/product_brand?post=9665"},{"taxonomy":"product_cat","embeddable":true,"href":"https:\/\/www.tyroremotes.be\/fr\/wp-json\/wp\/v2\/product_cat?post=9665"},{"taxonomy":"product_tag","embeddable":true,"href":"https:\/\/www.tyroremotes.be\/fr\/wp-json\/wp\/v2\/product_tag?post=9665"}],"curies":[{"name":"wp","href":"https:\/\/api.w.org\/{rel}","templated":true}]}}