{"id":9663,"date":"2015-10-20T00:00:00","date_gmt":"2015-10-19T23:00:00","guid":{"rendered":"https:\/\/www.tyroremotes.be\/product\/aquarius-delta\/"},"modified":"2020-04-21T11:34:49","modified_gmt":"2020-04-21T10:34:49","slug":"aquarius-delta","status":"publish","type":"product","link":"https:\/\/www.tyroremotes.be\/fr\/produit\/aquarius-delta\/","title":{"rendered":"Aquarius Delta"},"content":{"rendered":"<h2>Aquarius Delta: solide et \u00e9tanche<\/h2>\n<p>Le populaire Aquarius Delta &#8211; anciennement appel\u00e9 Aquarius Forestier, est un r\u00e9cepteur industriel robuste et fiable qui r\u00e9siste aux conditions difficiles du secteur forestier. Il poss\u00e8de deux sorties relais de plus que le r\u00e9cepteur Aquarius standard. Il est particuli\u00e8rement adapt\u00e9 pour les \u00e9metteurs Fornax Delta et Fornax Delta Safe.<br \/>\n<span class=\"scroll-to\" data-label=\"Scroll to: #productsheet\" data-bullet=\"false\" data-link=\"#productsheet\" data-title=\"Change this\" ><a name=\"productsheet\"><\/a><\/span>\r\n\r\n\t<section class=\"section\" id=\"section_1018047186\">\n\t\t<div class=\"bg section-bg fill bg-fill bg-loaded bg-loaded\" >\n\n\t\t\t\n\t\t\t\n\t\t\t\n\n\t\t<\/div>\n\n\t\t\n\n\t\t<div class=\"section-content relative\">\n\t\t\t\r\n\r\n<div class=\"row align-center\"  id=\"row-40279693\">\r\n\r\n\n\t<div id=\"col-1213492610\" class=\"col medium-8 small-12 large-8\"  >\n\t\t\t\t<div class=\"col-inner\"  >\n\t\t\t\n\t\t\t\r\n\t<div id=\"gap-722192645\" class=\"gap-element clearfix\" style=\"display:block; height:auto;\">\n\t\t\n<style>\n#gap-722192645 {\n  padding-top: 30px;\n}\n<\/style>\n\t<\/div>\n\t\r\n<h3>Recevoir la fiche produit directement par e-mail<\/h3>\r\n\n<div class=\"wpcf7 no-js\" id=\"wpcf7-f11233-o1\" lang=\"nl-NL\" dir=\"ltr\" data-wpcf7-id=\"11233\">\n<div class=\"screen-reader-response\"><p role=\"status\" aria-live=\"polite\" aria-atomic=\"true\"><\/p> <ul><\/ul><\/div>\n<form action=\"\/fr\/wp-json\/wp\/v2\/product\/9663#wpcf7-f11233-o1\" method=\"post\" class=\"wpcf7-form init wpcf7-acceptance-as-validation\" aria-label=\"Contactformulier\" novalidate=\"novalidate\" data-status=\"init\">\n<fieldset class=\"hidden-fields-container\"><input type=\"hidden\" name=\"_wpcf7\" value=\"11233\" \/><input type=\"hidden\" name=\"_wpcf7_version\" value=\"6.1.5\" \/><input type=\"hidden\" name=\"_wpcf7_locale\" value=\"nl_NL\" \/><input type=\"hidden\" name=\"_wpcf7_unit_tag\" value=\"wpcf7-f11233-o1\" \/><input type=\"hidden\" name=\"_wpcf7_container_post\" value=\"0\" \/><input type=\"hidden\" name=\"_wpcf7_posted_data_hash\" value=\"\" \/><input type=\"hidden\" name=\"_wpcf7_recaptcha_response\" value=\"\" \/>\n<\/fieldset>\n<p><div class=\"row\"  id=\"row-631125083\"><br \/>\n\n\t<div id=\"col-1468814044\" class=\"col medium-6 small-12 large-6\"  >\n\t\t\t\t<div class=\"col-inner\"  >\n\t\t\t\n\t\t\t<br \/>\n<label> Pr\u00e9nom <span class=\"obligated\">*<\/span><br \/>\n<span class=\"wpcf7-form-control-wrap\" data-name=\"firstname\"><input size=\"40\" maxlength=\"400\" class=\"wpcf7-form-control wpcf7-text wpcf7-validates-as-required\" aria-required=\"true\" aria-invalid=\"false\" value=\"\" type=\"text\" name=\"firstname\" \/><\/span> <\/label><br \/>\n\t\t<\/div>\n\t\t\t\t\t<\/div>\n\n\t<br \/>\n\n\t<div id=\"col-1420748710\" class=\"col medium-6 small-12 large-6\"  >\n\t\t\t\t<div class=\"col-inner\"  >\n\t\t\t\n\t\t\t<br \/>\n<label> Nom de famille <span class=\"obligated\">*<\/span><br \/>\n<span class=\"wpcf7-form-control-wrap\" data-name=\"lastname\"><input size=\"40\" maxlength=\"400\" class=\"wpcf7-form-control wpcf7-text wpcf7-validates-as-required\" aria-required=\"true\" aria-invalid=\"false\" value=\"\" type=\"text\" name=\"lastname\" \/><\/span> <\/label><br \/>\n\t\t<\/div>\n\t\t\t\t\t<\/div>\n\n\t<br \/>\n\n\t<div id=\"col-1190554062\" class=\"col medium-12 small-12 large-12\"  >\n\t\t\t\t<div class=\"col-inner\"  >\n\t\t\t\n\t\t\t\n<\/p>\n<p><label> E-mail <span class=\"obligated\">*<\/span><br \/>\n<span class=\"wpcf7-form-control-wrap\" data-name=\"be_fr_email\"><input size=\"40\" maxlength=\"400\" class=\"wpcf7-form-control wpcf7-email wpcf7-validates-as-required wpcf7-text wpcf7-validates-as-email\" aria-required=\"true\" aria-invalid=\"false\" value=\"\" type=\"email\" name=\"be_fr_email\" \/><\/span> <\/label>\n<\/p>\n<p><label> N\u00famero de t\u00e9l\u00e9phone<br \/>\n<span class=\"wpcf7-form-control-wrap\" data-name=\"phone\"><input size=\"40\" maxlength=\"400\" class=\"wpcf7-form-control wpcf7-text\" aria-invalid=\"false\" value=\"\" type=\"text\" name=\"phone\" \/><\/span> <\/label>\n<\/p>\n<p><label> Privacy <span class=\"obligated\">*<\/span><\/label><br \/>\n<span class=\"wpcf7-form-control-wrap\" data-name=\"privacy\"><span class=\"wpcf7-form-control wpcf7-acceptance\"><span class=\"wpcf7-list-item\"><label><input type=\"checkbox\" name=\"privacy\" value=\"1\" aria-invalid=\"false\" \/><span class=\"wpcf7-list-item-label\">En utilisant ce formulaire, vous acceptez notre <a target=\"_blank\" href=\"https:\/\/www.tyroremotes.be\/fr\/declaration-de-confidentialite\/\">d\u00e9claration de confidentialit\u00e9<\/a>.<\/span><\/label><\/span><\/span><\/span>\n<\/p>\n<p>\t<div id=\"gap-1342260381\" class=\"gap-element clearfix\" style=\"display:block; height:auto;\">\n\t\t\n<style>\n#gap-1342260381 {\n  padding-top: 30px;\n}\n<\/style>\n\t<\/div>\n\t<br \/>\n<input class=\"wpcf7-form-control wpcf7-submit has-spinner\" type=\"submit\" value=\"Recevoir la fiche produit\" \/><br \/>\n<input type=\"read-only\" class=\"current_url\" readonly name=\"source\" value=\"https:\/\/www.tyroremotes.be\/fr\/wp-json\/wp\/v2\/product\/9663\/\" \/><br \/>\n\t\t<\/div>\n\t\t\t\t\t<\/div>\n\n\t<br \/>\n<\/div>\n<\/p><div class=\"wpcf7-response-output\" aria-hidden=\"true\"><\/div>\n<\/form>\n<\/div>\n\t\t<\/div>\n\t\t\t\t\t<\/div>\n\n\t\r\n\r\n\n<style>\n#row-40279693 > .col > .col-inner {\n  padding: 20px 20px 20px 20px;\n}\n<\/style>\n<\/div>\r\n\r\n\t\t<\/div>\n\n\t\t\n<style>\n#section_1018047186 {\n  padding-top: 30px;\n  padding-bottom: 30px;\n  background-color: rgb(218, 218, 218);\n}\n<\/style>\n\t<\/section>\n\t\r\n\t<div id=\"gap-726973262\" class=\"gap-element clearfix\" style=\"display:block; height:auto;\">\n\t\t\n<style>\n#gap-726973262 {\n  padding-top: 30px;\n}\n<\/style>\n\t<\/div>\n\t\n<h2>Robuste et \u00e9tanche<\/h2>\n<p>En raison de son bo\u00eetier monobloc, le r\u00e9cepteur Aquarius Delta est 100% \u00e9tanche (IP 68), solide et extr\u00eamement fiable. Son boitier tr\u00e8s r\u00e9sistant aux choc, amortit et absorbe les vibrations.<\/p>\n<h2>Facile \u00e0 installer<\/h2>\n<p>Le boitier \u00e9tanche permet \u00e0 ce r\u00e9cepteur de pouvoir \u00eatre directement mont\u00e9 sur un treuil forestier. L&rsquo;installation est tr\u00e8s simple et facile \u00e0 mettre en \u0153uvre, en partie parce que le c\u00e2ble de 2,5 m est d\u00e9j\u00e0 pr\u00e9-mont\u00e9. Nous vous garantissons une port\u00e9e en champ libre de 350 m\u00e8tres et de 100 \u00e0 200 m\u00e8tres en for\u00eat, m\u00eame dans les conditions les plus difficiles.<\/p>\n<h2>Un bo\u00eetier \u00e9tanche unique<\/h2>\n<p>Le bo\u00eetier \u00e9tanche unique de ce r\u00e9cepteur en association avec les robustes \u00e9metteurs Fornax Delta permettent la commande \u00e0 distance sans fil des \u00e9quipements du secteur forestier mais aussi pour d\u2019autres applications comme le nettoyage industriel ou pour les v\u00e9hicules. Par exemple, lors de la commande \u00e0 distance du nettoyage des canalisations, du d\u00e9pannage des voitures ou lors des transports exceptionnels.<\/p>\n<h2>Les options mat\u00e9rielles<\/h2>\n<p>Le r\u00e9cepteur Aquarius Delta est \u00e9galement disponible sur DIN-rail, avec une antenne flexible et \/ ou avec un aimant pour le montage \u00e0 l&rsquo;arri\u00e8re.<\/p>\n","protected":false},"excerpt":{"rendered":"<ul>\n<li>R\u00e9cepteur en fonte: 100% \u00e9tanche (IP68)<\/li>\n<li>Solide, extr\u00eamement r\u00e9sistant aux vibrations<\/li>\n<li>Temps de r\u00e9action tr\u00e8s rapide &lt;0,1s<\/li>\n<li>Peut \u00eatre mont\u00e9 directement sur le treuil forestier<\/li>\n<li>Tr\u00e8s rapide et simple d&#039;installation<\/li>\n<li>C\u00e2ble de 2,5 m\u00e8tres pr\u00e9-install\u00e9<\/li>\n<\/ul>\n","protected":false},"featured_media":8795,"comment_status":"closed","ping_status":"closed","template":"","meta":[],"product_brand":[],"product_cat":[277],"product_tag":[],"class_list":{"0":"post-9663","1":"product","2":"type-product","3":"status-publish","4":"has-post-thumbnail","6":"product_cat-recepteur-de-radio","8":"first","9":"instock","10":"shipping-taxable","11":"product-type-simple"},"yoast_head":"<!-- This site is optimized with the Yoast SEO plugin v27.5 - https:\/\/yoast.com\/product\/yoast-seo-wordpress\/ -->\n<title>Aquarius Delta - r\u00e9cepteur radio | Tyro Remotes<\/title>\n<meta name=\"description\" content=\"Jusqu&#039;\u00e0 700m de port\u00e9e en champ libre. L&#039;Aquarius Delta combin\u00e9 avec le Fornax Delta, est la solution par excellence pour le secteur forestier.\" \/>\n<meta name=\"robots\" content=\"index, follow, max-snippet:-1, max-image-preview:large, max-video-preview:-1\" \/>\n<link rel=\"canonical\" href=\"https:\/\/www.tyroremotes.be\/fr\/produit\/aquarius-delta\/\" \/>\n<meta property=\"og:locale\" content=\"fr_FR\" \/>\n<meta property=\"og:type\" content=\"article\" \/>\n<meta property=\"og:title\" content=\"Aquarius Delta - r\u00e9cepteur radio | Tyro Remotes\" \/>\n<meta property=\"og:description\" content=\"Jusqu&#039;\u00e0 700m de port\u00e9e en champ libre. L&#039;Aquarius Delta combin\u00e9 avec le Fornax Delta, est la solution par excellence pour le secteur forestier.\" \/>\n<meta property=\"og:url\" content=\"https:\/\/www.tyroremotes.be\/fr\/produit\/aquarius-delta\/\" \/>\n<meta property=\"og:site_name\" content=\"Tyro Remotes\" \/>\n<meta property=\"article:modified_time\" content=\"2020-04-21T10:34:49+00:00\" \/>\n<meta property=\"og:image\" content=\"https:\/\/www.tyroremotes.be\/wp-content\/uploads\/2015\/10\/Aquarius-BNC-1.jpg\" \/>\n\t<meta property=\"og:image:width\" content=\"800\" \/>\n\t<meta property=\"og:image:height\" content=\"800\" \/>\n\t<meta property=\"og:image:type\" content=\"image\/jpeg\" \/>\n<meta name=\"twitter:card\" content=\"summary_large_image\" \/>\n<meta name=\"twitter:site\" content=\"@TyroRemotesNL\" \/>\n<meta name=\"twitter:label1\" content=\"Dur\u00e9e de lecture est.\" \/>\n\t<meta name=\"twitter:data1\" content=\"1 minute\" \/>\n<script type=\"application\/ld+json\" class=\"yoast-schema-graph\">{\"@context\":\"https:\\\/\\\/schema.org\",\"@graph\":[{\"@type\":\"WebPage\",\"@id\":\"https:\\\/\\\/www.tyroremotes.be\\\/fr\\\/produit\\\/aquarius-delta\\\/\",\"url\":\"https:\\\/\\\/www.tyroremotes.be\\\/fr\\\/produit\\\/aquarius-delta\\\/\",\"name\":\"Aquarius Delta - r\u00e9cepteur radio | Tyro Remotes\",\"isPartOf\":{\"@id\":\"https:\\\/\\\/www.tyroremotes.be\\\/#website\"},\"primaryImageOfPage\":{\"@id\":\"https:\\\/\\\/www.tyroremotes.be\\\/fr\\\/produit\\\/aquarius-delta\\\/#primaryimage\"},\"image\":{\"@id\":\"https:\\\/\\\/www.tyroremotes.be\\\/fr\\\/produit\\\/aquarius-delta\\\/#primaryimage\"},\"thumbnailUrl\":\"https:\\\/\\\/www.tyroremotes.be\\\/wp-content\\\/uploads\\\/2015\\\/10\\\/Aquarius-BNC-1.jpg\",\"datePublished\":\"2015-10-19T23:00:00+00:00\",\"dateModified\":\"2020-04-21T10:34:49+00:00\",\"description\":\"Jusqu'\u00e0 700m de port\u00e9e en champ libre. L'Aquarius Delta combin\u00e9 avec le Fornax Delta, est la solution par excellence pour le secteur forestier.\",\"breadcrumb\":{\"@id\":\"https:\\\/\\\/www.tyroremotes.be\\\/fr\\\/produit\\\/aquarius-delta\\\/#breadcrumb\"},\"inLanguage\":\"fr-BE\",\"potentialAction\":[{\"@type\":\"ReadAction\",\"target\":[\"https:\\\/\\\/www.tyroremotes.be\\\/fr\\\/produit\\\/aquarius-delta\\\/\"]}]},{\"@type\":\"ImageObject\",\"inLanguage\":\"fr-BE\",\"@id\":\"https:\\\/\\\/www.tyroremotes.be\\\/fr\\\/produit\\\/aquarius-delta\\\/#primaryimage\",\"url\":\"https:\\\/\\\/www.tyroremotes.be\\\/wp-content\\\/uploads\\\/2015\\\/10\\\/Aquarius-BNC-1.jpg\",\"contentUrl\":\"https:\\\/\\\/www.tyroremotes.be\\\/wp-content\\\/uploads\\\/2015\\\/10\\\/Aquarius-BNC-1.jpg\",\"width\":800,\"height\":800},{\"@type\":\"BreadcrumbList\",\"@id\":\"https:\\\/\\\/www.tyroremotes.be\\\/fr\\\/produit\\\/aquarius-delta\\\/#breadcrumb\",\"itemListElement\":[{\"@type\":\"ListItem\",\"position\":1,\"name\":\"Home\",\"item\":\"https:\\\/\\\/www.tyroremotes.be\\\/fr\\\/\"},{\"@type\":\"ListItem\",\"position\":2,\"name\":\"Winkel\",\"item\":\"https:\\\/\\\/www.tyroremotes.be\\\/winkel\\\/\"},{\"@type\":\"ListItem\",\"position\":3,\"name\":\"R\u00e9cepteurs\",\"item\":\"https:\\\/\\\/www.tyroremotes.be\\\/fr\\\/pcat\\\/recepteur-de-radio\\\/\"},{\"@type\":\"ListItem\",\"position\":4,\"name\":\"Aquarius Delta\"}]},{\"@type\":\"WebSite\",\"@id\":\"https:\\\/\\\/www.tyroremotes.be\\\/#website\",\"url\":\"https:\\\/\\\/www.tyroremotes.be\\\/\",\"name\":\"Tyro Remotes\",\"description\":\"\",\"potentialAction\":[{\"@type\":\"SearchAction\",\"target\":{\"@type\":\"EntryPoint\",\"urlTemplate\":\"https:\\\/\\\/www.tyroremotes.be\\\/?s={search_term_string}\"},\"query-input\":{\"@type\":\"PropertyValueSpecification\",\"valueRequired\":true,\"valueName\":\"search_term_string\"}}],\"inLanguage\":\"fr-BE\"}]}<\/script>\n<!-- \/ Yoast SEO plugin. -->","yoast_head_json":{"title":"Aquarius Delta - r\u00e9cepteur radio | Tyro Remotes","description":"Jusqu'\u00e0 700m de port\u00e9e en champ libre. L'Aquarius Delta combin\u00e9 avec le Fornax Delta, est la solution par excellence pour le secteur forestier.","robots":{"index":"index","follow":"follow","max-snippet":"max-snippet:-1","max-image-preview":"max-image-preview:large","max-video-preview":"max-video-preview:-1"},"canonical":"https:\/\/www.tyroremotes.be\/fr\/produit\/aquarius-delta\/","og_locale":"fr_FR","og_type":"article","og_title":"Aquarius Delta - r\u00e9cepteur radio | Tyro Remotes","og_description":"Jusqu'\u00e0 700m de port\u00e9e en champ libre. L'Aquarius Delta combin\u00e9 avec le Fornax Delta, est la solution par excellence pour le secteur forestier.","og_url":"https:\/\/www.tyroremotes.be\/fr\/produit\/aquarius-delta\/","og_site_name":"Tyro Remotes","article_modified_time":"2020-04-21T10:34:49+00:00","og_image":[{"width":800,"height":800,"url":"https:\/\/www.tyroremotes.be\/wp-content\/uploads\/2015\/10\/Aquarius-BNC-1.jpg","type":"image\/jpeg"}],"twitter_card":"summary_large_image","twitter_site":"@TyroRemotesNL","twitter_misc":{"Dur\u00e9e de lecture est.":"1 minute"},"schema":{"@context":"https:\/\/schema.org","@graph":[{"@type":"WebPage","@id":"https:\/\/www.tyroremotes.be\/fr\/produit\/aquarius-delta\/","url":"https:\/\/www.tyroremotes.be\/fr\/produit\/aquarius-delta\/","name":"Aquarius Delta - r\u00e9cepteur radio | Tyro Remotes","isPartOf":{"@id":"https:\/\/www.tyroremotes.be\/#website"},"primaryImageOfPage":{"@id":"https:\/\/www.tyroremotes.be\/fr\/produit\/aquarius-delta\/#primaryimage"},"image":{"@id":"https:\/\/www.tyroremotes.be\/fr\/produit\/aquarius-delta\/#primaryimage"},"thumbnailUrl":"https:\/\/www.tyroremotes.be\/wp-content\/uploads\/2015\/10\/Aquarius-BNC-1.jpg","datePublished":"2015-10-19T23:00:00+00:00","dateModified":"2020-04-21T10:34:49+00:00","description":"Jusqu'\u00e0 700m de port\u00e9e en champ libre. L'Aquarius Delta combin\u00e9 avec le Fornax Delta, est la solution par excellence pour le secteur forestier.","breadcrumb":{"@id":"https:\/\/www.tyroremotes.be\/fr\/produit\/aquarius-delta\/#breadcrumb"},"inLanguage":"fr-BE","potentialAction":[{"@type":"ReadAction","target":["https:\/\/www.tyroremotes.be\/fr\/produit\/aquarius-delta\/"]}]},{"@type":"ImageObject","inLanguage":"fr-BE","@id":"https:\/\/www.tyroremotes.be\/fr\/produit\/aquarius-delta\/#primaryimage","url":"https:\/\/www.tyroremotes.be\/wp-content\/uploads\/2015\/10\/Aquarius-BNC-1.jpg","contentUrl":"https:\/\/www.tyroremotes.be\/wp-content\/uploads\/2015\/10\/Aquarius-BNC-1.jpg","width":800,"height":800},{"@type":"BreadcrumbList","@id":"https:\/\/www.tyroremotes.be\/fr\/produit\/aquarius-delta\/#breadcrumb","itemListElement":[{"@type":"ListItem","position":1,"name":"Home","item":"https:\/\/www.tyroremotes.be\/fr\/"},{"@type":"ListItem","position":2,"name":"Winkel","item":"https:\/\/www.tyroremotes.be\/winkel\/"},{"@type":"ListItem","position":3,"name":"R\u00e9cepteurs","item":"https:\/\/www.tyroremotes.be\/fr\/pcat\/recepteur-de-radio\/"},{"@type":"ListItem","position":4,"name":"Aquarius Delta"}]},{"@type":"WebSite","@id":"https:\/\/www.tyroremotes.be\/#website","url":"https:\/\/www.tyroremotes.be\/","name":"Tyro Remotes","description":"","potentialAction":[{"@type":"SearchAction","target":{"@type":"EntryPoint","urlTemplate":"https:\/\/www.tyroremotes.be\/?s={search_term_string}"},"query-input":{"@type":"PropertyValueSpecification","valueRequired":true,"valueName":"search_term_string"}}],"inLanguage":"fr-BE"}]}},"_links":{"self":[{"href":"https:\/\/www.tyroremotes.be\/fr\/wp-json\/wp\/v2\/product\/9663","targetHints":{"allow":["GET"]}}],"collection":[{"href":"https:\/\/www.tyroremotes.be\/fr\/wp-json\/wp\/v2\/product"}],"about":[{"href":"https:\/\/www.tyroremotes.be\/fr\/wp-json\/wp\/v2\/types\/product"}],"replies":[{"embeddable":true,"href":"https:\/\/www.tyroremotes.be\/fr\/wp-json\/wp\/v2\/comments?post=9663"}],"wp:featuredmedia":[{"embeddable":true,"href":"https:\/\/www.tyroremotes.be\/fr\/wp-json\/wp\/v2\/media\/8795"}],"wp:attachment":[{"href":"https:\/\/www.tyroremotes.be\/fr\/wp-json\/wp\/v2\/media?parent=9663"}],"wp:term":[{"taxonomy":"product_brand","embeddable":true,"href":"https:\/\/www.tyroremotes.be\/fr\/wp-json\/wp\/v2\/product_brand?post=9663"},{"taxonomy":"product_cat","embeddable":true,"href":"https:\/\/www.tyroremotes.be\/fr\/wp-json\/wp\/v2\/product_cat?post=9663"},{"taxonomy":"product_tag","embeddable":true,"href":"https:\/\/www.tyroremotes.be\/fr\/wp-json\/wp\/v2\/product_tag?post=9663"}],"curies":[{"name":"wp","href":"https:\/\/api.w.org\/{rel}","templated":true}]}}