{"id":9662,"date":"2015-10-19T00:00:00","date_gmt":"2015-10-18T23:00:00","guid":{"rendered":"https:\/\/www.tyroremotes.be\/product\/virgo-veldbus-module\/"},"modified":"2020-04-21T12:44:22","modified_gmt":"2020-04-21T11:44:22","slug":"virgo-bus-terrain-des-recepteurs","status":"publish","type":"product","link":"https:\/\/www.tyroremotes.be\/fr\/produit\/virgo-bus-terrain-des-recepteurs\/","title":{"rendered":"Virgo | Bus de terrain des r\u00e9cepteurs"},"content":{"rendered":"<h2>Virgo: le r\u00e9cepteur radio bus extr\u00eamement polyvalent<\/h2>\n<p>La r\u00e9cepteur bus Virgo de Tyro utilise le protocole de communication du client. Ce qui le rend tr\u00e8s flexible pour de nombreuses applications. Gr\u00e2ce \u00e0 sa conception modulaire avec diff\u00e9rentes interfaces, le Tyro Virgo peut-\u00eatre connect\u00e9 \u00e0 tous les r\u00e9seaux de bus de terrain tels que CANopen, Profibus, DeviceNet, CC-Link, Modbus, Ethernet \/ IP, SERCOS, ControlNet et Componet.<br \/>\n<span class=\"scroll-to\" data-label=\"Scroll to: #productsheet\" data-bullet=\"false\" data-link=\"#productsheet\" data-title=\"Change this\" ><a name=\"productsheet\"><\/a><\/span>\r\n\r\n\t<section class=\"section\" id=\"section_1365244774\">\n\t\t<div class=\"bg section-bg fill bg-fill bg-loaded bg-loaded\" >\n\n\t\t\t\n\t\t\t\n\t\t\t\n\n\t\t<\/div>\n\n\t\t\n\n\t\t<div class=\"section-content relative\">\n\t\t\t\r\n\r\n<div class=\"row align-center\"  id=\"row-1115009936\">\r\n\r\n\n\t<div id=\"col-1366139088\" class=\"col medium-8 small-12 large-8\"  >\n\t\t\t\t<div class=\"col-inner\"  >\n\t\t\t\n\t\t\t\r\n\t<div id=\"gap-184927705\" class=\"gap-element clearfix\" style=\"display:block; height:auto;\">\n\t\t\n<style>\n#gap-184927705 {\n  padding-top: 30px;\n}\n<\/style>\n\t<\/div>\n\t\r\n<h3>Recevoir la fiche produit directement par e-mail<\/h3>\r\n\n<div class=\"wpcf7 no-js\" id=\"wpcf7-f11233-o1\" lang=\"nl-NL\" dir=\"ltr\" data-wpcf7-id=\"11233\">\n<div class=\"screen-reader-response\"><p role=\"status\" aria-live=\"polite\" aria-atomic=\"true\"><\/p> <ul><\/ul><\/div>\n<form action=\"\/fr\/wp-json\/wp\/v2\/product\/9662#wpcf7-f11233-o1\" method=\"post\" class=\"wpcf7-form init wpcf7-acceptance-as-validation\" aria-label=\"Contactformulier\" novalidate=\"novalidate\" data-status=\"init\">\n<fieldset class=\"hidden-fields-container\"><input type=\"hidden\" name=\"_wpcf7\" value=\"11233\" \/><input type=\"hidden\" name=\"_wpcf7_version\" value=\"6.1.5\" \/><input type=\"hidden\" name=\"_wpcf7_locale\" value=\"nl_NL\" \/><input type=\"hidden\" name=\"_wpcf7_unit_tag\" value=\"wpcf7-f11233-o1\" \/><input type=\"hidden\" name=\"_wpcf7_container_post\" value=\"0\" \/><input type=\"hidden\" name=\"_wpcf7_posted_data_hash\" value=\"\" \/><input type=\"hidden\" name=\"_wpcf7_recaptcha_response\" value=\"\" \/>\n<\/fieldset>\n<p><div class=\"row\"  id=\"row-668278067\"><br \/>\n\n\t<div id=\"col-2048939475\" class=\"col medium-6 small-12 large-6\"  >\n\t\t\t\t<div class=\"col-inner\"  >\n\t\t\t\n\t\t\t<br \/>\n<label> Pr\u00e9nom <span class=\"obligated\">*<\/span><br \/>\n<span class=\"wpcf7-form-control-wrap\" data-name=\"firstname\"><input size=\"40\" maxlength=\"400\" class=\"wpcf7-form-control wpcf7-text wpcf7-validates-as-required\" aria-required=\"true\" aria-invalid=\"false\" value=\"\" type=\"text\" name=\"firstname\" \/><\/span> <\/label><br \/>\n\t\t<\/div>\n\t\t\t\t\t<\/div>\n\n\t<br \/>\n\n\t<div id=\"col-834287620\" class=\"col medium-6 small-12 large-6\"  >\n\t\t\t\t<div class=\"col-inner\"  >\n\t\t\t\n\t\t\t<br \/>\n<label> Nom de famille <span class=\"obligated\">*<\/span><br \/>\n<span class=\"wpcf7-form-control-wrap\" data-name=\"lastname\"><input size=\"40\" maxlength=\"400\" class=\"wpcf7-form-control wpcf7-text wpcf7-validates-as-required\" aria-required=\"true\" aria-invalid=\"false\" value=\"\" type=\"text\" name=\"lastname\" \/><\/span> <\/label><br \/>\n\t\t<\/div>\n\t\t\t\t\t<\/div>\n\n\t<br \/>\n\n\t<div id=\"col-527860183\" class=\"col medium-12 small-12 large-12\"  >\n\t\t\t\t<div class=\"col-inner\"  >\n\t\t\t\n\t\t\t\n<\/p>\n<p><label> E-mail <span class=\"obligated\">*<\/span><br \/>\n<span class=\"wpcf7-form-control-wrap\" data-name=\"be_fr_email\"><input size=\"40\" maxlength=\"400\" class=\"wpcf7-form-control wpcf7-email wpcf7-validates-as-required wpcf7-text wpcf7-validates-as-email\" aria-required=\"true\" aria-invalid=\"false\" value=\"\" type=\"email\" name=\"be_fr_email\" \/><\/span> <\/label>\n<\/p>\n<p><label> N\u00famero de t\u00e9l\u00e9phone<br \/>\n<span class=\"wpcf7-form-control-wrap\" data-name=\"phone\"><input size=\"40\" maxlength=\"400\" class=\"wpcf7-form-control wpcf7-text\" aria-invalid=\"false\" value=\"\" type=\"text\" name=\"phone\" \/><\/span> <\/label>\n<\/p>\n<p><label> Privacy <span class=\"obligated\">*<\/span><\/label><br \/>\n<span class=\"wpcf7-form-control-wrap\" data-name=\"privacy\"><span class=\"wpcf7-form-control wpcf7-acceptance\"><span class=\"wpcf7-list-item\"><label><input type=\"checkbox\" name=\"privacy\" value=\"1\" aria-invalid=\"false\" \/><span class=\"wpcf7-list-item-label\">En utilisant ce formulaire, vous acceptez notre <a target=\"_blank\" href=\"https:\/\/www.tyroremotes.be\/fr\/declaration-de-confidentialite\/\">d\u00e9claration de confidentialit\u00e9<\/a>.<\/span><\/label><\/span><\/span><\/span>\n<\/p>\n<p>\t<div id=\"gap-1094596783\" class=\"gap-element clearfix\" style=\"display:block; height:auto;\">\n\t\t\n<style>\n#gap-1094596783 {\n  padding-top: 30px;\n}\n<\/style>\n\t<\/div>\n\t<br \/>\n<input class=\"wpcf7-form-control wpcf7-submit has-spinner\" type=\"submit\" value=\"Recevoir la fiche produit\" \/><br \/>\n<input type=\"read-only\" class=\"current_url\" readonly name=\"source\" value=\"https:\/\/www.tyroremotes.be\/fr\/wp-json\/wp\/v2\/product\/9662\/\" \/><br \/>\n\t\t<\/div>\n\t\t\t\t\t<\/div>\n\n\t<br \/>\n<\/div>\n<\/p><div class=\"wpcf7-response-output\" aria-hidden=\"true\"><\/div>\n<\/form>\n<\/div>\n\t\t<\/div>\n\t\t\t\t\t<\/div>\n\n\t\r\n\r\n\n<style>\n#row-1115009936 > .col > .col-inner {\n  padding: 20px 20px 20px 20px;\n}\n<\/style>\n<\/div>\r\n\r\n\t\t<\/div>\n\n\t\t\n<style>\n#section_1365244774 {\n  padding-top: 30px;\n  padding-bottom: 30px;\n  background-color: rgb(218, 218, 218);\n}\n<\/style>\n\t<\/section>\n\t\r\n\t<div id=\"gap-648146617\" class=\"gap-element clearfix\" style=\"display:block; height:auto;\">\n\t\t\n<style>\n#gap-648146617 {\n  padding-top: 30px;\n}\n<\/style>\n\t<\/div>\n\t\n<h2>Radiocommande Industriel pour CANopen et Profibus<\/h2>\n<p>Le r\u00e9cepteur bus Virgo de Tyro est id\u00e9al \u00e0 utiliser dans les syst\u00e8mes automatis\u00e9s dans l&rsquo;industrie et dans le secteur de l&rsquo;automobile, o\u00f9 le CANopen et Profibus sont fr\u00e9quents.<\/p>\n<h2>Des centaines de circuits avec une t\u00e9l\u00e9commande<\/h2>\n<p>Le gros avantage est qu&rsquo;il n&rsquo;est plus n\u00e9cessaire d&rsquo;utiliser inutilement de gros I\/O board avec des dizaines de relais. Vous pouvez avec une t\u00e9l\u00e9commande sans fil (l&rsquo;esclave) commander un nombre illimit\u00e9 de circuits qui sont connect\u00e9s au r\u00e9seau du bus de terrain sur lequel le r\u00e9cepteur Tyro Virgo est connect\u00e9. Le r\u00e9cepteur Tyro Virgo utilise le syst\u00e8me de commande principal de la machine (le \u00ab\u00a0ma\u00eetre\u00a0\u00bb) , il n&rsquo;a pas besoin de PLC. Cela vous permet d&rsquo;auto- programmer facilement le syst\u00e8me.<\/p>\n<h2>Commande avec r\u00e9troaction sur \u00e9cran<\/h2>\n<p>En utilisant une t\u00e9l\u00e9commande avec afficheur et une structure de menu, toutes les fonctions sont radiocommand\u00e9es de mani\u00e8re organis\u00e9e et claire. Vous pouvez recevoir en temps r\u00e9el sur l&rsquo;afficheur des informations en valeur num\u00e9rique et analogique. Pour les applications moins complexes (comme la commande des essieux), une petite radiocommande sans afficheur est suffisante, par exemple l&rsquo;\u00e9metteur Musca 2F.<\/p>\n<h2>Une connexion facile<\/h2>\n<p>Le r\u00e9cepteur de bus de terrain Virgo peut \u00eatre facilement reli\u00e9 aux machines et aux v\u00e9hicules. Il est possible d&rsquo;ajouter d&rsquo;autre syst\u00e8me sans c\u00e2blage suppl\u00e9mentaire.<\/p>\n<p>Tous les \u00e9metteurs Tyro peuvent \u00eatre utilis\u00e9s avec le r\u00e9cepteur de bus de terrain Virgo. Le syst\u00e8me full-duplex rend possible le retour d&rsquo;information des valeurs de mesure sur l&rsquo;afficheur LCD des \u00e9metteurs Tyro.<\/p>\n","protected":false},"excerpt":{"rendered":"<ul>\n<li>Nombre illimit\u00e9 de circuits \u00e0 commander \u00e0 distance avec un seul \u00e9metteur<\/li>\n<li>Possibilit\u00e9 d&#039;extension \u00e0 d&#039;autres syst\u00e8mes sans c\u00e2blage suppl\u00e9mentaire<\/li>\n<li>Diagnostic et maintenance depuis le r\u00e9seau<\/li>\n<li>Auto-programmation de votre syst\u00e8me<\/li>\n<li>Communication simplex ou duplex (retour d&#039;information sur la radiocommande)<\/li>\n<li>Connexion facile aux machines et v\u00e9hicules existants<\/li>\n<\/ul>\n","protected":false},"featured_media":8793,"comment_status":"closed","ping_status":"closed","template":"","meta":[],"product_brand":[],"product_cat":[277],"product_tag":[],"class_list":{"0":"post-9662","1":"product","2":"type-product","3":"status-publish","4":"has-post-thumbnail","6":"product_cat-recepteur-de-radio","8":"first","9":"instock","10":"shipping-taxable","11":"product-type-simple"},"yoast_head":"<!-- This site is optimized with the Yoast SEO plugin v27.5 - https:\/\/yoast.com\/product\/yoast-seo-wordpress\/ -->\n<title>R\u00e9cepteur protocole de bus de terrain | Tyro Remotes<\/title>\n<meta name=\"description\" content=\"Voulez-vous piloter les machines ou v\u00e9hicules via le protocole de bus de terrain? R\u00e9cepteur radio Virgo connect\u00e9 \u00e0 CANopen, CANbus, Profibus et Profinet.\" \/>\n<meta name=\"robots\" content=\"index, follow, max-snippet:-1, max-image-preview:large, max-video-preview:-1\" \/>\n<link rel=\"canonical\" href=\"https:\/\/www.tyroremotes.be\/fr\/produit\/virgo-bus-terrain-des-recepteurs\/\" \/>\n<meta property=\"og:locale\" content=\"fr_FR\" \/>\n<meta property=\"og:type\" content=\"article\" \/>\n<meta property=\"og:title\" content=\"R\u00e9cepteur protocole de bus de terrain | Tyro Remotes\" \/>\n<meta property=\"og:description\" content=\"Voulez-vous piloter les machines ou v\u00e9hicules via le protocole de bus de terrain? R\u00e9cepteur radio Virgo connect\u00e9 \u00e0 CANopen, CANbus, Profibus et Profinet.\" \/>\n<meta property=\"og:url\" content=\"https:\/\/www.tyroremotes.be\/fr\/produit\/virgo-bus-terrain-des-recepteurs\/\" \/>\n<meta property=\"og:site_name\" content=\"Tyro Remotes\" \/>\n<meta property=\"article:modified_time\" content=\"2020-04-21T11:44:22+00:00\" \/>\n<meta property=\"og:image\" content=\"https:\/\/www.tyroremotes.be\/wp-content\/uploads\/2015\/10\/Virgo-04-canbus.jpg\" \/>\n\t<meta property=\"og:image:width\" content=\"800\" \/>\n\t<meta property=\"og:image:height\" content=\"800\" \/>\n\t<meta property=\"og:image:type\" content=\"image\/jpeg\" \/>\n<meta name=\"twitter:card\" content=\"summary_large_image\" \/>\n<meta name=\"twitter:site\" content=\"@TyroRemotesNL\" \/>\n<meta name=\"twitter:label1\" content=\"Dur\u00e9e de lecture est.\" \/>\n\t<meta name=\"twitter:data1\" content=\"2 minutes\" \/>\n<script type=\"application\/ld+json\" class=\"yoast-schema-graph\">{\"@context\":\"https:\\\/\\\/schema.org\",\"@graph\":[{\"@type\":\"WebPage\",\"@id\":\"https:\\\/\\\/www.tyroremotes.be\\\/fr\\\/produit\\\/virgo-bus-terrain-des-recepteurs\\\/\",\"url\":\"https:\\\/\\\/www.tyroremotes.be\\\/fr\\\/produit\\\/virgo-bus-terrain-des-recepteurs\\\/\",\"name\":\"R\u00e9cepteur protocole de bus de terrain | Tyro Remotes\",\"isPartOf\":{\"@id\":\"https:\\\/\\\/www.tyroremotes.be\\\/#website\"},\"primaryImageOfPage\":{\"@id\":\"https:\\\/\\\/www.tyroremotes.be\\\/fr\\\/produit\\\/virgo-bus-terrain-des-recepteurs\\\/#primaryimage\"},\"image\":{\"@id\":\"https:\\\/\\\/www.tyroremotes.be\\\/fr\\\/produit\\\/virgo-bus-terrain-des-recepteurs\\\/#primaryimage\"},\"thumbnailUrl\":\"https:\\\/\\\/www.tyroremotes.be\\\/wp-content\\\/uploads\\\/2015\\\/10\\\/Virgo-04-canbus.jpg\",\"datePublished\":\"2015-10-18T23:00:00+00:00\",\"dateModified\":\"2020-04-21T11:44:22+00:00\",\"description\":\"Voulez-vous piloter les machines ou v\u00e9hicules via le protocole de bus de terrain? R\u00e9cepteur radio Virgo connect\u00e9 \u00e0 CANopen, CANbus, Profibus et Profinet.\",\"breadcrumb\":{\"@id\":\"https:\\\/\\\/www.tyroremotes.be\\\/fr\\\/produit\\\/virgo-bus-terrain-des-recepteurs\\\/#breadcrumb\"},\"inLanguage\":\"fr-BE\",\"potentialAction\":[{\"@type\":\"ReadAction\",\"target\":[\"https:\\\/\\\/www.tyroremotes.be\\\/fr\\\/produit\\\/virgo-bus-terrain-des-recepteurs\\\/\"]}]},{\"@type\":\"ImageObject\",\"inLanguage\":\"fr-BE\",\"@id\":\"https:\\\/\\\/www.tyroremotes.be\\\/fr\\\/produit\\\/virgo-bus-terrain-des-recepteurs\\\/#primaryimage\",\"url\":\"https:\\\/\\\/www.tyroremotes.be\\\/wp-content\\\/uploads\\\/2015\\\/10\\\/Virgo-04-canbus.jpg\",\"contentUrl\":\"https:\\\/\\\/www.tyroremotes.be\\\/wp-content\\\/uploads\\\/2015\\\/10\\\/Virgo-04-canbus.jpg\",\"width\":800,\"height\":800},{\"@type\":\"BreadcrumbList\",\"@id\":\"https:\\\/\\\/www.tyroremotes.be\\\/fr\\\/produit\\\/virgo-bus-terrain-des-recepteurs\\\/#breadcrumb\",\"itemListElement\":[{\"@type\":\"ListItem\",\"position\":1,\"name\":\"Home\",\"item\":\"https:\\\/\\\/www.tyroremotes.be\\\/fr\\\/\"},{\"@type\":\"ListItem\",\"position\":2,\"name\":\"Winkel\",\"item\":\"https:\\\/\\\/www.tyroremotes.be\\\/winkel\\\/\"},{\"@type\":\"ListItem\",\"position\":3,\"name\":\"R\u00e9cepteurs\",\"item\":\"https:\\\/\\\/www.tyroremotes.be\\\/fr\\\/pcat\\\/recepteur-de-radio\\\/\"},{\"@type\":\"ListItem\",\"position\":4,\"name\":\"Virgo | Bus de terrain des r\u00e9cepteurs\"}]},{\"@type\":\"WebSite\",\"@id\":\"https:\\\/\\\/www.tyroremotes.be\\\/#website\",\"url\":\"https:\\\/\\\/www.tyroremotes.be\\\/\",\"name\":\"Tyro Remotes\",\"description\":\"\",\"potentialAction\":[{\"@type\":\"SearchAction\",\"target\":{\"@type\":\"EntryPoint\",\"urlTemplate\":\"https:\\\/\\\/www.tyroremotes.be\\\/?s={search_term_string}\"},\"query-input\":{\"@type\":\"PropertyValueSpecification\",\"valueRequired\":true,\"valueName\":\"search_term_string\"}}],\"inLanguage\":\"fr-BE\"}]}<\/script>\n<!-- \/ Yoast SEO plugin. -->","yoast_head_json":{"title":"R\u00e9cepteur protocole de bus de terrain | Tyro Remotes","description":"Voulez-vous piloter les machines ou v\u00e9hicules via le protocole de bus de terrain? R\u00e9cepteur radio Virgo connect\u00e9 \u00e0 CANopen, CANbus, Profibus et Profinet.","robots":{"index":"index","follow":"follow","max-snippet":"max-snippet:-1","max-image-preview":"max-image-preview:large","max-video-preview":"max-video-preview:-1"},"canonical":"https:\/\/www.tyroremotes.be\/fr\/produit\/virgo-bus-terrain-des-recepteurs\/","og_locale":"fr_FR","og_type":"article","og_title":"R\u00e9cepteur protocole de bus de terrain | Tyro Remotes","og_description":"Voulez-vous piloter les machines ou v\u00e9hicules via le protocole de bus de terrain? R\u00e9cepteur radio Virgo connect\u00e9 \u00e0 CANopen, CANbus, Profibus et Profinet.","og_url":"https:\/\/www.tyroremotes.be\/fr\/produit\/virgo-bus-terrain-des-recepteurs\/","og_site_name":"Tyro Remotes","article_modified_time":"2020-04-21T11:44:22+00:00","og_image":[{"width":800,"height":800,"url":"https:\/\/www.tyroremotes.be\/wp-content\/uploads\/2015\/10\/Virgo-04-canbus.jpg","type":"image\/jpeg"}],"twitter_card":"summary_large_image","twitter_site":"@TyroRemotesNL","twitter_misc":{"Dur\u00e9e de lecture est.":"2 minutes"},"schema":{"@context":"https:\/\/schema.org","@graph":[{"@type":"WebPage","@id":"https:\/\/www.tyroremotes.be\/fr\/produit\/virgo-bus-terrain-des-recepteurs\/","url":"https:\/\/www.tyroremotes.be\/fr\/produit\/virgo-bus-terrain-des-recepteurs\/","name":"R\u00e9cepteur protocole de bus de terrain | Tyro Remotes","isPartOf":{"@id":"https:\/\/www.tyroremotes.be\/#website"},"primaryImageOfPage":{"@id":"https:\/\/www.tyroremotes.be\/fr\/produit\/virgo-bus-terrain-des-recepteurs\/#primaryimage"},"image":{"@id":"https:\/\/www.tyroremotes.be\/fr\/produit\/virgo-bus-terrain-des-recepteurs\/#primaryimage"},"thumbnailUrl":"https:\/\/www.tyroremotes.be\/wp-content\/uploads\/2015\/10\/Virgo-04-canbus.jpg","datePublished":"2015-10-18T23:00:00+00:00","dateModified":"2020-04-21T11:44:22+00:00","description":"Voulez-vous piloter les machines ou v\u00e9hicules via le protocole de bus de terrain? R\u00e9cepteur radio Virgo connect\u00e9 \u00e0 CANopen, CANbus, Profibus et Profinet.","breadcrumb":{"@id":"https:\/\/www.tyroremotes.be\/fr\/produit\/virgo-bus-terrain-des-recepteurs\/#breadcrumb"},"inLanguage":"fr-BE","potentialAction":[{"@type":"ReadAction","target":["https:\/\/www.tyroremotes.be\/fr\/produit\/virgo-bus-terrain-des-recepteurs\/"]}]},{"@type":"ImageObject","inLanguage":"fr-BE","@id":"https:\/\/www.tyroremotes.be\/fr\/produit\/virgo-bus-terrain-des-recepteurs\/#primaryimage","url":"https:\/\/www.tyroremotes.be\/wp-content\/uploads\/2015\/10\/Virgo-04-canbus.jpg","contentUrl":"https:\/\/www.tyroremotes.be\/wp-content\/uploads\/2015\/10\/Virgo-04-canbus.jpg","width":800,"height":800},{"@type":"BreadcrumbList","@id":"https:\/\/www.tyroremotes.be\/fr\/produit\/virgo-bus-terrain-des-recepteurs\/#breadcrumb","itemListElement":[{"@type":"ListItem","position":1,"name":"Home","item":"https:\/\/www.tyroremotes.be\/fr\/"},{"@type":"ListItem","position":2,"name":"Winkel","item":"https:\/\/www.tyroremotes.be\/winkel\/"},{"@type":"ListItem","position":3,"name":"R\u00e9cepteurs","item":"https:\/\/www.tyroremotes.be\/fr\/pcat\/recepteur-de-radio\/"},{"@type":"ListItem","position":4,"name":"Virgo | Bus de terrain des r\u00e9cepteurs"}]},{"@type":"WebSite","@id":"https:\/\/www.tyroremotes.be\/#website","url":"https:\/\/www.tyroremotes.be\/","name":"Tyro Remotes","description":"","potentialAction":[{"@type":"SearchAction","target":{"@type":"EntryPoint","urlTemplate":"https:\/\/www.tyroremotes.be\/?s={search_term_string}"},"query-input":{"@type":"PropertyValueSpecification","valueRequired":true,"valueName":"search_term_string"}}],"inLanguage":"fr-BE"}]}},"_links":{"self":[{"href":"https:\/\/www.tyroremotes.be\/fr\/wp-json\/wp\/v2\/product\/9662","targetHints":{"allow":["GET"]}}],"collection":[{"href":"https:\/\/www.tyroremotes.be\/fr\/wp-json\/wp\/v2\/product"}],"about":[{"href":"https:\/\/www.tyroremotes.be\/fr\/wp-json\/wp\/v2\/types\/product"}],"replies":[{"embeddable":true,"href":"https:\/\/www.tyroremotes.be\/fr\/wp-json\/wp\/v2\/comments?post=9662"}],"wp:featuredmedia":[{"embeddable":true,"href":"https:\/\/www.tyroremotes.be\/fr\/wp-json\/wp\/v2\/media\/8793"}],"wp:attachment":[{"href":"https:\/\/www.tyroremotes.be\/fr\/wp-json\/wp\/v2\/media?parent=9662"}],"wp:term":[{"taxonomy":"product_brand","embeddable":true,"href":"https:\/\/www.tyroremotes.be\/fr\/wp-json\/wp\/v2\/product_brand?post=9662"},{"taxonomy":"product_cat","embeddable":true,"href":"https:\/\/www.tyroremotes.be\/fr\/wp-json\/wp\/v2\/product_cat?post=9662"},{"taxonomy":"product_tag","embeddable":true,"href":"https:\/\/www.tyroremotes.be\/fr\/wp-json\/wp\/v2\/product_tag?post=9662"}],"curies":[{"name":"wp","href":"https:\/\/api.w.org\/{rel}","templated":true}]}}