{"id":9656,"date":"2015-10-09T00:00:00","date_gmt":"2015-10-08T23:00:00","guid":{"rendered":"https:\/\/www.tyroremotes.be\/product\/aquarius-6-uitgangen\/"},"modified":"2020-04-20T14:14:14","modified_gmt":"2020-04-20T13:14:14","slug":"aquarius-6-ou-9-canaux","status":"publish","type":"product","link":"https:\/\/www.tyroremotes.be\/fr\/produit\/aquarius-6-ou-9-canaux\/","title":{"rendered":"Aquarius | 6 ou 9 canaux"},"content":{"rendered":"<h2>R\u00e9cepteur Aquarius: 100% \u00e9tanche<\/h2>\n<p>Le tr\u00e8s populaire Aquarius est un r\u00e9cepteur robuste, fiable et est tr\u00e8s r\u00e9sistant aux pollutions ext\u00e9rieures. Le bo\u00eetier est compact, moul\u00e9 qui lui permet d&rsquo;\u00eatre 100% \u00e9tanche \u00e0 l&rsquo;eau (IP68), solide et extr\u00eamement fiable. De plus, son boitier tr\u00e8s r\u00e9sistant aux chocs, amortit et absorbe les vibrations.<br \/>\n<span class=\"scroll-to\" data-label=\"Scroll to: #productsheet\" data-bullet=\"false\" data-link=\"#productsheet\" data-title=\"Change this\" ><a name=\"productsheet\"><\/a><\/span>\r\n\r\n\t<section class=\"section\" id=\"section_842122737\">\n\t\t<div class=\"bg section-bg fill bg-fill bg-loaded bg-loaded\" >\n\n\t\t\t\n\t\t\t\n\t\t\t\n\n\t\t<\/div>\n\n\t\t\n\n\t\t<div class=\"section-content relative\">\n\t\t\t\r\n\r\n<div class=\"row align-center\"  id=\"row-1745397685\">\r\n\r\n\n\t<div id=\"col-1332845738\" class=\"col medium-8 small-12 large-8\"  >\n\t\t\t\t<div class=\"col-inner\"  >\n\t\t\t\n\t\t\t\r\n\t<div id=\"gap-1036663030\" class=\"gap-element clearfix\" style=\"display:block; height:auto;\">\n\t\t\n<style>\n#gap-1036663030 {\n  padding-top: 30px;\n}\n<\/style>\n\t<\/div>\n\t\r\n<h3>Recevoir la fiche produit directement par e-mail<\/h3>\r\n\n<div class=\"wpcf7 no-js\" id=\"wpcf7-f11233-o1\" lang=\"nl-NL\" dir=\"ltr\" data-wpcf7-id=\"11233\">\n<div class=\"screen-reader-response\"><p role=\"status\" aria-live=\"polite\" aria-atomic=\"true\"><\/p> <ul><\/ul><\/div>\n<form action=\"\/fr\/wp-json\/wp\/v2\/product\/9656#wpcf7-f11233-o1\" method=\"post\" class=\"wpcf7-form init wpcf7-acceptance-as-validation\" aria-label=\"Contactformulier\" novalidate=\"novalidate\" data-status=\"init\">\n<fieldset class=\"hidden-fields-container\"><input type=\"hidden\" name=\"_wpcf7\" value=\"11233\" \/><input type=\"hidden\" name=\"_wpcf7_version\" value=\"6.1.5\" \/><input type=\"hidden\" name=\"_wpcf7_locale\" value=\"nl_NL\" \/><input type=\"hidden\" name=\"_wpcf7_unit_tag\" value=\"wpcf7-f11233-o1\" \/><input type=\"hidden\" name=\"_wpcf7_container_post\" value=\"0\" \/><input type=\"hidden\" name=\"_wpcf7_posted_data_hash\" value=\"\" \/><input type=\"hidden\" name=\"_wpcf7_recaptcha_response\" value=\"\" \/>\n<\/fieldset>\n<p><div class=\"row\"  id=\"row-551866295\"><br \/>\n\n\t<div id=\"col-1488294549\" class=\"col medium-6 small-12 large-6\"  >\n\t\t\t\t<div class=\"col-inner\"  >\n\t\t\t\n\t\t\t<br \/>\n<label> Pr\u00e9nom <span class=\"obligated\">*<\/span><br \/>\n<span class=\"wpcf7-form-control-wrap\" data-name=\"firstname\"><input size=\"40\" maxlength=\"400\" class=\"wpcf7-form-control wpcf7-text wpcf7-validates-as-required\" aria-required=\"true\" aria-invalid=\"false\" value=\"\" type=\"text\" name=\"firstname\" \/><\/span> <\/label><br \/>\n\t\t<\/div>\n\t\t\t\t\t<\/div>\n\n\t<br \/>\n\n\t<div id=\"col-601256177\" class=\"col medium-6 small-12 large-6\"  >\n\t\t\t\t<div class=\"col-inner\"  >\n\t\t\t\n\t\t\t<br \/>\n<label> Nom de famille <span class=\"obligated\">*<\/span><br \/>\n<span class=\"wpcf7-form-control-wrap\" data-name=\"lastname\"><input size=\"40\" maxlength=\"400\" class=\"wpcf7-form-control wpcf7-text wpcf7-validates-as-required\" aria-required=\"true\" aria-invalid=\"false\" value=\"\" type=\"text\" name=\"lastname\" \/><\/span> <\/label><br \/>\n\t\t<\/div>\n\t\t\t\t\t<\/div>\n\n\t<br \/>\n\n\t<div id=\"col-2063418860\" class=\"col medium-12 small-12 large-12\"  >\n\t\t\t\t<div class=\"col-inner\"  >\n\t\t\t\n\t\t\t\n<\/p>\n<p><label> E-mail <span class=\"obligated\">*<\/span><br \/>\n<span class=\"wpcf7-form-control-wrap\" data-name=\"be_fr_email\"><input size=\"40\" maxlength=\"400\" class=\"wpcf7-form-control wpcf7-email wpcf7-validates-as-required wpcf7-text wpcf7-validates-as-email\" aria-required=\"true\" aria-invalid=\"false\" value=\"\" type=\"email\" name=\"be_fr_email\" \/><\/span> <\/label>\n<\/p>\n<p><label> N\u00famero de t\u00e9l\u00e9phone<br \/>\n<span class=\"wpcf7-form-control-wrap\" data-name=\"phone\"><input size=\"40\" maxlength=\"400\" class=\"wpcf7-form-control wpcf7-text\" aria-invalid=\"false\" value=\"\" type=\"text\" name=\"phone\" \/><\/span> <\/label>\n<\/p>\n<p><label> Privacy <span class=\"obligated\">*<\/span><\/label><br \/>\n<span class=\"wpcf7-form-control-wrap\" data-name=\"privacy\"><span class=\"wpcf7-form-control wpcf7-acceptance\"><span class=\"wpcf7-list-item\"><label><input type=\"checkbox\" name=\"privacy\" value=\"1\" aria-invalid=\"false\" \/><span class=\"wpcf7-list-item-label\">En utilisant ce formulaire, vous acceptez notre <a target=\"_blank\" href=\"https:\/\/www.tyroremotes.be\/fr\/declaration-de-confidentialite\/\">d\u00e9claration de confidentialit\u00e9<\/a>.<\/span><\/label><\/span><\/span><\/span>\n<\/p>\n<p>\t<div id=\"gap-58948745\" class=\"gap-element clearfix\" style=\"display:block; height:auto;\">\n\t\t\n<style>\n#gap-58948745 {\n  padding-top: 30px;\n}\n<\/style>\n\t<\/div>\n\t<br \/>\n<input class=\"wpcf7-form-control wpcf7-submit has-spinner\" type=\"submit\" value=\"Recevoir la fiche produit\" \/><br \/>\n<input type=\"read-only\" class=\"current_url\" readonly name=\"source\" value=\"https:\/\/www.tyroremotes.be\/fr\/wp-json\/wp\/v2\/product\/9656\/\" \/><br \/>\n\t\t<\/div>\n\t\t\t\t\t<\/div>\n\n\t<br \/>\n<\/div>\n<\/p><div class=\"wpcf7-response-output\" aria-hidden=\"true\"><\/div>\n<\/form>\n<\/div>\n\t\t<\/div>\n\t\t\t\t\t<\/div>\n\n\t\r\n\r\n\n<style>\n#row-1745397685 > .col > .col-inner {\n  padding: 20px 20px 20px 20px;\n}\n<\/style>\n<\/div>\r\n\r\n\t\t<\/div>\n\n\t\t\n<style>\n#section_842122737 {\n  padding-top: 30px;\n  padding-bottom: 30px;\n  background-color: rgb(218, 218, 218);\n}\n<\/style>\n\t<\/section>\n\t\r\n\t<div id=\"gap-539526886\" class=\"gap-element clearfix\" style=\"display:block; height:auto;\">\n\t\t\n<style>\n#gap-539526886 {\n  padding-top: 30px;\n}\n<\/style>\n\t<\/div>\n\t\n<h2>Facile \u00e0 installer<\/h2>\n<p>L&rsquo;assemblage et l&rsquo;installation sont tr\u00e8s simples et rapides, notamment parce qu&rsquo;il est fourni avec un c\u00e2ble pr\u00e9-mont\u00e9 de 1,5 m\u00e8tre (2,5 m\u00e8tres pour les applications foresti\u00e8res). Cela facilite son montage sur une installation existante par exemple.<\/p>\n<h2>Un syst\u00e8me radio multifonctionnel<\/h2>\n<p>Les sorties de l&rsquo;Aquarius sont prot\u00e9g\u00e9es contre les surtensions et le courant excessif. Si cela est n\u00e9cessaire, nous pouvons vous proposer une interface pour une alimentation \u00e0 230V. Le r\u00e9cepteur industriel Aquarius fonctionne avec les \u00e9metteurs Tyo Musca, Sedna et Fornax Basic (standard) Pyxis ou Cetus (optionnel). Ce syst\u00e8me sans fil est id\u00e9ale pour les applications automobiles, industrielle, maritime, agricole et pour les infrastructures int\u00e9rieures.<\/p>\n<p>Le r\u00e9cepteur Aquarius est \u00e9quip\u00e9 par d\u00e9faut de 6 sorties (MOSFETs), en option nous proposons la version avec en plus 3 sorties et 2 entr\u00e9es relais. Si vous optez pour une communication en s\u00e9rie, vous avez le choix entre le protocole RS232 ou RS485.<\/p>\n","protected":false},"excerpt":{"rendered":"<div class=\"row row-small align-equal align-center\"  id=\"row-65956385\">\n\n\t<div id=\"col-515170852\" class=\"col medium-3 small-3 large-3\"  >\n\t\t\t\t<div class=\"col-inner\"  >\n\t\t\t\n\t\t\t<a href=\"#productsheet\"><img decoding=\"async\" class=\"aligncenter size-full wp-image-6959\" src=\"https:\/\/www.tyroremotes.nl\/wp-content\/uploads\/2015\/10\/download-pdf.png\" alt=\"download pdf\" width=\"58\" height=\"58\" \/><\/a>\t\t<\/div>\n\t\t\t\t\t<\/div>\n\n\t\n\t<div id=\"col-304148417\" class=\"col medium-3 small-3 large-3\"  >\n\t\t\t\t<div class=\"col-inner\"  >\n\t\t\t\n\t\t\t\t\t<\/div>\n\t\t\t\t\t<\/div>\n\n\t\n\t<div id=\"col-1125980937\" class=\"col medium-3 small-3 large-3\"  >\n\t\t\t\t<div class=\"col-inner\"  >\n\t\t\t\n\t\t\t<a title=\"Bekijk hoe u deze in kunt leren\" href=\"https:\/\/www.tyroremotes.nl\/service\/instructievideos\/wijzigen-van-configuratie-musca-aquarius\" target=\"_blank\" rel=\"noopener noreferrer\"><img decoding=\"async\" src=\"https:\/\/www.tyroremotes.nl\/wp-content\/uploads\/2015\/10\/watch-tutorial.png\" alt=\"inleren\" \/><\/a>\t\t<\/div>\n\t\t\t\t\t<\/div>\n\n\t\n\t<div id=\"col-505286443\" class=\"col medium-3 small-3 large-3\"  >\n\t\t\t\t<div class=\"col-inner\"  >\n\t\t\t\n\t\t\t<a href=\"#madeineu\"><img decoding=\"async\" src=\"https:\/\/www.tyroremotes.be\/wp-content\/uploads\/2018\/10\/made-in-eu-icon-fr.png\" \/><\/a>\r\n\t<div id=\"madeineu\"\n\t     class=\"lightbox-by-id lightbox-content mfp-hide lightbox-white \"\n\t     style=\"max-width:700px ;padding:20px\">\n\t\t\r\n<div class=\"row row-collapse row-full-width align-middle\"  id=\"row-1377254572\">\r\n\r\n\n\t<div id=\"col-783643505\" class=\"col medium-7 small-12 large-7\"  >\n\t\t\t\t<div class=\"col-inner text-left\"  >\n\t\t\t\n\t\t\t\r\n\r\n<img decoding=\"async\" src=\"https:\/\/www.tyroremotes.be\/wp-content\/uploads\/2015\/10\/made-in-eu-icon.png\" \/>\r\n\r\n\t\t<\/div>\n\t\t\t\t\n<style>\n#col-783643505 > .col-inner {\n  max-width: 520px;\n}\n<\/style>\n\t<\/div>\n\n\t\r\n\n\t<div id=\"col-1384859035\" class=\"col medium-5 small-12 large-5\"  >\n\t\t\t\t<div class=\"col-inner\"  >\n\t\t\t\n\t\t\t\r\n\r\n<h5 class=\"uppercase\">Fabriqu\u00e9 en Europe<\/h5><p>Toutes nos radiocommandes et  nos r\u00e9cepteurs sont con\u00e7us, d\u00e9velopp\u00e9s et produits en Europe.<\/p>\r\n\r\n\t\t<\/div>\n\t\t\t\t\t<\/div>\n\n\t\r\n<\/div>\r\n\t<\/div>\n\t\n\t\r\n\t\t<\/div>\n\t\t\t\t\t<\/div>\n\n\t<\/div>\n<ul>\n<li>R\u00e9cepteur en fonte, 100% \u00e9tanche (IP68)<\/li>\n<li>Autoris\u00e9 sur les voies publiques<\/li>\n<li>Programmation simultan\u00e9e standard jusqu&#039;\u00e0 54 \u00e9metteurs<\/li>\n<li>Tr\u00e8s rapide et simple d&#039;installation<\/li>\n<li>C\u00e2ble de 1,5 m\u00e8tres pr\u00e9-mont\u00e9<\/li>\n<li>230 Vac possible avec un\u00a0interface<\/li>\n<\/ul>\n","protected":false},"featured_media":8782,"comment_status":"closed","ping_status":"closed","template":"","meta":[],"product_brand":[],"product_cat":[277],"product_tag":[],"class_list":{"0":"post-9656","1":"product","2":"type-product","3":"status-publish","4":"has-post-thumbnail","6":"product_cat-recepteur-de-radio","8":"first","9":"instock","10":"shipping-taxable","11":"product-type-simple"},"yoast_head":"<!-- This site is optimized with the Yoast SEO plugin v27.5 - https:\/\/yoast.com\/product\/yoast-seo-wordpress\/ -->\n<title>Aquarius - r\u00e9cepteur \u00e9tanche \u00e0 l&#039;eau | Tyro Remotes<\/title>\n<meta name=\"description\" content=\"Pour diff\u00e9rentes applications o\u00f9 vous avez besoin d&#039;un r\u00e9cepteur et \u00e9metteur radio, l&#039;Aquarius est souvent la meilleure solution. Jetez un coup d&#039;\u0153il!\" \/>\n<meta name=\"robots\" content=\"index, follow, max-snippet:-1, max-image-preview:large, max-video-preview:-1\" \/>\n<link rel=\"canonical\" href=\"https:\/\/www.tyroremotes.be\/fr\/produit\/aquarius-6-ou-9-canaux\/\" \/>\n<meta property=\"og:locale\" content=\"fr_FR\" \/>\n<meta property=\"og:type\" content=\"article\" \/>\n<meta property=\"og:title\" content=\"Aquarius - r\u00e9cepteur \u00e9tanche \u00e0 l&#039;eau | Tyro Remotes\" \/>\n<meta property=\"og:description\" content=\"Pour diff\u00e9rentes applications o\u00f9 vous avez besoin d&#039;un r\u00e9cepteur et \u00e9metteur radio, l&#039;Aquarius est souvent la meilleure solution. Jetez un coup d&#039;\u0153il!\" \/>\n<meta property=\"og:url\" content=\"https:\/\/www.tyroremotes.be\/fr\/produit\/aquarius-6-ou-9-canaux\/\" \/>\n<meta property=\"og:site_name\" content=\"Tyro Remotes\" \/>\n<meta property=\"article:modified_time\" content=\"2020-04-20T13:14:14+00:00\" \/>\n<meta property=\"og:image\" content=\"https:\/\/www.tyroremotes.be\/wp-content\/uploads\/2015\/10\/Aquarius-Flex-1.jpg\" \/>\n\t<meta property=\"og:image:width\" content=\"800\" \/>\n\t<meta property=\"og:image:height\" content=\"800\" \/>\n\t<meta property=\"og:image:type\" content=\"image\/jpeg\" \/>\n<meta name=\"twitter:card\" content=\"summary_large_image\" \/>\n<meta name=\"twitter:site\" content=\"@TyroRemotesNL\" \/>\n<meta name=\"twitter:label1\" content=\"Dur\u00e9e de lecture est.\" \/>\n\t<meta name=\"twitter:data1\" content=\"1 minute\" \/>\n<script type=\"application\/ld+json\" class=\"yoast-schema-graph\">{\"@context\":\"https:\\\/\\\/schema.org\",\"@graph\":[{\"@type\":\"WebPage\",\"@id\":\"https:\\\/\\\/www.tyroremotes.be\\\/fr\\\/produit\\\/aquarius-6-ou-9-canaux\\\/\",\"url\":\"https:\\\/\\\/www.tyroremotes.be\\\/fr\\\/produit\\\/aquarius-6-ou-9-canaux\\\/\",\"name\":\"Aquarius - r\u00e9cepteur \u00e9tanche \u00e0 l'eau | Tyro Remotes\",\"isPartOf\":{\"@id\":\"https:\\\/\\\/www.tyroremotes.be\\\/#website\"},\"primaryImageOfPage\":{\"@id\":\"https:\\\/\\\/www.tyroremotes.be\\\/fr\\\/produit\\\/aquarius-6-ou-9-canaux\\\/#primaryimage\"},\"image\":{\"@id\":\"https:\\\/\\\/www.tyroremotes.be\\\/fr\\\/produit\\\/aquarius-6-ou-9-canaux\\\/#primaryimage\"},\"thumbnailUrl\":\"https:\\\/\\\/www.tyroremotes.be\\\/wp-content\\\/uploads\\\/2015\\\/10\\\/Aquarius-Flex-1.jpg\",\"datePublished\":\"2015-10-08T23:00:00+00:00\",\"dateModified\":\"2020-04-20T13:14:14+00:00\",\"description\":\"Pour diff\u00e9rentes applications o\u00f9 vous avez besoin d'un r\u00e9cepteur et \u00e9metteur radio, l'Aquarius est souvent la meilleure solution. Jetez un coup d'\u0153il!\",\"breadcrumb\":{\"@id\":\"https:\\\/\\\/www.tyroremotes.be\\\/fr\\\/produit\\\/aquarius-6-ou-9-canaux\\\/#breadcrumb\"},\"inLanguage\":\"fr-BE\",\"potentialAction\":[{\"@type\":\"ReadAction\",\"target\":[\"https:\\\/\\\/www.tyroremotes.be\\\/fr\\\/produit\\\/aquarius-6-ou-9-canaux\\\/\"]}]},{\"@type\":\"ImageObject\",\"inLanguage\":\"fr-BE\",\"@id\":\"https:\\\/\\\/www.tyroremotes.be\\\/fr\\\/produit\\\/aquarius-6-ou-9-canaux\\\/#primaryimage\",\"url\":\"https:\\\/\\\/www.tyroremotes.be\\\/wp-content\\\/uploads\\\/2015\\\/10\\\/Aquarius-Flex-1.jpg\",\"contentUrl\":\"https:\\\/\\\/www.tyroremotes.be\\\/wp-content\\\/uploads\\\/2015\\\/10\\\/Aquarius-Flex-1.jpg\",\"width\":800,\"height\":800},{\"@type\":\"BreadcrumbList\",\"@id\":\"https:\\\/\\\/www.tyroremotes.be\\\/fr\\\/produit\\\/aquarius-6-ou-9-canaux\\\/#breadcrumb\",\"itemListElement\":[{\"@type\":\"ListItem\",\"position\":1,\"name\":\"Home\",\"item\":\"https:\\\/\\\/www.tyroremotes.be\\\/fr\\\/\"},{\"@type\":\"ListItem\",\"position\":2,\"name\":\"Winkel\",\"item\":\"https:\\\/\\\/www.tyroremotes.be\\\/winkel\\\/\"},{\"@type\":\"ListItem\",\"position\":3,\"name\":\"R\u00e9cepteurs\",\"item\":\"https:\\\/\\\/www.tyroremotes.be\\\/fr\\\/pcat\\\/recepteur-de-radio\\\/\"},{\"@type\":\"ListItem\",\"position\":4,\"name\":\"Aquarius | 6 ou 9 canaux\"}]},{\"@type\":\"WebSite\",\"@id\":\"https:\\\/\\\/www.tyroremotes.be\\\/#website\",\"url\":\"https:\\\/\\\/www.tyroremotes.be\\\/\",\"name\":\"Tyro Remotes\",\"description\":\"\",\"potentialAction\":[{\"@type\":\"SearchAction\",\"target\":{\"@type\":\"EntryPoint\",\"urlTemplate\":\"https:\\\/\\\/www.tyroremotes.be\\\/?s={search_term_string}\"},\"query-input\":{\"@type\":\"PropertyValueSpecification\",\"valueRequired\":true,\"valueName\":\"search_term_string\"}}],\"inLanguage\":\"fr-BE\"}]}<\/script>\n<!-- \/ Yoast SEO plugin. -->","yoast_head_json":{"title":"Aquarius - r\u00e9cepteur \u00e9tanche \u00e0 l'eau | Tyro Remotes","description":"Pour diff\u00e9rentes applications o\u00f9 vous avez besoin d'un r\u00e9cepteur et \u00e9metteur radio, l'Aquarius est souvent la meilleure solution. Jetez un coup d'\u0153il!","robots":{"index":"index","follow":"follow","max-snippet":"max-snippet:-1","max-image-preview":"max-image-preview:large","max-video-preview":"max-video-preview:-1"},"canonical":"https:\/\/www.tyroremotes.be\/fr\/produit\/aquarius-6-ou-9-canaux\/","og_locale":"fr_FR","og_type":"article","og_title":"Aquarius - r\u00e9cepteur \u00e9tanche \u00e0 l'eau | Tyro Remotes","og_description":"Pour diff\u00e9rentes applications o\u00f9 vous avez besoin d'un r\u00e9cepteur et \u00e9metteur radio, l'Aquarius est souvent la meilleure solution. Jetez un coup d'\u0153il!","og_url":"https:\/\/www.tyroremotes.be\/fr\/produit\/aquarius-6-ou-9-canaux\/","og_site_name":"Tyro Remotes","article_modified_time":"2020-04-20T13:14:14+00:00","og_image":[{"width":800,"height":800,"url":"https:\/\/www.tyroremotes.be\/wp-content\/uploads\/2015\/10\/Aquarius-Flex-1.jpg","type":"image\/jpeg"}],"twitter_card":"summary_large_image","twitter_site":"@TyroRemotesNL","twitter_misc":{"Dur\u00e9e de lecture est.":"1 minute"},"schema":{"@context":"https:\/\/schema.org","@graph":[{"@type":"WebPage","@id":"https:\/\/www.tyroremotes.be\/fr\/produit\/aquarius-6-ou-9-canaux\/","url":"https:\/\/www.tyroremotes.be\/fr\/produit\/aquarius-6-ou-9-canaux\/","name":"Aquarius - r\u00e9cepteur \u00e9tanche \u00e0 l'eau | Tyro Remotes","isPartOf":{"@id":"https:\/\/www.tyroremotes.be\/#website"},"primaryImageOfPage":{"@id":"https:\/\/www.tyroremotes.be\/fr\/produit\/aquarius-6-ou-9-canaux\/#primaryimage"},"image":{"@id":"https:\/\/www.tyroremotes.be\/fr\/produit\/aquarius-6-ou-9-canaux\/#primaryimage"},"thumbnailUrl":"https:\/\/www.tyroremotes.be\/wp-content\/uploads\/2015\/10\/Aquarius-Flex-1.jpg","datePublished":"2015-10-08T23:00:00+00:00","dateModified":"2020-04-20T13:14:14+00:00","description":"Pour diff\u00e9rentes applications o\u00f9 vous avez besoin d'un r\u00e9cepteur et \u00e9metteur radio, l'Aquarius est souvent la meilleure solution. Jetez un coup d'\u0153il!","breadcrumb":{"@id":"https:\/\/www.tyroremotes.be\/fr\/produit\/aquarius-6-ou-9-canaux\/#breadcrumb"},"inLanguage":"fr-BE","potentialAction":[{"@type":"ReadAction","target":["https:\/\/www.tyroremotes.be\/fr\/produit\/aquarius-6-ou-9-canaux\/"]}]},{"@type":"ImageObject","inLanguage":"fr-BE","@id":"https:\/\/www.tyroremotes.be\/fr\/produit\/aquarius-6-ou-9-canaux\/#primaryimage","url":"https:\/\/www.tyroremotes.be\/wp-content\/uploads\/2015\/10\/Aquarius-Flex-1.jpg","contentUrl":"https:\/\/www.tyroremotes.be\/wp-content\/uploads\/2015\/10\/Aquarius-Flex-1.jpg","width":800,"height":800},{"@type":"BreadcrumbList","@id":"https:\/\/www.tyroremotes.be\/fr\/produit\/aquarius-6-ou-9-canaux\/#breadcrumb","itemListElement":[{"@type":"ListItem","position":1,"name":"Home","item":"https:\/\/www.tyroremotes.be\/fr\/"},{"@type":"ListItem","position":2,"name":"Winkel","item":"https:\/\/www.tyroremotes.be\/winkel\/"},{"@type":"ListItem","position":3,"name":"R\u00e9cepteurs","item":"https:\/\/www.tyroremotes.be\/fr\/pcat\/recepteur-de-radio\/"},{"@type":"ListItem","position":4,"name":"Aquarius | 6 ou 9 canaux"}]},{"@type":"WebSite","@id":"https:\/\/www.tyroremotes.be\/#website","url":"https:\/\/www.tyroremotes.be\/","name":"Tyro Remotes","description":"","potentialAction":[{"@type":"SearchAction","target":{"@type":"EntryPoint","urlTemplate":"https:\/\/www.tyroremotes.be\/?s={search_term_string}"},"query-input":{"@type":"PropertyValueSpecification","valueRequired":true,"valueName":"search_term_string"}}],"inLanguage":"fr-BE"}]}},"_links":{"self":[{"href":"https:\/\/www.tyroremotes.be\/fr\/wp-json\/wp\/v2\/product\/9656","targetHints":{"allow":["GET"]}}],"collection":[{"href":"https:\/\/www.tyroremotes.be\/fr\/wp-json\/wp\/v2\/product"}],"about":[{"href":"https:\/\/www.tyroremotes.be\/fr\/wp-json\/wp\/v2\/types\/product"}],"replies":[{"embeddable":true,"href":"https:\/\/www.tyroremotes.be\/fr\/wp-json\/wp\/v2\/comments?post=9656"}],"wp:featuredmedia":[{"embeddable":true,"href":"https:\/\/www.tyroremotes.be\/fr\/wp-json\/wp\/v2\/media\/8782"}],"wp:attachment":[{"href":"https:\/\/www.tyroremotes.be\/fr\/wp-json\/wp\/v2\/media?parent=9656"}],"wp:term":[{"taxonomy":"product_brand","embeddable":true,"href":"https:\/\/www.tyroremotes.be\/fr\/wp-json\/wp\/v2\/product_brand?post=9656"},{"taxonomy":"product_cat","embeddable":true,"href":"https:\/\/www.tyroremotes.be\/fr\/wp-json\/wp\/v2\/product_cat?post=9656"},{"taxonomy":"product_tag","embeddable":true,"href":"https:\/\/www.tyroremotes.be\/fr\/wp-json\/wp\/v2\/product_tag?post=9656"}],"curies":[{"name":"wp","href":"https:\/\/api.w.org\/{rel}","templated":true}]}}