{"id":9655,"date":"2015-10-09T00:00:00","date_gmt":"2015-10-08T23:00:00","guid":{"rendered":"https:\/\/www.tyroremotes.be\/product\/hydrus-2-uitgangen\/"},"modified":"2020-04-20T14:02:31","modified_gmt":"2020-04-20T13:02:31","slug":"hydrus-a-2-canaux","status":"publish","type":"product","link":"https:\/\/www.tyroremotes.be\/fr\/produit\/hydrus-a-2-canaux\/","title":{"rendered":"Hydrus | \u00e0 2 canaux"},"content":{"rendered":"<h2>Hydrus: robuste, compact et \u00e9tanche<\/h2>\n<p>Avec le Hydrus, nous revenons au basic. Ce <a href=\"https:\/\/www.tyroremotes.be\/fr\/pcat\/recepteur-de-radio\">r\u00e9cepteur radio<\/a> compact est la quintessence de la simplicit\u00e9 et de la haute technologie. Le bo\u00eetier moul\u00e9 en r\u00e9sine rend l&rsquo;Hydrus 100% \u00e9tanche (IP 68) et offre une protection optimale contre les agressions ext\u00e9rieures telles que l&rsquo;humidit\u00e9, la salet\u00e9 et la poussi\u00e8re. Les vibrations et les chocs sont amorties par le bo\u00eetier.<br \/>\n<span class=\"scroll-to\" data-label=\"Scroll to: #productsheet\" data-bullet=\"false\" data-link=\"#productsheet\" data-title=\"Change this\" ><a name=\"productsheet\"><\/a><\/span>\r\n\r\n\t<section class=\"section\" id=\"section_107173576\">\n\t\t<div class=\"bg section-bg fill bg-fill bg-loaded bg-loaded\" >\n\n\t\t\t\n\t\t\t\n\t\t\t\n\n\t\t<\/div>\n\n\t\t\n\n\t\t<div class=\"section-content relative\">\n\t\t\t\r\n\r\n<div class=\"row align-center\"  id=\"row-1516986971\">\r\n\r\n\n\t<div id=\"col-305318565\" class=\"col medium-8 small-12 large-8\"  >\n\t\t\t\t<div class=\"col-inner\"  >\n\t\t\t\n\t\t\t\r\n\t<div id=\"gap-71685388\" class=\"gap-element clearfix\" style=\"display:block; height:auto;\">\n\t\t\n<style>\n#gap-71685388 {\n  padding-top: 30px;\n}\n<\/style>\n\t<\/div>\n\t\r\n<h3>Recevoir la fiche produit directement par e-mail<\/h3>\r\n\n<div class=\"wpcf7 no-js\" id=\"wpcf7-f11233-o1\" lang=\"nl-NL\" dir=\"ltr\" data-wpcf7-id=\"11233\">\n<div class=\"screen-reader-response\"><p role=\"status\" aria-live=\"polite\" aria-atomic=\"true\"><\/p> <ul><\/ul><\/div>\n<form action=\"\/fr\/wp-json\/wp\/v2\/product\/9655#wpcf7-f11233-o1\" method=\"post\" class=\"wpcf7-form init wpcf7-acceptance-as-validation\" aria-label=\"Contactformulier\" novalidate=\"novalidate\" data-status=\"init\">\n<fieldset class=\"hidden-fields-container\"><input type=\"hidden\" name=\"_wpcf7\" value=\"11233\" \/><input type=\"hidden\" name=\"_wpcf7_version\" value=\"6.1.5\" \/><input type=\"hidden\" name=\"_wpcf7_locale\" value=\"nl_NL\" \/><input type=\"hidden\" name=\"_wpcf7_unit_tag\" value=\"wpcf7-f11233-o1\" \/><input type=\"hidden\" name=\"_wpcf7_container_post\" value=\"0\" \/><input type=\"hidden\" name=\"_wpcf7_posted_data_hash\" value=\"\" \/><input type=\"hidden\" name=\"_wpcf7_recaptcha_response\" value=\"\" \/>\n<\/fieldset>\n<p><div class=\"row\"  id=\"row-1016362893\"><br \/>\n\n\t<div id=\"col-1166833603\" class=\"col medium-6 small-12 large-6\"  >\n\t\t\t\t<div class=\"col-inner\"  >\n\t\t\t\n\t\t\t<br \/>\n<label> Pr\u00e9nom <span class=\"obligated\">*<\/span><br \/>\n<span class=\"wpcf7-form-control-wrap\" data-name=\"firstname\"><input size=\"40\" maxlength=\"400\" class=\"wpcf7-form-control wpcf7-text wpcf7-validates-as-required\" aria-required=\"true\" aria-invalid=\"false\" value=\"\" type=\"text\" name=\"firstname\" \/><\/span> <\/label><br \/>\n\t\t<\/div>\n\t\t\t\t\t<\/div>\n\n\t<br \/>\n\n\t<div id=\"col-1506894672\" class=\"col medium-6 small-12 large-6\"  >\n\t\t\t\t<div class=\"col-inner\"  >\n\t\t\t\n\t\t\t<br \/>\n<label> Nom de famille <span class=\"obligated\">*<\/span><br \/>\n<span class=\"wpcf7-form-control-wrap\" data-name=\"lastname\"><input size=\"40\" maxlength=\"400\" class=\"wpcf7-form-control wpcf7-text wpcf7-validates-as-required\" aria-required=\"true\" aria-invalid=\"false\" value=\"\" type=\"text\" name=\"lastname\" \/><\/span> <\/label><br \/>\n\t\t<\/div>\n\t\t\t\t\t<\/div>\n\n\t<br \/>\n\n\t<div id=\"col-1917042150\" class=\"col medium-12 small-12 large-12\"  >\n\t\t\t\t<div class=\"col-inner\"  >\n\t\t\t\n\t\t\t\n<\/p>\n<p><label> E-mail <span class=\"obligated\">*<\/span><br \/>\n<span class=\"wpcf7-form-control-wrap\" data-name=\"be_fr_email\"><input size=\"40\" maxlength=\"400\" class=\"wpcf7-form-control wpcf7-email wpcf7-validates-as-required wpcf7-text wpcf7-validates-as-email\" aria-required=\"true\" aria-invalid=\"false\" value=\"\" type=\"email\" name=\"be_fr_email\" \/><\/span> <\/label>\n<\/p>\n<p><label> N\u00famero de t\u00e9l\u00e9phone<br \/>\n<span class=\"wpcf7-form-control-wrap\" data-name=\"phone\"><input size=\"40\" maxlength=\"400\" class=\"wpcf7-form-control wpcf7-text\" aria-invalid=\"false\" value=\"\" type=\"text\" name=\"phone\" \/><\/span> <\/label>\n<\/p>\n<p><label> Privacy <span class=\"obligated\">*<\/span><\/label><br \/>\n<span class=\"wpcf7-form-control-wrap\" data-name=\"privacy\"><span class=\"wpcf7-form-control wpcf7-acceptance\"><span class=\"wpcf7-list-item\"><label><input type=\"checkbox\" name=\"privacy\" value=\"1\" aria-invalid=\"false\" \/><span class=\"wpcf7-list-item-label\">En utilisant ce formulaire, vous acceptez notre <a target=\"_blank\" href=\"https:\/\/www.tyroremotes.be\/fr\/declaration-de-confidentialite\/\">d\u00e9claration de confidentialit\u00e9<\/a>.<\/span><\/label><\/span><\/span><\/span>\n<\/p>\n<p>\t<div id=\"gap-1301916077\" class=\"gap-element clearfix\" style=\"display:block; height:auto;\">\n\t\t\n<style>\n#gap-1301916077 {\n  padding-top: 30px;\n}\n<\/style>\n\t<\/div>\n\t<br \/>\n<input class=\"wpcf7-form-control wpcf7-submit has-spinner\" type=\"submit\" value=\"Recevoir la fiche produit\" \/><br \/>\n<input type=\"read-only\" class=\"current_url\" readonly name=\"source\" value=\"https:\/\/www.tyroremotes.be\/fr\/wp-json\/wp\/v2\/product\/9655\/\" \/><br \/>\n\t\t<\/div>\n\t\t\t\t\t<\/div>\n\n\t<br \/>\n<\/div>\n<\/p><div class=\"wpcf7-response-output\" aria-hidden=\"true\"><\/div>\n<\/form>\n<\/div>\n\t\t<\/div>\n\t\t\t\t\t<\/div>\n\n\t\r\n\r\n\n<style>\n#row-1516986971 > .col > .col-inner {\n  padding: 20px 20px 20px 20px;\n}\n<\/style>\n<\/div>\r\n\r\n\t\t<\/div>\n\n\t\t\n<style>\n#section_107173576 {\n  padding-top: 30px;\n  padding-bottom: 30px;\n  background-color: rgb(218, 218, 218);\n}\n<\/style>\n\t<\/section>\n\t\r\n\t<div id=\"gap-769544216\" class=\"gap-element clearfix\" style=\"display:block; height:auto;\">\n\t\t\n<style>\n#gap-769544216 {\n  padding-top: 30px;\n}\n<\/style>\n\t<\/div>\n\t\n<h2>Installation facile et rapide<\/h2>\n<p>Le c\u00e2blage et l&rsquo;installation sont faciles et rapides \u00e0 effectuer gr\u00e2ce au c\u00e2ble de 1.5 m\u00e8tre \u00e9quip\u00e9 sur le r\u00e9cepteur. Cela rend l&rsquo;Hydrus tr\u00e8s appropri\u00e9 \u00e0 monter sur les installations existantes ou sur les v\u00e9hicules.<\/p>\n<h2>Syst\u00e8me de commande sans fil pour des applications simples<\/h2>\n<p>Les sorties de l&rsquo; Hydrus sont prot\u00e9g\u00e9es contre les surtensions. Si n\u00e9cessaire, il peut \u00eatre utilis\u00e9 avec une alimentation de 230V en utilisant une interface (disponible en option). En l&rsquo;associant \u00e0 l&rsquo;\u00e9metteur Lyra 2F , l&rsquo;Hydrus devient le syst\u00e8me de commande sans fil id\u00e9al pour les applications simples tels que <a href=\"https:\/\/www.tyroremotes.be\/fr\/projets\/maritime-fr\/le-plus-grand-navire-au-monde-utilise-les-telecommandes-tyro\">les treuils<\/a>, <a href=\"https:\/\/www.tyroremotes.be\/fr\/projets\/agriculture-fr\/horticulture\/pompe-eau-usee-equipee-dune-telecommande-tyro\">pompes<\/a>, vannes&#8230;<\/p>\n","protected":false},"excerpt":{"rendered":"<div class=\"row row-small align-equal align-center\"  id=\"row-252392548\">\n\t<div id=\"col-1623634690\" class=\"col medium-3 small-3 large-3\"  >\n\t\t\t\t<div class=\"col-inner\"  >\n\t\t\t\n\t\t\t<a title=\"Download la fiche produit\" href=\"#productsheet\"><img decoding=\"async\" src=\"https:\/\/www.tyroremotes.be\/wp-content\/uploads\/2015\/10\/download-pdf.png\" \/><\/a>\t\t<\/div>\n\t\t\t\t\t<\/div>\n\n\t\n\t<div id=\"col-805023680\" class=\"col medium-3 small-3 large-3\"  >\n\t\t\t\t<div class=\"col-inner\"  >\n\t\t\t\n\t\t\t<a href=\"#hydrus\"><img decoding=\"async\" src=\"https:\/\/www.tyroremotes.be\/wp-content\/uploads\/2015\/10\/view-360.png\" alt=\"360 view\" \/><\/a>\t\t<\/div>\n\t\t\t\t\t<\/div>\n\n\t\n\t<div id=\"col-1946691970\" class=\"col medium-3 small-3 large-3\"  >\n\t\t\t\t<div class=\"col-inner\"  >\n\t\t\t\n\t\t\t<a href=\"https:\/\/www.tyroremotes.be\/fr\/support\/videos-de-programmation\/programmation-lyra-hydrus\/\"><img decoding=\"async\" class=\"alignnone size-full wp-image-5588\" src=\"https:\/\/www.tyroremotes.be\/wp-content\/uploads\/2015\/10\/watch-tutorial.png\" alt=\"icon video\" width=\"58\" height=\"58\" \/><\/a>\t\t<\/div>\n\t\t\t\t\t<\/div>\n\n\t\n\t<div id=\"col-1965713433\" class=\"col medium-3 small-3 large-3\"  >\n\t\t\t\t<div class=\"col-inner\"  >\n\t\t\t\n\t\t\t<a href=\"#madeineu\"><img decoding=\"async\" src=\"https:\/\/www.tyroremotes.be\/wp-content\/uploads\/2018\/10\/made-in-eu-icon-fr.png\" \/><\/a>\r\n\t<div id=\"madeineu\"\n\t     class=\"lightbox-by-id lightbox-content mfp-hide lightbox-white \"\n\t     style=\"max-width:700px ;padding:20px\">\n\t\t\r\n<div class=\"row row-collapse row-full-width align-middle\"  id=\"row-1062345474\">\r\n\r\n\n\t<div id=\"col-674761323\" class=\"col medium-7 small-12 large-7\"  >\n\t\t\t\t<div class=\"col-inner text-left\"  >\n\t\t\t\n\t\t\t\r\n\r\n<img decoding=\"async\" src=\"https:\/\/www.tyroremotes.be\/wp-content\/uploads\/2015\/10\/made-in-eu-icon.png\" \/>\r\n\r\n\t\t<\/div>\n\t\t\t\t\n<style>\n#col-674761323 > .col-inner {\n  max-width: 520px;\n}\n<\/style>\n\t<\/div>\n\n\t\r\n\n\t<div id=\"col-45246835\" class=\"col medium-5 small-12 large-5\"  >\n\t\t\t\t<div class=\"col-inner\"  >\n\t\t\t\n\t\t\t\r\n\r\n<h5 class=\"uppercase\">Fabriqu\u00e9 en Europe<\/h5><p>Toutes nos radiocommandes et  nos r\u00e9cepteurs sont con\u00e7us, d\u00e9velopp\u00e9s et produits en Europe.<\/p>\r\n\r\n\t\t<\/div>\n\t\t\t\t\t<\/div>\n\n\t\r\n<\/div>\r\n\t<\/div>\n\t\n\t\r\n\t\t<\/div>\n\t\t\t\t\t<\/div>\n\n\t<\/div>\n<ul>\n<li>R\u00e9cepteur en r\u00e9sine pleine , 100% \u00e9tanche (IP68)<\/li>\n<li>Autoris\u00e9 sur les voies publiques<\/li>\n<li>Programmation simultan\u00e9e standard jusqu&rsquo;\u00e0 54 \u00e9metteurs<\/li>\n<li>Tr\u00e8s rapide et simple d&rsquo;installation<\/li>\n<li>230 Vac possible avec un interface<\/li>\n<\/ul>\n","protected":false},"featured_media":8780,"comment_status":"closed","ping_status":"closed","template":"","meta":[],"product_brand":[],"product_cat":[277],"product_tag":[],"class_list":{"0":"post-9655","1":"product","2":"type-product","3":"status-publish","4":"has-post-thumbnail","6":"product_cat-recepteur-de-radio","8":"first","9":"instock","10":"shipping-taxable","11":"product-type-simple"},"yoast_head":"<!-- This site is optimized with the Yoast SEO plugin v27.5 - https:\/\/yoast.com\/product\/yoast-seo-wordpress\/ -->\n<title>Hydrus - r\u00e9cepteur compact et \u00e9tanche \u00e0 l&#039;eau | Tyro Remotes<\/title>\n<meta name=\"description\" content=\"Un r\u00e9cepteur \u00e9tanche \u00e0 l&#039;eau combin\u00e9 avec nos t\u00e9l\u00e9commandes industrielles. Plug &amp; play; standard pour 868Mhz (plusieurs fr\u00e9quences possibles).\" \/>\n<meta name=\"robots\" content=\"index, follow, max-snippet:-1, max-image-preview:large, max-video-preview:-1\" \/>\n<link rel=\"canonical\" href=\"https:\/\/www.tyroremotes.be\/fr\/produit\/hydrus-a-2-canaux\/\" \/>\n<meta property=\"og:locale\" content=\"fr_FR\" \/>\n<meta property=\"og:type\" content=\"article\" \/>\n<meta property=\"og:title\" content=\"Hydrus - r\u00e9cepteur compact et \u00e9tanche \u00e0 l&#039;eau | Tyro Remotes\" \/>\n<meta property=\"og:description\" content=\"Un r\u00e9cepteur \u00e9tanche \u00e0 l&#039;eau combin\u00e9 avec nos t\u00e9l\u00e9commandes industrielles. Plug &amp; play; standard pour 868Mhz (plusieurs fr\u00e9quences possibles).\" \/>\n<meta property=\"og:url\" content=\"https:\/\/www.tyroremotes.be\/fr\/produit\/hydrus-a-2-canaux\/\" \/>\n<meta property=\"og:site_name\" content=\"Tyro Remotes\" \/>\n<meta property=\"article:modified_time\" content=\"2020-04-20T13:02:31+00:00\" \/>\n<meta property=\"og:image\" content=\"https:\/\/www.tyroremotes.be\/wp-content\/uploads\/2015\/10\/hydrus-ontvanger.jpg\" \/>\n\t<meta property=\"og:image:width\" content=\"800\" \/>\n\t<meta property=\"og:image:height\" content=\"800\" \/>\n\t<meta property=\"og:image:type\" content=\"image\/jpeg\" \/>\n<meta name=\"twitter:card\" content=\"summary_large_image\" \/>\n<meta name=\"twitter:site\" content=\"@TyroRemotesNL\" \/>\n<meta name=\"twitter:label1\" content=\"Dur\u00e9e de lecture est.\" \/>\n\t<meta name=\"twitter:data1\" content=\"1 minute\" \/>\n<script type=\"application\/ld+json\" class=\"yoast-schema-graph\">{\"@context\":\"https:\\\/\\\/schema.org\",\"@graph\":[{\"@type\":\"WebPage\",\"@id\":\"https:\\\/\\\/www.tyroremotes.be\\\/fr\\\/produit\\\/hydrus-a-2-canaux\\\/\",\"url\":\"https:\\\/\\\/www.tyroremotes.be\\\/fr\\\/produit\\\/hydrus-a-2-canaux\\\/\",\"name\":\"Hydrus - r\u00e9cepteur compact et \u00e9tanche \u00e0 l'eau | Tyro Remotes\",\"isPartOf\":{\"@id\":\"https:\\\/\\\/www.tyroremotes.be\\\/#website\"},\"primaryImageOfPage\":{\"@id\":\"https:\\\/\\\/www.tyroremotes.be\\\/fr\\\/produit\\\/hydrus-a-2-canaux\\\/#primaryimage\"},\"image\":{\"@id\":\"https:\\\/\\\/www.tyroremotes.be\\\/fr\\\/produit\\\/hydrus-a-2-canaux\\\/#primaryimage\"},\"thumbnailUrl\":\"https:\\\/\\\/www.tyroremotes.be\\\/wp-content\\\/uploads\\\/2015\\\/10\\\/hydrus-ontvanger.jpg\",\"datePublished\":\"2015-10-08T23:00:00+00:00\",\"dateModified\":\"2020-04-20T13:02:31+00:00\",\"description\":\"Un r\u00e9cepteur \u00e9tanche \u00e0 l'eau combin\u00e9 avec nos t\u00e9l\u00e9commandes industrielles. Plug & play; standard pour 868Mhz (plusieurs fr\u00e9quences possibles).\",\"breadcrumb\":{\"@id\":\"https:\\\/\\\/www.tyroremotes.be\\\/fr\\\/produit\\\/hydrus-a-2-canaux\\\/#breadcrumb\"},\"inLanguage\":\"fr-BE\",\"potentialAction\":[{\"@type\":\"ReadAction\",\"target\":[\"https:\\\/\\\/www.tyroremotes.be\\\/fr\\\/produit\\\/hydrus-a-2-canaux\\\/\"]}]},{\"@type\":\"ImageObject\",\"inLanguage\":\"fr-BE\",\"@id\":\"https:\\\/\\\/www.tyroremotes.be\\\/fr\\\/produit\\\/hydrus-a-2-canaux\\\/#primaryimage\",\"url\":\"https:\\\/\\\/www.tyroremotes.be\\\/wp-content\\\/uploads\\\/2015\\\/10\\\/hydrus-ontvanger.jpg\",\"contentUrl\":\"https:\\\/\\\/www.tyroremotes.be\\\/wp-content\\\/uploads\\\/2015\\\/10\\\/hydrus-ontvanger.jpg\",\"width\":800,\"height\":800},{\"@type\":\"BreadcrumbList\",\"@id\":\"https:\\\/\\\/www.tyroremotes.be\\\/fr\\\/produit\\\/hydrus-a-2-canaux\\\/#breadcrumb\",\"itemListElement\":[{\"@type\":\"ListItem\",\"position\":1,\"name\":\"Home\",\"item\":\"https:\\\/\\\/www.tyroremotes.be\\\/fr\\\/\"},{\"@type\":\"ListItem\",\"position\":2,\"name\":\"Winkel\",\"item\":\"https:\\\/\\\/www.tyroremotes.be\\\/winkel\\\/\"},{\"@type\":\"ListItem\",\"position\":3,\"name\":\"R\u00e9cepteurs\",\"item\":\"https:\\\/\\\/www.tyroremotes.be\\\/fr\\\/pcat\\\/recepteur-de-radio\\\/\"},{\"@type\":\"ListItem\",\"position\":4,\"name\":\"Hydrus | \u00e0 2 canaux\"}]},{\"@type\":\"WebSite\",\"@id\":\"https:\\\/\\\/www.tyroremotes.be\\\/#website\",\"url\":\"https:\\\/\\\/www.tyroremotes.be\\\/\",\"name\":\"Tyro Remotes\",\"description\":\"\",\"potentialAction\":[{\"@type\":\"SearchAction\",\"target\":{\"@type\":\"EntryPoint\",\"urlTemplate\":\"https:\\\/\\\/www.tyroremotes.be\\\/?s={search_term_string}\"},\"query-input\":{\"@type\":\"PropertyValueSpecification\",\"valueRequired\":true,\"valueName\":\"search_term_string\"}}],\"inLanguage\":\"fr-BE\"}]}<\/script>\n<!-- \/ Yoast SEO plugin. -->","yoast_head_json":{"title":"Hydrus - r\u00e9cepteur compact et \u00e9tanche \u00e0 l'eau | Tyro Remotes","description":"Un r\u00e9cepteur \u00e9tanche \u00e0 l'eau combin\u00e9 avec nos t\u00e9l\u00e9commandes industrielles. Plug & play; standard pour 868Mhz (plusieurs fr\u00e9quences possibles).","robots":{"index":"index","follow":"follow","max-snippet":"max-snippet:-1","max-image-preview":"max-image-preview:large","max-video-preview":"max-video-preview:-1"},"canonical":"https:\/\/www.tyroremotes.be\/fr\/produit\/hydrus-a-2-canaux\/","og_locale":"fr_FR","og_type":"article","og_title":"Hydrus - r\u00e9cepteur compact et \u00e9tanche \u00e0 l'eau | Tyro Remotes","og_description":"Un r\u00e9cepteur \u00e9tanche \u00e0 l'eau combin\u00e9 avec nos t\u00e9l\u00e9commandes industrielles. Plug & play; standard pour 868Mhz (plusieurs fr\u00e9quences possibles).","og_url":"https:\/\/www.tyroremotes.be\/fr\/produit\/hydrus-a-2-canaux\/","og_site_name":"Tyro Remotes","article_modified_time":"2020-04-20T13:02:31+00:00","og_image":[{"width":800,"height":800,"url":"https:\/\/www.tyroremotes.be\/wp-content\/uploads\/2015\/10\/hydrus-ontvanger.jpg","type":"image\/jpeg"}],"twitter_card":"summary_large_image","twitter_site":"@TyroRemotesNL","twitter_misc":{"Dur\u00e9e de lecture est.":"1 minute"},"schema":{"@context":"https:\/\/schema.org","@graph":[{"@type":"WebPage","@id":"https:\/\/www.tyroremotes.be\/fr\/produit\/hydrus-a-2-canaux\/","url":"https:\/\/www.tyroremotes.be\/fr\/produit\/hydrus-a-2-canaux\/","name":"Hydrus - r\u00e9cepteur compact et \u00e9tanche \u00e0 l'eau | Tyro Remotes","isPartOf":{"@id":"https:\/\/www.tyroremotes.be\/#website"},"primaryImageOfPage":{"@id":"https:\/\/www.tyroremotes.be\/fr\/produit\/hydrus-a-2-canaux\/#primaryimage"},"image":{"@id":"https:\/\/www.tyroremotes.be\/fr\/produit\/hydrus-a-2-canaux\/#primaryimage"},"thumbnailUrl":"https:\/\/www.tyroremotes.be\/wp-content\/uploads\/2015\/10\/hydrus-ontvanger.jpg","datePublished":"2015-10-08T23:00:00+00:00","dateModified":"2020-04-20T13:02:31+00:00","description":"Un r\u00e9cepteur \u00e9tanche \u00e0 l'eau combin\u00e9 avec nos t\u00e9l\u00e9commandes industrielles. Plug & play; standard pour 868Mhz (plusieurs fr\u00e9quences possibles).","breadcrumb":{"@id":"https:\/\/www.tyroremotes.be\/fr\/produit\/hydrus-a-2-canaux\/#breadcrumb"},"inLanguage":"fr-BE","potentialAction":[{"@type":"ReadAction","target":["https:\/\/www.tyroremotes.be\/fr\/produit\/hydrus-a-2-canaux\/"]}]},{"@type":"ImageObject","inLanguage":"fr-BE","@id":"https:\/\/www.tyroremotes.be\/fr\/produit\/hydrus-a-2-canaux\/#primaryimage","url":"https:\/\/www.tyroremotes.be\/wp-content\/uploads\/2015\/10\/hydrus-ontvanger.jpg","contentUrl":"https:\/\/www.tyroremotes.be\/wp-content\/uploads\/2015\/10\/hydrus-ontvanger.jpg","width":800,"height":800},{"@type":"BreadcrumbList","@id":"https:\/\/www.tyroremotes.be\/fr\/produit\/hydrus-a-2-canaux\/#breadcrumb","itemListElement":[{"@type":"ListItem","position":1,"name":"Home","item":"https:\/\/www.tyroremotes.be\/fr\/"},{"@type":"ListItem","position":2,"name":"Winkel","item":"https:\/\/www.tyroremotes.be\/winkel\/"},{"@type":"ListItem","position":3,"name":"R\u00e9cepteurs","item":"https:\/\/www.tyroremotes.be\/fr\/pcat\/recepteur-de-radio\/"},{"@type":"ListItem","position":4,"name":"Hydrus | \u00e0 2 canaux"}]},{"@type":"WebSite","@id":"https:\/\/www.tyroremotes.be\/#website","url":"https:\/\/www.tyroremotes.be\/","name":"Tyro Remotes","description":"","potentialAction":[{"@type":"SearchAction","target":{"@type":"EntryPoint","urlTemplate":"https:\/\/www.tyroremotes.be\/?s={search_term_string}"},"query-input":{"@type":"PropertyValueSpecification","valueRequired":true,"valueName":"search_term_string"}}],"inLanguage":"fr-BE"}]}},"_links":{"self":[{"href":"https:\/\/www.tyroremotes.be\/fr\/wp-json\/wp\/v2\/product\/9655","targetHints":{"allow":["GET"]}}],"collection":[{"href":"https:\/\/www.tyroremotes.be\/fr\/wp-json\/wp\/v2\/product"}],"about":[{"href":"https:\/\/www.tyroremotes.be\/fr\/wp-json\/wp\/v2\/types\/product"}],"replies":[{"embeddable":true,"href":"https:\/\/www.tyroremotes.be\/fr\/wp-json\/wp\/v2\/comments?post=9655"}],"wp:featuredmedia":[{"embeddable":true,"href":"https:\/\/www.tyroremotes.be\/fr\/wp-json\/wp\/v2\/media\/8780"}],"wp:attachment":[{"href":"https:\/\/www.tyroremotes.be\/fr\/wp-json\/wp\/v2\/media?parent=9655"}],"wp:term":[{"taxonomy":"product_brand","embeddable":true,"href":"https:\/\/www.tyroremotes.be\/fr\/wp-json\/wp\/v2\/product_brand?post=9655"},{"taxonomy":"product_cat","embeddable":true,"href":"https:\/\/www.tyroremotes.be\/fr\/wp-json\/wp\/v2\/product_cat?post=9655"},{"taxonomy":"product_tag","embeddable":true,"href":"https:\/\/www.tyroremotes.be\/fr\/wp-json\/wp\/v2\/product_tag?post=9655"}],"curies":[{"name":"wp","href":"https:\/\/api.w.org\/{rel}","templated":true}]}}