{"id":9646,"date":"2015-10-08T00:00:00","date_gmt":"2015-10-07T23:00:00","guid":{"rendered":"https:\/\/www.tyroremotes.be\/product\/fornax-basic-2-kanalen\/"},"modified":"2020-04-21T10:04:49","modified_gmt":"2020-04-21T09:04:49","slug":"fornax-basic-2-voies","status":"publish","type":"product","link":"https:\/\/www.tyroremotes.be\/fr\/produit\/fornax-basic-2-voies\/","title":{"rendered":"Fornax Basic | 2 voies"},"content":{"rendered":"\t<div id=\"fornaxbasic\"\n\t     class=\"lightbox-by-id lightbox-content mfp-hide lightbox-white \"\n\t     style=\"max-width:800px ;padding:30px\">\n\t\t\t<\/div>\n\t\n\t\n<h2>Fornax Basic: treuillage professionnelle, sans aucun probl\u00e8me<\/h2>\n<p>Les souhaits et les exp\u00e9riences des clients ont servis de base lors de l&rsquo;\u00e9laboration de la radiocommande Fornax. \u00ab Toujours pouvoir travailler avec un mat\u00e9riel professionnel, m\u00eame pour les utilisateurs non professionnels. \u00bb En r\u00e9sum\u00e9 : Vous nous avez demandez une commande professionnel sans superflu, le Tyro Fornax est notre r\u00e9ponse.<br \/>\n<span class=\"scroll-to\" data-label=\"Scroll to: #productsheet\" data-bullet=\"false\" data-link=\"#productsheet\" data-title=\"Change this\" ><a name=\"productsheet\"><\/a><\/span>\r\n\r\n\t<section class=\"section\" id=\"section_1170769016\">\n\t\t<div class=\"bg section-bg fill bg-fill bg-loaded bg-loaded\" >\n\n\t\t\t\n\t\t\t\n\t\t\t\n\n\t\t<\/div>\n\n\t\t\n\n\t\t<div class=\"section-content relative\">\n\t\t\t\r\n\r\n<div class=\"row align-center\"  id=\"row-1329915428\">\r\n\r\n\n\t<div id=\"col-1777083959\" class=\"col medium-8 small-12 large-8\"  >\n\t\t\t\t<div class=\"col-inner\"  >\n\t\t\t\n\t\t\t\r\n\t<div id=\"gap-1873316037\" class=\"gap-element clearfix\" style=\"display:block; height:auto;\">\n\t\t\n<style>\n#gap-1873316037 {\n  padding-top: 30px;\n}\n<\/style>\n\t<\/div>\n\t\r\n<h3>Recevoir la fiche produit directement par e-mail<\/h3>\r\n\n<div class=\"wpcf7 no-js\" id=\"wpcf7-f11233-o1\" lang=\"nl-NL\" dir=\"ltr\" data-wpcf7-id=\"11233\">\n<div class=\"screen-reader-response\"><p role=\"status\" aria-live=\"polite\" aria-atomic=\"true\"><\/p> <ul><\/ul><\/div>\n<form action=\"\/fr\/wp-json\/wp\/v2\/product\/9646#wpcf7-f11233-o1\" method=\"post\" class=\"wpcf7-form init wpcf7-acceptance-as-validation\" aria-label=\"Contactformulier\" novalidate=\"novalidate\" data-status=\"init\">\n<fieldset class=\"hidden-fields-container\"><input type=\"hidden\" name=\"_wpcf7\" value=\"11233\" \/><input type=\"hidden\" name=\"_wpcf7_version\" value=\"6.1.5\" \/><input type=\"hidden\" name=\"_wpcf7_locale\" value=\"nl_NL\" \/><input type=\"hidden\" name=\"_wpcf7_unit_tag\" value=\"wpcf7-f11233-o1\" \/><input type=\"hidden\" name=\"_wpcf7_container_post\" value=\"0\" \/><input type=\"hidden\" name=\"_wpcf7_posted_data_hash\" value=\"\" \/><input type=\"hidden\" name=\"_wpcf7_recaptcha_response\" value=\"\" \/>\n<\/fieldset>\n<p><div class=\"row\"  id=\"row-1439952236\"><br \/>\n\n\t<div id=\"col-702748820\" class=\"col medium-6 small-12 large-6\"  >\n\t\t\t\t<div class=\"col-inner\"  >\n\t\t\t\n\t\t\t<br \/>\n<label> Pr\u00e9nom <span class=\"obligated\">*<\/span><br \/>\n<span class=\"wpcf7-form-control-wrap\" data-name=\"firstname\"><input size=\"40\" maxlength=\"400\" class=\"wpcf7-form-control wpcf7-text wpcf7-validates-as-required\" aria-required=\"true\" aria-invalid=\"false\" value=\"\" type=\"text\" name=\"firstname\" \/><\/span> <\/label><br \/>\n\t\t<\/div>\n\t\t\t\t\t<\/div>\n\n\t<br \/>\n\n\t<div id=\"col-2006721807\" class=\"col medium-6 small-12 large-6\"  >\n\t\t\t\t<div class=\"col-inner\"  >\n\t\t\t\n\t\t\t<br \/>\n<label> Nom de famille <span class=\"obligated\">*<\/span><br \/>\n<span class=\"wpcf7-form-control-wrap\" data-name=\"lastname\"><input size=\"40\" maxlength=\"400\" class=\"wpcf7-form-control wpcf7-text wpcf7-validates-as-required\" aria-required=\"true\" aria-invalid=\"false\" value=\"\" type=\"text\" name=\"lastname\" \/><\/span> <\/label><br \/>\n\t\t<\/div>\n\t\t\t\t\t<\/div>\n\n\t<br \/>\n\n\t<div id=\"col-1131911625\" class=\"col medium-12 small-12 large-12\"  >\n\t\t\t\t<div class=\"col-inner\"  >\n\t\t\t\n\t\t\t\n<\/p>\n<p><label> E-mail <span class=\"obligated\">*<\/span><br \/>\n<span class=\"wpcf7-form-control-wrap\" data-name=\"be_fr_email\"><input size=\"40\" maxlength=\"400\" class=\"wpcf7-form-control wpcf7-email wpcf7-validates-as-required wpcf7-text wpcf7-validates-as-email\" aria-required=\"true\" aria-invalid=\"false\" value=\"\" type=\"email\" name=\"be_fr_email\" \/><\/span> <\/label>\n<\/p>\n<p><label> N\u00famero de t\u00e9l\u00e9phone<br \/>\n<span class=\"wpcf7-form-control-wrap\" data-name=\"phone\"><input size=\"40\" maxlength=\"400\" class=\"wpcf7-form-control wpcf7-text\" aria-invalid=\"false\" value=\"\" type=\"text\" name=\"phone\" \/><\/span> <\/label>\n<\/p>\n<p><label> Privacy <span class=\"obligated\">*<\/span><\/label><br \/>\n<span class=\"wpcf7-form-control-wrap\" data-name=\"privacy\"><span class=\"wpcf7-form-control wpcf7-acceptance\"><span class=\"wpcf7-list-item\"><label><input type=\"checkbox\" name=\"privacy\" value=\"1\" aria-invalid=\"false\" \/><span class=\"wpcf7-list-item-label\">En utilisant ce formulaire, vous acceptez notre <a target=\"_blank\" href=\"https:\/\/www.tyroremotes.be\/fr\/declaration-de-confidentialite\/\">d\u00e9claration de confidentialit\u00e9<\/a>.<\/span><\/label><\/span><\/span><\/span>\n<\/p>\n<p>\t<div id=\"gap-1606284230\" class=\"gap-element clearfix\" style=\"display:block; height:auto;\">\n\t\t\n<style>\n#gap-1606284230 {\n  padding-top: 30px;\n}\n<\/style>\n\t<\/div>\n\t<br \/>\n<input class=\"wpcf7-form-control wpcf7-submit has-spinner\" type=\"submit\" value=\"Recevoir la fiche produit\" \/><br \/>\n<input type=\"read-only\" class=\"current_url\" readonly name=\"source\" value=\"https:\/\/www.tyroremotes.be\/fr\/wp-json\/wp\/v2\/product\/9646\/\" \/><br \/>\n\t\t<\/div>\n\t\t\t\t\t<\/div>\n\n\t<br \/>\n<\/div>\n<\/p><div class=\"wpcf7-response-output\" aria-hidden=\"true\"><\/div>\n<\/form>\n<\/div>\n\t\t<\/div>\n\t\t\t\t\t<\/div>\n\n\t\r\n\r\n\n<style>\n#row-1329915428 > .col > .col-inner {\n  padding: 20px 20px 20px 20px;\n}\n<\/style>\n<\/div>\r\n\r\n\t\t<\/div>\n\n\t\t\n<style>\n#section_1170769016 {\n  padding-top: 30px;\n  padding-bottom: 30px;\n  background-color: rgb(218, 218, 218);\n}\n<\/style>\n\t<\/section>\n\t\r\n\t<div id=\"gap-1173483614\" class=\"gap-element clearfix\" style=\"display:block; height:auto;\">\n\t\t\n<style>\n#gap-1173483614 {\n  padding-top: 30px;\n}\n<\/style>\n\t<\/div>\n\t\n<h2>T\u00e9l\u00e9commande avec interrupteurs \u00e0 bascule<\/h2>\n<p>Les radiocommandes Fornax Basic poss\u00e8dent deux interrupteurs \u00e0 bascule faciles \u00e0 utiliser avec des gants. La version Fornax Basic Safe est en plus \u00e9quip\u00e9e d&rsquo;un bouton\u00a0STOP. Son bo\u00eetier en fonte extr\u00eamement robuste lui permet d&rsquo;avoir une longue dur\u00e9e de vie.<\/p>\n<h2>Fonctions disponibles<\/h2>\n<p>Les t\u00e9l\u00e9commandes Fornax Basic ont \u00e9t\u00e9 initialement \u00e9labor\u00e9es pour le secteur forestier, o\u00f9 l&rsquo;on doit transporter en dehors de la for\u00eat les arbres abattus avec des treuils assez lourds. C&rsquo;est pour cette raison que le mod\u00e8le standard comprend les fonctions les plus importantes \u00ab\u00a0enrouler\u00a0\u00bb et \u00ab\u00a0d\u00e9rouler\u00a0\u00bb, ainsi qu&rsquo;une fonction d&rsquo;appel d&rsquo;urgence avec un klaxon ou un clignotant.<\/p>\n<h2>Toujours pr\u00eat \u00e0 l&#8217;emploi gr\u00e2ce \u00e0 l&rsquo;utilisation d&rsquo;une pile 9 volts<\/h2>\n<p>En utilisant une pile 9V standard, les t\u00e9l\u00e9commandes Fornax sont toujours pr\u00eates \u00e0 l&#8217;emploi. L&rsquo;indicateur de \u00ab\u00a0pile faible\u00a0\u00bb est tr\u00e8s pratique. Il informe via un signal LED lorsqu&rsquo;il est temps de changer la pile. En raison de la consommation d&rsquo;\u00e9nergie extr\u00eamement faible, la pile dure pendant au moins une saison.<\/p>\n<h2>Version rechargeable<\/h2>\n<p>Depuis peu, le Fornax est \u00e9galement disponible en version rechargeable. Nous le recommandons si vous utilisez la \u00ab\u00a0s\u00e9curit\u00e9 hors de port\u00e9e\u00a0\u00bb. En effet, dans ce cas le syst\u00e8me d&rsquo;exploitation envoie un signal en continu pour d\u00e9terminer si la t\u00e9l\u00e9commande se trouve bien dans le champ port\u00e9e du r\u00e9cepteur. La pile 9V dure moins longtemps. Nous vous proposons pour cela la version rechargeable.<\/p>\n<h2>R\u00e9cepteur correspondant<\/h2>\n<p>Les syst\u00e8mes de commande Fornax Basic sont utilis\u00e9s en association avec le r\u00e9cepteur Aquarius (100% \u00e9tanche). Une ceinture tr\u00e8s pratique pour fixer l&rsquo;\u00e9metteur est fourni.<\/p>\n","protected":false},"excerpt":{"rendered":"<div class=\"row row-small align-equal align-center\"  id=\"row-1748656599\">\n\t<div id=\"col-1416361842\" class=\"col medium-3 small-3 large-3\"  >\n\t\t\t\t<div class=\"col-inner\"  >\n\t\t\t\n\t\t\t<a href=\"#productsheet\" title=\"Download la fiche produit\"><img decoding=\"async\" src=\"https:\/\/www.tyroremotes.fr\/wp-content\/uploads\/2016\/11\/download-pdf.png\"><\/a>\t\t<\/div>\n\t\t\t\t\t<\/div>\n\n\t\n\t<div id=\"col-1079592238\" class=\"col medium-3 small-3 large-3\"  >\n\t\t\t\t<div class=\"col-inner\"  >\n\t\t\t\n\t\t\t<a href=\"#fornaxbasic\"><img decoding=\"async\" src=\"https:\/\/www.tyroremotes.fr\/wp-content\/uploads\/2016\/11\/view-360.png\" alt=\"360 view\" \/><\/a>\t\t<\/div>\n\t\t\t\t\t<\/div>\n\n\t\n\t<div id=\"col-140123059\" class=\"col medium-3 small-3 large-3\"  >\n\t\t\t\t<div class=\"col-inner\"  >\n\t\t\t\n\t\t\t\t\t<\/div>\n\t\t\t\t\t<\/div>\n\n\t\n\t<div id=\"col-1778403379\" class=\"col medium-3 small-3 large-3\"  >\n\t\t\t\t<div class=\"col-inner\"  >\n\t\t\t\n\t\t\t<a href=\"#madeineu\"><img decoding=\"async\" src=\"https:\/\/www.tyroremotes.be\/wp-content\/uploads\/2018\/10\/made-in-eu-icon-fr.png\" \/><\/a>\r\n\t<div id=\"madeineu\"\n\t     class=\"lightbox-by-id lightbox-content mfp-hide lightbox-white \"\n\t     style=\"max-width:700px ;padding:20px\">\n\t\t\r\n<div class=\"row row-collapse row-full-width align-middle\"  id=\"row-1144831893\">\r\n\r\n\n\t<div id=\"col-1762082147\" class=\"col medium-7 small-12 large-7\"  >\n\t\t\t\t<div class=\"col-inner text-left\"  >\n\t\t\t\n\t\t\t\r\n\r\n<img decoding=\"async\" src=\"https:\/\/www.tyroremotes.be\/wp-content\/uploads\/2015\/10\/made-in-eu-icon.png\" \/>\r\n\r\n\t\t<\/div>\n\t\t\t\t\n<style>\n#col-1762082147 > .col-inner {\n  max-width: 520px;\n}\n<\/style>\n\t<\/div>\n\n\t\r\n\n\t<div id=\"col-335713515\" class=\"col medium-5 small-12 large-5\"  >\n\t\t\t\t<div class=\"col-inner\"  >\n\t\t\t\n\t\t\t\r\n\r\n<h5 class=\"uppercase\">Fabriqu\u00e9 en Europe<\/h5><p>Toutes nos radiocommandes et  nos r\u00e9cepteurs sont con\u00e7us, d\u00e9velopp\u00e9s et produits en Europe.<\/p>\r\n\r\n\t\t<\/div>\n\t\t\t\t\t<\/div>\n\n\t\r\n<\/div>\r\n\t<\/div>\n\t\n\t\r\n\t\t<\/div>\n\t\t\t\t\t<\/div>\n\n\t<\/div>\n<ul>\n<li>Clair et simple \u00e0 un prix comp\u00e9titif<\/li>\n<li>Toujours pr\u00eat \u00e0 l\u2019emploi<\/li>\n<li>Travailler sans devoir recharger r\u00e9guli\u00e8rement<\/li>\n<li>Commutateurs \u00e0 bascule facilement utilisables avec des gants<\/li>\n<li>\u00c9lectronique prot\u00e9g\u00e9e contre l&#039;humidit\u00e9 et les produits d&#039;entretien<\/li>\n<li>Bouton-poussoir d&#039;arr\u00eat d\u2019urgence (optionnel)<\/li>\n<\/ul>\n","protected":false},"featured_media":8693,"comment_status":"closed","ping_status":"closed","template":"","meta":[],"product_brand":[],"product_cat":[275],"product_tag":[],"class_list":{"0":"post-9646","1":"product","2":"type-product","3":"status-publish","4":"has-post-thumbnail","6":"product_cat-telecommandes","8":"first","9":"instock","10":"shipping-taxable","11":"product-type-variable"},"yoast_head":"<!-- This site is optimized with the Yoast SEO plugin v27.5 - https:\/\/yoast.com\/product\/yoast-seo-wordpress\/ -->\n<title>Radiocommande treuil Fornax Basic | Tyro Remotes<\/title>\n<meta name=\"description\" content=\"Avec une port\u00e9e jusqu\u2019\u00e0 700 m\u00e8tres, la t\u00e9l\u00e9commande Fornax Basic est id\u00e9ale pour le secteur forestier. Pour mat\u00e9riel forestier, mais aussi pour pompes.\" \/>\n<meta name=\"robots\" content=\"index, follow, max-snippet:-1, max-image-preview:large, max-video-preview:-1\" \/>\n<link rel=\"canonical\" href=\"https:\/\/www.tyroremotes.be\/fr\/produit\/fornax-basic-2-voies\/\" \/>\n<meta property=\"og:locale\" content=\"fr_FR\" \/>\n<meta property=\"og:type\" content=\"article\" \/>\n<meta property=\"og:title\" content=\"Radiocommande treuil Fornax Basic | Tyro Remotes\" \/>\n<meta property=\"og:description\" content=\"Avec une port\u00e9e jusqu\u2019\u00e0 700 m\u00e8tres, la t\u00e9l\u00e9commande Fornax Basic est id\u00e9ale pour le secteur forestier. Pour mat\u00e9riel forestier, mais aussi pour pompes.\" \/>\n<meta property=\"og:url\" content=\"https:\/\/www.tyroremotes.be\/fr\/produit\/fornax-basic-2-voies\/\" \/>\n<meta property=\"og:site_name\" content=\"Tyro Remotes\" \/>\n<meta property=\"article:modified_time\" content=\"2020-04-21T09:04:49+00:00\" \/>\n<meta property=\"og:image\" content=\"https:\/\/www.tyroremotes.be\/wp-content\/uploads\/2015\/10\/afstandsbediening-fornax-basic-met-stopknop-pompen-1.jpg\" \/>\n\t<meta property=\"og:image:width\" content=\"800\" \/>\n\t<meta property=\"og:image:height\" content=\"800\" \/>\n\t<meta property=\"og:image:type\" content=\"image\/jpeg\" \/>\n<meta name=\"twitter:card\" content=\"summary_large_image\" \/>\n<meta name=\"twitter:site\" content=\"@TyroRemotesNL\" \/>\n<meta name=\"twitter:label1\" content=\"Dur\u00e9e de lecture est.\" \/>\n\t<meta name=\"twitter:data1\" content=\"2 minutes\" \/>\n<script type=\"application\/ld+json\" class=\"yoast-schema-graph\">{\"@context\":\"https:\\\/\\\/schema.org\",\"@graph\":[{\"@type\":\"WebPage\",\"@id\":\"https:\\\/\\\/www.tyroremotes.be\\\/fr\\\/produit\\\/fornax-basic-2-voies\\\/\",\"url\":\"https:\\\/\\\/www.tyroremotes.be\\\/fr\\\/produit\\\/fornax-basic-2-voies\\\/\",\"name\":\"Radiocommande treuil Fornax Basic | Tyro Remotes\",\"isPartOf\":{\"@id\":\"https:\\\/\\\/www.tyroremotes.be\\\/#website\"},\"primaryImageOfPage\":{\"@id\":\"https:\\\/\\\/www.tyroremotes.be\\\/fr\\\/produit\\\/fornax-basic-2-voies\\\/#primaryimage\"},\"image\":{\"@id\":\"https:\\\/\\\/www.tyroremotes.be\\\/fr\\\/produit\\\/fornax-basic-2-voies\\\/#primaryimage\"},\"thumbnailUrl\":\"https:\\\/\\\/www.tyroremotes.be\\\/wp-content\\\/uploads\\\/2015\\\/10\\\/afstandsbediening-fornax-basic-met-stopknop-pompen-1.jpg\",\"datePublished\":\"2015-10-07T23:00:00+00:00\",\"dateModified\":\"2020-04-21T09:04:49+00:00\",\"description\":\"Avec une port\u00e9e jusqu\u2019\u00e0 700 m\u00e8tres, la t\u00e9l\u00e9commande Fornax Basic est id\u00e9ale pour le secteur forestier. Pour mat\u00e9riel forestier, mais aussi pour pompes.\",\"breadcrumb\":{\"@id\":\"https:\\\/\\\/www.tyroremotes.be\\\/fr\\\/produit\\\/fornax-basic-2-voies\\\/#breadcrumb\"},\"inLanguage\":\"fr-BE\",\"potentialAction\":[{\"@type\":\"ReadAction\",\"target\":[\"https:\\\/\\\/www.tyroremotes.be\\\/fr\\\/produit\\\/fornax-basic-2-voies\\\/\"]}]},{\"@type\":\"ImageObject\",\"inLanguage\":\"fr-BE\",\"@id\":\"https:\\\/\\\/www.tyroremotes.be\\\/fr\\\/produit\\\/fornax-basic-2-voies\\\/#primaryimage\",\"url\":\"https:\\\/\\\/www.tyroremotes.be\\\/wp-content\\\/uploads\\\/2015\\\/10\\\/afstandsbediening-fornax-basic-met-stopknop-pompen-1.jpg\",\"contentUrl\":\"https:\\\/\\\/www.tyroremotes.be\\\/wp-content\\\/uploads\\\/2015\\\/10\\\/afstandsbediening-fornax-basic-met-stopknop-pompen-1.jpg\",\"width\":800,\"height\":800},{\"@type\":\"BreadcrumbList\",\"@id\":\"https:\\\/\\\/www.tyroremotes.be\\\/fr\\\/produit\\\/fornax-basic-2-voies\\\/#breadcrumb\",\"itemListElement\":[{\"@type\":\"ListItem\",\"position\":1,\"name\":\"Home\",\"item\":\"https:\\\/\\\/www.tyroremotes.be\\\/fr\\\/\"},{\"@type\":\"ListItem\",\"position\":2,\"name\":\"Winkel\",\"item\":\"https:\\\/\\\/www.tyroremotes.be\\\/winkel\\\/\"},{\"@type\":\"ListItem\",\"position\":3,\"name\":\"T\u00e9l\u00e9commandes\",\"item\":\"https:\\\/\\\/www.tyroremotes.be\\\/fr\\\/pcat\\\/telecommandes\\\/\"},{\"@type\":\"ListItem\",\"position\":4,\"name\":\"Fornax Basic | 2 voies\"}]},{\"@type\":\"WebSite\",\"@id\":\"https:\\\/\\\/www.tyroremotes.be\\\/#website\",\"url\":\"https:\\\/\\\/www.tyroremotes.be\\\/\",\"name\":\"Tyro Remotes\",\"description\":\"\",\"potentialAction\":[{\"@type\":\"SearchAction\",\"target\":{\"@type\":\"EntryPoint\",\"urlTemplate\":\"https:\\\/\\\/www.tyroremotes.be\\\/?s={search_term_string}\"},\"query-input\":{\"@type\":\"PropertyValueSpecification\",\"valueRequired\":true,\"valueName\":\"search_term_string\"}}],\"inLanguage\":\"fr-BE\"}]}<\/script>\n<!-- \/ Yoast SEO plugin. -->","yoast_head_json":{"title":"Radiocommande treuil Fornax Basic | Tyro Remotes","description":"Avec une port\u00e9e jusqu\u2019\u00e0 700 m\u00e8tres, la t\u00e9l\u00e9commande Fornax Basic est id\u00e9ale pour le secteur forestier. Pour mat\u00e9riel forestier, mais aussi pour pompes.","robots":{"index":"index","follow":"follow","max-snippet":"max-snippet:-1","max-image-preview":"max-image-preview:large","max-video-preview":"max-video-preview:-1"},"canonical":"https:\/\/www.tyroremotes.be\/fr\/produit\/fornax-basic-2-voies\/","og_locale":"fr_FR","og_type":"article","og_title":"Radiocommande treuil Fornax Basic | Tyro Remotes","og_description":"Avec une port\u00e9e jusqu\u2019\u00e0 700 m\u00e8tres, la t\u00e9l\u00e9commande Fornax Basic est id\u00e9ale pour le secteur forestier. Pour mat\u00e9riel forestier, mais aussi pour pompes.","og_url":"https:\/\/www.tyroremotes.be\/fr\/produit\/fornax-basic-2-voies\/","og_site_name":"Tyro Remotes","article_modified_time":"2020-04-21T09:04:49+00:00","og_image":[{"width":800,"height":800,"url":"https:\/\/www.tyroremotes.be\/wp-content\/uploads\/2015\/10\/afstandsbediening-fornax-basic-met-stopknop-pompen-1.jpg","type":"image\/jpeg"}],"twitter_card":"summary_large_image","twitter_site":"@TyroRemotesNL","twitter_misc":{"Dur\u00e9e de lecture est.":"2 minutes"},"schema":{"@context":"https:\/\/schema.org","@graph":[{"@type":"WebPage","@id":"https:\/\/www.tyroremotes.be\/fr\/produit\/fornax-basic-2-voies\/","url":"https:\/\/www.tyroremotes.be\/fr\/produit\/fornax-basic-2-voies\/","name":"Radiocommande treuil Fornax Basic | Tyro Remotes","isPartOf":{"@id":"https:\/\/www.tyroremotes.be\/#website"},"primaryImageOfPage":{"@id":"https:\/\/www.tyroremotes.be\/fr\/produit\/fornax-basic-2-voies\/#primaryimage"},"image":{"@id":"https:\/\/www.tyroremotes.be\/fr\/produit\/fornax-basic-2-voies\/#primaryimage"},"thumbnailUrl":"https:\/\/www.tyroremotes.be\/wp-content\/uploads\/2015\/10\/afstandsbediening-fornax-basic-met-stopknop-pompen-1.jpg","datePublished":"2015-10-07T23:00:00+00:00","dateModified":"2020-04-21T09:04:49+00:00","description":"Avec une port\u00e9e jusqu\u2019\u00e0 700 m\u00e8tres, la t\u00e9l\u00e9commande Fornax Basic est id\u00e9ale pour le secteur forestier. Pour mat\u00e9riel forestier, mais aussi pour pompes.","breadcrumb":{"@id":"https:\/\/www.tyroremotes.be\/fr\/produit\/fornax-basic-2-voies\/#breadcrumb"},"inLanguage":"fr-BE","potentialAction":[{"@type":"ReadAction","target":["https:\/\/www.tyroremotes.be\/fr\/produit\/fornax-basic-2-voies\/"]}]},{"@type":"ImageObject","inLanguage":"fr-BE","@id":"https:\/\/www.tyroremotes.be\/fr\/produit\/fornax-basic-2-voies\/#primaryimage","url":"https:\/\/www.tyroremotes.be\/wp-content\/uploads\/2015\/10\/afstandsbediening-fornax-basic-met-stopknop-pompen-1.jpg","contentUrl":"https:\/\/www.tyroremotes.be\/wp-content\/uploads\/2015\/10\/afstandsbediening-fornax-basic-met-stopknop-pompen-1.jpg","width":800,"height":800},{"@type":"BreadcrumbList","@id":"https:\/\/www.tyroremotes.be\/fr\/produit\/fornax-basic-2-voies\/#breadcrumb","itemListElement":[{"@type":"ListItem","position":1,"name":"Home","item":"https:\/\/www.tyroremotes.be\/fr\/"},{"@type":"ListItem","position":2,"name":"Winkel","item":"https:\/\/www.tyroremotes.be\/winkel\/"},{"@type":"ListItem","position":3,"name":"T\u00e9l\u00e9commandes","item":"https:\/\/www.tyroremotes.be\/fr\/pcat\/telecommandes\/"},{"@type":"ListItem","position":4,"name":"Fornax Basic | 2 voies"}]},{"@type":"WebSite","@id":"https:\/\/www.tyroremotes.be\/#website","url":"https:\/\/www.tyroremotes.be\/","name":"Tyro Remotes","description":"","potentialAction":[{"@type":"SearchAction","target":{"@type":"EntryPoint","urlTemplate":"https:\/\/www.tyroremotes.be\/?s={search_term_string}"},"query-input":{"@type":"PropertyValueSpecification","valueRequired":true,"valueName":"search_term_string"}}],"inLanguage":"fr-BE"}]}},"_links":{"self":[{"href":"https:\/\/www.tyroremotes.be\/fr\/wp-json\/wp\/v2\/product\/9646","targetHints":{"allow":["GET"]}}],"collection":[{"href":"https:\/\/www.tyroremotes.be\/fr\/wp-json\/wp\/v2\/product"}],"about":[{"href":"https:\/\/www.tyroremotes.be\/fr\/wp-json\/wp\/v2\/types\/product"}],"replies":[{"embeddable":true,"href":"https:\/\/www.tyroremotes.be\/fr\/wp-json\/wp\/v2\/comments?post=9646"}],"wp:featuredmedia":[{"embeddable":true,"href":"https:\/\/www.tyroremotes.be\/fr\/wp-json\/wp\/v2\/media\/8693"}],"wp:attachment":[{"href":"https:\/\/www.tyroremotes.be\/fr\/wp-json\/wp\/v2\/media?parent=9646"}],"wp:term":[{"taxonomy":"product_brand","embeddable":true,"href":"https:\/\/www.tyroremotes.be\/fr\/wp-json\/wp\/v2\/product_brand?post=9646"},{"taxonomy":"product_cat","embeddable":true,"href":"https:\/\/www.tyroremotes.be\/fr\/wp-json\/wp\/v2\/product_cat?post=9646"},{"taxonomy":"product_tag","embeddable":true,"href":"https:\/\/www.tyroremotes.be\/fr\/wp-json\/wp\/v2\/product_tag?post=9646"}],"curies":[{"name":"wp","href":"https:\/\/api.w.org\/{rel}","templated":true}]}}