{"id":9645,"date":"2015-10-08T00:00:00","date_gmt":"2015-10-07T23:00:00","guid":{"rendered":"https:\/\/www.tyroremotes.be\/product\/indus-draadloze-noodstopknop\/"},"modified":"2022-01-25T11:35:13","modified_gmt":"2022-01-25T10:35:13","slug":"indus-1s-arret-durgence-sans-fil","status":"publish","type":"product","link":"https:\/\/www.tyroremotes.be\/fr\/produit\/indus-1s-arret-durgence-sans-fil\/","title":{"rendered":"Indus  1S -Arr\u00eat d&rsquo;urgence sans fil"},"content":{"rendered":"<h2>L&rsquo;Indus Gemini: l&rsquo;arr\u00eat d&rsquo;urgence \u00e0 distance sans fil<\/h2>\n<p>Tyro a d\u00e9velopp\u00e9 un bouton d\u2019arr\u00eat d\u2019urgence sans fil portable : l\u2019Indus Gemini, \u00e0 la fois pour des raisons de s\u00e9curit\u00e9 que pour augmenter la facilit\u00e9 d\u2019utilisation sur le lieu de travail. Gr\u00e2ce \u00e0 cette technique, vous avez toujours le bouton d\u2019arr\u00eat d\u2019urgence \u00e0 port\u00e9e de main.<br \/>\n<span class=\"scroll-to\" data-label=\"Scroll to: #productsheet\" data-bullet=\"false\" data-link=\"#productsheet\" data-title=\"Change this\" ><a name=\"productsheet\"><\/a><\/span>\r\n\r\n\t<section class=\"section\" id=\"section_762792229\">\n\t\t<div class=\"bg section-bg fill bg-fill bg-loaded bg-loaded\" >\n\n\t\t\t\n\t\t\t\n\t\t\t\n\n\t\t<\/div>\n\n\t\t\n\n\t\t<div class=\"section-content relative\">\n\t\t\t\r\n\r\n<div class=\"row align-center\"  id=\"row-1138896868\">\r\n\r\n\n\t<div id=\"col-164207208\" class=\"col medium-8 small-12 large-8\"  >\n\t\t\t\t<div class=\"col-inner\"  >\n\t\t\t\n\t\t\t\r\n\t<div id=\"gap-1730253778\" class=\"gap-element clearfix\" style=\"display:block; height:auto;\">\n\t\t\n<style>\n#gap-1730253778 {\n  padding-top: 30px;\n}\n<\/style>\n\t<\/div>\n\t\r\n<h3>Recevoir la fiche produit directement par e-mail<\/h3>\r\n\n<div class=\"wpcf7 no-js\" id=\"wpcf7-f11233-o1\" lang=\"nl-NL\" dir=\"ltr\" data-wpcf7-id=\"11233\">\n<div class=\"screen-reader-response\"><p role=\"status\" aria-live=\"polite\" aria-atomic=\"true\"><\/p> <ul><\/ul><\/div>\n<form action=\"\/fr\/wp-json\/wp\/v2\/product\/9645#wpcf7-f11233-o1\" method=\"post\" class=\"wpcf7-form init wpcf7-acceptance-as-validation\" aria-label=\"Contactformulier\" novalidate=\"novalidate\" data-status=\"init\">\n<fieldset class=\"hidden-fields-container\"><input type=\"hidden\" name=\"_wpcf7\" value=\"11233\" \/><input type=\"hidden\" name=\"_wpcf7_version\" value=\"6.1.5\" \/><input type=\"hidden\" name=\"_wpcf7_locale\" value=\"nl_NL\" \/><input type=\"hidden\" name=\"_wpcf7_unit_tag\" value=\"wpcf7-f11233-o1\" \/><input type=\"hidden\" name=\"_wpcf7_container_post\" value=\"0\" \/><input type=\"hidden\" name=\"_wpcf7_posted_data_hash\" value=\"\" \/><input type=\"hidden\" name=\"_wpcf7_recaptcha_response\" value=\"\" \/>\n<\/fieldset>\n<p><div class=\"row\"  id=\"row-1014757571\"><br \/>\n\n\t<div id=\"col-1504992892\" class=\"col medium-6 small-12 large-6\"  >\n\t\t\t\t<div class=\"col-inner\"  >\n\t\t\t\n\t\t\t<br \/>\n<label> Pr\u00e9nom <span class=\"obligated\">*<\/span><br \/>\n<span class=\"wpcf7-form-control-wrap\" data-name=\"firstname\"><input size=\"40\" maxlength=\"400\" class=\"wpcf7-form-control wpcf7-text wpcf7-validates-as-required\" aria-required=\"true\" aria-invalid=\"false\" value=\"\" type=\"text\" name=\"firstname\" \/><\/span> <\/label><br \/>\n\t\t<\/div>\n\t\t\t\t\t<\/div>\n\n\t<br \/>\n\n\t<div id=\"col-1509294632\" class=\"col medium-6 small-12 large-6\"  >\n\t\t\t\t<div class=\"col-inner\"  >\n\t\t\t\n\t\t\t<br \/>\n<label> Nom de famille <span class=\"obligated\">*<\/span><br \/>\n<span class=\"wpcf7-form-control-wrap\" data-name=\"lastname\"><input size=\"40\" maxlength=\"400\" class=\"wpcf7-form-control wpcf7-text wpcf7-validates-as-required\" aria-required=\"true\" aria-invalid=\"false\" value=\"\" type=\"text\" name=\"lastname\" \/><\/span> <\/label><br \/>\n\t\t<\/div>\n\t\t\t\t\t<\/div>\n\n\t<br \/>\n\n\t<div id=\"col-156278105\" class=\"col medium-12 small-12 large-12\"  >\n\t\t\t\t<div class=\"col-inner\"  >\n\t\t\t\n\t\t\t\n<\/p>\n<p><label> E-mail <span class=\"obligated\">*<\/span><br \/>\n<span class=\"wpcf7-form-control-wrap\" data-name=\"be_fr_email\"><input size=\"40\" maxlength=\"400\" class=\"wpcf7-form-control wpcf7-email wpcf7-validates-as-required wpcf7-text wpcf7-validates-as-email\" aria-required=\"true\" aria-invalid=\"false\" value=\"\" type=\"email\" name=\"be_fr_email\" \/><\/span> <\/label>\n<\/p>\n<p><label> N\u00famero de t\u00e9l\u00e9phone<br \/>\n<span class=\"wpcf7-form-control-wrap\" data-name=\"phone\"><input size=\"40\" maxlength=\"400\" class=\"wpcf7-form-control wpcf7-text\" aria-invalid=\"false\" value=\"\" type=\"text\" name=\"phone\" \/><\/span> <\/label>\n<\/p>\n<p><label> Privacy <span class=\"obligated\">*<\/span><\/label><br \/>\n<span class=\"wpcf7-form-control-wrap\" data-name=\"privacy\"><span class=\"wpcf7-form-control wpcf7-acceptance\"><span class=\"wpcf7-list-item\"><label><input type=\"checkbox\" name=\"privacy\" value=\"1\" aria-invalid=\"false\" \/><span class=\"wpcf7-list-item-label\">En utilisant ce formulaire, vous acceptez notre <a target=\"_blank\" href=\"https:\/\/www.tyroremotes.be\/fr\/declaration-de-confidentialite\/\">d\u00e9claration de confidentialit\u00e9<\/a>.<\/span><\/label><\/span><\/span><\/span>\n<\/p>\n<p>\t<div id=\"gap-734980973\" class=\"gap-element clearfix\" style=\"display:block; height:auto;\">\n\t\t\n<style>\n#gap-734980973 {\n  padding-top: 30px;\n}\n<\/style>\n\t<\/div>\n\t<br \/>\n<input class=\"wpcf7-form-control wpcf7-submit has-spinner\" type=\"submit\" value=\"Recevoir la fiche produit\" \/><br \/>\n<input type=\"read-only\" class=\"current_url\" readonly name=\"source\" value=\"https:\/\/www.tyroremotes.be\/fr\/wp-json\/wp\/v2\/product\/9645\/\" \/><br \/>\n\t\t<\/div>\n\t\t\t\t\t<\/div>\n\n\t<br \/>\n<\/div>\n<\/p><div class=\"wpcf7-response-output\" aria-hidden=\"true\"><\/div>\n<\/form>\n<\/div>\n\t\t<\/div>\n\t\t\t\t\t<\/div>\n\n\t\r\n\r\n\n<style>\n#row-1138896868 > .col > .col-inner {\n  padding: 20px 20px 20px 20px;\n}\n<\/style>\n<\/div>\r\n\r\n\t\t<\/div>\n\n\t\t\n<style>\n#section_762792229 {\n  padding-top: 30px;\n  padding-bottom: 30px;\n  background-color: rgb(218, 218, 218);\n}\n<\/style>\n\t<\/section>\n\t\r\n\t<div id=\"gap-417131890\" class=\"gap-element clearfix\" style=\"display:block; height:auto;\">\n\t\t\n<style>\n#gap-417131890 {\n  padding-top: 30px;\n}\n<\/style>\n\t<\/div>\n\t\n<h2>L\u2019Indus 1S; encore plus de s\u00e9curit\u00e9<\/h2>\n<p>L\u2019Indus 1S a enti\u00e8rement \u00e9t\u00e9 r\u00e9nov\u00e9. En plus d\u2019un protocole radio am\u00e9lior\u00e9 dans lequel le risque d\u2019interf\u00e9rences avec d\u2019autres stations est consid\u00e9rablement r\u00e9duit, l\u2019Indus 1S fonctionne en bande \u00e9troite 868 MHz, ce qui permet d\u2019augmenter consid\u00e9rablement la port\u00e9e jusqu\u2019\u00e0 600 m\u00e8tres en champ libre. Tyro est m\u00eame all\u00e9 encore plus loin en \u00e9quipant le syst\u00e8me de deux relais de s\u00e9curit\u00e9 afin d\u2019exclure tous les risques potentiels. Ce syst\u00e8me avec attestation \u00abCE de type\u00bb r\u00e9pond \u00e0 la directive des machines avec un niveau de performance C (PL c). L\u2019Indus 1S n\u2019est pas compatible avec la premi\u00e8re s\u00e9rie Indus\/Gemini.<\/p>\n<h2>Dur\u00e9e d\u2019utilisation et chargement<\/h2>\n<p>L\u2019Indus 1S a une dur\u00e9e d\u2019utilisation sans interruption de 50 heures. Lorsque l\u2019arr\u00eat d\u2019urgence sans fil charge, le syst\u00e8me n\u2019est pas actif. L\u2019\u00e9metteur est \u00e9quip\u00e9 d\u2019une batterie lithium-ion (Li-ion) 2350 mAh. Le chargement est conseill\u00e9 \u00e0 une temp\u00e9rature comprise entre 10 \u00b0C et 45 \u00b0C. Par contre, l\u2019\u00e9metteur peut \u00eatre utilis\u00e9 \u00e0 une temp\u00e9rature comprise entre -20 \u00b0C et 60 \u00b0C (pas de cong\u00e9lation).<\/p>\n<h2>Le fonctionnement technique de l&rsquo;arr\u00eat d&rsquo;urgence sans fil<\/h2>\n<p>Une fois la t\u00e9l\u00e9commande allum\u00e9e, l\u2019\u00e9metteur avec l\u2019arr\u00eat d\u2019urgence envoie sans interruption des petits paquets vers le r\u00e9cepteur. L\u2019arr\u00eat d\u2019urgence s\u2019allume tr\u00e8s simplement, il suffit de tirer le bouton d\u2019arr\u00eat d\u2019urgence vers le haut avec un l\u00e9ger mouvement de rotation. D\u00e8s que l\u2019\u00e9metteur sort du champs de port\u00e9e du r\u00e9cepteur, ou qu\u2019il est en charge, ou lorsqu\u2019on appuie sur l\u2019arr\u00eat d\u2019urgence, le r\u00e9cepteur ne re\u00e7oit plus la m\u00eame quantit\u00e9 de paquet et se met automatiquement en \u00abarr\u00eat d\u2019urgence\u00bb. L\u2019arr\u00eat d\u2019urgence \u00e0 distance avec un niveau de performance C ne fonctionne qu\u2019avec un seul r\u00e9cepteur.<\/p>\n<h2>Est-ce que le sans fil est sans danger ?<\/h2>\n<p>De l\u2019avis g\u00e9n\u00e9ral, un bouton d\u2019arr\u00eat d\u2019urgence doit toujours \u00eatre c\u00e2bl\u00e9 afin de r\u00e9duire au minimum la probabilit\u00e9 de d\u00e9faillance. Cela est tout \u00e0 fait vrai. D\u2019un point de vue technique le bouton d\u2019arr\u00eat d\u2019urgence est s\u00fbr. Cependant, avez-vous la certitude que votre m\u00e9canicien travaille en toute s\u00e9curit\u00e9 lors des entretiens ou lors d\u2019un dysfonctionnement. A t-il\/elle en cas de danger toujours acc\u00e8s au bouton d\u2019arr\u00eat d\u2019urgence ?<\/p>\n<h2>Gagner de pr\u00e9cieuses secondes<\/h2>\n<p>Le bouton d&rsquo;arr\u00eat d&rsquo;urgence classique c\u00e2bl\u00e9 est g\u00e9n\u00e9ralement mont\u00e9 sur la machine. Dans un endroit distant et difficile d\u2019acc\u00e8s pour le m\u00e9canicien, avec toutes les cons\u00e9quences que cela engendre. Avec l\u2019arr\u00eat d&rsquo;urgence sans fil Indus Gemini 1S, vous anticipez ces risques et \u00e9conomisez de pr\u00e9cieuses secondes.<\/p>\n<h2>Robuste, compact et avec clip ceinture<\/h2>\n<p>L\u2019\u00e9metteur compact avec le bouton d\u2019arr\u00eat d\u2019urgence \u00abchampignon\u00bb peut facilement \u00eatre accroch\u00e9 \u00e0 votre ceinture, il reste toujours \u00e0 port\u00e9e de main. S\u00e9curit\u00e9 et fonctionnalit\u00e9 au meilleur niveau.<\/p>\n","protected":false},"excerpt":{"rendered":"<div class=\"row row-small align-equal align-center\"  id=\"row-132114200\">\n\t<div id=\"col-1318953321\" class=\"col medium-3 small-3 large-3\"  >\n\t\t\t\t<div class=\"col-inner\"  >\n\t\t\t\n\t\t\t<a href=\"#productsheet\"><img decoding=\"async\" class=\"alignnone size-full wp-image-5586\" src=\"https:\/\/www.tyroremotes.be\/wp-content\/uploads\/2015\/10\/download-pdf.png\" alt=\"\" width=\"58\" height=\"58\" \/><\/a>\t\t<\/div>\n\t\t\t\t\t<\/div>\n\n\t\n\t<div id=\"col-2142458145\" class=\"col medium-3 small-3 large-3\"  >\n\t\t\t\t<div class=\"col-inner\"  >\n\t\t\t\n\t\t\t<a href=\"#indus\"><img decoding=\"async\" src=\"https:\/\/www.tyroremotes.be\/wp-content\/uploads\/2015\/10\/view-360.png\" alt=\"360 view\" \/><\/a>\t\t<\/div>\n\t\t\t\t\t<\/div>\n\n\t\n\t<div id=\"col-1991635413\" class=\"col medium-3 small-3 large-3\"  >\n\t\t\t\t<div class=\"col-inner\"  >\n\t\t\t\n\t\t\t<a href=\"https:\/\/www.tyroremotes.fr\/support\/videos-de-programmation\/programmation-indus-gemini-arret-durgence\"><img decoding=\"async\" src=\"https:\/\/www.tyroremotes.be\/wp-content\/uploads\/2015\/10\/watch-tutorial.png\" width=\"58\" height=\"58\" \/><\/a>\t\t<\/div>\n\t\t\t\t\t<\/div>\n\n\t\n\t<div id=\"col-1900894011\" class=\"col medium-3 small-3 large-3\"  >\n\t\t\t\t<div class=\"col-inner\"  >\n\t\t\t\n\t\t\t<a href=\"#madeineu\"><img decoding=\"async\" src=\"https:\/\/www.tyroremotes.be\/wp-content\/uploads\/2018\/10\/made-in-eu-icon-fr.png\" \/><\/a>\r\n\t<div id=\"madeineu\"\n\t     class=\"lightbox-by-id lightbox-content mfp-hide lightbox-white \"\n\t     style=\"max-width:700px ;padding:20px\">\n\t\t\r\n<div class=\"row row-collapse row-full-width align-middle\"  id=\"row-1509342914\">\r\n\r\n\n\t<div id=\"col-334697005\" class=\"col medium-7 small-12 large-7\"  >\n\t\t\t\t<div class=\"col-inner text-left\"  >\n\t\t\t\n\t\t\t\r\n\r\n<img decoding=\"async\" src=\"https:\/\/www.tyroremotes.be\/wp-content\/uploads\/2015\/10\/made-in-eu-icon.png\" \/>\r\n\r\n\t\t<\/div>\n\t\t\t\t\n<style>\n#col-334697005 > .col-inner {\n  max-width: 520px;\n}\n<\/style>\n\t<\/div>\n\n\t\r\n\n\t<div id=\"col-221911866\" class=\"col medium-5 small-12 large-5\"  >\n\t\t\t\t<div class=\"col-inner\"  >\n\t\t\t\n\t\t\t\r\n\r\n<h5 class=\"uppercase\">Fabriqu\u00e9 en Europe<\/h5><p>Toutes nos radiocommandes et  nos r\u00e9cepteurs sont con\u00e7us, d\u00e9velopp\u00e9s et produits en Europe.<\/p>\r\n\r\n\t\t<\/div>\n\t\t\t\t\t<\/div>\n\n\t\r\n<\/div>\r\n\t<\/div>\n\t\n\t\r\n\t\t<\/div>\n\t\t\t\t\t<\/div>\n\n\t<\/div>\n<ul>\n<li>Niveau de performance: EN-ISO 13849-1 (PLC)<\/li>\n<li>Batterie rechargeable Li-ion<\/li>\n<li>Dur\u00e9e d\u2019utilisation sans interruption: 50 heures<\/li>\n<li>Temp\u00e9rature: -20 \u00b0C \u00e0 60 \u00b0C (pas de cong\u00e9lation)<\/li>\n<li>Relais de s\u00e9curit\u00e9 double avec contacts \u00e0 guidage forc\u00e9<\/li>\n<li>Bande \u00e9troite 868 MHz<\/li>\n<li>L&rsquo;\u00e9metteur\/r\u00e9cepteur avec une cl\u00e9 de cryptage unique de 64-bits<\/li>\n<li>Arr\u00eat d&rsquo;urgence sans fil: IP44<\/li>\n<\/ul>\n","protected":false},"featured_media":9491,"comment_status":"closed","ping_status":"closed","template":"","meta":[],"product_brand":[],"product_cat":[275],"product_tag":[],"class_list":{"0":"post-9645","1":"product","2":"type-product","3":"status-publish","4":"has-post-thumbnail","6":"product_cat-telecommandes","8":"first","9":"instock","10":"shipping-taxable","11":"product-type-simple"},"yoast_head":"<!-- This site is optimized with the Yoast SEO plugin v27.5 - https:\/\/yoast.com\/product\/yoast-seo-wordpress\/ -->\n<title>Bouton coup de poing sans fil Indus Gemini | Tyro Remotes<\/title>\n<meta name=\"description\" content=\"Pour une s\u00e9curit\u00e9 maximale, le bouton poussoir est la solution id\u00e9ale. Le bouton poussoir constitue une solution unique en son genre. Demandez votre devis!\" \/>\n<meta name=\"robots\" content=\"index, follow, max-snippet:-1, max-image-preview:large, max-video-preview:-1\" \/>\n<link rel=\"canonical\" href=\"https:\/\/www.tyroremotes.be\/fr\/produit\/indus-1s-arret-durgence-sans-fil\/\" \/>\n<meta property=\"og:locale\" content=\"fr_FR\" \/>\n<meta property=\"og:type\" content=\"article\" \/>\n<meta property=\"og:title\" content=\"Bouton coup de poing sans fil Indus Gemini | Tyro Remotes\" \/>\n<meta property=\"og:description\" content=\"Pour une s\u00e9curit\u00e9 maximale, le bouton poussoir est la solution id\u00e9ale. Le bouton poussoir constitue une solution unique en son genre. Demandez votre devis!\" \/>\n<meta property=\"og:url\" content=\"https:\/\/www.tyroremotes.be\/fr\/produit\/indus-1s-arret-durgence-sans-fil\/\" \/>\n<meta property=\"og:site_name\" content=\"Tyro Remotes\" \/>\n<meta property=\"article:modified_time\" content=\"2022-01-25T10:35:13+00:00\" \/>\n<meta property=\"og:image\" content=\"https:\/\/www.tyroremotes.be\/wp-content\/uploads\/2015\/10\/Indus-1S-v2.jpg\" \/>\n\t<meta property=\"og:image:width\" content=\"800\" \/>\n\t<meta property=\"og:image:height\" content=\"800\" \/>\n\t<meta property=\"og:image:type\" content=\"image\/jpeg\" \/>\n<meta name=\"twitter:card\" content=\"summary_large_image\" \/>\n<meta name=\"twitter:site\" content=\"@TyroRemotesNL\" \/>\n<meta name=\"twitter:label1\" content=\"Dur\u00e9e de lecture est.\" \/>\n\t<meta name=\"twitter:data1\" content=\"3 minutes\" \/>\n<script type=\"application\/ld+json\" class=\"yoast-schema-graph\">{\"@context\":\"https:\\\/\\\/schema.org\",\"@graph\":[{\"@type\":\"WebPage\",\"@id\":\"https:\\\/\\\/www.tyroremotes.be\\\/fr\\\/produit\\\/indus-1s-arret-durgence-sans-fil\\\/\",\"url\":\"https:\\\/\\\/www.tyroremotes.be\\\/fr\\\/produit\\\/indus-1s-arret-durgence-sans-fil\\\/\",\"name\":\"Bouton coup de poing sans fil Indus Gemini | Tyro Remotes\",\"isPartOf\":{\"@id\":\"https:\\\/\\\/www.tyroremotes.be\\\/#website\"},\"primaryImageOfPage\":{\"@id\":\"https:\\\/\\\/www.tyroremotes.be\\\/fr\\\/produit\\\/indus-1s-arret-durgence-sans-fil\\\/#primaryimage\"},\"image\":{\"@id\":\"https:\\\/\\\/www.tyroremotes.be\\\/fr\\\/produit\\\/indus-1s-arret-durgence-sans-fil\\\/#primaryimage\"},\"thumbnailUrl\":\"https:\\\/\\\/www.tyroremotes.be\\\/wp-content\\\/uploads\\\/2015\\\/10\\\/Indus-1S-v2.jpg\",\"datePublished\":\"2015-10-07T23:00:00+00:00\",\"dateModified\":\"2022-01-25T10:35:13+00:00\",\"description\":\"Pour une s\u00e9curit\u00e9 maximale, le bouton poussoir est la solution id\u00e9ale. Le bouton poussoir constitue une solution unique en son genre. Demandez votre devis!\",\"breadcrumb\":{\"@id\":\"https:\\\/\\\/www.tyroremotes.be\\\/fr\\\/produit\\\/indus-1s-arret-durgence-sans-fil\\\/#breadcrumb\"},\"inLanguage\":\"fr-BE\",\"potentialAction\":[{\"@type\":\"ReadAction\",\"target\":[\"https:\\\/\\\/www.tyroremotes.be\\\/fr\\\/produit\\\/indus-1s-arret-durgence-sans-fil\\\/\"]}]},{\"@type\":\"ImageObject\",\"inLanguage\":\"fr-BE\",\"@id\":\"https:\\\/\\\/www.tyroremotes.be\\\/fr\\\/produit\\\/indus-1s-arret-durgence-sans-fil\\\/#primaryimage\",\"url\":\"https:\\\/\\\/www.tyroremotes.be\\\/wp-content\\\/uploads\\\/2015\\\/10\\\/Indus-1S-v2.jpg\",\"contentUrl\":\"https:\\\/\\\/www.tyroremotes.be\\\/wp-content\\\/uploads\\\/2015\\\/10\\\/Indus-1S-v2.jpg\",\"width\":800,\"height\":800},{\"@type\":\"BreadcrumbList\",\"@id\":\"https:\\\/\\\/www.tyroremotes.be\\\/fr\\\/produit\\\/indus-1s-arret-durgence-sans-fil\\\/#breadcrumb\",\"itemListElement\":[{\"@type\":\"ListItem\",\"position\":1,\"name\":\"Home\",\"item\":\"https:\\\/\\\/www.tyroremotes.be\\\/fr\\\/\"},{\"@type\":\"ListItem\",\"position\":2,\"name\":\"Winkel\",\"item\":\"https:\\\/\\\/www.tyroremotes.be\\\/winkel\\\/\"},{\"@type\":\"ListItem\",\"position\":3,\"name\":\"T\u00e9l\u00e9commandes\",\"item\":\"https:\\\/\\\/www.tyroremotes.be\\\/fr\\\/pcat\\\/telecommandes\\\/\"},{\"@type\":\"ListItem\",\"position\":4,\"name\":\"Indus 1S -Arr\u00eat d&rsquo;urgence sans fil\"}]},{\"@type\":\"WebSite\",\"@id\":\"https:\\\/\\\/www.tyroremotes.be\\\/#website\",\"url\":\"https:\\\/\\\/www.tyroremotes.be\\\/\",\"name\":\"Tyro Remotes\",\"description\":\"\",\"potentialAction\":[{\"@type\":\"SearchAction\",\"target\":{\"@type\":\"EntryPoint\",\"urlTemplate\":\"https:\\\/\\\/www.tyroremotes.be\\\/?s={search_term_string}\"},\"query-input\":{\"@type\":\"PropertyValueSpecification\",\"valueRequired\":true,\"valueName\":\"search_term_string\"}}],\"inLanguage\":\"fr-BE\"}]}<\/script>\n<!-- \/ Yoast SEO plugin. -->","yoast_head_json":{"title":"Bouton coup de poing sans fil Indus Gemini | Tyro Remotes","description":"Pour une s\u00e9curit\u00e9 maximale, le bouton poussoir est la solution id\u00e9ale. Le bouton poussoir constitue une solution unique en son genre. Demandez votre devis!","robots":{"index":"index","follow":"follow","max-snippet":"max-snippet:-1","max-image-preview":"max-image-preview:large","max-video-preview":"max-video-preview:-1"},"canonical":"https:\/\/www.tyroremotes.be\/fr\/produit\/indus-1s-arret-durgence-sans-fil\/","og_locale":"fr_FR","og_type":"article","og_title":"Bouton coup de poing sans fil Indus Gemini | Tyro Remotes","og_description":"Pour une s\u00e9curit\u00e9 maximale, le bouton poussoir est la solution id\u00e9ale. Le bouton poussoir constitue une solution unique en son genre. Demandez votre devis!","og_url":"https:\/\/www.tyroremotes.be\/fr\/produit\/indus-1s-arret-durgence-sans-fil\/","og_site_name":"Tyro Remotes","article_modified_time":"2022-01-25T10:35:13+00:00","og_image":[{"width":800,"height":800,"url":"https:\/\/www.tyroremotes.be\/wp-content\/uploads\/2015\/10\/Indus-1S-v2.jpg","type":"image\/jpeg"}],"twitter_card":"summary_large_image","twitter_site":"@TyroRemotesNL","twitter_misc":{"Dur\u00e9e de lecture est.":"3 minutes"},"schema":{"@context":"https:\/\/schema.org","@graph":[{"@type":"WebPage","@id":"https:\/\/www.tyroremotes.be\/fr\/produit\/indus-1s-arret-durgence-sans-fil\/","url":"https:\/\/www.tyroremotes.be\/fr\/produit\/indus-1s-arret-durgence-sans-fil\/","name":"Bouton coup de poing sans fil Indus Gemini | Tyro Remotes","isPartOf":{"@id":"https:\/\/www.tyroremotes.be\/#website"},"primaryImageOfPage":{"@id":"https:\/\/www.tyroremotes.be\/fr\/produit\/indus-1s-arret-durgence-sans-fil\/#primaryimage"},"image":{"@id":"https:\/\/www.tyroremotes.be\/fr\/produit\/indus-1s-arret-durgence-sans-fil\/#primaryimage"},"thumbnailUrl":"https:\/\/www.tyroremotes.be\/wp-content\/uploads\/2015\/10\/Indus-1S-v2.jpg","datePublished":"2015-10-07T23:00:00+00:00","dateModified":"2022-01-25T10:35:13+00:00","description":"Pour une s\u00e9curit\u00e9 maximale, le bouton poussoir est la solution id\u00e9ale. Le bouton poussoir constitue une solution unique en son genre. Demandez votre devis!","breadcrumb":{"@id":"https:\/\/www.tyroremotes.be\/fr\/produit\/indus-1s-arret-durgence-sans-fil\/#breadcrumb"},"inLanguage":"fr-BE","potentialAction":[{"@type":"ReadAction","target":["https:\/\/www.tyroremotes.be\/fr\/produit\/indus-1s-arret-durgence-sans-fil\/"]}]},{"@type":"ImageObject","inLanguage":"fr-BE","@id":"https:\/\/www.tyroremotes.be\/fr\/produit\/indus-1s-arret-durgence-sans-fil\/#primaryimage","url":"https:\/\/www.tyroremotes.be\/wp-content\/uploads\/2015\/10\/Indus-1S-v2.jpg","contentUrl":"https:\/\/www.tyroremotes.be\/wp-content\/uploads\/2015\/10\/Indus-1S-v2.jpg","width":800,"height":800},{"@type":"BreadcrumbList","@id":"https:\/\/www.tyroremotes.be\/fr\/produit\/indus-1s-arret-durgence-sans-fil\/#breadcrumb","itemListElement":[{"@type":"ListItem","position":1,"name":"Home","item":"https:\/\/www.tyroremotes.be\/fr\/"},{"@type":"ListItem","position":2,"name":"Winkel","item":"https:\/\/www.tyroremotes.be\/winkel\/"},{"@type":"ListItem","position":3,"name":"T\u00e9l\u00e9commandes","item":"https:\/\/www.tyroremotes.be\/fr\/pcat\/telecommandes\/"},{"@type":"ListItem","position":4,"name":"Indus 1S -Arr\u00eat d&rsquo;urgence sans fil"}]},{"@type":"WebSite","@id":"https:\/\/www.tyroremotes.be\/#website","url":"https:\/\/www.tyroremotes.be\/","name":"Tyro Remotes","description":"","potentialAction":[{"@type":"SearchAction","target":{"@type":"EntryPoint","urlTemplate":"https:\/\/www.tyroremotes.be\/?s={search_term_string}"},"query-input":{"@type":"PropertyValueSpecification","valueRequired":true,"valueName":"search_term_string"}}],"inLanguage":"fr-BE"}]}},"_links":{"self":[{"href":"https:\/\/www.tyroremotes.be\/fr\/wp-json\/wp\/v2\/product\/9645","targetHints":{"allow":["GET"]}}],"collection":[{"href":"https:\/\/www.tyroremotes.be\/fr\/wp-json\/wp\/v2\/product"}],"about":[{"href":"https:\/\/www.tyroremotes.be\/fr\/wp-json\/wp\/v2\/types\/product"}],"replies":[{"embeddable":true,"href":"https:\/\/www.tyroremotes.be\/fr\/wp-json\/wp\/v2\/comments?post=9645"}],"wp:featuredmedia":[{"embeddable":true,"href":"https:\/\/www.tyroremotes.be\/fr\/wp-json\/wp\/v2\/media\/9491"}],"wp:attachment":[{"href":"https:\/\/www.tyroremotes.be\/fr\/wp-json\/wp\/v2\/media?parent=9645"}],"wp:term":[{"taxonomy":"product_brand","embeddable":true,"href":"https:\/\/www.tyroremotes.be\/fr\/wp-json\/wp\/v2\/product_brand?post=9645"},{"taxonomy":"product_cat","embeddable":true,"href":"https:\/\/www.tyroremotes.be\/fr\/wp-json\/wp\/v2\/product_cat?post=9645"},{"taxonomy":"product_tag","embeddable":true,"href":"https:\/\/www.tyroremotes.be\/fr\/wp-json\/wp\/v2\/product_tag?post=9645"}],"curies":[{"name":"wp","href":"https:\/\/api.w.org\/{rel}","templated":true}]}}