{"id":9639,"date":"2015-10-08T00:00:00","date_gmt":"2015-10-07T23:00:00","guid":{"rendered":"https:\/\/www.tyroremotes.be\/product\/libra-2-8-kanalen-bidirectioneel\/"},"modified":"2020-04-21T10:01:43","modified_gmt":"2020-04-21T09:01:43","slug":"libra-2-8-voies","status":"publish","type":"product","link":"https:\/\/www.tyroremotes.be\/fr\/produit\/libra-2-8-voies\/","title":{"rendered":"Libra | 2  \u00e0 8 voies"},"content":{"rendered":"<h2>Libra: pour une communication de donn\u00e9es sans fil<\/h2>\n<p>Les t\u00e9l\u00e9commandes industrielles full-duplex Libra ont prouv\u00e9es depuis des ann\u00e9es qu&rsquo;elles \u00e9taient extr\u00eamement comp\u00e9tentes dans la commande \u00e0 distance et la communication des donn\u00e9es sans fil.<br \/>\n<span class=\"scroll-to\" data-label=\"Scroll to: #productsheet\" data-bullet=\"false\" data-link=\"#productsheet\" data-title=\"Change this\" ><a name=\"productsheet\"><\/a><\/span>\r\n\r\n\t<section class=\"section\" id=\"section_205530432\">\n\t\t<div class=\"bg section-bg fill bg-fill bg-loaded bg-loaded\" >\n\n\t\t\t\n\t\t\t\n\t\t\t\n\n\t\t<\/div>\n\n\t\t\n\n\t\t<div class=\"section-content relative\">\n\t\t\t\r\n\r\n<div class=\"row align-center\"  id=\"row-388976978\">\r\n\r\n\n\t<div id=\"col-1971223074\" class=\"col medium-8 small-12 large-8\"  >\n\t\t\t\t<div class=\"col-inner\"  >\n\t\t\t\n\t\t\t\r\n\t<div id=\"gap-572333569\" class=\"gap-element clearfix\" style=\"display:block; height:auto;\">\n\t\t\n<style>\n#gap-572333569 {\n  padding-top: 30px;\n}\n<\/style>\n\t<\/div>\n\t\r\n<h3>Recevoir la fiche produit directement par e-mail<\/h3>\r\n\n<div class=\"wpcf7 no-js\" id=\"wpcf7-f11233-o1\" lang=\"nl-NL\" dir=\"ltr\" data-wpcf7-id=\"11233\">\n<div class=\"screen-reader-response\"><p role=\"status\" aria-live=\"polite\" aria-atomic=\"true\"><\/p> <ul><\/ul><\/div>\n<form action=\"\/fr\/wp-json\/wp\/v2\/product\/9639#wpcf7-f11233-o1\" method=\"post\" class=\"wpcf7-form init wpcf7-acceptance-as-validation\" aria-label=\"Contactformulier\" novalidate=\"novalidate\" data-status=\"init\">\n<fieldset class=\"hidden-fields-container\"><input type=\"hidden\" name=\"_wpcf7\" value=\"11233\" \/><input type=\"hidden\" name=\"_wpcf7_version\" value=\"6.1.5\" \/><input type=\"hidden\" name=\"_wpcf7_locale\" value=\"nl_NL\" \/><input type=\"hidden\" name=\"_wpcf7_unit_tag\" value=\"wpcf7-f11233-o1\" \/><input type=\"hidden\" name=\"_wpcf7_container_post\" value=\"0\" \/><input type=\"hidden\" name=\"_wpcf7_posted_data_hash\" value=\"\" \/><input type=\"hidden\" name=\"_wpcf7_recaptcha_response\" value=\"\" \/>\n<\/fieldset>\n<p><div class=\"row\"  id=\"row-1023136000\"><br \/>\n\n\t<div id=\"col-949754610\" class=\"col medium-6 small-12 large-6\"  >\n\t\t\t\t<div class=\"col-inner\"  >\n\t\t\t\n\t\t\t<br \/>\n<label> Pr\u00e9nom <span class=\"obligated\">*<\/span><br \/>\n<span class=\"wpcf7-form-control-wrap\" data-name=\"firstname\"><input size=\"40\" maxlength=\"400\" class=\"wpcf7-form-control wpcf7-text wpcf7-validates-as-required\" aria-required=\"true\" aria-invalid=\"false\" value=\"\" type=\"text\" name=\"firstname\" \/><\/span> <\/label><br \/>\n\t\t<\/div>\n\t\t\t\t\t<\/div>\n\n\t<br \/>\n\n\t<div id=\"col-445799185\" class=\"col medium-6 small-12 large-6\"  >\n\t\t\t\t<div class=\"col-inner\"  >\n\t\t\t\n\t\t\t<br \/>\n<label> Nom de famille <span class=\"obligated\">*<\/span><br \/>\n<span class=\"wpcf7-form-control-wrap\" data-name=\"lastname\"><input size=\"40\" maxlength=\"400\" class=\"wpcf7-form-control wpcf7-text wpcf7-validates-as-required\" aria-required=\"true\" aria-invalid=\"false\" value=\"\" type=\"text\" name=\"lastname\" \/><\/span> <\/label><br \/>\n\t\t<\/div>\n\t\t\t\t\t<\/div>\n\n\t<br \/>\n\n\t<div id=\"col-1521356187\" class=\"col medium-12 small-12 large-12\"  >\n\t\t\t\t<div class=\"col-inner\"  >\n\t\t\t\n\t\t\t\n<\/p>\n<p><label> E-mail <span class=\"obligated\">*<\/span><br \/>\n<span class=\"wpcf7-form-control-wrap\" data-name=\"be_fr_email\"><input size=\"40\" maxlength=\"400\" class=\"wpcf7-form-control wpcf7-email wpcf7-validates-as-required wpcf7-text wpcf7-validates-as-email\" aria-required=\"true\" aria-invalid=\"false\" value=\"\" type=\"email\" name=\"be_fr_email\" \/><\/span> <\/label>\n<\/p>\n<p><label> N\u00famero de t\u00e9l\u00e9phone<br \/>\n<span class=\"wpcf7-form-control-wrap\" data-name=\"phone\"><input size=\"40\" maxlength=\"400\" class=\"wpcf7-form-control wpcf7-text\" aria-invalid=\"false\" value=\"\" type=\"text\" name=\"phone\" \/><\/span> <\/label>\n<\/p>\n<p><label> Privacy <span class=\"obligated\">*<\/span><\/label><br \/>\n<span class=\"wpcf7-form-control-wrap\" data-name=\"privacy\"><span class=\"wpcf7-form-control wpcf7-acceptance\"><span class=\"wpcf7-list-item\"><label><input type=\"checkbox\" name=\"privacy\" value=\"1\" aria-invalid=\"false\" \/><span class=\"wpcf7-list-item-label\">En utilisant ce formulaire, vous acceptez notre <a target=\"_blank\" href=\"https:\/\/www.tyroremotes.be\/fr\/declaration-de-confidentialite\/\">d\u00e9claration de confidentialit\u00e9<\/a>.<\/span><\/label><\/span><\/span><\/span>\n<\/p>\n<p>\t<div id=\"gap-763176196\" class=\"gap-element clearfix\" style=\"display:block; height:auto;\">\n\t\t\n<style>\n#gap-763176196 {\n  padding-top: 30px;\n}\n<\/style>\n\t<\/div>\n\t<br \/>\n<input class=\"wpcf7-form-control wpcf7-submit has-spinner\" type=\"submit\" value=\"Recevoir la fiche produit\" \/><br \/>\n<input type=\"read-only\" class=\"current_url\" readonly name=\"source\" value=\"https:\/\/www.tyroremotes.be\/fr\/wp-json\/wp\/v2\/product\/9639\/\" \/><br \/>\n\t\t<\/div>\n\t\t\t\t\t<\/div>\n\n\t<br \/>\n<\/div>\n<\/p><div class=\"wpcf7-response-output\" aria-hidden=\"true\"><\/div>\n<\/form>\n<\/div>\n\t\t<\/div>\n\t\t\t\t\t<\/div>\n\n\t\r\n\r\n\n<style>\n#row-388976978 > .col > .col-inner {\n  padding: 20px 20px 20px 20px;\n}\n<\/style>\n<\/div>\r\n\r\n\t\t<\/div>\n\n\t\t\n<style>\n#section_205530432 {\n  padding-top: 30px;\n  padding-bottom: 30px;\n  background-color: rgb(218, 218, 218);\n}\n<\/style>\n\t<\/section>\n\t\r\n\t<div id=\"gap-1816273169\" class=\"gap-element clearfix\" style=\"display:block; height:auto;\">\n\t\t\n<style>\n#gap-1816273169 {\n  padding-top: 30px;\n}\n<\/style>\n\t<\/div>\n\t\n<h2>Transmission des donn\u00e9es sans fil<\/h2>\n<p>Gr\u00e2ce \u00e0 la connexion full-duplex (communication double), la transmission des donn\u00e9es sans fil peut se faire de mani\u00e8re num\u00e9riques et analogiques (jusqu&rsquo;\u00e0 12 bits), avec un temps de r\u00e9action inf\u00e9rieur \u00e0 0,1 seconde.<\/p>\n<h2>R\u00e9troaction des valeurs<\/h2>\n<p>Vous recevez des informations \u00e0 distance en temps r\u00e9el de l&rsquo;objet que vous \u00eates en train de commander. Vous pouvez lire les donn\u00e9es (graphiques, num\u00e9riques ou symboliques) qui sont envoy\u00e9es entre l&rsquo;\u00e9metteur et le r\u00e9cepteur sur l&rsquo;\u00e9cran LCD de la t\u00e9l\u00e9commande Libra.<\/p>\n<h2>Une structure du menu pratique<\/h2>\n<p>Les \u00e9metteurs Tyro Libra sont programmables avec un maximum de 36 fonctions. Ils restent tout de fois faciles \u00e0 utiliser gr\u00e2ce \u00e0 une structure de menu avec \u00e9cran. Les t\u00e9l\u00e9commandes professionnels de la s\u00e9rie Libra sont tr\u00e8s flexibles et poss\u00e8dent beaucoup d&rsquo;options pour pouvoir r\u00e9pondre \u00e0 toutes vos exigences. Vous choisissez vous-m\u00eame les symboles des touches. D&rsquo;autres options sont possibles comme le verrouillage des touches, la commande bi-manuelle, les touches \u00e0 auto-maintient ou les combinaison de touches pour certaines fonctions.<\/p>\n<h2>R\u00e9cepteur correspondant<\/h2>\n<p>Les syst\u00e8mes de commande \u00e0 distance Libra sont g\u00e9n\u00e9ralement utilis\u00e9s avec le r\u00e9cepteur Aquila. Il peut aussi \u00e9ventuellement fonctionner avec le r\u00e9cepteur Norma. Tous les syst\u00e8mes de commande sans fil de Tyro Remotes sont autoris\u00e9s \u00e0 \u00eatre utilis\u00e9s sur les voies publiques.<\/p>\n<p>Disponible avec 2, 4, 6 ou 8 touches de fonction, en option extensible avec un \u00e9cran et un bouton\u00a0STOP pour plus de s\u00e9curit\u00e9.<\/p>\n","protected":false},"excerpt":{"rendered":"<div class=\"row row-small align-equal align-center\"  id=\"row-1976075420\">\n\t<div id=\"col-431787555\" class=\"col medium-3 small-3 large-3\"  >\n\t\t\t\t<div class=\"col-inner\"  >\n\t\t\t\n\t\t\t<a href=\"#productsheet\" title=\"Download la fiche produit\"><img decoding=\"async\" src=\"https:\/\/www.tyroremotes.be\/wp-content\/uploads\/2015\/10\/download-pdf.png\"><\/a>\t\t<\/div>\n\t\t\t\t\t<\/div>\n\n\t\n\t<div id=\"col-437256079\" class=\"col medium-3 small-3 large-3\"  >\n\t\t\t\t<div class=\"col-inner\"  >\n\t\t\t\n\t\t\t<a href=\"#libra\"><img decoding=\"async\" src=\"https:\/\/www.tyroremotes.be\/wp-content\/uploads\/2015\/10\/view-360.png\" alt=\"360 view\" \/><\/a>\t\t<\/div>\n\t\t\t\t\t<\/div>\n\n\t\n\t<div id=\"col-164843161\" class=\"col medium-3 small-3 large-3\"  >\n\t\t\t\t<div class=\"col-inner\"  >\n\t\t\t\n\t\t\t<a href=\"https:\/\/www.tyroremotes.be\/fr\/support\/videos-de-programmation\/programmation-auriga-pavo-aquila\/\" target=\"_blank\" rel=\"noopener noreferrer\"><img decoding=\"async\" src=\"https:\/\/www.tyroremotes.be\/wp-content\/uploads\/2015\/10\/watch-tutorial.png\" alt=\"icon-manual\" class=\"alignnone size-full wp-image-3864\" \/><\/a>\t\t<\/div>\n\t\t\t\t\t<\/div>\n\n\t\n\t<div id=\"col-431404077\" class=\"col medium-3 small-3 large-3\"  >\n\t\t\t\t<div class=\"col-inner\"  >\n\t\t\t\n\t\t\t<a href=\"#madeineu\"><img decoding=\"async\" src=\"https:\/\/www.tyroremotes.be\/wp-content\/uploads\/2018\/10\/made-in-eu-icon-fr.png\" \/><\/a>\r\n\t<div id=\"madeineu\"\n\t     class=\"lightbox-by-id lightbox-content mfp-hide lightbox-white \"\n\t     style=\"max-width:700px ;padding:20px\">\n\t\t\r\n<div class=\"row row-collapse row-full-width align-middle\"  id=\"row-1970574932\">\r\n\r\n\n\t<div id=\"col-1827685204\" class=\"col medium-7 small-12 large-7\"  >\n\t\t\t\t<div class=\"col-inner text-left\"  >\n\t\t\t\n\t\t\t\r\n\r\n<img decoding=\"async\" src=\"https:\/\/www.tyroremotes.be\/wp-content\/uploads\/2015\/10\/made-in-eu-icon.png\" \/>\r\n\r\n\t\t<\/div>\n\t\t\t\t\n<style>\n#col-1827685204 > .col-inner {\n  max-width: 520px;\n}\n<\/style>\n\t<\/div>\n\n\t\r\n\n\t<div id=\"col-488846596\" class=\"col medium-5 small-12 large-5\"  >\n\t\t\t\t<div class=\"col-inner\"  >\n\t\t\t\n\t\t\t\r\n\r\n<h5 class=\"uppercase\">Fabriqu\u00e9 en Europe<\/h5><p>Toutes nos radiocommandes et  nos r\u00e9cepteurs sont con\u00e7us, d\u00e9velopp\u00e9s et produits en Europe.<\/p>\r\n\r\n\t\t<\/div>\n\t\t\t\t\t<\/div>\n\n\t\r\n<\/div>\r\n\t<\/div>\n\t\n\t\r\n\t\t<\/div>\n\t\t\t\t\t<\/div>\n\n\t<\/div>\n<ul>\n<li>Transfert de donn\u00e9es sans fil<\/li>\n<li>Eclairage de l&#039;\u00e9cran LCD pour une vision du volume ou du poids<\/li>\n<li>Antichoc et r\u00e9sistant \u00e0 la poussi\u00e8re et \u00e0 l&#039;humidit\u00e9<\/li>\n<li>Temps de r\u00e9action tres rapide (0,1 s)<\/li>\n<li>Commande proportionnelle possible<\/li>\n<li>Haut niveau de conformit\u00e9 (CEM, E2, R&amp;TTE, CE)<\/li>\n<li>Displonible avec un bouton STOP<\/li>\n<\/ul>\n","protected":false},"featured_media":8650,"comment_status":"closed","ping_status":"closed","template":"","meta":[],"product_brand":[],"product_cat":[275],"product_tag":[],"class_list":{"0":"post-9639","1":"product","2":"type-product","3":"status-publish","4":"has-post-thumbnail","6":"product_cat-telecommandes","8":"first","9":"instock","10":"shipping-taxable","11":"product-type-simple"},"yoast_head":"<!-- This site is optimized with the Yoast SEO plugin v27.5 - https:\/\/yoast.com\/product\/yoast-seo-wordpress\/ -->\n<title>T\u00e9l\u00e9commande Libra duplex jusqu&#039;\u00e0 36 fonctions | Tyro<\/title>\n<meta name=\"description\" content=\"Commande \u00e0 distance jusqu\u2019\u00e0 250m \u00e9cran inclus. La t\u00e9l\u00e9commande est utilis\u00e9e dans diff\u00e9rents domaines industriels. Propres ic\u00f4nes de clavier possible.\" \/>\n<meta name=\"robots\" content=\"index, follow, max-snippet:-1, max-image-preview:large, max-video-preview:-1\" \/>\n<link rel=\"canonical\" href=\"https:\/\/www.tyroremotes.be\/fr\/produit\/libra-2-8-voies\/\" \/>\n<meta property=\"og:locale\" content=\"fr_FR\" \/>\n<meta property=\"og:type\" content=\"article\" \/>\n<meta property=\"og:title\" content=\"T\u00e9l\u00e9commande Libra duplex jusqu&#039;\u00e0 36 fonctions | Tyro\" \/>\n<meta property=\"og:description\" content=\"Commande \u00e0 distance jusqu\u2019\u00e0 250m \u00e9cran inclus. La t\u00e9l\u00e9commande est utilis\u00e9e dans diff\u00e9rents domaines industriels. Propres ic\u00f4nes de clavier possible.\" \/>\n<meta property=\"og:url\" content=\"https:\/\/www.tyroremotes.be\/fr\/produit\/libra-2-8-voies\/\" \/>\n<meta property=\"og:site_name\" content=\"Tyro Remotes\" \/>\n<meta property=\"article:modified_time\" content=\"2020-04-21T09:01:43+00:00\" \/>\n<meta property=\"og:image\" content=\"https:\/\/www.tyroremotes.be\/wp-content\/uploads\/2015\/10\/libra-afstandsbesturing-industrieel.jpg\" \/>\n\t<meta property=\"og:image:width\" content=\"800\" \/>\n\t<meta property=\"og:image:height\" content=\"800\" \/>\n\t<meta property=\"og:image:type\" content=\"image\/jpeg\" \/>\n<meta name=\"twitter:card\" content=\"summary_large_image\" \/>\n<meta name=\"twitter:site\" content=\"@TyroRemotesNL\" \/>\n<meta name=\"twitter:label1\" content=\"Dur\u00e9e de lecture est.\" \/>\n\t<meta name=\"twitter:data1\" content=\"2 minutes\" \/>\n<script type=\"application\/ld+json\" class=\"yoast-schema-graph\">{\"@context\":\"https:\\\/\\\/schema.org\",\"@graph\":[{\"@type\":\"WebPage\",\"@id\":\"https:\\\/\\\/www.tyroremotes.be\\\/fr\\\/produit\\\/libra-2-8-voies\\\/\",\"url\":\"https:\\\/\\\/www.tyroremotes.be\\\/fr\\\/produit\\\/libra-2-8-voies\\\/\",\"name\":\"T\u00e9l\u00e9commande Libra duplex jusqu'\u00e0 36 fonctions | Tyro\",\"isPartOf\":{\"@id\":\"https:\\\/\\\/www.tyroremotes.be\\\/#website\"},\"primaryImageOfPage\":{\"@id\":\"https:\\\/\\\/www.tyroremotes.be\\\/fr\\\/produit\\\/libra-2-8-voies\\\/#primaryimage\"},\"image\":{\"@id\":\"https:\\\/\\\/www.tyroremotes.be\\\/fr\\\/produit\\\/libra-2-8-voies\\\/#primaryimage\"},\"thumbnailUrl\":\"https:\\\/\\\/www.tyroremotes.be\\\/wp-content\\\/uploads\\\/2015\\\/10\\\/libra-afstandsbesturing-industrieel.jpg\",\"datePublished\":\"2015-10-07T23:00:00+00:00\",\"dateModified\":\"2020-04-21T09:01:43+00:00\",\"description\":\"Commande \u00e0 distance jusqu\u2019\u00e0 250m \u00e9cran inclus. La t\u00e9l\u00e9commande est utilis\u00e9e dans diff\u00e9rents domaines industriels. Propres ic\u00f4nes de clavier possible.\",\"breadcrumb\":{\"@id\":\"https:\\\/\\\/www.tyroremotes.be\\\/fr\\\/produit\\\/libra-2-8-voies\\\/#breadcrumb\"},\"inLanguage\":\"fr-BE\",\"potentialAction\":[{\"@type\":\"ReadAction\",\"target\":[\"https:\\\/\\\/www.tyroremotes.be\\\/fr\\\/produit\\\/libra-2-8-voies\\\/\"]}]},{\"@type\":\"ImageObject\",\"inLanguage\":\"fr-BE\",\"@id\":\"https:\\\/\\\/www.tyroremotes.be\\\/fr\\\/produit\\\/libra-2-8-voies\\\/#primaryimage\",\"url\":\"https:\\\/\\\/www.tyroremotes.be\\\/wp-content\\\/uploads\\\/2015\\\/10\\\/libra-afstandsbesturing-industrieel.jpg\",\"contentUrl\":\"https:\\\/\\\/www.tyroremotes.be\\\/wp-content\\\/uploads\\\/2015\\\/10\\\/libra-afstandsbesturing-industrieel.jpg\",\"width\":800,\"height\":800},{\"@type\":\"BreadcrumbList\",\"@id\":\"https:\\\/\\\/www.tyroremotes.be\\\/fr\\\/produit\\\/libra-2-8-voies\\\/#breadcrumb\",\"itemListElement\":[{\"@type\":\"ListItem\",\"position\":1,\"name\":\"Home\",\"item\":\"https:\\\/\\\/www.tyroremotes.be\\\/fr\\\/\"},{\"@type\":\"ListItem\",\"position\":2,\"name\":\"Winkel\",\"item\":\"https:\\\/\\\/www.tyroremotes.be\\\/winkel\\\/\"},{\"@type\":\"ListItem\",\"position\":3,\"name\":\"T\u00e9l\u00e9commandes\",\"item\":\"https:\\\/\\\/www.tyroremotes.be\\\/fr\\\/pcat\\\/telecommandes\\\/\"},{\"@type\":\"ListItem\",\"position\":4,\"name\":\"Libra | 2 \u00e0 8 voies\"}]},{\"@type\":\"WebSite\",\"@id\":\"https:\\\/\\\/www.tyroremotes.be\\\/#website\",\"url\":\"https:\\\/\\\/www.tyroremotes.be\\\/\",\"name\":\"Tyro Remotes\",\"description\":\"\",\"potentialAction\":[{\"@type\":\"SearchAction\",\"target\":{\"@type\":\"EntryPoint\",\"urlTemplate\":\"https:\\\/\\\/www.tyroremotes.be\\\/?s={search_term_string}\"},\"query-input\":{\"@type\":\"PropertyValueSpecification\",\"valueRequired\":true,\"valueName\":\"search_term_string\"}}],\"inLanguage\":\"fr-BE\"}]}<\/script>\n<!-- \/ Yoast SEO plugin. -->","yoast_head_json":{"title":"T\u00e9l\u00e9commande Libra duplex jusqu'\u00e0 36 fonctions | Tyro","description":"Commande \u00e0 distance jusqu\u2019\u00e0 250m \u00e9cran inclus. La t\u00e9l\u00e9commande est utilis\u00e9e dans diff\u00e9rents domaines industriels. Propres ic\u00f4nes de clavier possible.","robots":{"index":"index","follow":"follow","max-snippet":"max-snippet:-1","max-image-preview":"max-image-preview:large","max-video-preview":"max-video-preview:-1"},"canonical":"https:\/\/www.tyroremotes.be\/fr\/produit\/libra-2-8-voies\/","og_locale":"fr_FR","og_type":"article","og_title":"T\u00e9l\u00e9commande Libra duplex jusqu'\u00e0 36 fonctions | Tyro","og_description":"Commande \u00e0 distance jusqu\u2019\u00e0 250m \u00e9cran inclus. La t\u00e9l\u00e9commande est utilis\u00e9e dans diff\u00e9rents domaines industriels. Propres ic\u00f4nes de clavier possible.","og_url":"https:\/\/www.tyroremotes.be\/fr\/produit\/libra-2-8-voies\/","og_site_name":"Tyro Remotes","article_modified_time":"2020-04-21T09:01:43+00:00","og_image":[{"width":800,"height":800,"url":"https:\/\/www.tyroremotes.be\/wp-content\/uploads\/2015\/10\/libra-afstandsbesturing-industrieel.jpg","type":"image\/jpeg"}],"twitter_card":"summary_large_image","twitter_site":"@TyroRemotesNL","twitter_misc":{"Dur\u00e9e de lecture est.":"2 minutes"},"schema":{"@context":"https:\/\/schema.org","@graph":[{"@type":"WebPage","@id":"https:\/\/www.tyroremotes.be\/fr\/produit\/libra-2-8-voies\/","url":"https:\/\/www.tyroremotes.be\/fr\/produit\/libra-2-8-voies\/","name":"T\u00e9l\u00e9commande Libra duplex jusqu'\u00e0 36 fonctions | Tyro","isPartOf":{"@id":"https:\/\/www.tyroremotes.be\/#website"},"primaryImageOfPage":{"@id":"https:\/\/www.tyroremotes.be\/fr\/produit\/libra-2-8-voies\/#primaryimage"},"image":{"@id":"https:\/\/www.tyroremotes.be\/fr\/produit\/libra-2-8-voies\/#primaryimage"},"thumbnailUrl":"https:\/\/www.tyroremotes.be\/wp-content\/uploads\/2015\/10\/libra-afstandsbesturing-industrieel.jpg","datePublished":"2015-10-07T23:00:00+00:00","dateModified":"2020-04-21T09:01:43+00:00","description":"Commande \u00e0 distance jusqu\u2019\u00e0 250m \u00e9cran inclus. La t\u00e9l\u00e9commande est utilis\u00e9e dans diff\u00e9rents domaines industriels. Propres ic\u00f4nes de clavier possible.","breadcrumb":{"@id":"https:\/\/www.tyroremotes.be\/fr\/produit\/libra-2-8-voies\/#breadcrumb"},"inLanguage":"fr-BE","potentialAction":[{"@type":"ReadAction","target":["https:\/\/www.tyroremotes.be\/fr\/produit\/libra-2-8-voies\/"]}]},{"@type":"ImageObject","inLanguage":"fr-BE","@id":"https:\/\/www.tyroremotes.be\/fr\/produit\/libra-2-8-voies\/#primaryimage","url":"https:\/\/www.tyroremotes.be\/wp-content\/uploads\/2015\/10\/libra-afstandsbesturing-industrieel.jpg","contentUrl":"https:\/\/www.tyroremotes.be\/wp-content\/uploads\/2015\/10\/libra-afstandsbesturing-industrieel.jpg","width":800,"height":800},{"@type":"BreadcrumbList","@id":"https:\/\/www.tyroremotes.be\/fr\/produit\/libra-2-8-voies\/#breadcrumb","itemListElement":[{"@type":"ListItem","position":1,"name":"Home","item":"https:\/\/www.tyroremotes.be\/fr\/"},{"@type":"ListItem","position":2,"name":"Winkel","item":"https:\/\/www.tyroremotes.be\/winkel\/"},{"@type":"ListItem","position":3,"name":"T\u00e9l\u00e9commandes","item":"https:\/\/www.tyroremotes.be\/fr\/pcat\/telecommandes\/"},{"@type":"ListItem","position":4,"name":"Libra | 2 \u00e0 8 voies"}]},{"@type":"WebSite","@id":"https:\/\/www.tyroremotes.be\/#website","url":"https:\/\/www.tyroremotes.be\/","name":"Tyro Remotes","description":"","potentialAction":[{"@type":"SearchAction","target":{"@type":"EntryPoint","urlTemplate":"https:\/\/www.tyroremotes.be\/?s={search_term_string}"},"query-input":{"@type":"PropertyValueSpecification","valueRequired":true,"valueName":"search_term_string"}}],"inLanguage":"fr-BE"}]}},"_links":{"self":[{"href":"https:\/\/www.tyroremotes.be\/fr\/wp-json\/wp\/v2\/product\/9639","targetHints":{"allow":["GET"]}}],"collection":[{"href":"https:\/\/www.tyroremotes.be\/fr\/wp-json\/wp\/v2\/product"}],"about":[{"href":"https:\/\/www.tyroremotes.be\/fr\/wp-json\/wp\/v2\/types\/product"}],"replies":[{"embeddable":true,"href":"https:\/\/www.tyroremotes.be\/fr\/wp-json\/wp\/v2\/comments?post=9639"}],"wp:featuredmedia":[{"embeddable":true,"href":"https:\/\/www.tyroremotes.be\/fr\/wp-json\/wp\/v2\/media\/8650"}],"wp:attachment":[{"href":"https:\/\/www.tyroremotes.be\/fr\/wp-json\/wp\/v2\/media?parent=9639"}],"wp:term":[{"taxonomy":"product_brand","embeddable":true,"href":"https:\/\/www.tyroremotes.be\/fr\/wp-json\/wp\/v2\/product_brand?post=9639"},{"taxonomy":"product_cat","embeddable":true,"href":"https:\/\/www.tyroremotes.be\/fr\/wp-json\/wp\/v2\/product_cat?post=9639"},{"taxonomy":"product_tag","embeddable":true,"href":"https:\/\/www.tyroremotes.be\/fr\/wp-json\/wp\/v2\/product_tag?post=9639"}],"curies":[{"name":"wp","href":"https:\/\/api.w.org\/{rel}","templated":true}]}}