{"id":9637,"date":"2015-10-07T00:00:00","date_gmt":"2015-10-06T23:00:00","guid":{"rendered":"https:\/\/www.tyroremotes.be\/product\/corvus-2-8-kanalen-biderectioneel\/"},"modified":"2020-04-21T10:01:20","modified_gmt":"2020-04-21T09:01:20","slug":"corvus-2-8-voies-bidrectionnelle","status":"publish","type":"product","link":"https:\/\/www.tyroremotes.be\/fr\/produit\/corvus-2-8-voies-bidrectionnelle\/","title":{"rendered":"Corvus | 2 \u00e0 8 voies bidirectionnelle"},"content":{"rendered":"<h2>Radiocommande Corvus<\/h2>\n<p>La Corvus est en ce qui concerne les communications avanc\u00e9es plus vari\u00e9e que l<a href=\"https:\/\/www.tyroremotes.be\/fr\/produit\/pyxis-2-4-6-8-voies-telecommande\">a t\u00e9l\u00e9commande sans fil Pyxis<\/a>. Avec la radiocommande Corvus, il est en effet possible d&rsquo;obtenir une r\u00e9troaction par LED ou un buzzer. Pour cette raison, la Corvus est utilis\u00e9e dans une grande vari\u00e9t\u00e9 d&rsquo;applications.<br \/>\n<span class=\"scroll-to\" data-label=\"Scroll to: #productsheet\" data-bullet=\"false\" data-link=\"#productsheet\" data-title=\"Change this\" ><a name=\"productsheet\"><\/a><\/span>\r\n\r\n\t<section class=\"section\" id=\"section_2028077335\">\n\t\t<div class=\"bg section-bg fill bg-fill bg-loaded bg-loaded\" >\n\n\t\t\t\n\t\t\t\n\t\t\t\n\n\t\t<\/div>\n\n\t\t\n\n\t\t<div class=\"section-content relative\">\n\t\t\t\r\n\r\n<div class=\"row align-center\"  id=\"row-214247802\">\r\n\r\n\n\t<div id=\"col-717864277\" class=\"col medium-8 small-12 large-8\"  >\n\t\t\t\t<div class=\"col-inner\"  >\n\t\t\t\n\t\t\t\r\n\t<div id=\"gap-1289071623\" class=\"gap-element clearfix\" style=\"display:block; height:auto;\">\n\t\t\n<style>\n#gap-1289071623 {\n  padding-top: 30px;\n}\n<\/style>\n\t<\/div>\n\t\r\n<h3>Recevoir la fiche produit directement par e-mail<\/h3>\r\n\n<div class=\"wpcf7 no-js\" id=\"wpcf7-f11233-o1\" lang=\"nl-NL\" dir=\"ltr\" data-wpcf7-id=\"11233\">\n<div class=\"screen-reader-response\"><p role=\"status\" aria-live=\"polite\" aria-atomic=\"true\"><\/p> <ul><\/ul><\/div>\n<form action=\"\/fr\/wp-json\/wp\/v2\/product\/9637#wpcf7-f11233-o1\" method=\"post\" class=\"wpcf7-form init wpcf7-acceptance-as-validation\" aria-label=\"Contactformulier\" novalidate=\"novalidate\" data-status=\"init\">\n<fieldset class=\"hidden-fields-container\"><input type=\"hidden\" name=\"_wpcf7\" value=\"11233\" \/><input type=\"hidden\" name=\"_wpcf7_version\" value=\"6.1.5\" \/><input type=\"hidden\" name=\"_wpcf7_locale\" value=\"nl_NL\" \/><input type=\"hidden\" name=\"_wpcf7_unit_tag\" value=\"wpcf7-f11233-o1\" \/><input type=\"hidden\" name=\"_wpcf7_container_post\" value=\"0\" \/><input type=\"hidden\" name=\"_wpcf7_posted_data_hash\" value=\"\" \/><input type=\"hidden\" name=\"_wpcf7_recaptcha_response\" value=\"\" \/>\n<\/fieldset>\n<p><div class=\"row\"  id=\"row-809110372\"><br \/>\n\n\t<div id=\"col-1963848522\" class=\"col medium-6 small-12 large-6\"  >\n\t\t\t\t<div class=\"col-inner\"  >\n\t\t\t\n\t\t\t<br \/>\n<label> Pr\u00e9nom <span class=\"obligated\">*<\/span><br \/>\n<span class=\"wpcf7-form-control-wrap\" data-name=\"firstname\"><input size=\"40\" maxlength=\"400\" class=\"wpcf7-form-control wpcf7-text wpcf7-validates-as-required\" aria-required=\"true\" aria-invalid=\"false\" value=\"\" type=\"text\" name=\"firstname\" \/><\/span> <\/label><br \/>\n\t\t<\/div>\n\t\t\t\t\t<\/div>\n\n\t<br \/>\n\n\t<div id=\"col-1229632346\" class=\"col medium-6 small-12 large-6\"  >\n\t\t\t\t<div class=\"col-inner\"  >\n\t\t\t\n\t\t\t<br \/>\n<label> Nom de famille <span class=\"obligated\">*<\/span><br \/>\n<span class=\"wpcf7-form-control-wrap\" data-name=\"lastname\"><input size=\"40\" maxlength=\"400\" class=\"wpcf7-form-control wpcf7-text wpcf7-validates-as-required\" aria-required=\"true\" aria-invalid=\"false\" value=\"\" type=\"text\" name=\"lastname\" \/><\/span> <\/label><br \/>\n\t\t<\/div>\n\t\t\t\t\t<\/div>\n\n\t<br \/>\n\n\t<div id=\"col-1192053647\" class=\"col medium-12 small-12 large-12\"  >\n\t\t\t\t<div class=\"col-inner\"  >\n\t\t\t\n\t\t\t\n<\/p>\n<p><label> E-mail <span class=\"obligated\">*<\/span><br \/>\n<span class=\"wpcf7-form-control-wrap\" data-name=\"be_fr_email\"><input size=\"40\" maxlength=\"400\" class=\"wpcf7-form-control wpcf7-email wpcf7-validates-as-required wpcf7-text wpcf7-validates-as-email\" aria-required=\"true\" aria-invalid=\"false\" value=\"\" type=\"email\" name=\"be_fr_email\" \/><\/span> <\/label>\n<\/p>\n<p><label> N\u00famero de t\u00e9l\u00e9phone<br \/>\n<span class=\"wpcf7-form-control-wrap\" data-name=\"phone\"><input size=\"40\" maxlength=\"400\" class=\"wpcf7-form-control wpcf7-text\" aria-invalid=\"false\" value=\"\" type=\"text\" name=\"phone\" \/><\/span> <\/label>\n<\/p>\n<p><label> Privacy <span class=\"obligated\">*<\/span><\/label><br \/>\n<span class=\"wpcf7-form-control-wrap\" data-name=\"privacy\"><span class=\"wpcf7-form-control wpcf7-acceptance\"><span class=\"wpcf7-list-item\"><label><input type=\"checkbox\" name=\"privacy\" value=\"1\" aria-invalid=\"false\" \/><span class=\"wpcf7-list-item-label\">En utilisant ce formulaire, vous acceptez notre <a target=\"_blank\" href=\"https:\/\/www.tyroremotes.be\/fr\/declaration-de-confidentialite\/\">d\u00e9claration de confidentialit\u00e9<\/a>.<\/span><\/label><\/span><\/span><\/span>\n<\/p>\n<p>\t<div id=\"gap-1471173136\" class=\"gap-element clearfix\" style=\"display:block; height:auto;\">\n\t\t\n<style>\n#gap-1471173136 {\n  padding-top: 30px;\n}\n<\/style>\n\t<\/div>\n\t<br \/>\n<input class=\"wpcf7-form-control wpcf7-submit has-spinner\" type=\"submit\" value=\"Recevoir la fiche produit\" \/><br \/>\n<input type=\"read-only\" class=\"current_url\" readonly name=\"source\" value=\"https:\/\/www.tyroremotes.be\/fr\/wp-json\/wp\/v2\/product\/9637\/\" \/><br \/>\n\t\t<\/div>\n\t\t\t\t\t<\/div>\n\n\t<br \/>\n<\/div>\n<\/p><div class=\"wpcf7-response-output\" aria-hidden=\"true\"><\/div>\n<\/form>\n<\/div>\n\t\t<\/div>\n\t\t\t\t\t<\/div>\n\n\t\r\n\r\n\n<style>\n#row-214247802 > .col > .col-inner {\n  padding: 20px 20px 20px 20px;\n}\n<\/style>\n<\/div>\r\n\r\n\t\t<\/div>\n\n\t\t\n<style>\n#section_2028077335 {\n  padding-top: 30px;\n  padding-bottom: 30px;\n  background-color: rgb(218, 218, 218);\n}\n<\/style>\n\t<\/section>\n\t\r\n\t<div id=\"gap-996098202\" class=\"gap-element clearfix\" style=\"display:block; height:auto;\">\n\t\t\n<style>\n#gap-996098202 {\n  padding-top: 30px;\n}\n<\/style>\n\t<\/div>\n\t\n<h2>Fonction de r\u00e9troaction pour une s\u00e9curit\u00e9 absolue<\/h2>\n<p>Dans certaines situations de travail, il est important d\u2019\u00eatre certain qu&rsquo;un signal a \u00e9t\u00e9 trait\u00e9 correctement, apr\u00e8s avoir transmis un ordre en appuyant sur une des touches de fonction de la t\u00e9l\u00e9commande. Les t\u00e9l\u00e9commandes Tyro Corvus sont \u00e9quip\u00e9es d&rsquo;un buzzer int\u00e9gr\u00e9 et de LEDs, qui donne un signal sonore et visuel qui sert de r\u00e9troaction, lorsque le r\u00e9cepteur Pavo associ\u00e9 et l\u2019objet command\u00e9, ont bien trait\u00e9 la commande. Un temps de r\u00e9action de moins de 0,1 secondes augmente consid\u00e9rablement la s\u00e9curit\u00e9 sur votre lieu de travail. <\/p>\n<h2>T\u00e9l\u00e9commande sans interruption et durable<\/h2>\n<p>Les \u00e9metteurs Tyro Corvus sont fabriqu\u00e9s d\u2019une mani\u00e8re techniquement tr\u00e8s avanc\u00e9e, ce qui fait qu\u2019ils fonctionnent aussi sans interruptions dans les conditions les plus difficiles et qu\u2019ils ont une tr\u00e8s longue dur\u00e9e de vie. Gr\u00e2ce aux automates programmables dans <a href=\"https:\/\/www.tyroremotes.be\/fr\/produit\/pavo\">le r\u00e9cepteur Pavo<\/a>, le syst\u00e8me de commande sans fil peut \u00eatre d\u00e9ploy\u00e9 de fa\u00e7on vari\u00e9 pour des applications dans diff\u00e9rents secteurs.<\/p>\n<h2>Votre t\u00e9l\u00e9commande personnelle<\/h2>\n<p>Vous pouvez personnaliser la t\u00e9l\u00e9commande Tyro Corvus; vous avez le choix entre diff\u00e9rentes configurations du clavier et de d\u00e9finir vos propres ic\u00f4nes de touches. L&rsquo;\u00e9metteur peut \u00eatre programm\u00e9 jusqu&rsquo;\u00e0 36 fonctions et &#8211; gr\u00e2ce \u00e0 un menu utilise 4 LEDs &#8211; toujours facile \u00e0 utiliser. Les t\u00e9l\u00e9commandes Corvus sont \u00e9galement disponibles avec un bouton d\u2019arr\u00eat.<\/p>\n<h2>Les possibilit\u00e9s sont \u00e9normes<\/h2>\n<p>Il y a beaucoup d&rsquo;applications appropri\u00e9es pour la t\u00e9l\u00e9commande Corvus. Nous avons, par exemple, un client qui commande un g\u00e9n\u00e9rateur et souhaite recevoir une r\u00e9troaction sur la t\u00e9l\u00e9commande afin de savoir si l&rsquo;appareil est bien allum\u00e9. Un autre client commande les vannes de son camion de fumier et re\u00e7oit des messages sur sa t\u00e9l\u00e9commande lorsqu&rsquo;un certain niveau est atteint.<\/p>\n<p>Vous voyez; les possibilit\u00e9s sont donc tr\u00e8s diverses. Alors s&rsquo;il vous pla\u00eet contactez-nous, afin que nous puissions vous aider \u00e0 choisir la bonne t\u00e9l\u00e9commande pour vos propres applications.<\/p>\n","protected":false},"excerpt":{"rendered":"<div class=\"row row-small align-equal align-center\"  id=\"row-162501315\">\n\t<div id=\"col-1836810101\" class=\"col medium-3 small-3 large-3\"  >\n\t\t\t\t<div class=\"col-inner\"  >\n\t\t\t\n\t\t\t<a href=\"#productsheet\" title=\"Download la fiche produit\"><img decoding=\"async\" src=\"https:\/\/www.tyroremotes.be\/wp-content\/uploads\/2015\/10\/download-pdf.png\"><\/a>\t\t<\/div>\n\t\t\t\t\t<\/div>\n\n\t\n\t<div id=\"col-700351676\" class=\"col medium-3 small-3 large-3\"  >\n\t\t\t\t<div class=\"col-inner\"  >\n\t\t\t\n\t\t\t<a href=\"#corvus\"><img decoding=\"async\" src=\"https:\/\/www.tyroremotes.be\/wp-content\/uploads\/2015\/10\/view-360.png\" alt=\"360 view\" \/><\/a>\t\t<\/div>\n\t\t\t\t\t<\/div>\n\n\t\n\t<div id=\"col-555910849\" class=\"col medium-3 small-3 large-3\"  >\n\t\t\t\t<div class=\"col-inner\"  >\n\t\t\t\n\t\t\t<a href=\"https:\/\/www.tyroremotes.be\/fr\/support\/videos-de-programmation\/programmation-auriga-pavo-aquila\/\" target=\"_blank\" rel=\"noopener noreferrer\"><img decoding=\"async\" src=\"https:\/\/www.tyroremotes.be\/wp-content\/uploads\/2015\/10\/watch-tutorial.png\" alt=\"icon-manual\" class=\"alignnone size-full wp-image-3864\" \/><\/a>\t\t<\/div>\n\t\t\t\t\t<\/div>\n\n\t\n\t<div id=\"col-12371023\" class=\"col medium-3 small-3 large-3\"  >\n\t\t\t\t<div class=\"col-inner\"  >\n\t\t\t\n\t\t\t<a href=\"#madeineu\"><img decoding=\"async\" src=\"https:\/\/www.tyroremotes.be\/wp-content\/uploads\/2018\/10\/made-in-eu-icon-fr.png\" \/><\/a>\r\n\t<div id=\"madeineu\"\n\t     class=\"lightbox-by-id lightbox-content mfp-hide lightbox-white \"\n\t     style=\"max-width:700px ;padding:20px\">\n\t\t\r\n<div class=\"row row-collapse row-full-width align-middle\"  id=\"row-1828657464\">\r\n\r\n\n\t<div id=\"col-976746673\" class=\"col medium-7 small-12 large-7\"  >\n\t\t\t\t<div class=\"col-inner text-left\"  >\n\t\t\t\n\t\t\t\r\n\r\n<img decoding=\"async\" src=\"https:\/\/www.tyroremotes.be\/wp-content\/uploads\/2015\/10\/made-in-eu-icon.png\" \/>\r\n\r\n\t\t<\/div>\n\t\t\t\t\n<style>\n#col-976746673 > .col-inner {\n  max-width: 520px;\n}\n<\/style>\n\t<\/div>\n\n\t\r\n\n\t<div id=\"col-1546313701\" class=\"col medium-5 small-12 large-5\"  >\n\t\t\t\t<div class=\"col-inner\"  >\n\t\t\t\n\t\t\t\r\n\r\n<h5 class=\"uppercase\">Fabriqu\u00e9 en Europe<\/h5><p>Toutes nos radiocommandes et  nos r\u00e9cepteurs sont con\u00e7us, d\u00e9velopp\u00e9s et produits en Europe.<\/p>\r\n\r\n\t\t<\/div>\n\t\t\t\t\t<\/div>\n\n\t\r\n<\/div>\r\n\t<\/div>\n\t\n\t\r\n\t\t<\/div>\n\t\t\t\t\t<\/div>\n\n\t<\/div>\n<ul>\n<li>Commande robuste, bidirectionnelle<\/li>\n<li>R\u00e9sistant \u00e0 la salet\u00e9 et l&#039;humidit\u00e9, rechargeable (IP65)<\/li>\n<li>Temps de r\u00e9ponse extr\u00eamement rapide <0,1 sec<\/li>\n<li>R\u00e9troaction par LED et\/ou buzzer<\/li>\n<li>Aussi disponible avec bouton d&#039;arr\u00eat<\/li>\n<li>Possibilit\u00e9 d\u2019avoir son propre logo et ses propres ic\u00f4nes<\/li>\n<li>\u00c9clairage du clavier inclus<\/li>\n<li>Adaptateur 230V ou kit voiture 12V\/24V inclus<\/li>\n<li>Facile \u00e0 utiliser avec des gants de travail<\/li>\n<\/ul>\n","protected":false},"featured_media":8549,"comment_status":"closed","ping_status":"closed","template":"","meta":[],"product_brand":[],"product_cat":[275],"product_tag":[],"class_list":{"0":"post-9637","1":"product","2":"type-product","3":"status-publish","4":"has-post-thumbnail","6":"product_cat-telecommandes","8":"first","9":"instock","10":"shipping-taxable","11":"product-type-simple"},"yoast_head":"<!-- This site is optimized with the Yoast SEO plugin v27.5 - https:\/\/yoast.com\/product\/yoast-seo-wordpress\/ -->\n<title>Corvus: radiocommande avanc\u00e9e | Tyro Remote<\/title>\n<meta name=\"description\" content=\"La radiocommande industrielle avec une port\u00e9e de 250 m\u00e8tres. En utilisant des LED, vous pouvez obtenir une r\u00e9troaction sur la t\u00e9l\u00e9commande.\" \/>\n<meta name=\"robots\" content=\"index, follow, max-snippet:-1, max-image-preview:large, max-video-preview:-1\" \/>\n<link rel=\"canonical\" href=\"https:\/\/www.tyroremotes.be\/fr\/produit\/corvus-2-8-voies-bidrectionnelle\/\" \/>\n<meta property=\"og:locale\" content=\"fr_FR\" \/>\n<meta property=\"og:type\" content=\"article\" \/>\n<meta property=\"og:title\" content=\"Corvus: radiocommande avanc\u00e9e | Tyro Remote\" \/>\n<meta property=\"og:description\" content=\"La radiocommande industrielle avec une port\u00e9e de 250 m\u00e8tres. En utilisant des LED, vous pouvez obtenir une r\u00e9troaction sur la t\u00e9l\u00e9commande.\" \/>\n<meta property=\"og:url\" content=\"https:\/\/www.tyroremotes.be\/fr\/produit\/corvus-2-8-voies-bidrectionnelle\/\" \/>\n<meta property=\"og:site_name\" content=\"Tyro Remotes\" \/>\n<meta property=\"article:modified_time\" content=\"2020-04-21T09:01:20+00:00\" \/>\n<meta property=\"og:image\" content=\"https:\/\/www.tyroremotes.be\/wp-content\/uploads\/2015\/10\/corvus.jpg\" \/>\n\t<meta property=\"og:image:width\" content=\"800\" \/>\n\t<meta property=\"og:image:height\" content=\"800\" \/>\n\t<meta property=\"og:image:type\" content=\"image\/jpeg\" \/>\n<meta name=\"twitter:card\" content=\"summary_large_image\" \/>\n<meta name=\"twitter:site\" content=\"@TyroRemotesNL\" \/>\n<meta name=\"twitter:label1\" content=\"Dur\u00e9e de lecture est.\" \/>\n\t<meta name=\"twitter:data1\" content=\"2 minutes\" \/>\n<script type=\"application\/ld+json\" class=\"yoast-schema-graph\">{\"@context\":\"https:\\\/\\\/schema.org\",\"@graph\":[{\"@type\":\"WebPage\",\"@id\":\"https:\\\/\\\/www.tyroremotes.be\\\/fr\\\/produit\\\/corvus-2-8-voies-bidrectionnelle\\\/\",\"url\":\"https:\\\/\\\/www.tyroremotes.be\\\/fr\\\/produit\\\/corvus-2-8-voies-bidrectionnelle\\\/\",\"name\":\"Corvus: radiocommande avanc\u00e9e | Tyro Remote\",\"isPartOf\":{\"@id\":\"https:\\\/\\\/www.tyroremotes.be\\\/#website\"},\"primaryImageOfPage\":{\"@id\":\"https:\\\/\\\/www.tyroremotes.be\\\/fr\\\/produit\\\/corvus-2-8-voies-bidrectionnelle\\\/#primaryimage\"},\"image\":{\"@id\":\"https:\\\/\\\/www.tyroremotes.be\\\/fr\\\/produit\\\/corvus-2-8-voies-bidrectionnelle\\\/#primaryimage\"},\"thumbnailUrl\":\"https:\\\/\\\/www.tyroremotes.be\\\/wp-content\\\/uploads\\\/2015\\\/10\\\/corvus.jpg\",\"datePublished\":\"2015-10-06T23:00:00+00:00\",\"dateModified\":\"2020-04-21T09:01:20+00:00\",\"description\":\"La radiocommande industrielle avec une port\u00e9e de 250 m\u00e8tres. En utilisant des LED, vous pouvez obtenir une r\u00e9troaction sur la t\u00e9l\u00e9commande.\",\"breadcrumb\":{\"@id\":\"https:\\\/\\\/www.tyroremotes.be\\\/fr\\\/produit\\\/corvus-2-8-voies-bidrectionnelle\\\/#breadcrumb\"},\"inLanguage\":\"fr-BE\",\"potentialAction\":[{\"@type\":\"ReadAction\",\"target\":[\"https:\\\/\\\/www.tyroremotes.be\\\/fr\\\/produit\\\/corvus-2-8-voies-bidrectionnelle\\\/\"]}]},{\"@type\":\"ImageObject\",\"inLanguage\":\"fr-BE\",\"@id\":\"https:\\\/\\\/www.tyroremotes.be\\\/fr\\\/produit\\\/corvus-2-8-voies-bidrectionnelle\\\/#primaryimage\",\"url\":\"https:\\\/\\\/www.tyroremotes.be\\\/wp-content\\\/uploads\\\/2015\\\/10\\\/corvus.jpg\",\"contentUrl\":\"https:\\\/\\\/www.tyroremotes.be\\\/wp-content\\\/uploads\\\/2015\\\/10\\\/corvus.jpg\",\"width\":800,\"height\":800,\"caption\":\"corvus afstandsbediening\"},{\"@type\":\"BreadcrumbList\",\"@id\":\"https:\\\/\\\/www.tyroremotes.be\\\/fr\\\/produit\\\/corvus-2-8-voies-bidrectionnelle\\\/#breadcrumb\",\"itemListElement\":[{\"@type\":\"ListItem\",\"position\":1,\"name\":\"Home\",\"item\":\"https:\\\/\\\/www.tyroremotes.be\\\/fr\\\/\"},{\"@type\":\"ListItem\",\"position\":2,\"name\":\"Winkel\",\"item\":\"https:\\\/\\\/www.tyroremotes.be\\\/winkel\\\/\"},{\"@type\":\"ListItem\",\"position\":3,\"name\":\"T\u00e9l\u00e9commandes\",\"item\":\"https:\\\/\\\/www.tyroremotes.be\\\/fr\\\/pcat\\\/telecommandes\\\/\"},{\"@type\":\"ListItem\",\"position\":4,\"name\":\"Corvus | 2 \u00e0 8 voies bidirectionnelle\"}]},{\"@type\":\"WebSite\",\"@id\":\"https:\\\/\\\/www.tyroremotes.be\\\/#website\",\"url\":\"https:\\\/\\\/www.tyroremotes.be\\\/\",\"name\":\"Tyro Remotes\",\"description\":\"\",\"potentialAction\":[{\"@type\":\"SearchAction\",\"target\":{\"@type\":\"EntryPoint\",\"urlTemplate\":\"https:\\\/\\\/www.tyroremotes.be\\\/?s={search_term_string}\"},\"query-input\":{\"@type\":\"PropertyValueSpecification\",\"valueRequired\":true,\"valueName\":\"search_term_string\"}}],\"inLanguage\":\"fr-BE\"}]}<\/script>\n<!-- \/ Yoast SEO plugin. -->","yoast_head_json":{"title":"Corvus: radiocommande avanc\u00e9e | Tyro Remote","description":"La radiocommande industrielle avec une port\u00e9e de 250 m\u00e8tres. En utilisant des LED, vous pouvez obtenir une r\u00e9troaction sur la t\u00e9l\u00e9commande.","robots":{"index":"index","follow":"follow","max-snippet":"max-snippet:-1","max-image-preview":"max-image-preview:large","max-video-preview":"max-video-preview:-1"},"canonical":"https:\/\/www.tyroremotes.be\/fr\/produit\/corvus-2-8-voies-bidrectionnelle\/","og_locale":"fr_FR","og_type":"article","og_title":"Corvus: radiocommande avanc\u00e9e | Tyro Remote","og_description":"La radiocommande industrielle avec une port\u00e9e de 250 m\u00e8tres. En utilisant des LED, vous pouvez obtenir une r\u00e9troaction sur la t\u00e9l\u00e9commande.","og_url":"https:\/\/www.tyroremotes.be\/fr\/produit\/corvus-2-8-voies-bidrectionnelle\/","og_site_name":"Tyro Remotes","article_modified_time":"2020-04-21T09:01:20+00:00","og_image":[{"width":800,"height":800,"url":"https:\/\/www.tyroremotes.be\/wp-content\/uploads\/2015\/10\/corvus.jpg","type":"image\/jpeg"}],"twitter_card":"summary_large_image","twitter_site":"@TyroRemotesNL","twitter_misc":{"Dur\u00e9e de lecture est.":"2 minutes"},"schema":{"@context":"https:\/\/schema.org","@graph":[{"@type":"WebPage","@id":"https:\/\/www.tyroremotes.be\/fr\/produit\/corvus-2-8-voies-bidrectionnelle\/","url":"https:\/\/www.tyroremotes.be\/fr\/produit\/corvus-2-8-voies-bidrectionnelle\/","name":"Corvus: radiocommande avanc\u00e9e | Tyro Remote","isPartOf":{"@id":"https:\/\/www.tyroremotes.be\/#website"},"primaryImageOfPage":{"@id":"https:\/\/www.tyroremotes.be\/fr\/produit\/corvus-2-8-voies-bidrectionnelle\/#primaryimage"},"image":{"@id":"https:\/\/www.tyroremotes.be\/fr\/produit\/corvus-2-8-voies-bidrectionnelle\/#primaryimage"},"thumbnailUrl":"https:\/\/www.tyroremotes.be\/wp-content\/uploads\/2015\/10\/corvus.jpg","datePublished":"2015-10-06T23:00:00+00:00","dateModified":"2020-04-21T09:01:20+00:00","description":"La radiocommande industrielle avec une port\u00e9e de 250 m\u00e8tres. En utilisant des LED, vous pouvez obtenir une r\u00e9troaction sur la t\u00e9l\u00e9commande.","breadcrumb":{"@id":"https:\/\/www.tyroremotes.be\/fr\/produit\/corvus-2-8-voies-bidrectionnelle\/#breadcrumb"},"inLanguage":"fr-BE","potentialAction":[{"@type":"ReadAction","target":["https:\/\/www.tyroremotes.be\/fr\/produit\/corvus-2-8-voies-bidrectionnelle\/"]}]},{"@type":"ImageObject","inLanguage":"fr-BE","@id":"https:\/\/www.tyroremotes.be\/fr\/produit\/corvus-2-8-voies-bidrectionnelle\/#primaryimage","url":"https:\/\/www.tyroremotes.be\/wp-content\/uploads\/2015\/10\/corvus.jpg","contentUrl":"https:\/\/www.tyroremotes.be\/wp-content\/uploads\/2015\/10\/corvus.jpg","width":800,"height":800,"caption":"corvus afstandsbediening"},{"@type":"BreadcrumbList","@id":"https:\/\/www.tyroremotes.be\/fr\/produit\/corvus-2-8-voies-bidrectionnelle\/#breadcrumb","itemListElement":[{"@type":"ListItem","position":1,"name":"Home","item":"https:\/\/www.tyroremotes.be\/fr\/"},{"@type":"ListItem","position":2,"name":"Winkel","item":"https:\/\/www.tyroremotes.be\/winkel\/"},{"@type":"ListItem","position":3,"name":"T\u00e9l\u00e9commandes","item":"https:\/\/www.tyroremotes.be\/fr\/pcat\/telecommandes\/"},{"@type":"ListItem","position":4,"name":"Corvus | 2 \u00e0 8 voies bidirectionnelle"}]},{"@type":"WebSite","@id":"https:\/\/www.tyroremotes.be\/#website","url":"https:\/\/www.tyroremotes.be\/","name":"Tyro Remotes","description":"","potentialAction":[{"@type":"SearchAction","target":{"@type":"EntryPoint","urlTemplate":"https:\/\/www.tyroremotes.be\/?s={search_term_string}"},"query-input":{"@type":"PropertyValueSpecification","valueRequired":true,"valueName":"search_term_string"}}],"inLanguage":"fr-BE"}]}},"_links":{"self":[{"href":"https:\/\/www.tyroremotes.be\/fr\/wp-json\/wp\/v2\/product\/9637","targetHints":{"allow":["GET"]}}],"collection":[{"href":"https:\/\/www.tyroremotes.be\/fr\/wp-json\/wp\/v2\/product"}],"about":[{"href":"https:\/\/www.tyroremotes.be\/fr\/wp-json\/wp\/v2\/types\/product"}],"replies":[{"embeddable":true,"href":"https:\/\/www.tyroremotes.be\/fr\/wp-json\/wp\/v2\/comments?post=9637"}],"wp:featuredmedia":[{"embeddable":true,"href":"https:\/\/www.tyroremotes.be\/fr\/wp-json\/wp\/v2\/media\/8549"}],"wp:attachment":[{"href":"https:\/\/www.tyroremotes.be\/fr\/wp-json\/wp\/v2\/media?parent=9637"}],"wp:term":[{"taxonomy":"product_brand","embeddable":true,"href":"https:\/\/www.tyroremotes.be\/fr\/wp-json\/wp\/v2\/product_brand?post=9637"},{"taxonomy":"product_cat","embeddable":true,"href":"https:\/\/www.tyroremotes.be\/fr\/wp-json\/wp\/v2\/product_cat?post=9637"},{"taxonomy":"product_tag","embeddable":true,"href":"https:\/\/www.tyroremotes.be\/fr\/wp-json\/wp\/v2\/product_tag?post=9637"}],"curies":[{"name":"wp","href":"https:\/\/api.w.org\/{rel}","templated":true}]}}