{"id":9635,"date":"2015-10-06T00:00:00","date_gmt":"2015-10-05T23:00:00","guid":{"rendered":"https:\/\/www.tyroremotes.be\/product\/sedna-2-4-kanaals-afstandsbediening\/"},"modified":"2020-04-21T10:00:19","modified_gmt":"2020-04-21T09:00:19","slug":"sedna-2-4-voies","status":"publish","type":"product","link":"https:\/\/www.tyroremotes.be\/fr\/produit\/sedna-2-4-voies\/","title":{"rendered":"Sedna | 2, 4 voies"},"content":{"rendered":"<h2>T\u00e9l\u00e9commande Sedna : robuste et compacte<\/h2>\n<p>La commande sans fil Sedna est disponible en version 2 canaux ou 4 canaux. Cette t\u00e9l\u00e9commande maniable est facile \u00e0 utiliser en combinaison avec des gants de travail et elle est donc souvent utilis\u00e9 pour, par exemple, <a href=\"https:\/\/www.tyroremotes.be\/fr\/projets\/agriculture-fr\/horticulture\/pompe-eau-usee-equipee-dune-telecommande-tyro\">actionner des pompes<\/a>, des tables \u00e9l\u00e9vatrices, des basculeurs et des <a href=\"https:\/\/www.tyroremotes.fr\/projets\/technique-de-levage\/elevateurs-technique-de-levage\/un-monte-materiaux-commande-a-distance-et-sans-fil\">ascenseurs de chantier<\/a>. La commande Sedna constitue la solution pour de nombreuses applications.<br \/>\n<span class=\"scroll-to\" data-label=\"Scroll to: #productsheet\" data-bullet=\"false\" data-link=\"#productsheet\" data-title=\"Change this\" ><a name=\"productsheet\"><\/a><\/span>\r\n\r\n\t<section class=\"section\" id=\"section_229968097\">\n\t\t<div class=\"bg section-bg fill bg-fill bg-loaded bg-loaded\" >\n\n\t\t\t\n\t\t\t\n\t\t\t\n\n\t\t<\/div>\n\n\t\t\n\n\t\t<div class=\"section-content relative\">\n\t\t\t\r\n\r\n<div class=\"row align-center\"  id=\"row-528821460\">\r\n\r\n\n\t<div id=\"col-852054988\" class=\"col medium-8 small-12 large-8\"  >\n\t\t\t\t<div class=\"col-inner\"  >\n\t\t\t\n\t\t\t\r\n\t<div id=\"gap-924616811\" class=\"gap-element clearfix\" style=\"display:block; height:auto;\">\n\t\t\n<style>\n#gap-924616811 {\n  padding-top: 30px;\n}\n<\/style>\n\t<\/div>\n\t\r\n<h3>Recevoir la fiche produit directement par e-mail<\/h3>\r\n\n<div class=\"wpcf7 no-js\" id=\"wpcf7-f11233-o1\" lang=\"nl-NL\" dir=\"ltr\" data-wpcf7-id=\"11233\">\n<div class=\"screen-reader-response\"><p role=\"status\" aria-live=\"polite\" aria-atomic=\"true\"><\/p> <ul><\/ul><\/div>\n<form action=\"\/fr\/wp-json\/wp\/v2\/product\/9635#wpcf7-f11233-o1\" method=\"post\" class=\"wpcf7-form init wpcf7-acceptance-as-validation\" aria-label=\"Contactformulier\" novalidate=\"novalidate\" data-status=\"init\">\n<fieldset class=\"hidden-fields-container\"><input type=\"hidden\" name=\"_wpcf7\" value=\"11233\" \/><input type=\"hidden\" name=\"_wpcf7_version\" value=\"6.1.5\" \/><input type=\"hidden\" name=\"_wpcf7_locale\" value=\"nl_NL\" \/><input type=\"hidden\" name=\"_wpcf7_unit_tag\" value=\"wpcf7-f11233-o1\" \/><input type=\"hidden\" name=\"_wpcf7_container_post\" value=\"0\" \/><input type=\"hidden\" name=\"_wpcf7_posted_data_hash\" value=\"\" \/><input type=\"hidden\" name=\"_wpcf7_recaptcha_response\" value=\"\" \/>\n<\/fieldset>\n<p><div class=\"row\"  id=\"row-1228668719\"><br \/>\n\n\t<div id=\"col-74707909\" class=\"col medium-6 small-12 large-6\"  >\n\t\t\t\t<div class=\"col-inner\"  >\n\t\t\t\n\t\t\t<br \/>\n<label> Pr\u00e9nom <span class=\"obligated\">*<\/span><br \/>\n<span class=\"wpcf7-form-control-wrap\" data-name=\"firstname\"><input size=\"40\" maxlength=\"400\" class=\"wpcf7-form-control wpcf7-text wpcf7-validates-as-required\" aria-required=\"true\" aria-invalid=\"false\" value=\"\" type=\"text\" name=\"firstname\" \/><\/span> <\/label><br \/>\n\t\t<\/div>\n\t\t\t\t\t<\/div>\n\n\t<br \/>\n\n\t<div id=\"col-1580569132\" class=\"col medium-6 small-12 large-6\"  >\n\t\t\t\t<div class=\"col-inner\"  >\n\t\t\t\n\t\t\t<br \/>\n<label> Nom de famille <span class=\"obligated\">*<\/span><br \/>\n<span class=\"wpcf7-form-control-wrap\" data-name=\"lastname\"><input size=\"40\" maxlength=\"400\" class=\"wpcf7-form-control wpcf7-text wpcf7-validates-as-required\" aria-required=\"true\" aria-invalid=\"false\" value=\"\" type=\"text\" name=\"lastname\" \/><\/span> <\/label><br \/>\n\t\t<\/div>\n\t\t\t\t\t<\/div>\n\n\t<br \/>\n\n\t<div id=\"col-529008187\" class=\"col medium-12 small-12 large-12\"  >\n\t\t\t\t<div class=\"col-inner\"  >\n\t\t\t\n\t\t\t\n<\/p>\n<p><label> E-mail <span class=\"obligated\">*<\/span><br \/>\n<span class=\"wpcf7-form-control-wrap\" data-name=\"be_fr_email\"><input size=\"40\" maxlength=\"400\" class=\"wpcf7-form-control wpcf7-email wpcf7-validates-as-required wpcf7-text wpcf7-validates-as-email\" aria-required=\"true\" aria-invalid=\"false\" value=\"\" type=\"email\" name=\"be_fr_email\" \/><\/span> <\/label>\n<\/p>\n<p><label> N\u00famero de t\u00e9l\u00e9phone<br \/>\n<span class=\"wpcf7-form-control-wrap\" data-name=\"phone\"><input size=\"40\" maxlength=\"400\" class=\"wpcf7-form-control wpcf7-text\" aria-invalid=\"false\" value=\"\" type=\"text\" name=\"phone\" \/><\/span> <\/label>\n<\/p>\n<p><label> Privacy <span class=\"obligated\">*<\/span><\/label><br \/>\n<span class=\"wpcf7-form-control-wrap\" data-name=\"privacy\"><span class=\"wpcf7-form-control wpcf7-acceptance\"><span class=\"wpcf7-list-item\"><label><input type=\"checkbox\" name=\"privacy\" value=\"1\" aria-invalid=\"false\" \/><span class=\"wpcf7-list-item-label\">En utilisant ce formulaire, vous acceptez notre <a target=\"_blank\" href=\"https:\/\/www.tyroremotes.be\/fr\/declaration-de-confidentialite\/\">d\u00e9claration de confidentialit\u00e9<\/a>.<\/span><\/label><\/span><\/span><\/span>\n<\/p>\n<p>\t<div id=\"gap-1025914140\" class=\"gap-element clearfix\" style=\"display:block; height:auto;\">\n\t\t\n<style>\n#gap-1025914140 {\n  padding-top: 30px;\n}\n<\/style>\n\t<\/div>\n\t<br \/>\n<input class=\"wpcf7-form-control wpcf7-submit has-spinner\" type=\"submit\" value=\"Recevoir la fiche produit\" \/><br \/>\n<input type=\"read-only\" class=\"current_url\" readonly name=\"source\" value=\"https:\/\/www.tyroremotes.be\/fr\/wp-json\/wp\/v2\/product\/9635\/\" \/><br \/>\n\t\t<\/div>\n\t\t\t\t\t<\/div>\n\n\t<br \/>\n<\/div>\n<\/p><div class=\"wpcf7-response-output\" aria-hidden=\"true\"><\/div>\n<\/form>\n<\/div>\n\t\t<\/div>\n\t\t\t\t\t<\/div>\n\n\t\r\n\r\n\n<style>\n#row-528821460 > .col > .col-inner {\n  padding: 20px 20px 20px 20px;\n}\n<\/style>\n<\/div>\r\n\r\n\t\t<\/div>\n\n\t\t\n<style>\n#section_229968097 {\n  padding-top: 30px;\n  padding-bottom: 30px;\n  background-color: rgb(218, 218, 218);\n}\n<\/style>\n\t<\/section>\n\t\r\n\t<div id=\"gap-337080237\" class=\"gap-element clearfix\" style=\"display:block; height:auto;\">\n\t\t\n<style>\n#gap-337080237 {\n  padding-top: 30px;\n}\n<\/style>\n\t<\/div>\n\t\n<h2>Nous vous aiderons avec plaisir !<\/h2>\n<p>En ce qui nous concerne, vous nous dites l\u2019application et nous vous apportons la t\u00e9l\u00e9commande la plus appropri\u00e9e. En fonction de vos besoins, nous vous conseillerons, par exemple, de prendre <a href=\"https:\/\/www.tyroremotes.be\/fr\/produit\/libra-2-8-voies\">la t\u00e9l\u00e9commande industrielle avec l\u2019afficheur<\/a> ou peut-\u00eatre qu\u2019une <a href=\"https:\/\/www.tyroremotes.be\/fr\/produit\/lyra-2-voies-telecommande\">t\u00e9l\u00e9commande 2 canaux en format de poche vous suffira<\/a>.<\/p>\n<h2>T\u00e9l\u00e9commande r\u00e9sistante \u00e0 humidit\u00e9 et \u00e0 la salet\u00e9<\/h2>\n<p>Les t\u00e9l\u00e9commandes radiographiques Sedna sont r\u00e9sistantes \u00e0 la poussi\u00e8re et \u00e0 l&rsquo;humidit\u00e9 (IP65) et fonctionnent m\u00eame de mani\u00e8re tr\u00e8s fiable dans des conditions extr\u00eames. Le bo\u00eetier de haute qualit\u00e9 et le clavier \u00e0 membrane industriel garantissent un fonctionnement sans perturbation.<\/p>\n<h2>Sp\u00e9cifications techniques<\/h2>\n<p>Les t\u00e9l\u00e9commandes \u00e0 2 ou 4 canaux ont une port\u00e9e standard de 300 m\u00e8tres en champ libre. Vous avez cependant l\u2019option de prendre une antenne BNC au lieu d\u2019une antenne flexible. Avec une antenne BNC sur votre r\u00e9cepteur, la Sedna a une port\u00e9e pouvant aller jusqu\u2019\u00e0 350 m\u00e8tres en champ libre.<\/p>\n<h3>Fr\u00e9quence et communication<\/h3>\n<p>La t\u00e9l\u00e9commande Sedna utilise <a href=\"httsp:\/\/remotecontrol.help\/fr\/explication\/868-mhz-frequence\">la bande 868 MHz<\/a> (fr\u00e9quence \u00e0 haut d\u00e9bit) et peut aussi \u00eatre livr\u00e9 en version 915 Mhz. La commande communique par <a href=\"https:\/\/remotecontrol.help\/fr\/explication\/quest-ce-que-cest-simplex-semi-duplex-et-full-duplex\">une liaison simplex<\/a>\u00a0; ainsi, des commandes seront seulement envoy\u00e9es au r\u00e9cepteur et non du r\u00e9cepteur \u00e0 la t\u00e9l\u00e9commande. Cela permet \u00e0 la Sedna d\u2019avoir un temps de r\u00e9ponse g\u00e9n\u00e9ralement inf\u00e9rieur \u00e0 0,1 seconde.<\/p>\n<h3>Consommation d&rsquo;\u00e9nergie et temp\u00e9rature de fonctionnement<\/h3>\n<p>La temp\u00e9rature de fonctionnement de la Sedna est de -20\u00b0C \u00e0 +60\u00b0C. La commande radiographie utilise une pile 9V qui, par la faible consommation d\u2019\u00e9nergie de la commande, a une dur\u00e9e de vie de 2 ans en fonctionnement normal.<\/p>\n<h3>Conforme \u00e0 la norme CE\/EMC E2<\/h3>\n<p>La t\u00e9l\u00e9commande sans file est conforme <a href=\"https:\/\/remotecontrol.help\/fr\/explication\/certification-e2\">\u00e0 la norme EMC\/E2<\/a> et elle est par cons\u00e9quent autoris\u00e9e sur la voie publique dans plus de 25 pays. Chaque t\u00e9l\u00e9commande et chaque r\u00e9cepteur utilisent leur propre code \u00e0 24 bits de sorte que le r\u00e9cepteur \u2018n\u2019\u00e9coute\u2019 que sa t\u00e9l\u00e9commande sp\u00e9cifique.<\/p>\n","protected":false},"excerpt":{"rendered":"<div class=\"row row-small align-equal align-center\"  id=\"row-129782960\">\n\n\t<div id=\"col-1775276261\" class=\"col medium-3 small-3 large-3\"  >\n\t\t\t\t<div class=\"col-inner\"  >\n\t\t\t\n\t\t\t<a href=\"#productsheet\" title\"Download la fiche produit\"><img decoding=\"async\" src=\"https:\/\/www.tyroremotes.be\/wp-content\/uploads\/2015\/10\/download-pdf.png\"\/><\/a>\t\t<\/div>\n\t\t\t\t\t<\/div>\n\n\t\n\t<div id=\"col-68817745\" class=\"col medium-3 small-3 large-3\"  >\n\t\t\t\t<div class=\"col-inner\"  >\n\t\t\t\n\t\t\t<a href=\"#sedna\"><img decoding=\"async\" src=\"https:\/\/www.tyroremotes.be\/wp-content\/uploads\/2015\/10\/view-360.png\" alt=\"360 view\" \/><\/a>\t\t<\/div>\n\t\t\t\t\t<\/div>\n\n\t\n\t<div id=\"col-1344154066\" class=\"col medium-3 small-3 large-3\"  >\n\t\t\t\t<div class=\"col-inner\"  >\n\t\t\t\n\t\t\t<a href=\"https:\/\/www.tyroremotes.be\/fr\/support\/videos-de-programmation\/changement-de-configuration-sedna-aquarius\/\" title=\"Regarder la vid\u00e9o\"><img decoding=\"async\" src=\"https:\/\/www.tyroremotes.be\/wp-content\/uploads\/2015\/10\/watch-tutorial.png\"><\/a>\t\t<\/div>\n\t\t\t\t\t<\/div>\n\n\t\n\t<div id=\"col-274287315\" class=\"col medium-3 small-3 large-3\"  >\n\t\t\t\t<div class=\"col-inner\"  >\n\t\t\t\n\t\t\t<a href=\"#madeineu\"><img decoding=\"async\" src=\"https:\/\/www.tyroremotes.be\/wp-content\/uploads\/2018\/10\/made-in-eu-icon-fr.png\" \/><\/a>\r\n\t<div id=\"madeineu\"\n\t     class=\"lightbox-by-id lightbox-content mfp-hide lightbox-white \"\n\t     style=\"max-width:700px ;padding:20px\">\n\t\t\r\n<div class=\"row row-collapse row-full-width align-middle\"  id=\"row-1800109023\">\r\n\r\n\n\t<div id=\"col-288552846\" class=\"col medium-7 small-12 large-7\"  >\n\t\t\t\t<div class=\"col-inner text-left\"  >\n\t\t\t\n\t\t\t\r\n\r\n<img decoding=\"async\" src=\"https:\/\/www.tyroremotes.be\/wp-content\/uploads\/2015\/10\/made-in-eu-icon.png\" \/>\r\n\r\n\t\t<\/div>\n\t\t\t\t\n<style>\n#col-288552846 > .col-inner {\n  max-width: 520px;\n}\n<\/style>\n\t<\/div>\n\n\t\r\n\n\t<div id=\"col-897166047\" class=\"col medium-5 small-12 large-5\"  >\n\t\t\t\t<div class=\"col-inner\"  >\n\t\t\t\n\t\t\t\r\n\r\n<h5 class=\"uppercase\">Fabriqu\u00e9 en Europe<\/h5><p>Toutes nos radiocommandes et  nos r\u00e9cepteurs sont con\u00e7us, d\u00e9velopp\u00e9s et produits en Europe.<\/p>\r\n\r\n\t\t<\/div>\n\t\t\t\t\t<\/div>\n\n\t\r\n<\/div>\r\n\t<\/div>\n\t\n\t\r\n\t\t<\/div>\n\t\t\t\t\t<\/div>\n\n\t<\/div>\n<ul>\n<li>Compact et r\u00e9sistant aux chocs<\/li>\n<li>R\u00e9sistant \u00e0 la poussi\u00e8re et \u00e0 l&#039;humidit\u00e9 (IP65)<\/li>\n<li>Tr\u00e8s grande fiabilit\u00e9 d&#039;utilisation<\/li>\n<li>Comception ergonomique et robuste<\/li>\n<li>R\u00e9action tr\u00e8s rapide &lt;0,1s<\/li>\n<li>Haut niveau de conformit\u00e9<\/li>\n<\/ul>\n","protected":false},"featured_media":8512,"comment_status":"closed","ping_status":"closed","template":"","meta":[],"product_brand":[],"product_cat":[275],"product_tag":[],"class_list":{"0":"post-9635","1":"product","2":"type-product","3":"status-publish","4":"has-post-thumbnail","6":"product_cat-telecommandes","8":"first","9":"instock","10":"shipping-taxable","11":"product-type-simple"},"yoast_head":"<!-- This site is optimized with the Yoast SEO plugin v27.5 - https:\/\/yoast.com\/product\/yoast-seo-wordpress\/ -->\n<title>Radiocommande 2 ou 4 voies | Tyro Remotes<\/title>\n<meta name=\"description\" content=\"Une radiocommande 2 et 4 voies industrielle. Facile \u00e0 utiliser avec des gants. Port\u00e9e jusqu\u2019\u00e0 600m. Etanche et r\u00e9sistant \u00e0 la salet\u00e9.\" \/>\n<meta name=\"robots\" content=\"index, follow, max-snippet:-1, max-image-preview:large, max-video-preview:-1\" \/>\n<link rel=\"canonical\" href=\"https:\/\/www.tyroremotes.be\/fr\/produit\/sedna-2-4-voies\/\" \/>\n<meta property=\"og:locale\" content=\"fr_FR\" \/>\n<meta property=\"og:type\" content=\"article\" \/>\n<meta property=\"og:title\" content=\"Radiocommande 2 ou 4 voies | Tyro Remotes\" \/>\n<meta property=\"og:description\" content=\"Une radiocommande 2 et 4 voies industrielle. Facile \u00e0 utiliser avec des gants. Port\u00e9e jusqu\u2019\u00e0 600m. Etanche et r\u00e9sistant \u00e0 la salet\u00e9.\" \/>\n<meta property=\"og:url\" content=\"https:\/\/www.tyroremotes.be\/fr\/produit\/sedna-2-4-voies\/\" \/>\n<meta property=\"og:site_name\" content=\"Tyro Remotes\" \/>\n<meta property=\"article:modified_time\" content=\"2020-04-21T09:00:19+00:00\" \/>\n<meta property=\"og:image\" content=\"https:\/\/www.tyroremotes.be\/wp-content\/uploads\/2015\/10\/sedna-2-4-kanaals-afstandsbesturing.jpg\" \/>\n\t<meta property=\"og:image:width\" content=\"800\" \/>\n\t<meta property=\"og:image:height\" content=\"800\" \/>\n\t<meta property=\"og:image:type\" content=\"image\/jpeg\" \/>\n<meta name=\"twitter:card\" content=\"summary_large_image\" \/>\n<meta name=\"twitter:site\" content=\"@TyroRemotesNL\" \/>\n<meta name=\"twitter:label1\" content=\"Dur\u00e9e de lecture est.\" \/>\n\t<meta name=\"twitter:data1\" content=\"2 minutes\" \/>\n<script type=\"application\/ld+json\" class=\"yoast-schema-graph\">{\"@context\":\"https:\\\/\\\/schema.org\",\"@graph\":[{\"@type\":\"WebPage\",\"@id\":\"https:\\\/\\\/www.tyroremotes.be\\\/fr\\\/produit\\\/sedna-2-4-voies\\\/\",\"url\":\"https:\\\/\\\/www.tyroremotes.be\\\/fr\\\/produit\\\/sedna-2-4-voies\\\/\",\"name\":\"Radiocommande 2 ou 4 voies | Tyro Remotes\",\"isPartOf\":{\"@id\":\"https:\\\/\\\/www.tyroremotes.be\\\/#website\"},\"primaryImageOfPage\":{\"@id\":\"https:\\\/\\\/www.tyroremotes.be\\\/fr\\\/produit\\\/sedna-2-4-voies\\\/#primaryimage\"},\"image\":{\"@id\":\"https:\\\/\\\/www.tyroremotes.be\\\/fr\\\/produit\\\/sedna-2-4-voies\\\/#primaryimage\"},\"thumbnailUrl\":\"https:\\\/\\\/www.tyroremotes.be\\\/wp-content\\\/uploads\\\/2015\\\/10\\\/sedna-2-4-kanaals-afstandsbesturing.jpg\",\"datePublished\":\"2015-10-05T23:00:00+00:00\",\"dateModified\":\"2020-04-21T09:00:19+00:00\",\"description\":\"Une radiocommande 2 et 4 voies industrielle. Facile \u00e0 utiliser avec des gants. Port\u00e9e jusqu\u2019\u00e0 600m. Etanche et r\u00e9sistant \u00e0 la salet\u00e9.\",\"breadcrumb\":{\"@id\":\"https:\\\/\\\/www.tyroremotes.be\\\/fr\\\/produit\\\/sedna-2-4-voies\\\/#breadcrumb\"},\"inLanguage\":\"fr-BE\",\"potentialAction\":[{\"@type\":\"ReadAction\",\"target\":[\"https:\\\/\\\/www.tyroremotes.be\\\/fr\\\/produit\\\/sedna-2-4-voies\\\/\"]}]},{\"@type\":\"ImageObject\",\"inLanguage\":\"fr-BE\",\"@id\":\"https:\\\/\\\/www.tyroremotes.be\\\/fr\\\/produit\\\/sedna-2-4-voies\\\/#primaryimage\",\"url\":\"https:\\\/\\\/www.tyroremotes.be\\\/wp-content\\\/uploads\\\/2015\\\/10\\\/sedna-2-4-kanaals-afstandsbesturing.jpg\",\"contentUrl\":\"https:\\\/\\\/www.tyroremotes.be\\\/wp-content\\\/uploads\\\/2015\\\/10\\\/sedna-2-4-kanaals-afstandsbesturing.jpg\",\"width\":800,\"height\":800,\"caption\":\"sedna 2 en 4 kanaals afstandsbesturing\"},{\"@type\":\"BreadcrumbList\",\"@id\":\"https:\\\/\\\/www.tyroremotes.be\\\/fr\\\/produit\\\/sedna-2-4-voies\\\/#breadcrumb\",\"itemListElement\":[{\"@type\":\"ListItem\",\"position\":1,\"name\":\"Home\",\"item\":\"https:\\\/\\\/www.tyroremotes.be\\\/fr\\\/\"},{\"@type\":\"ListItem\",\"position\":2,\"name\":\"Winkel\",\"item\":\"https:\\\/\\\/www.tyroremotes.be\\\/winkel\\\/\"},{\"@type\":\"ListItem\",\"position\":3,\"name\":\"T\u00e9l\u00e9commandes\",\"item\":\"https:\\\/\\\/www.tyroremotes.be\\\/fr\\\/pcat\\\/telecommandes\\\/\"},{\"@type\":\"ListItem\",\"position\":4,\"name\":\"Sedna | 2, 4 voies\"}]},{\"@type\":\"WebSite\",\"@id\":\"https:\\\/\\\/www.tyroremotes.be\\\/#website\",\"url\":\"https:\\\/\\\/www.tyroremotes.be\\\/\",\"name\":\"Tyro Remotes\",\"description\":\"\",\"potentialAction\":[{\"@type\":\"SearchAction\",\"target\":{\"@type\":\"EntryPoint\",\"urlTemplate\":\"https:\\\/\\\/www.tyroremotes.be\\\/?s={search_term_string}\"},\"query-input\":{\"@type\":\"PropertyValueSpecification\",\"valueRequired\":true,\"valueName\":\"search_term_string\"}}],\"inLanguage\":\"fr-BE\"}]}<\/script>\n<!-- \/ Yoast SEO plugin. -->","yoast_head_json":{"title":"Radiocommande 2 ou 4 voies | Tyro Remotes","description":"Une radiocommande 2 et 4 voies industrielle. Facile \u00e0 utiliser avec des gants. Port\u00e9e jusqu\u2019\u00e0 600m. Etanche et r\u00e9sistant \u00e0 la salet\u00e9.","robots":{"index":"index","follow":"follow","max-snippet":"max-snippet:-1","max-image-preview":"max-image-preview:large","max-video-preview":"max-video-preview:-1"},"canonical":"https:\/\/www.tyroremotes.be\/fr\/produit\/sedna-2-4-voies\/","og_locale":"fr_FR","og_type":"article","og_title":"Radiocommande 2 ou 4 voies | Tyro Remotes","og_description":"Une radiocommande 2 et 4 voies industrielle. Facile \u00e0 utiliser avec des gants. Port\u00e9e jusqu\u2019\u00e0 600m. Etanche et r\u00e9sistant \u00e0 la salet\u00e9.","og_url":"https:\/\/www.tyroremotes.be\/fr\/produit\/sedna-2-4-voies\/","og_site_name":"Tyro Remotes","article_modified_time":"2020-04-21T09:00:19+00:00","og_image":[{"width":800,"height":800,"url":"https:\/\/www.tyroremotes.be\/wp-content\/uploads\/2015\/10\/sedna-2-4-kanaals-afstandsbesturing.jpg","type":"image\/jpeg"}],"twitter_card":"summary_large_image","twitter_site":"@TyroRemotesNL","twitter_misc":{"Dur\u00e9e de lecture est.":"2 minutes"},"schema":{"@context":"https:\/\/schema.org","@graph":[{"@type":"WebPage","@id":"https:\/\/www.tyroremotes.be\/fr\/produit\/sedna-2-4-voies\/","url":"https:\/\/www.tyroremotes.be\/fr\/produit\/sedna-2-4-voies\/","name":"Radiocommande 2 ou 4 voies | Tyro Remotes","isPartOf":{"@id":"https:\/\/www.tyroremotes.be\/#website"},"primaryImageOfPage":{"@id":"https:\/\/www.tyroremotes.be\/fr\/produit\/sedna-2-4-voies\/#primaryimage"},"image":{"@id":"https:\/\/www.tyroremotes.be\/fr\/produit\/sedna-2-4-voies\/#primaryimage"},"thumbnailUrl":"https:\/\/www.tyroremotes.be\/wp-content\/uploads\/2015\/10\/sedna-2-4-kanaals-afstandsbesturing.jpg","datePublished":"2015-10-05T23:00:00+00:00","dateModified":"2020-04-21T09:00:19+00:00","description":"Une radiocommande 2 et 4 voies industrielle. Facile \u00e0 utiliser avec des gants. Port\u00e9e jusqu\u2019\u00e0 600m. Etanche et r\u00e9sistant \u00e0 la salet\u00e9.","breadcrumb":{"@id":"https:\/\/www.tyroremotes.be\/fr\/produit\/sedna-2-4-voies\/#breadcrumb"},"inLanguage":"fr-BE","potentialAction":[{"@type":"ReadAction","target":["https:\/\/www.tyroremotes.be\/fr\/produit\/sedna-2-4-voies\/"]}]},{"@type":"ImageObject","inLanguage":"fr-BE","@id":"https:\/\/www.tyroremotes.be\/fr\/produit\/sedna-2-4-voies\/#primaryimage","url":"https:\/\/www.tyroremotes.be\/wp-content\/uploads\/2015\/10\/sedna-2-4-kanaals-afstandsbesturing.jpg","contentUrl":"https:\/\/www.tyroremotes.be\/wp-content\/uploads\/2015\/10\/sedna-2-4-kanaals-afstandsbesturing.jpg","width":800,"height":800,"caption":"sedna 2 en 4 kanaals afstandsbesturing"},{"@type":"BreadcrumbList","@id":"https:\/\/www.tyroremotes.be\/fr\/produit\/sedna-2-4-voies\/#breadcrumb","itemListElement":[{"@type":"ListItem","position":1,"name":"Home","item":"https:\/\/www.tyroremotes.be\/fr\/"},{"@type":"ListItem","position":2,"name":"Winkel","item":"https:\/\/www.tyroremotes.be\/winkel\/"},{"@type":"ListItem","position":3,"name":"T\u00e9l\u00e9commandes","item":"https:\/\/www.tyroremotes.be\/fr\/pcat\/telecommandes\/"},{"@type":"ListItem","position":4,"name":"Sedna | 2, 4 voies"}]},{"@type":"WebSite","@id":"https:\/\/www.tyroremotes.be\/#website","url":"https:\/\/www.tyroremotes.be\/","name":"Tyro Remotes","description":"","potentialAction":[{"@type":"SearchAction","target":{"@type":"EntryPoint","urlTemplate":"https:\/\/www.tyroremotes.be\/?s={search_term_string}"},"query-input":{"@type":"PropertyValueSpecification","valueRequired":true,"valueName":"search_term_string"}}],"inLanguage":"fr-BE"}]}},"_links":{"self":[{"href":"https:\/\/www.tyroremotes.be\/fr\/wp-json\/wp\/v2\/product\/9635","targetHints":{"allow":["GET"]}}],"collection":[{"href":"https:\/\/www.tyroremotes.be\/fr\/wp-json\/wp\/v2\/product"}],"about":[{"href":"https:\/\/www.tyroremotes.be\/fr\/wp-json\/wp\/v2\/types\/product"}],"replies":[{"embeddable":true,"href":"https:\/\/www.tyroremotes.be\/fr\/wp-json\/wp\/v2\/comments?post=9635"}],"wp:featuredmedia":[{"embeddable":true,"href":"https:\/\/www.tyroremotes.be\/fr\/wp-json\/wp\/v2\/media\/8512"}],"wp:attachment":[{"href":"https:\/\/www.tyroremotes.be\/fr\/wp-json\/wp\/v2\/media?parent=9635"}],"wp:term":[{"taxonomy":"product_brand","embeddable":true,"href":"https:\/\/www.tyroremotes.be\/fr\/wp-json\/wp\/v2\/product_brand?post=9635"},{"taxonomy":"product_cat","embeddable":true,"href":"https:\/\/www.tyroremotes.be\/fr\/wp-json\/wp\/v2\/product_cat?post=9635"},{"taxonomy":"product_tag","embeddable":true,"href":"https:\/\/www.tyroremotes.be\/fr\/wp-json\/wp\/v2\/product_tag?post=9635"}],"curies":[{"name":"wp","href":"https:\/\/api.w.org\/{rel}","templated":true}]}}