{"id":9634,"date":"2015-10-06T00:00:00","date_gmt":"2015-10-05T23:00:00","guid":{"rendered":"https:\/\/www.tyroremotes.be\/product\/musca-2-4-6-kanaals-afstandsbediening\/"},"modified":"2020-04-21T09:59:57","modified_gmt":"2020-04-21T08:59:57","slug":"musca-2-4-6-voies","status":"publish","type":"product","link":"https:\/\/www.tyroremotes.be\/fr\/produit\/musca-2-4-6-voies\/","title":{"rendered":"Musca | 2, 4, 6 voies"},"content":{"rendered":"\t<div id=\"musca2v\"\n\t     class=\"lightbox-by-id lightbox-content mfp-hide lightbox-white \"\n\t     style=\"max-width:800px ;padding:30px\">\n\t\t\t<\/div>\n\t\n\t\n<h2>Une radiocommande compacte avec 2, 4 ou 6 canaux<\/h2>\n<p>La Musca est l&rsquo;une <a href=\"https:\/\/www.tyroremotes.be\/fr\/pcat\/telecommandes\">des radiocommande les plus vendues de Tyro<\/a>. Les \u00e9metteurs ont une taille compacte et sont \u00e0 un prix attractif. En effet, ces radiocommandes sont les moins chers de notre gamme. La Musca est la version am\u00e9lior\u00e9e de notre <a href=\"https:\/\/www.tyroremotes.be\/fr\/produit\/lyra-2-voies-telecommande\">radiocommande Lyra 2 canaux<\/a> avec en plus la possibilit\u00e9 d\u2019opter pour une version de\u00a0la Musca \u00e0 4 ou 6 canaux. Les \u00e9metteurs avec 2 et 4 canaux sont \u00e9galement \u00e9quip\u00e9s d&rsquo;un bouton stop.<br \/>\n<span class=\"scroll-to\" data-label=\"Scroll to: #productsheet\" data-bullet=\"false\" data-link=\"#productsheet\" data-title=\"Change this\" ><a name=\"productsheet\"><\/a><\/span>\r\n\r\n\t<section class=\"section\" id=\"section_1777476440\">\n\t\t<div class=\"bg section-bg fill bg-fill bg-loaded bg-loaded\" >\n\n\t\t\t\n\t\t\t\n\t\t\t\n\n\t\t<\/div>\n\n\t\t\n\n\t\t<div class=\"section-content relative\">\n\t\t\t\r\n\r\n<div class=\"row align-center\"  id=\"row-1447111159\">\r\n\r\n\n\t<div id=\"col-1335622448\" class=\"col medium-8 small-12 large-8\"  >\n\t\t\t\t<div class=\"col-inner\"  >\n\t\t\t\n\t\t\t\r\n\t<div id=\"gap-1153396322\" class=\"gap-element clearfix\" style=\"display:block; height:auto;\">\n\t\t\n<style>\n#gap-1153396322 {\n  padding-top: 30px;\n}\n<\/style>\n\t<\/div>\n\t\r\n<h3>Recevoir la fiche produit directement par e-mail<\/h3>\r\n\n<div class=\"wpcf7 no-js\" id=\"wpcf7-f11233-o1\" lang=\"nl-NL\" dir=\"ltr\" data-wpcf7-id=\"11233\">\n<div class=\"screen-reader-response\"><p role=\"status\" aria-live=\"polite\" aria-atomic=\"true\"><\/p> <ul><\/ul><\/div>\n<form action=\"\/fr\/wp-json\/wp\/v2\/product\/9634#wpcf7-f11233-o1\" method=\"post\" class=\"wpcf7-form init wpcf7-acceptance-as-validation\" aria-label=\"Contactformulier\" novalidate=\"novalidate\" data-status=\"init\">\n<fieldset class=\"hidden-fields-container\"><input type=\"hidden\" name=\"_wpcf7\" value=\"11233\" \/><input type=\"hidden\" name=\"_wpcf7_version\" value=\"6.1.5\" \/><input type=\"hidden\" name=\"_wpcf7_locale\" value=\"nl_NL\" \/><input type=\"hidden\" name=\"_wpcf7_unit_tag\" value=\"wpcf7-f11233-o1\" \/><input type=\"hidden\" name=\"_wpcf7_container_post\" value=\"0\" \/><input type=\"hidden\" name=\"_wpcf7_posted_data_hash\" value=\"\" \/><input type=\"hidden\" name=\"_wpcf7_recaptcha_response\" value=\"\" \/>\n<\/fieldset>\n<p><div class=\"row\"  id=\"row-1971139272\"><br \/>\n\n\t<div id=\"col-1841975250\" class=\"col medium-6 small-12 large-6\"  >\n\t\t\t\t<div class=\"col-inner\"  >\n\t\t\t\n\t\t\t<br \/>\n<label> Pr\u00e9nom <span class=\"obligated\">*<\/span><br \/>\n<span class=\"wpcf7-form-control-wrap\" data-name=\"firstname\"><input size=\"40\" maxlength=\"400\" class=\"wpcf7-form-control wpcf7-text wpcf7-validates-as-required\" aria-required=\"true\" aria-invalid=\"false\" value=\"\" type=\"text\" name=\"firstname\" \/><\/span> <\/label><br \/>\n\t\t<\/div>\n\t\t\t\t\t<\/div>\n\n\t<br \/>\n\n\t<div id=\"col-202483281\" class=\"col medium-6 small-12 large-6\"  >\n\t\t\t\t<div class=\"col-inner\"  >\n\t\t\t\n\t\t\t<br \/>\n<label> Nom de famille <span class=\"obligated\">*<\/span><br \/>\n<span class=\"wpcf7-form-control-wrap\" data-name=\"lastname\"><input size=\"40\" maxlength=\"400\" class=\"wpcf7-form-control wpcf7-text wpcf7-validates-as-required\" aria-required=\"true\" aria-invalid=\"false\" value=\"\" type=\"text\" name=\"lastname\" \/><\/span> <\/label><br \/>\n\t\t<\/div>\n\t\t\t\t\t<\/div>\n\n\t<br \/>\n\n\t<div id=\"col-138207230\" class=\"col medium-12 small-12 large-12\"  >\n\t\t\t\t<div class=\"col-inner\"  >\n\t\t\t\n\t\t\t\n<\/p>\n<p><label> E-mail <span class=\"obligated\">*<\/span><br \/>\n<span class=\"wpcf7-form-control-wrap\" data-name=\"be_fr_email\"><input size=\"40\" maxlength=\"400\" class=\"wpcf7-form-control wpcf7-email wpcf7-validates-as-required wpcf7-text wpcf7-validates-as-email\" aria-required=\"true\" aria-invalid=\"false\" value=\"\" type=\"email\" name=\"be_fr_email\" \/><\/span> <\/label>\n<\/p>\n<p><label> N\u00famero de t\u00e9l\u00e9phone<br \/>\n<span class=\"wpcf7-form-control-wrap\" data-name=\"phone\"><input size=\"40\" maxlength=\"400\" class=\"wpcf7-form-control wpcf7-text\" aria-invalid=\"false\" value=\"\" type=\"text\" name=\"phone\" \/><\/span> <\/label>\n<\/p>\n<p><label> Privacy <span class=\"obligated\">*<\/span><\/label><br \/>\n<span class=\"wpcf7-form-control-wrap\" data-name=\"privacy\"><span class=\"wpcf7-form-control wpcf7-acceptance\"><span class=\"wpcf7-list-item\"><label><input type=\"checkbox\" name=\"privacy\" value=\"1\" aria-invalid=\"false\" \/><span class=\"wpcf7-list-item-label\">En utilisant ce formulaire, vous acceptez notre <a target=\"_blank\" href=\"https:\/\/www.tyroremotes.be\/fr\/declaration-de-confidentialite\/\">d\u00e9claration de confidentialit\u00e9<\/a>.<\/span><\/label><\/span><\/span><\/span>\n<\/p>\n<p>\t<div id=\"gap-1399351809\" class=\"gap-element clearfix\" style=\"display:block; height:auto;\">\n\t\t\n<style>\n#gap-1399351809 {\n  padding-top: 30px;\n}\n<\/style>\n\t<\/div>\n\t<br \/>\n<input class=\"wpcf7-form-control wpcf7-submit has-spinner\" type=\"submit\" value=\"Recevoir la fiche produit\" \/><br \/>\n<input type=\"read-only\" class=\"current_url\" readonly name=\"source\" value=\"https:\/\/www.tyroremotes.be\/fr\/wp-json\/wp\/v2\/product\/9634\/\" \/><br \/>\n\t\t<\/div>\n\t\t\t\t\t<\/div>\n\n\t<br \/>\n<\/div>\n<\/p><div class=\"wpcf7-response-output\" aria-hidden=\"true\"><\/div>\n<\/form>\n<\/div>\n\t\t<\/div>\n\t\t\t\t\t<\/div>\n\n\t\r\n\r\n\n<style>\n#row-1447111159 > .col > .col-inner {\n  padding: 20px 20px 20px 20px;\n}\n<\/style>\n<\/div>\r\n\r\n\t\t<\/div>\n\n\t\t\n<style>\n#section_1777476440 {\n  padding-top: 30px;\n  padding-bottom: 30px;\n  background-color: rgb(218, 218, 218);\n}\n<\/style>\n\t<\/section>\n\t\r\n\t<div id=\"gap-95217904\" class=\"gap-element clearfix\" style=\"display:block; height:auto;\">\n\t\t\n<style>\n#gap-95217904 {\n  padding-top: 30px;\n}\n<\/style>\n\t<\/div>\n\t\n<h2>Ergonomique et antichoc<\/h2>\n<p>De part sa taille compacte, la radiocommande Musca tient tr\u00e8s bien en main. L&rsquo;\u00e9metteur est facile \u00e0 transporter dans votre poche ou \u00e0 la ceinture avec son clip ceinture. La radiocommande est con\u00e7ue pour une utilisation intensive, m\u00eame sous des circonstances exceptionnelles. La radiocommande est r\u00e9sistante \u00e0 l&rsquo;humidit\u00e9 et la salet\u00e9 et elle est \u00e9quip\u00e9e d&rsquo;un clavier industriel de haute qualit\u00e9 qui est facile \u00e0 nettoyer.<\/p>\n<h2>Id\u00e9al pour les applications industrielles<\/h2>\n<p>La Musca peut \u00eatre utilis\u00e9e dans de nombreuses applications industrielles. Elle est id\u00e9ale pour les applications de v\u00e9hicules (par exemple les treuils), mais peut \u00eatre aussi utilis\u00e9e dans les applications <a href=\"https:\/\/www.tyroremotes.be\/fr\/c\/projets\/agriculture-fr\/\">agricoles<\/a> et <a href=\"&quot;https:\/\/www.tyroremotes.be\/fr\/c\/projets\/maritime-fr&lt;\/a\">. Par exemple, nous avons transform\u00e9 une Musca pour un de nos clients en un produit <\/a><a href=\"https:\/\/www.tyroremotes.be\/fr\/projets\/automatisation-industrielle-fr\/op-maat-afstandsbediening-voor-de-aerodisc\/\">OEM pour leur Aero-disc<\/a><a href=\"&quot;https:\/\/www.tyroremotes.be\/fr\/c\/projets\/maritime-fr&lt;\/a\">.<\/a><\/p>\n<h2>Sp\u00e9cifications techniques<\/h2>\n<p>En plus du temps de r\u00e9ponse rapide de moins de 0,1 seconde, la radiocommande a une port\u00e9e allant jusqu&rsquo;\u00e0 350 m\u00e8tres (en champ libre). La Musca est \u00e9quip\u00e9e d&rsquo;une batterie de 9 volts qui vous permet de l\u2019utiliser pendant au moins 2 ans. La radiocommande consomme tr\u00e8s peu d&rsquo;\u00e9nergie. Par d\u00e9faut, l\u2019\u00e9metteur Musca est fourni avec <a href=\"https:\/\/remotecontrol.help\/fr\/explication\/868-mhz-frequence\">une fr\u00e9quence en bande large de 868 MHz<\/a>, \u00e9ventuellement elle peut aussi \u00eatre livr\u00e9e avec une fr\u00e9quence en bande large de 915 MHz.<\/p>\n<h3>Marquage CE \/ EMC \/ E2<\/h3>\n<p>La Musca est \u00e9quip\u00e9e du <a href=\"https:\/\/remotecontrol.help\/fr\/explication\/certification-e2\">marquage EMC \/ E2<\/a> qui signifie qu&rsquo;elle peut \u00eatre utilis\u00e9e sur la voie publique dans plus de 25 pays. Chaque <a href=\"https:\/\/www.tyroremotes.be\/fr\/emetteur-et-recepteur\/\">radiocommande et r\u00e9cepteur<\/a> utilise un code unique de 24 bits de sorte que le r\u00e9cepteur re\u00e7oit uniquement les signaux de cette radiocommande.<\/p>\n<h3>R\u00e9cepteur 100% \u00e9tanche avec six sorties<\/h3>\n<p>La radiocommande Musca 2,4 et 6 canaux fonctionne avec <a href=\"https:\/\/www.tyroremotes.be\/fr\/produit\/aquarius-6\">le r\u00e9cepteur radio \u00ab\u00a0Aquarius\u00a0\u00bb<\/a>. Ce r\u00e9cepteur est 100% \u00e9tanche (IP68) et poss\u00e8de 6 sorties. L\u2019Aquarius est disponible avec une antenne Flex ou avec une antenne BNC.<\/p>\n","protected":false},"excerpt":{"rendered":"<div class=\"row row-small align-equal align-center\"  id=\"row-1597201051\">\n\n\t<div id=\"col-727307549\" class=\"col medium-3 small-3 large-3\"  >\n\t\t\t\t<div class=\"col-inner\"  >\n\t\t\t\n\t\t\t<a title=\"Download la fiche produit\" href=\"#productsheet\"><img decoding=\"async\" src=\"https:\/\/www.tyroremotes.be\/wp-content\/uploads\/2015\/10\/download-pdf.png\" \/><\/a>\t\t<\/div>\n\t\t\t\t\t<\/div>\n\n\t\n\t<div id=\"col-2033069724\" class=\"col medium-3 small-3 large-3\"  >\n\t\t\t\t<div class=\"col-inner\"  >\n\t\t\t\n\t\t\t<a href=\"#musca2v\"><img decoding=\"async\" src=\"https:\/\/www.tyroremotes.be\/wp-content\/uploads\/2015\/10\/view-360.png\" alt=\"360 view\" \/><\/a>\t\t<\/div>\n\t\t\t\t\t<\/div>\n\n\t\n\t<div id=\"col-1970520502\" class=\"col medium-3 small-3 large-3\"  >\n\t\t\t\t<div class=\"col-inner\"  >\n\t\t\t\n\t\t\t<a href=\"https:\/\/www.tyroremotes.be\/fr\/support\/videos-de-programmation\/changement-de-configuration-musca-aquarius\/\" target=\"_blank\" rel=\"noopener noreferrer\"><img decoding=\"async\" src=\"https:\/\/www.tyroremotes.be\/wp-content\/uploads\/2015\/10\/watch-tutorial.png\" alt=\"programmation\" \/><\/a>\t\t<\/div>\n\t\t\t\t\t<\/div>\n\n\t\n\t<div id=\"col-1672457215\" class=\"col medium-3 small-3 large-3\"  >\n\t\t\t\t<div class=\"col-inner\"  >\n\t\t\t\n\t\t\t<a href=\"#madeineu\"><img decoding=\"async\" src=\"https:\/\/www.tyroremotes.be\/wp-content\/uploads\/2018\/10\/made-in-eu-icon-fr.png\" \/><\/a>\r\n\t<div id=\"madeineu\"\n\t     class=\"lightbox-by-id lightbox-content mfp-hide lightbox-white \"\n\t     style=\"max-width:700px ;padding:20px\">\n\t\t\r\n<div class=\"row row-collapse row-full-width align-middle\"  id=\"row-1781749659\">\r\n\r\n\n\t<div id=\"col-538427240\" class=\"col medium-7 small-12 large-7\"  >\n\t\t\t\t<div class=\"col-inner text-left\"  >\n\t\t\t\n\t\t\t\r\n\r\n<img decoding=\"async\" src=\"https:\/\/www.tyroremotes.be\/wp-content\/uploads\/2015\/10\/made-in-eu-icon.png\" \/>\r\n\r\n\t\t<\/div>\n\t\t\t\t\n<style>\n#col-538427240 > .col-inner {\n  max-width: 520px;\n}\n<\/style>\n\t<\/div>\n\n\t\r\n\n\t<div id=\"col-545691755\" class=\"col medium-5 small-12 large-5\"  >\n\t\t\t\t<div class=\"col-inner\"  >\n\t\t\t\n\t\t\t\r\n\r\n<h5 class=\"uppercase\">Fabriqu\u00e9 en Europe<\/h5><p>Toutes nos radiocommandes et  nos r\u00e9cepteurs sont con\u00e7us, d\u00e9velopp\u00e9s et produits en Europe.<\/p>\r\n\r\n\t\t<\/div>\n\t\t\t\t\t<\/div>\n\n\t\r\n<\/div>\r\n\t<\/div>\n\t\n\t\r\n\t\t<\/div>\n\t\t\t\t\t<\/div>\n\n\t<\/div>\n<ul>\n<li>Pratique, adh\u00e9rence en caoutchouc et clip ceinture<\/li>\n<li>Compact &amp; r\u00e9sistant aux chocs<\/li>\n<li>R\u00e9sistant \u00e0 l&rsquo;humidit\u00e9 et \u00e0 la salet\u00e9 (IP65)<\/li>\n<li>R\u00e9action tr\u00e8s rapide\u00a0&lt;0,1s<\/li>\n<li>Tr\u00e8s grande fiabilit\u00e9 d&rsquo;utilisation<\/li>\n<li>R\u00e9cepteur 100% \u00e9tanche (IP68)<\/li>\n<li>Haut niveau de conformit\u00e9<\/li>\n<\/ul>\n","protected":false},"featured_media":8457,"comment_status":"closed","ping_status":"closed","template":"","meta":[],"product_brand":[],"product_cat":[275],"product_tag":[],"class_list":{"0":"post-9634","1":"product","2":"type-product","3":"status-publish","4":"has-post-thumbnail","6":"product_cat-telecommandes","8":"first","9":"instock","10":"shipping-taxable","11":"product-type-simple"},"yoast_head":"<!-- This site is optimized with the Yoast SEO plugin v27.4 - https:\/\/yoast.com\/product\/yoast-seo-wordpress\/ -->\n<title>Radiocommande 2, 4 ou 6 voies | Tyro Remotes<\/title>\n<meta name=\"description\" content=\"Une radiocommande compacte et robuste pour par ex. pompes, agr\u00e9gats ou autres applications industrielles. L&#039;\u00e9metteur est livrable avec 2, 4 ou 6 fonctions.\" \/>\n<meta name=\"robots\" content=\"index, follow, max-snippet:-1, max-image-preview:large, max-video-preview:-1\" \/>\n<link rel=\"canonical\" href=\"https:\/\/www.tyroremotes.be\/fr\/produit\/musca-2-4-6-voies\/\" \/>\n<meta property=\"og:locale\" content=\"fr_FR\" \/>\n<meta property=\"og:type\" content=\"article\" \/>\n<meta property=\"og:title\" content=\"Radiocommande 2, 4 ou 6 voies | Tyro Remotes\" \/>\n<meta property=\"og:description\" content=\"Une radiocommande compacte et robuste pour par ex. pompes, agr\u00e9gats ou autres applications industrielles. L&#039;\u00e9metteur est livrable avec 2, 4 ou 6 fonctions.\" \/>\n<meta property=\"og:url\" content=\"https:\/\/www.tyroremotes.be\/fr\/produit\/musca-2-4-6-voies\/\" \/>\n<meta property=\"og:site_name\" content=\"Tyro Remotes\" \/>\n<meta property=\"article:modified_time\" content=\"2020-04-21T08:59:57+00:00\" \/>\n<meta property=\"og:image\" content=\"https:\/\/www.tyroremotes.be\/wp-content\/uploads\/2015\/10\/musca-2-4-6-kanaals-afstandsbediening.jpg\" \/>\n\t<meta property=\"og:image:width\" content=\"800\" \/>\n\t<meta property=\"og:image:height\" content=\"800\" \/>\n\t<meta property=\"og:image:type\" content=\"image\/jpeg\" \/>\n<meta name=\"twitter:card\" content=\"summary_large_image\" \/>\n<meta name=\"twitter:site\" content=\"@TyroRemotesNL\" \/>\n<meta name=\"twitter:label1\" content=\"Dur\u00e9e de lecture est.\" \/>\n\t<meta name=\"twitter:data1\" content=\"2 minutes\" \/>\n<script type=\"application\/ld+json\" class=\"yoast-schema-graph\">{\"@context\":\"https:\\\/\\\/schema.org\",\"@graph\":[{\"@type\":\"WebPage\",\"@id\":\"https:\\\/\\\/www.tyroremotes.be\\\/fr\\\/produit\\\/musca-2-4-6-voies\\\/\",\"url\":\"https:\\\/\\\/www.tyroremotes.be\\\/fr\\\/produit\\\/musca-2-4-6-voies\\\/\",\"name\":\"Radiocommande 2, 4 ou 6 voies | Tyro Remotes\",\"isPartOf\":{\"@id\":\"https:\\\/\\\/www.tyroremotes.be\\\/#website\"},\"primaryImageOfPage\":{\"@id\":\"https:\\\/\\\/www.tyroremotes.be\\\/fr\\\/produit\\\/musca-2-4-6-voies\\\/#primaryimage\"},\"image\":{\"@id\":\"https:\\\/\\\/www.tyroremotes.be\\\/fr\\\/produit\\\/musca-2-4-6-voies\\\/#primaryimage\"},\"thumbnailUrl\":\"https:\\\/\\\/www.tyroremotes.be\\\/wp-content\\\/uploads\\\/2015\\\/10\\\/musca-2-4-6-kanaals-afstandsbediening.jpg\",\"datePublished\":\"2015-10-05T23:00:00+00:00\",\"dateModified\":\"2020-04-21T08:59:57+00:00\",\"description\":\"Une radiocommande compacte et robuste pour par ex. pompes, agr\u00e9gats ou autres applications industrielles. L'\u00e9metteur est livrable avec 2, 4 ou 6 fonctions.\",\"breadcrumb\":{\"@id\":\"https:\\\/\\\/www.tyroremotes.be\\\/fr\\\/produit\\\/musca-2-4-6-voies\\\/#breadcrumb\"},\"inLanguage\":\"fr-BE\",\"potentialAction\":[{\"@type\":\"ReadAction\",\"target\":[\"https:\\\/\\\/www.tyroremotes.be\\\/fr\\\/produit\\\/musca-2-4-6-voies\\\/\"]}]},{\"@type\":\"ImageObject\",\"inLanguage\":\"fr-BE\",\"@id\":\"https:\\\/\\\/www.tyroremotes.be\\\/fr\\\/produit\\\/musca-2-4-6-voies\\\/#primaryimage\",\"url\":\"https:\\\/\\\/www.tyroremotes.be\\\/wp-content\\\/uploads\\\/2015\\\/10\\\/musca-2-4-6-kanaals-afstandsbediening.jpg\",\"contentUrl\":\"https:\\\/\\\/www.tyroremotes.be\\\/wp-content\\\/uploads\\\/2015\\\/10\\\/musca-2-4-6-kanaals-afstandsbediening.jpg\",\"width\":800,\"height\":800,\"caption\":\"Une radiocommande compacte avec 2, 4 ou 6 canaux\"},{\"@type\":\"BreadcrumbList\",\"@id\":\"https:\\\/\\\/www.tyroremotes.be\\\/fr\\\/produit\\\/musca-2-4-6-voies\\\/#breadcrumb\",\"itemListElement\":[{\"@type\":\"ListItem\",\"position\":1,\"name\":\"Home\",\"item\":\"https:\\\/\\\/www.tyroremotes.be\\\/fr\\\/\"},{\"@type\":\"ListItem\",\"position\":2,\"name\":\"Winkel\",\"item\":\"https:\\\/\\\/www.tyroremotes.be\\\/winkel\\\/\"},{\"@type\":\"ListItem\",\"position\":3,\"name\":\"T\u00e9l\u00e9commandes\",\"item\":\"https:\\\/\\\/www.tyroremotes.be\\\/fr\\\/pcat\\\/telecommandes\\\/\"},{\"@type\":\"ListItem\",\"position\":4,\"name\":\"Musca | 2, 4, 6 voies\"}]},{\"@type\":\"WebSite\",\"@id\":\"https:\\\/\\\/www.tyroremotes.be\\\/#website\",\"url\":\"https:\\\/\\\/www.tyroremotes.be\\\/\",\"name\":\"Tyro Remotes\",\"description\":\"\",\"potentialAction\":[{\"@type\":\"SearchAction\",\"target\":{\"@type\":\"EntryPoint\",\"urlTemplate\":\"https:\\\/\\\/www.tyroremotes.be\\\/?s={search_term_string}\"},\"query-input\":{\"@type\":\"PropertyValueSpecification\",\"valueRequired\":true,\"valueName\":\"search_term_string\"}}],\"inLanguage\":\"fr-BE\"}]}<\/script>\n<!-- \/ Yoast SEO plugin. -->","yoast_head_json":{"title":"Radiocommande 2, 4 ou 6 voies | Tyro Remotes","description":"Une radiocommande compacte et robuste pour par ex. pompes, agr\u00e9gats ou autres applications industrielles. L'\u00e9metteur est livrable avec 2, 4 ou 6 fonctions.","robots":{"index":"index","follow":"follow","max-snippet":"max-snippet:-1","max-image-preview":"max-image-preview:large","max-video-preview":"max-video-preview:-1"},"canonical":"https:\/\/www.tyroremotes.be\/fr\/produit\/musca-2-4-6-voies\/","og_locale":"fr_FR","og_type":"article","og_title":"Radiocommande 2, 4 ou 6 voies | Tyro Remotes","og_description":"Une radiocommande compacte et robuste pour par ex. pompes, agr\u00e9gats ou autres applications industrielles. L'\u00e9metteur est livrable avec 2, 4 ou 6 fonctions.","og_url":"https:\/\/www.tyroremotes.be\/fr\/produit\/musca-2-4-6-voies\/","og_site_name":"Tyro Remotes","article_modified_time":"2020-04-21T08:59:57+00:00","og_image":[{"width":800,"height":800,"url":"https:\/\/www.tyroremotes.be\/wp-content\/uploads\/2015\/10\/musca-2-4-6-kanaals-afstandsbediening.jpg","type":"image\/jpeg"}],"twitter_card":"summary_large_image","twitter_site":"@TyroRemotesNL","twitter_misc":{"Dur\u00e9e de lecture est.":"2 minutes"},"schema":{"@context":"https:\/\/schema.org","@graph":[{"@type":"WebPage","@id":"https:\/\/www.tyroremotes.be\/fr\/produit\/musca-2-4-6-voies\/","url":"https:\/\/www.tyroremotes.be\/fr\/produit\/musca-2-4-6-voies\/","name":"Radiocommande 2, 4 ou 6 voies | Tyro Remotes","isPartOf":{"@id":"https:\/\/www.tyroremotes.be\/#website"},"primaryImageOfPage":{"@id":"https:\/\/www.tyroremotes.be\/fr\/produit\/musca-2-4-6-voies\/#primaryimage"},"image":{"@id":"https:\/\/www.tyroremotes.be\/fr\/produit\/musca-2-4-6-voies\/#primaryimage"},"thumbnailUrl":"https:\/\/www.tyroremotes.be\/wp-content\/uploads\/2015\/10\/musca-2-4-6-kanaals-afstandsbediening.jpg","datePublished":"2015-10-05T23:00:00+00:00","dateModified":"2020-04-21T08:59:57+00:00","description":"Une radiocommande compacte et robuste pour par ex. pompes, agr\u00e9gats ou autres applications industrielles. L'\u00e9metteur est livrable avec 2, 4 ou 6 fonctions.","breadcrumb":{"@id":"https:\/\/www.tyroremotes.be\/fr\/produit\/musca-2-4-6-voies\/#breadcrumb"},"inLanguage":"fr-BE","potentialAction":[{"@type":"ReadAction","target":["https:\/\/www.tyroremotes.be\/fr\/produit\/musca-2-4-6-voies\/"]}]},{"@type":"ImageObject","inLanguage":"fr-BE","@id":"https:\/\/www.tyroremotes.be\/fr\/produit\/musca-2-4-6-voies\/#primaryimage","url":"https:\/\/www.tyroremotes.be\/wp-content\/uploads\/2015\/10\/musca-2-4-6-kanaals-afstandsbediening.jpg","contentUrl":"https:\/\/www.tyroremotes.be\/wp-content\/uploads\/2015\/10\/musca-2-4-6-kanaals-afstandsbediening.jpg","width":800,"height":800,"caption":"Une radiocommande compacte avec 2, 4 ou 6 canaux"},{"@type":"BreadcrumbList","@id":"https:\/\/www.tyroremotes.be\/fr\/produit\/musca-2-4-6-voies\/#breadcrumb","itemListElement":[{"@type":"ListItem","position":1,"name":"Home","item":"https:\/\/www.tyroremotes.be\/fr\/"},{"@type":"ListItem","position":2,"name":"Winkel","item":"https:\/\/www.tyroremotes.be\/winkel\/"},{"@type":"ListItem","position":3,"name":"T\u00e9l\u00e9commandes","item":"https:\/\/www.tyroremotes.be\/fr\/pcat\/telecommandes\/"},{"@type":"ListItem","position":4,"name":"Musca | 2, 4, 6 voies"}]},{"@type":"WebSite","@id":"https:\/\/www.tyroremotes.be\/#website","url":"https:\/\/www.tyroremotes.be\/","name":"Tyro Remotes","description":"","potentialAction":[{"@type":"SearchAction","target":{"@type":"EntryPoint","urlTemplate":"https:\/\/www.tyroremotes.be\/?s={search_term_string}"},"query-input":{"@type":"PropertyValueSpecification","valueRequired":true,"valueName":"search_term_string"}}],"inLanguage":"fr-BE"}]}},"_links":{"self":[{"href":"https:\/\/www.tyroremotes.be\/fr\/wp-json\/wp\/v2\/product\/9634","targetHints":{"allow":["GET"]}}],"collection":[{"href":"https:\/\/www.tyroremotes.be\/fr\/wp-json\/wp\/v2\/product"}],"about":[{"href":"https:\/\/www.tyroremotes.be\/fr\/wp-json\/wp\/v2\/types\/product"}],"replies":[{"embeddable":true,"href":"https:\/\/www.tyroremotes.be\/fr\/wp-json\/wp\/v2\/comments?post=9634"}],"wp:featuredmedia":[{"embeddable":true,"href":"https:\/\/www.tyroremotes.be\/fr\/wp-json\/wp\/v2\/media\/8457"}],"wp:attachment":[{"href":"https:\/\/www.tyroremotes.be\/fr\/wp-json\/wp\/v2\/media?parent=9634"}],"wp:term":[{"taxonomy":"product_brand","embeddable":true,"href":"https:\/\/www.tyroremotes.be\/fr\/wp-json\/wp\/v2\/product_brand?post=9634"},{"taxonomy":"product_cat","embeddable":true,"href":"https:\/\/www.tyroremotes.be\/fr\/wp-json\/wp\/v2\/product_cat?post=9634"},{"taxonomy":"product_tag","embeddable":true,"href":"https:\/\/www.tyroremotes.be\/fr\/wp-json\/wp\/v2\/product_tag?post=9634"}],"curies":[{"name":"wp","href":"https:\/\/api.w.org\/{rel}","templated":true}]}}