{"id":11708,"date":"2021-11-01T15:38:40","date_gmt":"2021-11-01T14:38:40","guid":{"rendered":"https:\/\/www.tyroremotes.be\/product\/aquarius-20f\/"},"modified":"2021-11-29T14:52:04","modified_gmt":"2021-11-29T13:52:04","slug":"aquarius-20f","status":"publish","type":"product","link":"https:\/\/www.tyroremotes.be\/fr\/produit\/aquarius-20f\/","title":{"rendered":"Aquarius 20F"},"content":{"rendered":"<h2>Tyro Aquarius 20F : polyvalent et fiable<\/h2>\n<p>Cette variante montre que l&rsquo;Aquarius est un produit polyvalent : avec pas moins de 20 sorties, aucun d\u00e9fi n&rsquo;est trop grand pour lui. L&rsquo;Aquarius 20F tr\u00e8s compact est extr\u00eamement robuste et fiable dans des conditions extr\u00eames. Gr\u00e2ce \u00e0 son bo\u00eetier moul\u00e9 compact, il est 100% \u00e9tanche (IP68), tr\u00e8s solide et extr\u00eamement fiable. Les vibrations sont amorties et absorb\u00e9es par le bo\u00eetier r\u00e9sistant ainsi aux impacts et aux chocs.<\/p>\n<span class=\"scroll-to\" data-label=\"Scroll to: #productsheet\" data-bullet=\"false\" data-link=\"#productsheet\" data-title=\"Change this\" ><a name=\"productsheet\"><\/a><\/span>\r\n\r\n\t<section class=\"section\" id=\"section_808636444\">\n\t\t<div class=\"bg section-bg fill bg-fill bg-loaded bg-loaded\" >\n\n\t\t\t\n\t\t\t\n\t\t\t\n\n\t\t<\/div>\n\n\t\t\n\n\t\t<div class=\"section-content relative\">\n\t\t\t\r\n\r\n<div class=\"row align-center\"  id=\"row-153329502\">\r\n\r\n\n\t<div id=\"col-1470904663\" class=\"col medium-8 small-12 large-8\"  >\n\t\t\t\t<div class=\"col-inner\"  >\n\t\t\t\n\t\t\t\r\n\t<div id=\"gap-1466261489\" class=\"gap-element clearfix\" style=\"display:block; height:auto;\">\n\t\t\n<style>\n#gap-1466261489 {\n  padding-top: 30px;\n}\n<\/style>\n\t<\/div>\n\t\r\n<h3>Recevoir la fiche produit directement par e-mail<\/h3>\r\n\n<div class=\"wpcf7 no-js\" id=\"wpcf7-f11233-o1\" lang=\"nl-NL\" dir=\"ltr\" data-wpcf7-id=\"11233\">\n<div class=\"screen-reader-response\"><p role=\"status\" aria-live=\"polite\" aria-atomic=\"true\"><\/p> <ul><\/ul><\/div>\n<form action=\"\/fr\/wp-json\/wp\/v2\/product\/11708#wpcf7-f11233-o1\" method=\"post\" class=\"wpcf7-form init wpcf7-acceptance-as-validation\" aria-label=\"Contactformulier\" novalidate=\"novalidate\" data-status=\"init\">\n<fieldset class=\"hidden-fields-container\"><input type=\"hidden\" name=\"_wpcf7\" value=\"11233\" \/><input type=\"hidden\" name=\"_wpcf7_version\" value=\"6.1.5\" \/><input type=\"hidden\" name=\"_wpcf7_locale\" value=\"nl_NL\" \/><input type=\"hidden\" name=\"_wpcf7_unit_tag\" value=\"wpcf7-f11233-o1\" \/><input type=\"hidden\" name=\"_wpcf7_container_post\" value=\"0\" \/><input type=\"hidden\" name=\"_wpcf7_posted_data_hash\" value=\"\" \/><input type=\"hidden\" name=\"_wpcf7_recaptcha_response\" value=\"\" \/>\n<\/fieldset>\n<p><div class=\"row\"  id=\"row-982564770\"><br \/>\n\n\t<div id=\"col-1207359423\" class=\"col medium-6 small-12 large-6\"  >\n\t\t\t\t<div class=\"col-inner\"  >\n\t\t\t\n\t\t\t<br \/>\n<label> Pr\u00e9nom <span class=\"obligated\">*<\/span><br \/>\n<span class=\"wpcf7-form-control-wrap\" data-name=\"firstname\"><input size=\"40\" maxlength=\"400\" class=\"wpcf7-form-control wpcf7-text wpcf7-validates-as-required\" aria-required=\"true\" aria-invalid=\"false\" value=\"\" type=\"text\" name=\"firstname\" \/><\/span> <\/label><br \/>\n\t\t<\/div>\n\t\t\t\t\t<\/div>\n\n\t<br \/>\n\n\t<div id=\"col-783383198\" class=\"col medium-6 small-12 large-6\"  >\n\t\t\t\t<div class=\"col-inner\"  >\n\t\t\t\n\t\t\t<br \/>\n<label> Nom de famille <span class=\"obligated\">*<\/span><br \/>\n<span class=\"wpcf7-form-control-wrap\" data-name=\"lastname\"><input size=\"40\" maxlength=\"400\" class=\"wpcf7-form-control wpcf7-text wpcf7-validates-as-required\" aria-required=\"true\" aria-invalid=\"false\" value=\"\" type=\"text\" name=\"lastname\" \/><\/span> <\/label><br \/>\n\t\t<\/div>\n\t\t\t\t\t<\/div>\n\n\t<br \/>\n\n\t<div id=\"col-1118961526\" class=\"col medium-12 small-12 large-12\"  >\n\t\t\t\t<div class=\"col-inner\"  >\n\t\t\t\n\t\t\t\n<\/p>\n<p><label> E-mail <span class=\"obligated\">*<\/span><br \/>\n<span class=\"wpcf7-form-control-wrap\" data-name=\"be_fr_email\"><input size=\"40\" maxlength=\"400\" class=\"wpcf7-form-control wpcf7-email wpcf7-validates-as-required wpcf7-text wpcf7-validates-as-email\" aria-required=\"true\" aria-invalid=\"false\" value=\"\" type=\"email\" name=\"be_fr_email\" \/><\/span> <\/label>\n<\/p>\n<p><label> N\u00famero de t\u00e9l\u00e9phone<br \/>\n<span class=\"wpcf7-form-control-wrap\" data-name=\"phone\"><input size=\"40\" maxlength=\"400\" class=\"wpcf7-form-control wpcf7-text\" aria-invalid=\"false\" value=\"\" type=\"text\" name=\"phone\" \/><\/span> <\/label>\n<\/p>\n<p><label> Privacy <span class=\"obligated\">*<\/span><\/label><br \/>\n<span class=\"wpcf7-form-control-wrap\" data-name=\"privacy\"><span class=\"wpcf7-form-control wpcf7-acceptance\"><span class=\"wpcf7-list-item\"><label><input type=\"checkbox\" name=\"privacy\" value=\"1\" aria-invalid=\"false\" \/><span class=\"wpcf7-list-item-label\">En utilisant ce formulaire, vous acceptez notre <a target=\"_blank\" href=\"https:\/\/www.tyroremotes.be\/fr\/declaration-de-confidentialite\/\">d\u00e9claration de confidentialit\u00e9<\/a>.<\/span><\/label><\/span><\/span><\/span>\n<\/p>\n<p>\t<div id=\"gap-968668072\" class=\"gap-element clearfix\" style=\"display:block; height:auto;\">\n\t\t\n<style>\n#gap-968668072 {\n  padding-top: 30px;\n}\n<\/style>\n\t<\/div>\n\t<br \/>\n<input class=\"wpcf7-form-control wpcf7-submit has-spinner\" type=\"submit\" value=\"Recevoir la fiche produit\" \/><br \/>\n<input type=\"read-only\" class=\"current_url\" readonly name=\"source\" value=\"https:\/\/www.tyroremotes.be\/fr\/wp-json\/wp\/v2\/product\/11708\/\" \/><br \/>\n\t\t<\/div>\n\t\t\t\t\t<\/div>\n\n\t<br \/>\n<\/div>\n<\/p><div class=\"wpcf7-response-output\" aria-hidden=\"true\"><\/div>\n<\/form>\n<\/div>\n\t\t<\/div>\n\t\t\t\t\t<\/div>\n\n\t\r\n\r\n\n<style>\n#row-153329502 > .col > .col-inner {\n  padding: 20px 20px 20px 20px;\n}\n<\/style>\n<\/div>\r\n\r\n\t\t<\/div>\n\n\t\t\n<style>\n#section_808636444 {\n  padding-top: 30px;\n  padding-bottom: 30px;\n  background-color: rgb(218, 218, 218);\n}\n<\/style>\n\t<\/section>\n\t\r\n\t<div id=\"gap-616276678\" class=\"gap-element clearfix\" style=\"display:block; height:auto;\">\n\t\t\n<style>\n#gap-616276678 {\n  padding-top: 30px;\n}\n<\/style>\n\t<\/div>\n\t\n<h3>Montage facile<\/h3>\n<p>L&rsquo;assemblage et l&rsquo;installation sont particuli\u00e8rement faciles et rapides, en partie gr\u00e2ce aux 1,5 m\u00e8tres de c\u00e2bles pr\u00e9-mont\u00e9s. Cela rend \u00e9galement ce r\u00e9cepteur industriel unique tr\u00e8s appropri\u00e9 pour les nouvelles installations ou les installations existantes.<\/p>\n<h3>Syst\u00e8me de commande radio multifonctionnel<\/h3>\n<p>Le r\u00e9cepteur multifonctionnel Tyro Aquarius est le syst\u00e8me de commande sans fil id\u00e9al pour diverses applications sur v\u00e9hicules, industrielles, maritimes et agricoles. Le Tyro Aquarius 20F est utilis\u00e9 en combinaison avec les t\u00e9l\u00e9commandes industrielles Pyxis et Cetus.<\/p>\n<h3>Options mat\u00e9rielles<\/h3>\n<p>Pour obtenir une port\u00e9e maximale, l&rsquo;antenne peut \u00eatre rallong\u00e9e \u00e0 partir du r\u00e9cepteur au moyen d&rsquo;un c\u00e2ble d&rsquo;extension d&rsquo;antenne, afin de pouvoir ainsi placer l&rsquo;antenne dans la meilleure position.<\/p>\n<h2>Gamme Aquarius<\/h2>\n<p>Le r\u00e9cepteur r\u00e9volutionnaire Aquarius se compose d\u00e9sormais d&rsquo;une gamme de produits tr\u00e8s compl\u00e8te. Il y a d\u00e9sormais 5 variantes disponibles, dont les 6, 10 et 20 canaux. De plus, il y a le Dual Analog et le 16F Dual Analog, qui permettent \u00e9galement une double communication ainsi que des commandes analogiques.<\/p>\n","protected":false},"excerpt":{"rendered":"<ul>\n<li>20 sorties num\u00e9riques<\/li>\n<li>Antichoc et compl\u00e8tement \u00e9tanche (IP68)<\/li>\n<li>Pr\u00e9-c\u00e2bl\u00e9, 1,5 m\u00e8tre<\/li>\n<li>Placement optimal de l&rsquo;antenne via un c\u00e2ble d&rsquo;extension d&rsquo;antenne (BNC)<\/li>\n<li>Alimentation 12\/24V<\/li>\n<li>Plug &amp; Play<\/li>\n<li>Bouton externe pour l&rsquo;installation d&rsquo;un \u00e9metteur \u00e0 main neuf\/suppl\u00e9mentaire<\/li>\n<\/ul>\n","protected":false},"featured_media":11707,"comment_status":"closed","ping_status":"closed","template":"","meta":[],"product_brand":[],"product_cat":[277],"product_tag":[],"class_list":{"0":"post-11708","1":"product","2":"type-product","3":"status-publish","4":"has-post-thumbnail","6":"product_cat-recepteur-de-radio","8":"first","9":"instock","10":"shipping-taxable","11":"product-type-simple"},"yoast_head":"<!-- This site is optimized with the Yoast SEO plugin v27.5 - https:\/\/yoast.com\/product\/yoast-seo-wordpress\/ -->\n<title>Aquarius 20F - Tyro Remotes<\/title>\n<meta name=\"robots\" content=\"index, follow, max-snippet:-1, max-image-preview:large, max-video-preview:-1\" \/>\n<link rel=\"canonical\" href=\"https:\/\/www.tyroremotes.be\/fr\/produit\/aquarius-20f\/\" \/>\n<meta property=\"og:locale\" content=\"fr_FR\" \/>\n<meta property=\"og:type\" content=\"article\" \/>\n<meta property=\"og:title\" content=\"Aquarius 20F - Tyro Remotes\" \/>\n<meta property=\"og:description\" content=\"20 sorties num\u00e9riques  Antichoc et compl\u00e8tement \u00e9tanche (IP68)  Pr\u00e9-c\u00e2bl\u00e9, 1,5 m\u00e8tre  Placement optimal de l&#039;antenne via un c\u00e2ble d&#039;extension d&#039;antenne (BNC)  Alimentation 12\/24V  Plug &amp; Play  Bouton externe pour l&#039;installation d&#039;un \u00e9metteur \u00e0 main neuf\/suppl\u00e9mentaire\" \/>\n<meta property=\"og:url\" content=\"https:\/\/www.tyroremotes.be\/fr\/produit\/aquarius-20f\/\" \/>\n<meta property=\"og:site_name\" content=\"Tyro Remotes\" \/>\n<meta property=\"article:modified_time\" content=\"2021-11-29T13:52:04+00:00\" \/>\n<meta property=\"og:image\" content=\"https:\/\/www.tyroremotes.be\/wp-content\/uploads\/2021\/11\/Aquarius-20F-site.jpg\" \/>\n\t<meta property=\"og:image:width\" content=\"800\" \/>\n\t<meta property=\"og:image:height\" content=\"800\" \/>\n\t<meta property=\"og:image:type\" content=\"image\/jpeg\" \/>\n<meta name=\"twitter:card\" content=\"summary_large_image\" \/>\n<meta name=\"twitter:site\" content=\"@TyroRemotesNL\" \/>\n<meta name=\"twitter:label1\" content=\"Dur\u00e9e de lecture est.\" \/>\n\t<meta name=\"twitter:data1\" content=\"1 minute\" \/>\n<script type=\"application\/ld+json\" class=\"yoast-schema-graph\">{\"@context\":\"https:\\\/\\\/schema.org\",\"@graph\":[{\"@type\":\"WebPage\",\"@id\":\"https:\\\/\\\/www.tyroremotes.be\\\/fr\\\/produit\\\/aquarius-20f\\\/\",\"url\":\"https:\\\/\\\/www.tyroremotes.be\\\/fr\\\/produit\\\/aquarius-20f\\\/\",\"name\":\"Aquarius 20F - Tyro Remotes\",\"isPartOf\":{\"@id\":\"https:\\\/\\\/www.tyroremotes.be\\\/#website\"},\"primaryImageOfPage\":{\"@id\":\"https:\\\/\\\/www.tyroremotes.be\\\/fr\\\/produit\\\/aquarius-20f\\\/#primaryimage\"},\"image\":{\"@id\":\"https:\\\/\\\/www.tyroremotes.be\\\/fr\\\/produit\\\/aquarius-20f\\\/#primaryimage\"},\"thumbnailUrl\":\"https:\\\/\\\/www.tyroremotes.be\\\/wp-content\\\/uploads\\\/2021\\\/11\\\/Aquarius-20F-site.jpg\",\"datePublished\":\"2021-11-01T14:38:40+00:00\",\"dateModified\":\"2021-11-29T13:52:04+00:00\",\"breadcrumb\":{\"@id\":\"https:\\\/\\\/www.tyroremotes.be\\\/fr\\\/produit\\\/aquarius-20f\\\/#breadcrumb\"},\"inLanguage\":\"fr-BE\",\"potentialAction\":[{\"@type\":\"ReadAction\",\"target\":[\"https:\\\/\\\/www.tyroremotes.be\\\/fr\\\/produit\\\/aquarius-20f\\\/\"]}]},{\"@type\":\"ImageObject\",\"inLanguage\":\"fr-BE\",\"@id\":\"https:\\\/\\\/www.tyroremotes.be\\\/fr\\\/produit\\\/aquarius-20f\\\/#primaryimage\",\"url\":\"https:\\\/\\\/www.tyroremotes.be\\\/wp-content\\\/uploads\\\/2021\\\/11\\\/Aquarius-20F-site.jpg\",\"contentUrl\":\"https:\\\/\\\/www.tyroremotes.be\\\/wp-content\\\/uploads\\\/2021\\\/11\\\/Aquarius-20F-site.jpg\",\"width\":800,\"height\":800},{\"@type\":\"BreadcrumbList\",\"@id\":\"https:\\\/\\\/www.tyroremotes.be\\\/fr\\\/produit\\\/aquarius-20f\\\/#breadcrumb\",\"itemListElement\":[{\"@type\":\"ListItem\",\"position\":1,\"name\":\"Home\",\"item\":\"https:\\\/\\\/www.tyroremotes.be\\\/fr\\\/\"},{\"@type\":\"ListItem\",\"position\":2,\"name\":\"Winkel\",\"item\":\"https:\\\/\\\/www.tyroremotes.be\\\/winkel\\\/\"},{\"@type\":\"ListItem\",\"position\":3,\"name\":\"Ontvangers\",\"item\":\"https:\\\/\\\/www.tyroremotes.be\\\/pcat\\\/ontvangers\\\/\"},{\"@type\":\"ListItem\",\"position\":4,\"name\":\"Aquarius 20F\"}]},{\"@type\":\"WebSite\",\"@id\":\"https:\\\/\\\/www.tyroremotes.be\\\/#website\",\"url\":\"https:\\\/\\\/www.tyroremotes.be\\\/\",\"name\":\"Tyro Remotes\",\"description\":\"\",\"potentialAction\":[{\"@type\":\"SearchAction\",\"target\":{\"@type\":\"EntryPoint\",\"urlTemplate\":\"https:\\\/\\\/www.tyroremotes.be\\\/?s={search_term_string}\"},\"query-input\":{\"@type\":\"PropertyValueSpecification\",\"valueRequired\":true,\"valueName\":\"search_term_string\"}}],\"inLanguage\":\"fr-BE\"}]}<\/script>\n<!-- \/ Yoast SEO plugin. -->","yoast_head_json":{"title":"Aquarius 20F - Tyro Remotes","robots":{"index":"index","follow":"follow","max-snippet":"max-snippet:-1","max-image-preview":"max-image-preview:large","max-video-preview":"max-video-preview:-1"},"canonical":"https:\/\/www.tyroremotes.be\/fr\/produit\/aquarius-20f\/","og_locale":"fr_FR","og_type":"article","og_title":"Aquarius 20F - Tyro Remotes","og_description":"20 sorties num\u00e9riques  Antichoc et compl\u00e8tement \u00e9tanche (IP68)  Pr\u00e9-c\u00e2bl\u00e9, 1,5 m\u00e8tre  Placement optimal de l'antenne via un c\u00e2ble d'extension d'antenne (BNC)  Alimentation 12\/24V  Plug &amp; Play  Bouton externe pour l'installation d'un \u00e9metteur \u00e0 main neuf\/suppl\u00e9mentaire","og_url":"https:\/\/www.tyroremotes.be\/fr\/produit\/aquarius-20f\/","og_site_name":"Tyro Remotes","article_modified_time":"2021-11-29T13:52:04+00:00","og_image":[{"width":800,"height":800,"url":"https:\/\/www.tyroremotes.be\/wp-content\/uploads\/2021\/11\/Aquarius-20F-site.jpg","type":"image\/jpeg"}],"twitter_card":"summary_large_image","twitter_site":"@TyroRemotesNL","twitter_misc":{"Dur\u00e9e de lecture est.":"1 minute"},"schema":{"@context":"https:\/\/schema.org","@graph":[{"@type":"WebPage","@id":"https:\/\/www.tyroremotes.be\/fr\/produit\/aquarius-20f\/","url":"https:\/\/www.tyroremotes.be\/fr\/produit\/aquarius-20f\/","name":"Aquarius 20F - Tyro Remotes","isPartOf":{"@id":"https:\/\/www.tyroremotes.be\/#website"},"primaryImageOfPage":{"@id":"https:\/\/www.tyroremotes.be\/fr\/produit\/aquarius-20f\/#primaryimage"},"image":{"@id":"https:\/\/www.tyroremotes.be\/fr\/produit\/aquarius-20f\/#primaryimage"},"thumbnailUrl":"https:\/\/www.tyroremotes.be\/wp-content\/uploads\/2021\/11\/Aquarius-20F-site.jpg","datePublished":"2021-11-01T14:38:40+00:00","dateModified":"2021-11-29T13:52:04+00:00","breadcrumb":{"@id":"https:\/\/www.tyroremotes.be\/fr\/produit\/aquarius-20f\/#breadcrumb"},"inLanguage":"fr-BE","potentialAction":[{"@type":"ReadAction","target":["https:\/\/www.tyroremotes.be\/fr\/produit\/aquarius-20f\/"]}]},{"@type":"ImageObject","inLanguage":"fr-BE","@id":"https:\/\/www.tyroremotes.be\/fr\/produit\/aquarius-20f\/#primaryimage","url":"https:\/\/www.tyroremotes.be\/wp-content\/uploads\/2021\/11\/Aquarius-20F-site.jpg","contentUrl":"https:\/\/www.tyroremotes.be\/wp-content\/uploads\/2021\/11\/Aquarius-20F-site.jpg","width":800,"height":800},{"@type":"BreadcrumbList","@id":"https:\/\/www.tyroremotes.be\/fr\/produit\/aquarius-20f\/#breadcrumb","itemListElement":[{"@type":"ListItem","position":1,"name":"Home","item":"https:\/\/www.tyroremotes.be\/fr\/"},{"@type":"ListItem","position":2,"name":"Winkel","item":"https:\/\/www.tyroremotes.be\/winkel\/"},{"@type":"ListItem","position":3,"name":"Ontvangers","item":"https:\/\/www.tyroremotes.be\/pcat\/ontvangers\/"},{"@type":"ListItem","position":4,"name":"Aquarius 20F"}]},{"@type":"WebSite","@id":"https:\/\/www.tyroremotes.be\/#website","url":"https:\/\/www.tyroremotes.be\/","name":"Tyro Remotes","description":"","potentialAction":[{"@type":"SearchAction","target":{"@type":"EntryPoint","urlTemplate":"https:\/\/www.tyroremotes.be\/?s={search_term_string}"},"query-input":{"@type":"PropertyValueSpecification","valueRequired":true,"valueName":"search_term_string"}}],"inLanguage":"fr-BE"}]}},"_links":{"self":[{"href":"https:\/\/www.tyroremotes.be\/fr\/wp-json\/wp\/v2\/product\/11708","targetHints":{"allow":["GET"]}}],"collection":[{"href":"https:\/\/www.tyroremotes.be\/fr\/wp-json\/wp\/v2\/product"}],"about":[{"href":"https:\/\/www.tyroremotes.be\/fr\/wp-json\/wp\/v2\/types\/product"}],"replies":[{"embeddable":true,"href":"https:\/\/www.tyroremotes.be\/fr\/wp-json\/wp\/v2\/comments?post=11708"}],"wp:featuredmedia":[{"embeddable":true,"href":"https:\/\/www.tyroremotes.be\/fr\/wp-json\/wp\/v2\/media\/11707"}],"wp:attachment":[{"href":"https:\/\/www.tyroremotes.be\/fr\/wp-json\/wp\/v2\/media?parent=11708"}],"wp:term":[{"taxonomy":"product_brand","embeddable":true,"href":"https:\/\/www.tyroremotes.be\/fr\/wp-json\/wp\/v2\/product_brand?post=11708"},{"taxonomy":"product_cat","embeddable":true,"href":"https:\/\/www.tyroremotes.be\/fr\/wp-json\/wp\/v2\/product_cat?post=11708"},{"taxonomy":"product_tag","embeddable":true,"href":"https:\/\/www.tyroremotes.be\/fr\/wp-json\/wp\/v2\/product_tag?post=11708"}],"curies":[{"name":"wp","href":"https:\/\/api.w.org\/{rel}","templated":true}]}}