{"id":11543,"date":"2021-07-19T10:20:17","date_gmt":"2021-07-19T09:20:17","guid":{"rendered":"https:\/\/www.tyroremotes.be\/product\/scorpius\/"},"modified":"2021-07-19T11:17:56","modified_gmt":"2021-07-19T10:17:56","slug":"scorpius","status":"publish","type":"product","link":"https:\/\/www.tyroremotes.be\/fr\/produit\/scorpius\/","title":{"rendered":"Scorpius"},"content":{"rendered":"<h2>Le r\u00e9cepteur le plus compact<\/h2>\n<p>Le Scorpius est un r\u00e9cepteur robuste, compact et fiable qui est tr\u00e8s r\u00e9sistant aux influences ext\u00e9rieures. Gr\u00e2ce au bo\u00eetier en fonte solide, il est 100% \u00e9tanche (IP68), tr\u00e8s solide et extr\u00eamement fiable. Les vibrations sont amorties par le bo\u00eetier r\u00e9sistant aux coups et aux chocs, il est pr\u00e9-c\u00e2bl\u00e9.<\/p>\n<span class=\"scroll-to\" data-label=\"Scroll to: #productsheet\" data-bullet=\"false\" data-link=\"#productsheet\" data-title=\"Change this\" ><a name=\"productsheet\"><\/a><\/span>\r\n\r\n\t<section class=\"section\" id=\"section_1656134153\">\n\t\t<div class=\"bg section-bg fill bg-fill bg-loaded bg-loaded\" >\n\n\t\t\t\n\t\t\t\n\t\t\t\n\n\t\t<\/div>\n\n\t\t\n\n\t\t<div class=\"section-content relative\">\n\t\t\t\r\n\r\n<div class=\"row align-center\"  id=\"row-1535489902\">\r\n\r\n\n\t<div id=\"col-1791513394\" class=\"col medium-8 small-12 large-8\"  >\n\t\t\t\t<div class=\"col-inner\"  >\n\t\t\t\n\t\t\t\r\n\t<div id=\"gap-1212891818\" class=\"gap-element clearfix\" style=\"display:block; height:auto;\">\n\t\t\n<style>\n#gap-1212891818 {\n  padding-top: 30px;\n}\n<\/style>\n\t<\/div>\n\t\r\n<h3>Recevoir la fiche produit directement par e-mail<\/h3>\r\n\n<div class=\"wpcf7 no-js\" id=\"wpcf7-f11233-o1\" lang=\"nl-NL\" dir=\"ltr\" data-wpcf7-id=\"11233\">\n<div class=\"screen-reader-response\"><p role=\"status\" aria-live=\"polite\" aria-atomic=\"true\"><\/p> <ul><\/ul><\/div>\n<form action=\"\/fr\/wp-json\/wp\/v2\/product\/11543#wpcf7-f11233-o1\" method=\"post\" class=\"wpcf7-form init wpcf7-acceptance-as-validation\" aria-label=\"Contactformulier\" novalidate=\"novalidate\" data-status=\"init\">\n<fieldset class=\"hidden-fields-container\"><input type=\"hidden\" name=\"_wpcf7\" value=\"11233\" \/><input type=\"hidden\" name=\"_wpcf7_version\" value=\"6.1.5\" \/><input type=\"hidden\" name=\"_wpcf7_locale\" value=\"nl_NL\" \/><input type=\"hidden\" name=\"_wpcf7_unit_tag\" value=\"wpcf7-f11233-o1\" \/><input type=\"hidden\" name=\"_wpcf7_container_post\" value=\"0\" \/><input type=\"hidden\" name=\"_wpcf7_posted_data_hash\" value=\"\" \/><input type=\"hidden\" name=\"_wpcf7_recaptcha_response\" value=\"\" \/>\n<\/fieldset>\n<p><div class=\"row\"  id=\"row-543390740\"><br \/>\n\n\t<div id=\"col-1843630083\" class=\"col medium-6 small-12 large-6\"  >\n\t\t\t\t<div class=\"col-inner\"  >\n\t\t\t\n\t\t\t<br \/>\n<label> Pr\u00e9nom <span class=\"obligated\">*<\/span><br \/>\n<span class=\"wpcf7-form-control-wrap\" data-name=\"firstname\"><input size=\"40\" maxlength=\"400\" class=\"wpcf7-form-control wpcf7-text wpcf7-validates-as-required\" aria-required=\"true\" aria-invalid=\"false\" value=\"\" type=\"text\" name=\"firstname\" \/><\/span> <\/label><br \/>\n\t\t<\/div>\n\t\t\t\t\t<\/div>\n\n\t<br \/>\n\n\t<div id=\"col-1693263951\" class=\"col medium-6 small-12 large-6\"  >\n\t\t\t\t<div class=\"col-inner\"  >\n\t\t\t\n\t\t\t<br \/>\n<label> Nom de famille <span class=\"obligated\">*<\/span><br \/>\n<span class=\"wpcf7-form-control-wrap\" data-name=\"lastname\"><input size=\"40\" maxlength=\"400\" class=\"wpcf7-form-control wpcf7-text wpcf7-validates-as-required\" aria-required=\"true\" aria-invalid=\"false\" value=\"\" type=\"text\" name=\"lastname\" \/><\/span> <\/label><br \/>\n\t\t<\/div>\n\t\t\t\t\t<\/div>\n\n\t<br \/>\n\n\t<div id=\"col-1592453349\" class=\"col medium-12 small-12 large-12\"  >\n\t\t\t\t<div class=\"col-inner\"  >\n\t\t\t\n\t\t\t\n<\/p>\n<p><label> E-mail <span class=\"obligated\">*<\/span><br \/>\n<span class=\"wpcf7-form-control-wrap\" data-name=\"be_fr_email\"><input size=\"40\" maxlength=\"400\" class=\"wpcf7-form-control wpcf7-email wpcf7-validates-as-required wpcf7-text wpcf7-validates-as-email\" aria-required=\"true\" aria-invalid=\"false\" value=\"\" type=\"email\" name=\"be_fr_email\" \/><\/span> <\/label>\n<\/p>\n<p><label> N\u00famero de t\u00e9l\u00e9phone<br \/>\n<span class=\"wpcf7-form-control-wrap\" data-name=\"phone\"><input size=\"40\" maxlength=\"400\" class=\"wpcf7-form-control wpcf7-text\" aria-invalid=\"false\" value=\"\" type=\"text\" name=\"phone\" \/><\/span> <\/label>\n<\/p>\n<p><label> Privacy <span class=\"obligated\">*<\/span><\/label><br \/>\n<span class=\"wpcf7-form-control-wrap\" data-name=\"privacy\"><span class=\"wpcf7-form-control wpcf7-acceptance\"><span class=\"wpcf7-list-item\"><label><input type=\"checkbox\" name=\"privacy\" value=\"1\" aria-invalid=\"false\" \/><span class=\"wpcf7-list-item-label\">En utilisant ce formulaire, vous acceptez notre <a target=\"_blank\" href=\"https:\/\/www.tyroremotes.be\/fr\/declaration-de-confidentialite\/\">d\u00e9claration de confidentialit\u00e9<\/a>.<\/span><\/label><\/span><\/span><\/span>\n<\/p>\n<p>\t<div id=\"gap-1026359615\" class=\"gap-element clearfix\" style=\"display:block; height:auto;\">\n\t\t\n<style>\n#gap-1026359615 {\n  padding-top: 30px;\n}\n<\/style>\n\t<\/div>\n\t<br \/>\n<input class=\"wpcf7-form-control wpcf7-submit has-spinner\" type=\"submit\" value=\"Recevoir la fiche produit\" \/><br \/>\n<input type=\"read-only\" class=\"current_url\" readonly name=\"source\" value=\"https:\/\/www.tyroremotes.be\/fr\/wp-json\/wp\/v2\/product\/11543\/\" \/><br \/>\n\t\t<\/div>\n\t\t\t\t\t<\/div>\n\n\t<br \/>\n<\/div>\n<\/p><div class=\"wpcf7-response-output\" aria-hidden=\"true\"><\/div>\n<\/form>\n<\/div>\n\t\t<\/div>\n\t\t\t\t\t<\/div>\n\n\t\r\n\r\n\n<style>\n#row-1535489902 > .col > .col-inner {\n  padding: 20px 20px 20px 20px;\n}\n<\/style>\n<\/div>\r\n\r\n\t\t<\/div>\n\n\t\t\n<style>\n#section_1656134153 {\n  padding-top: 30px;\n  padding-bottom: 30px;\n  background-color: rgb(218, 218, 218);\n}\n<\/style>\n\t<\/section>\n\t\r\n\t<div id=\"gap-750551761\" class=\"gap-element clearfix\" style=\"display:block; height:auto;\">\n\t\t\n<style>\n#gap-750551761 {\n  padding-top: 30px;\n}\n<\/style>\n\t<\/div>\n\t\n<h2>Nouveau module radio<\/h2>\n<p>Contr\u00f4ler votre appareil \u00e0 distance devient une nouvelle exp\u00e9rience avec le nouveau module radio de cat\u00e9gorie 1, con\u00e7u par nous. Des ann\u00e9es d&rsquo;exp\u00e9rience et le retour d&rsquo;information donn\u00e9 entre autres par les forestiers, les transporteurs, les agriculteurs et les mineurs ont \u00e9t\u00e9 int\u00e9gr\u00e9s \u00e0 ce produit.<br \/>\nNotre nouvelle plateforme est la base d&rsquo;une toute nouvelle gamme de produits et r\u00e9pond \u00e0 votre besoin de communication moderne sans interf\u00e9rence.<br \/>\nMalgr\u00e9 la faible puissance autoris\u00e9e, vous pouvez travailler sans \u00eatre d\u00e9rang\u00e9 par la multitude de signaux et d&rsquo;autres sources d&rsquo;interf\u00e9rences. Cette radio offre une stabilit\u00e9 maximale et une port\u00e9e \u00e9lev\u00e9e.<\/p>\n<h2>Syst\u00e8me de contr\u00f4le radio multifonctionnel<\/h2>\n<p>Le r\u00e9cepteur multifonctionnel Tyro Scorpius est le syst\u00e8me de contr\u00f4le sans fil id\u00e9al pour la foresterie (comme les treuils), les applications de transport et diverses applications industrielles, maritimes et agricoles. Le Tyro Scorpius est utilis\u00e9 en combinaison avec la t\u00e9l\u00e9commande industrielle Fornax 2S.<br \/>\nLe Scorpius est standard pr\u00e9-c\u00e2bl\u00e9 et \u00e9quip\u00e9 de 2,5 m\u00e8tres de c\u00e2ble afin que le montage soit facile et se passe sans probl\u00e8me.<\/p>\n<h2>Options<\/h2>\n<p>Au-dessus de la base stable se trouvent les divers blocs de construction en option qui assurent une connexion sans probl\u00e8me avec votre machine ou API.<br \/>\nToutes ces options sont contr\u00f4l\u00e9es par un logiciel intelligemment construit qui, bien s\u00fbr, offre beaucoup de possibilit\u00e9s pour r\u00e9pondre \u00e0 vos souhaits sp\u00e9cifiques.<\/p>\n<h2>S\u00e9curit\u00e9<\/h2>\n<p>Le Scorpius est un r\u00e9cepteur tr\u00e8s robuste qui absorbe les chocs ou vibrations sans aucun probl\u00e8me. Ce r\u00e9cepteur certifi\u00e9 externe a \u00e9t\u00e9 test\u00e9 sur la base des derni\u00e8res normes de s\u00e9curit\u00e9 telles que EMC\/E4, PLc ISO 13849 et est aussi conforme \u00e0 la norme DIN-EN 17067.<\/p>\n<h2>LED<\/h2>\n<p>Le scorpius est \u00e9quip\u00e9 d&rsquo;une LED d&rsquo;\u00e9tat duo et de 2 LED suppl\u00e9mentaires pour les indications de contr\u00f4le.<\/p>\n<h2>Interfaces<\/h2>\n<p>En plus des sorties num\u00e9riques, le syst\u00e8me peut \u00eatre \u00e9tendu avec une interface CANopen, J1939 ou RS232. Une double communication est \u00e9galement possible. 2 entr\u00e9es num\u00e9riques sont \u00e9galement facultatives.<\/p>\n","protected":false},"excerpt":{"rendered":"<div class=\"row row-small align-equal align-center\"  id=\"row-1166458653\">\n\n\t<div id=\"col-1009700608\" class=\"col medium-3 small-3 large-3\"  >\n\t\t\t\t<div class=\"col-inner\"  >\n\t\t\t\n\t\t\t<a href=\"#productsheet\"><img decoding=\"async\" class=\"aligncenter size-full wp-image-6959\" src=\"https:\/\/www.tyroremotes.be\/wp-content\/uploads\/2015\/10\/download-pdf.png\" alt=\"download pdf\" alt=\"download pdf\" width=\"58\" height=\"58\" \/><\/a>\t\t<\/div>\n\t\t\t\t\t<\/div>\n\n\t\n\t<div id=\"col-56603484\" class=\"col medium-3 small-3 large-3\"  >\n\t\t\t\t<div class=\"col-inner\"  >\n\t\t\t\n\t\t\t\t\t<\/div>\n\t\t\t\t\t<\/div>\n\n\t\n\t<div id=\"col-712431295\" class=\"col medium-3 small-3 large-3\"  >\n\t\t\t\t<div class=\"col-inner\"  >\n\t\t\t\n\t\t\t\t\t<\/div>\n\t\t\t\t\t<\/div>\n\n\t\n\t<div id=\"col-1534649699\" class=\"col medium-3 small-3 large-3\"  >\n\t\t\t\t<div class=\"col-inner\"  >\n\t\t\t\n\t\t\t<a href=\"#madeineu\"><img decoding=\"async\" src=\"https:\/\/www.tyroremotes.be\/wp-content\/uploads\/2018\/10\/made-in-eu-icon-fr.png\" \/><\/a>\r\n\t<div id=\"madeineu\"\n\t     class=\"lightbox-by-id lightbox-content mfp-hide lightbox-white \"\n\t     style=\"max-width:700px ;padding:20px\">\n\t\t\r\n<div class=\"row row-collapse row-full-width align-middle\"  id=\"row-7209304\">\r\n\r\n\n\t<div id=\"col-917388631\" class=\"col medium-7 small-12 large-7\"  >\n\t\t\t\t<div class=\"col-inner text-left\"  >\n\t\t\t\n\t\t\t\r\n\r\n<img decoding=\"async\" src=\"https:\/\/www.tyroremotes.be\/wp-content\/uploads\/2015\/10\/made-in-eu-icon.png\" \/>\r\n\r\n\t\t<\/div>\n\t\t\t\t\n<style>\n#col-917388631 > .col-inner {\n  max-width: 520px;\n}\n<\/style>\n\t<\/div>\n\n\t\r\n\n\t<div id=\"col-1881183392\" class=\"col medium-5 small-12 large-5\"  >\n\t\t\t\t<div class=\"col-inner\"  >\n\t\t\t\n\t\t\t\r\n\r\n<h5 class=\"uppercase\">Fabriqu\u00e9 en Europe<\/h5><p>Toutes nos radiocommandes et  nos r\u00e9cepteurs sont con\u00e7us, d\u00e9velopp\u00e9s et produits en Europe.<\/p>\r\n\r\n\t\t<\/div>\n\t\t\t\t\t<\/div>\n\n\t\r\n<\/div>\r\n\t<\/div>\n\t\n\t\r\n\t\t<\/div>\n\t\t\t\t\t<\/div>\n\n\t<\/div>\n<ul>\n<li>Nouveau module radio cat.1 : PLc ISO 13949-1 \/ EN 17067<\/li>\n<li>R\u00e9sistant \u00e0 l&rsquo;humidit\u00e9 et \u00e0 la salet\u00e9 (IP68)<\/li>\n<li>Bo\u00eetier r\u00e9sistant aux coups et aux chocs<\/li>\n<li>R\u00e9cepteur compact et tr\u00e8s robuste<\/li>\n<li>Pr\u00e9-c\u00e2bl\u00e9 2,5 m\u00e8tres<\/li>\n<li>Double communication possible<\/li>\n<\/ul>\n","protected":false},"featured_media":11540,"comment_status":"closed","ping_status":"closed","template":"","meta":[],"product_brand":[],"product_cat":[277],"product_tag":[],"class_list":{"0":"post-11543","1":"product","2":"type-product","3":"status-publish","4":"has-post-thumbnail","6":"product_cat-recepteur-de-radio","8":"first","9":"instock","10":"shipping-taxable","11":"product-type-simple"},"yoast_head":"<!-- This site is optimized with the Yoast SEO plugin v27.5 - https:\/\/yoast.com\/product\/yoast-seo-wordpress\/ -->\n<title>Scorpius - Tyro Remotes<\/title>\n<meta name=\"robots\" content=\"index, follow, max-snippet:-1, max-image-preview:large, max-video-preview:-1\" \/>\n<link rel=\"canonical\" href=\"https:\/\/www.tyroremotes.be\/fr\/produit\/scorpius\/\" \/>\n<meta property=\"og:locale\" content=\"fr_FR\" \/>\n<meta property=\"og:type\" content=\"article\" \/>\n<meta property=\"og:title\" content=\"Scorpius - Tyro Remotes\" \/>\n<meta property=\"og:description\" content=\"Nouveau module radio cat.1 : PLc ISO 13949-1 \/ EN 17067  R\u00e9sistant \u00e0 l&#039;humidit\u00e9 et \u00e0 la salet\u00e9 (IP68)  Bo\u00eetier r\u00e9sistant aux coups et aux chocs  R\u00e9cepteur compact et tr\u00e8s robuste  Pr\u00e9-c\u00e2bl\u00e9 2,5 m\u00e8tres  Double communication possible\" \/>\n<meta property=\"og:url\" content=\"https:\/\/www.tyroremotes.be\/fr\/produit\/scorpius\/\" \/>\n<meta property=\"og:site_name\" content=\"Tyro Remotes\" \/>\n<meta property=\"article:modified_time\" content=\"2021-07-19T10:17:56+00:00\" \/>\n<meta property=\"og:image\" content=\"https:\/\/www.tyroremotes.be\/wp-content\/uploads\/2021\/07\/Scorpius-perspective.jpg\" \/>\n\t<meta property=\"og:image:width\" content=\"1000\" \/>\n\t<meta property=\"og:image:height\" content=\"999\" \/>\n\t<meta property=\"og:image:type\" content=\"image\/jpeg\" \/>\n<meta name=\"twitter:card\" content=\"summary_large_image\" \/>\n<meta name=\"twitter:site\" content=\"@TyroRemotesNL\" \/>\n<meta name=\"twitter:label1\" content=\"Dur\u00e9e de lecture est.\" \/>\n\t<meta name=\"twitter:data1\" content=\"2 minutes\" \/>\n<script type=\"application\/ld+json\" class=\"yoast-schema-graph\">{\"@context\":\"https:\\\/\\\/schema.org\",\"@graph\":[{\"@type\":\"WebPage\",\"@id\":\"https:\\\/\\\/www.tyroremotes.be\\\/fr\\\/produit\\\/scorpius\\\/\",\"url\":\"https:\\\/\\\/www.tyroremotes.be\\\/fr\\\/produit\\\/scorpius\\\/\",\"name\":\"Scorpius - Tyro Remotes\",\"isPartOf\":{\"@id\":\"https:\\\/\\\/www.tyroremotes.be\\\/#website\"},\"primaryImageOfPage\":{\"@id\":\"https:\\\/\\\/www.tyroremotes.be\\\/fr\\\/produit\\\/scorpius\\\/#primaryimage\"},\"image\":{\"@id\":\"https:\\\/\\\/www.tyroremotes.be\\\/fr\\\/produit\\\/scorpius\\\/#primaryimage\"},\"thumbnailUrl\":\"https:\\\/\\\/www.tyroremotes.be\\\/wp-content\\\/uploads\\\/2021\\\/07\\\/Scorpius-perspective.jpg\",\"datePublished\":\"2021-07-19T09:20:17+00:00\",\"dateModified\":\"2021-07-19T10:17:56+00:00\",\"breadcrumb\":{\"@id\":\"https:\\\/\\\/www.tyroremotes.be\\\/fr\\\/produit\\\/scorpius\\\/#breadcrumb\"},\"inLanguage\":\"fr-BE\",\"potentialAction\":[{\"@type\":\"ReadAction\",\"target\":[\"https:\\\/\\\/www.tyroremotes.be\\\/fr\\\/produit\\\/scorpius\\\/\"]}]},{\"@type\":\"ImageObject\",\"inLanguage\":\"fr-BE\",\"@id\":\"https:\\\/\\\/www.tyroremotes.be\\\/fr\\\/produit\\\/scorpius\\\/#primaryimage\",\"url\":\"https:\\\/\\\/www.tyroremotes.be\\\/wp-content\\\/uploads\\\/2021\\\/07\\\/Scorpius-perspective.jpg\",\"contentUrl\":\"https:\\\/\\\/www.tyroremotes.be\\\/wp-content\\\/uploads\\\/2021\\\/07\\\/Scorpius-perspective.jpg\",\"width\":1000,\"height\":999},{\"@type\":\"BreadcrumbList\",\"@id\":\"https:\\\/\\\/www.tyroremotes.be\\\/fr\\\/produit\\\/scorpius\\\/#breadcrumb\",\"itemListElement\":[{\"@type\":\"ListItem\",\"position\":1,\"name\":\"Home\",\"item\":\"https:\\\/\\\/www.tyroremotes.be\\\/fr\\\/\"},{\"@type\":\"ListItem\",\"position\":2,\"name\":\"Winkel\",\"item\":\"https:\\\/\\\/www.tyroremotes.be\\\/winkel\\\/\"},{\"@type\":\"ListItem\",\"position\":3,\"name\":\"Ontvangers\",\"item\":\"https:\\\/\\\/www.tyroremotes.be\\\/pcat\\\/ontvangers\\\/\"},{\"@type\":\"ListItem\",\"position\":4,\"name\":\"Scorpius\"}]},{\"@type\":\"WebSite\",\"@id\":\"https:\\\/\\\/www.tyroremotes.be\\\/#website\",\"url\":\"https:\\\/\\\/www.tyroremotes.be\\\/\",\"name\":\"Tyro Remotes\",\"description\":\"\",\"potentialAction\":[{\"@type\":\"SearchAction\",\"target\":{\"@type\":\"EntryPoint\",\"urlTemplate\":\"https:\\\/\\\/www.tyroremotes.be\\\/?s={search_term_string}\"},\"query-input\":{\"@type\":\"PropertyValueSpecification\",\"valueRequired\":true,\"valueName\":\"search_term_string\"}}],\"inLanguage\":\"fr-BE\"}]}<\/script>\n<!-- \/ Yoast SEO plugin. -->","yoast_head_json":{"title":"Scorpius - Tyro Remotes","robots":{"index":"index","follow":"follow","max-snippet":"max-snippet:-1","max-image-preview":"max-image-preview:large","max-video-preview":"max-video-preview:-1"},"canonical":"https:\/\/www.tyroremotes.be\/fr\/produit\/scorpius\/","og_locale":"fr_FR","og_type":"article","og_title":"Scorpius - Tyro Remotes","og_description":"Nouveau module radio cat.1 : PLc ISO 13949-1 \/ EN 17067  R\u00e9sistant \u00e0 l'humidit\u00e9 et \u00e0 la salet\u00e9 (IP68)  Bo\u00eetier r\u00e9sistant aux coups et aux chocs  R\u00e9cepteur compact et tr\u00e8s robuste  Pr\u00e9-c\u00e2bl\u00e9 2,5 m\u00e8tres  Double communication possible","og_url":"https:\/\/www.tyroremotes.be\/fr\/produit\/scorpius\/","og_site_name":"Tyro Remotes","article_modified_time":"2021-07-19T10:17:56+00:00","og_image":[{"width":1000,"height":999,"url":"https:\/\/www.tyroremotes.be\/wp-content\/uploads\/2021\/07\/Scorpius-perspective.jpg","type":"image\/jpeg"}],"twitter_card":"summary_large_image","twitter_site":"@TyroRemotesNL","twitter_misc":{"Dur\u00e9e de lecture est.":"2 minutes"},"schema":{"@context":"https:\/\/schema.org","@graph":[{"@type":"WebPage","@id":"https:\/\/www.tyroremotes.be\/fr\/produit\/scorpius\/","url":"https:\/\/www.tyroremotes.be\/fr\/produit\/scorpius\/","name":"Scorpius - Tyro Remotes","isPartOf":{"@id":"https:\/\/www.tyroremotes.be\/#website"},"primaryImageOfPage":{"@id":"https:\/\/www.tyroremotes.be\/fr\/produit\/scorpius\/#primaryimage"},"image":{"@id":"https:\/\/www.tyroremotes.be\/fr\/produit\/scorpius\/#primaryimage"},"thumbnailUrl":"https:\/\/www.tyroremotes.be\/wp-content\/uploads\/2021\/07\/Scorpius-perspective.jpg","datePublished":"2021-07-19T09:20:17+00:00","dateModified":"2021-07-19T10:17:56+00:00","breadcrumb":{"@id":"https:\/\/www.tyroremotes.be\/fr\/produit\/scorpius\/#breadcrumb"},"inLanguage":"fr-BE","potentialAction":[{"@type":"ReadAction","target":["https:\/\/www.tyroremotes.be\/fr\/produit\/scorpius\/"]}]},{"@type":"ImageObject","inLanguage":"fr-BE","@id":"https:\/\/www.tyroremotes.be\/fr\/produit\/scorpius\/#primaryimage","url":"https:\/\/www.tyroremotes.be\/wp-content\/uploads\/2021\/07\/Scorpius-perspective.jpg","contentUrl":"https:\/\/www.tyroremotes.be\/wp-content\/uploads\/2021\/07\/Scorpius-perspective.jpg","width":1000,"height":999},{"@type":"BreadcrumbList","@id":"https:\/\/www.tyroremotes.be\/fr\/produit\/scorpius\/#breadcrumb","itemListElement":[{"@type":"ListItem","position":1,"name":"Home","item":"https:\/\/www.tyroremotes.be\/fr\/"},{"@type":"ListItem","position":2,"name":"Winkel","item":"https:\/\/www.tyroremotes.be\/winkel\/"},{"@type":"ListItem","position":3,"name":"Ontvangers","item":"https:\/\/www.tyroremotes.be\/pcat\/ontvangers\/"},{"@type":"ListItem","position":4,"name":"Scorpius"}]},{"@type":"WebSite","@id":"https:\/\/www.tyroremotes.be\/#website","url":"https:\/\/www.tyroremotes.be\/","name":"Tyro Remotes","description":"","potentialAction":[{"@type":"SearchAction","target":{"@type":"EntryPoint","urlTemplate":"https:\/\/www.tyroremotes.be\/?s={search_term_string}"},"query-input":{"@type":"PropertyValueSpecification","valueRequired":true,"valueName":"search_term_string"}}],"inLanguage":"fr-BE"}]}},"_links":{"self":[{"href":"https:\/\/www.tyroremotes.be\/fr\/wp-json\/wp\/v2\/product\/11543","targetHints":{"allow":["GET"]}}],"collection":[{"href":"https:\/\/www.tyroremotes.be\/fr\/wp-json\/wp\/v2\/product"}],"about":[{"href":"https:\/\/www.tyroremotes.be\/fr\/wp-json\/wp\/v2\/types\/product"}],"replies":[{"embeddable":true,"href":"https:\/\/www.tyroremotes.be\/fr\/wp-json\/wp\/v2\/comments?post=11543"}],"wp:featuredmedia":[{"embeddable":true,"href":"https:\/\/www.tyroremotes.be\/fr\/wp-json\/wp\/v2\/media\/11540"}],"wp:attachment":[{"href":"https:\/\/www.tyroremotes.be\/fr\/wp-json\/wp\/v2\/media?parent=11543"}],"wp:term":[{"taxonomy":"product_brand","embeddable":true,"href":"https:\/\/www.tyroremotes.be\/fr\/wp-json\/wp\/v2\/product_brand?post=11543"},{"taxonomy":"product_cat","embeddable":true,"href":"https:\/\/www.tyroremotes.be\/fr\/wp-json\/wp\/v2\/product_cat?post=11543"},{"taxonomy":"product_tag","embeddable":true,"href":"https:\/\/www.tyroremotes.be\/fr\/wp-json\/wp\/v2\/product_tag?post=11543"}],"curies":[{"name":"wp","href":"https:\/\/api.w.org\/{rel}","templated":true}]}}