{"id":10501,"date":"2019-07-25T10:40:27","date_gmt":"2019-07-25T09:40:27","guid":{"rendered":"https:\/\/www.tyroremotes.be\/?post_type=product&#038;p=10501"},"modified":"2019-07-25T10:41:56","modified_gmt":"2019-07-25T09:41:56","slug":"housse-de-protection-pour-larret-durgence-sans-fil-indus-gemini","status":"publish","type":"product","link":"https:\/\/www.tyroremotes.be\/fr\/produit\/housse-de-protection-pour-larret-durgence-sans-fil-indus-gemini\/","title":{"rendered":"Housse de protection pour l\u2019arr\u00eat d\u2019urgence sans fil Indus Gemini"},"content":{"rendered":"<h2>Housse de protection pour l\u2019arr\u00eat d\u2019urgence sans fil Indus Gemini<\/h2>\n<p>Pour l&rsquo;arr\u00eat d&rsquo;urgence sans fil Indus Gemini, nous avons con\u00e7u une housse de protection sp\u00e9ciale. Elle est \u00e9quip\u00e9e d&rsquo;une attache ceinture afin que vous puissiez accrocher la radiocommande au pantalon et pouvoir travailler les mains libres. De plus, cette housse offre une meilleure protection contre l&rsquo;humidit\u00e9 et la salet\u00e9.<\/p>\n","protected":false},"excerpt":{"rendered":"<p>Housse de protection pour l\u2019arr\u00eat d\u2019urgence sans fil Indus Gemini Pour l&rsquo;arr\u00eat d&rsquo;urgence sans fil Indus Gemini, nous avons con\u00e7u une housse de protection sp\u00e9ciale. Elle est \u00e9quip\u00e9e d&rsquo;une attache ceinture afin que vous puissiez accrocher la radiocommande au pantalon et pouvoir travailler les mains libres. De plus, cette housse offre une meilleure protection contre [&#8230;]\n","protected":false},"featured_media":10505,"comment_status":"closed","ping_status":"closed","template":"","meta":[],"product_brand":[],"product_cat":[278],"product_tag":[],"class_list":{"0":"post-10501","1":"product","2":"type-product","3":"status-publish","4":"has-post-thumbnail","6":"product_cat-accessoires","8":"first","9":"instock","10":"shipping-taxable","11":"product-type-simple"},"yoast_head":"<!-- This site is optimized with the Yoast SEO plugin v27.6 - https:\/\/yoast.com\/product\/yoast-seo-wordpress\/ -->\n<title>Housse de protection pour l\u2019arr\u00eat d\u2019urgence sans fil Indus Gemini - Tyro Remotes<\/title>\n<meta name=\"robots\" content=\"index, follow, max-snippet:-1, max-image-preview:large, max-video-preview:-1\" \/>\n<link rel=\"canonical\" href=\"https:\/\/www.tyroremotes.be\/fr\/produit\/housse-de-protection-pour-larret-durgence-sans-fil-indus-gemini\/\" \/>\n<meta property=\"og:locale\" content=\"fr_FR\" \/>\n<meta property=\"og:type\" content=\"article\" \/>\n<meta property=\"og:title\" content=\"Housse de protection pour l\u2019arr\u00eat d\u2019urgence sans fil Indus Gemini - Tyro Remotes\" \/>\n<meta property=\"og:description\" content=\"Housse de protection pour l\u2019arr\u00eat d\u2019urgence sans fil Indus Gemini Pour l&rsquo;arr\u00eat d&rsquo;urgence sans fil Indus Gemini, nous avons con\u00e7u une housse de protection sp\u00e9ciale. Elle est \u00e9quip\u00e9e d&rsquo;une attache ceinture afin que vous puissiez accrocher la radiocommande au pantalon et pouvoir travailler les mains libres. De plus, cette housse offre une meilleure protection contre [...]\" \/>\n<meta property=\"og:url\" content=\"https:\/\/www.tyroremotes.be\/fr\/produit\/housse-de-protection-pour-larret-durgence-sans-fil-indus-gemini\/\" \/>\n<meta property=\"og:site_name\" content=\"Tyro Remotes\" \/>\n<meta property=\"article:modified_time\" content=\"2019-07-25T09:41:56+00:00\" \/>\n<meta property=\"og:image\" content=\"https:\/\/www.tyroremotes.be\/wp-content\/uploads\/2019\/07\/Indus-hoes-2.jpg\" \/>\n\t<meta property=\"og:image:width\" content=\"800\" \/>\n\t<meta property=\"og:image:height\" content=\"800\" \/>\n\t<meta property=\"og:image:type\" content=\"image\/jpeg\" \/>\n<meta name=\"twitter:card\" content=\"summary_large_image\" \/>\n<meta name=\"twitter:site\" content=\"@TyroRemotesNL\" \/>\n<script type=\"application\/ld+json\" class=\"yoast-schema-graph\">{\"@context\":\"https:\\\/\\\/schema.org\",\"@graph\":[{\"@type\":\"WebPage\",\"@id\":\"https:\\\/\\\/www.tyroremotes.be\\\/fr\\\/produit\\\/housse-de-protection-pour-larret-durgence-sans-fil-indus-gemini\\\/\",\"url\":\"https:\\\/\\\/www.tyroremotes.be\\\/fr\\\/produit\\\/housse-de-protection-pour-larret-durgence-sans-fil-indus-gemini\\\/\",\"name\":\"Housse de protection pour l\u2019arr\u00eat d\u2019urgence sans fil Indus Gemini - Tyro Remotes\",\"isPartOf\":{\"@id\":\"https:\\\/\\\/www.tyroremotes.be\\\/#website\"},\"primaryImageOfPage\":{\"@id\":\"https:\\\/\\\/www.tyroremotes.be\\\/fr\\\/produit\\\/housse-de-protection-pour-larret-durgence-sans-fil-indus-gemini\\\/#primaryimage\"},\"image\":{\"@id\":\"https:\\\/\\\/www.tyroremotes.be\\\/fr\\\/produit\\\/housse-de-protection-pour-larret-durgence-sans-fil-indus-gemini\\\/#primaryimage\"},\"thumbnailUrl\":\"https:\\\/\\\/www.tyroremotes.be\\\/wp-content\\\/uploads\\\/2019\\\/07\\\/Indus-hoes-2.jpg\",\"datePublished\":\"2019-07-25T09:40:27+00:00\",\"dateModified\":\"2019-07-25T09:41:56+00:00\",\"breadcrumb\":{\"@id\":\"https:\\\/\\\/www.tyroremotes.be\\\/fr\\\/produit\\\/housse-de-protection-pour-larret-durgence-sans-fil-indus-gemini\\\/#breadcrumb\"},\"inLanguage\":\"fr-BE\",\"potentialAction\":[{\"@type\":\"ReadAction\",\"target\":[\"https:\\\/\\\/www.tyroremotes.be\\\/fr\\\/produit\\\/housse-de-protection-pour-larret-durgence-sans-fil-indus-gemini\\\/\"]}]},{\"@type\":\"ImageObject\",\"inLanguage\":\"fr-BE\",\"@id\":\"https:\\\/\\\/www.tyroremotes.be\\\/fr\\\/produit\\\/housse-de-protection-pour-larret-durgence-sans-fil-indus-gemini\\\/#primaryimage\",\"url\":\"https:\\\/\\\/www.tyroremotes.be\\\/wp-content\\\/uploads\\\/2019\\\/07\\\/Indus-hoes-2.jpg\",\"contentUrl\":\"https:\\\/\\\/www.tyroremotes.be\\\/wp-content\\\/uploads\\\/2019\\\/07\\\/Indus-hoes-2.jpg\",\"width\":800,\"height\":800},{\"@type\":\"BreadcrumbList\",\"@id\":\"https:\\\/\\\/www.tyroremotes.be\\\/fr\\\/produit\\\/housse-de-protection-pour-larret-durgence-sans-fil-indus-gemini\\\/#breadcrumb\",\"itemListElement\":[{\"@type\":\"ListItem\",\"position\":1,\"name\":\"Home\",\"item\":\"https:\\\/\\\/www.tyroremotes.be\\\/fr\\\/\"},{\"@type\":\"ListItem\",\"position\":2,\"name\":\"Winkel\",\"item\":\"https:\\\/\\\/www.tyroremotes.be\\\/winkel\\\/\"},{\"@type\":\"ListItem\",\"position\":3,\"name\":\"Accessoires\",\"item\":\"https:\\\/\\\/www.tyroremotes.be\\\/fr\\\/pcat\\\/accessoires\\\/\"},{\"@type\":\"ListItem\",\"position\":4,\"name\":\"Housse de protection pour l\u2019arr\u00eat d\u2019urgence sans fil Indus Gemini\"}]},{\"@type\":\"WebSite\",\"@id\":\"https:\\\/\\\/www.tyroremotes.be\\\/#website\",\"url\":\"https:\\\/\\\/www.tyroremotes.be\\\/\",\"name\":\"Tyro Remotes\",\"description\":\"\",\"potentialAction\":[{\"@type\":\"SearchAction\",\"target\":{\"@type\":\"EntryPoint\",\"urlTemplate\":\"https:\\\/\\\/www.tyroremotes.be\\\/?s={search_term_string}\"},\"query-input\":{\"@type\":\"PropertyValueSpecification\",\"valueRequired\":true,\"valueName\":\"search_term_string\"}}],\"inLanguage\":\"fr-BE\"}]}<\/script>\n<!-- \/ Yoast SEO plugin. -->","yoast_head_json":{"title":"Housse de protection pour l\u2019arr\u00eat d\u2019urgence sans fil Indus Gemini - Tyro Remotes","robots":{"index":"index","follow":"follow","max-snippet":"max-snippet:-1","max-image-preview":"max-image-preview:large","max-video-preview":"max-video-preview:-1"},"canonical":"https:\/\/www.tyroremotes.be\/fr\/produit\/housse-de-protection-pour-larret-durgence-sans-fil-indus-gemini\/","og_locale":"fr_FR","og_type":"article","og_title":"Housse de protection pour l\u2019arr\u00eat d\u2019urgence sans fil Indus Gemini - Tyro Remotes","og_description":"Housse de protection pour l\u2019arr\u00eat d\u2019urgence sans fil Indus Gemini Pour l&rsquo;arr\u00eat d&rsquo;urgence sans fil Indus Gemini, nous avons con\u00e7u une housse de protection sp\u00e9ciale. Elle est \u00e9quip\u00e9e d&rsquo;une attache ceinture afin que vous puissiez accrocher la radiocommande au pantalon et pouvoir travailler les mains libres. De plus, cette housse offre une meilleure protection contre [...]","og_url":"https:\/\/www.tyroremotes.be\/fr\/produit\/housse-de-protection-pour-larret-durgence-sans-fil-indus-gemini\/","og_site_name":"Tyro Remotes","article_modified_time":"2019-07-25T09:41:56+00:00","og_image":[{"width":800,"height":800,"url":"https:\/\/www.tyroremotes.be\/wp-content\/uploads\/2019\/07\/Indus-hoes-2.jpg","type":"image\/jpeg"}],"twitter_card":"summary_large_image","twitter_site":"@TyroRemotesNL","schema":{"@context":"https:\/\/schema.org","@graph":[{"@type":"WebPage","@id":"https:\/\/www.tyroremotes.be\/fr\/produit\/housse-de-protection-pour-larret-durgence-sans-fil-indus-gemini\/","url":"https:\/\/www.tyroremotes.be\/fr\/produit\/housse-de-protection-pour-larret-durgence-sans-fil-indus-gemini\/","name":"Housse de protection pour l\u2019arr\u00eat d\u2019urgence sans fil Indus Gemini - Tyro Remotes","isPartOf":{"@id":"https:\/\/www.tyroremotes.be\/#website"},"primaryImageOfPage":{"@id":"https:\/\/www.tyroremotes.be\/fr\/produit\/housse-de-protection-pour-larret-durgence-sans-fil-indus-gemini\/#primaryimage"},"image":{"@id":"https:\/\/www.tyroremotes.be\/fr\/produit\/housse-de-protection-pour-larret-durgence-sans-fil-indus-gemini\/#primaryimage"},"thumbnailUrl":"https:\/\/www.tyroremotes.be\/wp-content\/uploads\/2019\/07\/Indus-hoes-2.jpg","datePublished":"2019-07-25T09:40:27+00:00","dateModified":"2019-07-25T09:41:56+00:00","breadcrumb":{"@id":"https:\/\/www.tyroremotes.be\/fr\/produit\/housse-de-protection-pour-larret-durgence-sans-fil-indus-gemini\/#breadcrumb"},"inLanguage":"fr-BE","potentialAction":[{"@type":"ReadAction","target":["https:\/\/www.tyroremotes.be\/fr\/produit\/housse-de-protection-pour-larret-durgence-sans-fil-indus-gemini\/"]}]},{"@type":"ImageObject","inLanguage":"fr-BE","@id":"https:\/\/www.tyroremotes.be\/fr\/produit\/housse-de-protection-pour-larret-durgence-sans-fil-indus-gemini\/#primaryimage","url":"https:\/\/www.tyroremotes.be\/wp-content\/uploads\/2019\/07\/Indus-hoes-2.jpg","contentUrl":"https:\/\/www.tyroremotes.be\/wp-content\/uploads\/2019\/07\/Indus-hoes-2.jpg","width":800,"height":800},{"@type":"BreadcrumbList","@id":"https:\/\/www.tyroremotes.be\/fr\/produit\/housse-de-protection-pour-larret-durgence-sans-fil-indus-gemini\/#breadcrumb","itemListElement":[{"@type":"ListItem","position":1,"name":"Home","item":"https:\/\/www.tyroremotes.be\/fr\/"},{"@type":"ListItem","position":2,"name":"Winkel","item":"https:\/\/www.tyroremotes.be\/winkel\/"},{"@type":"ListItem","position":3,"name":"Accessoires","item":"https:\/\/www.tyroremotes.be\/fr\/pcat\/accessoires\/"},{"@type":"ListItem","position":4,"name":"Housse de protection pour l\u2019arr\u00eat d\u2019urgence sans fil Indus Gemini"}]},{"@type":"WebSite","@id":"https:\/\/www.tyroremotes.be\/#website","url":"https:\/\/www.tyroremotes.be\/","name":"Tyro Remotes","description":"","potentialAction":[{"@type":"SearchAction","target":{"@type":"EntryPoint","urlTemplate":"https:\/\/www.tyroremotes.be\/?s={search_term_string}"},"query-input":{"@type":"PropertyValueSpecification","valueRequired":true,"valueName":"search_term_string"}}],"inLanguage":"fr-BE"}]}},"_links":{"self":[{"href":"https:\/\/www.tyroremotes.be\/fr\/wp-json\/wp\/v2\/product\/10501","targetHints":{"allow":["GET"]}}],"collection":[{"href":"https:\/\/www.tyroremotes.be\/fr\/wp-json\/wp\/v2\/product"}],"about":[{"href":"https:\/\/www.tyroremotes.be\/fr\/wp-json\/wp\/v2\/types\/product"}],"replies":[{"embeddable":true,"href":"https:\/\/www.tyroremotes.be\/fr\/wp-json\/wp\/v2\/comments?post=10501"}],"wp:featuredmedia":[{"embeddable":true,"href":"https:\/\/www.tyroremotes.be\/fr\/wp-json\/wp\/v2\/media\/10505"}],"wp:attachment":[{"href":"https:\/\/www.tyroremotes.be\/fr\/wp-json\/wp\/v2\/media?parent=10501"}],"wp:term":[{"taxonomy":"product_brand","embeddable":true,"href":"https:\/\/www.tyroremotes.be\/fr\/wp-json\/wp\/v2\/product_brand?post=10501"},{"taxonomy":"product_cat","embeddable":true,"href":"https:\/\/www.tyroremotes.be\/fr\/wp-json\/wp\/v2\/product_cat?post=10501"},{"taxonomy":"product_tag","embeddable":true,"href":"https:\/\/www.tyroremotes.be\/fr\/wp-json\/wp\/v2\/product_tag?post=10501"}],"curies":[{"name":"wp","href":"https:\/\/api.w.org\/{rel}","templated":true}]}}