{"id":9886,"date":"2016-02-23T15:55:40","date_gmt":"2016-02-23T14:55:40","guid":{"rendered":"https:\/\/www.tyroremotes.be\/?page_id=9886"},"modified":"2024-12-02T17:04:28","modified_gmt":"2024-12-02T16:04:28","slug":"demande-de-devis","status":"publish","type":"page","link":"https:\/\/www.tyroremotes.be\/fr\/demande-de-devis\/","title":{"rendered":"Demande de devis"},"content":{"rendered":"<p>D\u00e9crivez-nous votre application, et nous rechercherons pour vous une solution optimale. Nous allons traiter votre demande dans les plus brefs d\u00e9lais.<\/p>\n<div class=\"row\"  id=\"row-1687817569\">\n\n\t<div id=\"col-2071130386\" class=\"col medium-8 large-8\"  >\n\t\t\t\t<div class=\"col-inner\"  >\n\t\t\t\n\t\t\t\n\n<div class=\"wpcf7 no-js\" id=\"wpcf7-f11232-o1\" lang=\"nl-NL\" dir=\"ltr\" data-wpcf7-id=\"11232\">\n<div class=\"screen-reader-response\"><p role=\"status\" aria-live=\"polite\" aria-atomic=\"true\"><\/p> <ul><\/ul><\/div>\n<form action=\"\/fr\/wp-json\/wp\/v2\/pages\/9886#wpcf7-f11232-o1\" method=\"post\" class=\"wpcf7-form init wpcf7-acceptance-as-validation\" aria-label=\"Contactformulier\" novalidate=\"novalidate\" data-status=\"init\">\n<fieldset class=\"hidden-fields-container\"><input type=\"hidden\" name=\"_wpcf7\" value=\"11232\" \/><input type=\"hidden\" name=\"_wpcf7_version\" value=\"6.1.5\" \/><input type=\"hidden\" name=\"_wpcf7_locale\" value=\"nl_NL\" \/><input type=\"hidden\" name=\"_wpcf7_unit_tag\" value=\"wpcf7-f11232-o1\" \/><input type=\"hidden\" name=\"_wpcf7_container_post\" value=\"0\" \/><input type=\"hidden\" name=\"_wpcf7_posted_data_hash\" value=\"\" \/><input type=\"hidden\" name=\"_wpcf7_recaptcha_response\" value=\"\" \/>\n<\/fieldset>\n<p><label> Nom de famille <span class=\"obligated\">*<\/span><br \/>\n<span class=\"wpcf7-form-control-wrap\" data-name=\"lastname\"><input size=\"40\" maxlength=\"400\" class=\"wpcf7-form-control wpcf7-text wpcf7-validates-as-required\" aria-required=\"true\" aria-invalid=\"false\" value=\"\" type=\"text\" name=\"lastname\" \/><\/span> <\/label><br \/>\n<label> Nom de l'entreprise<br \/>\n<span class=\"wpcf7-form-control-wrap\" data-name=\"be_fr_company\"><input size=\"40\" maxlength=\"400\" class=\"wpcf7-form-control wpcf7-text\" aria-invalid=\"false\" value=\"\" type=\"text\" name=\"be_fr_company\" \/><\/span> <\/label>\n<\/p>\n<p><label> N\u00famero de t\u00e9l\u00e9phone <span class=\"obligated\">*<\/span><br \/>\n<span class=\"wpcf7-form-control-wrap\" data-name=\"phone\"><input size=\"40\" maxlength=\"400\" class=\"wpcf7-form-control wpcf7-text wpcf7-validates-as-required\" aria-required=\"true\" aria-invalid=\"false\" value=\"\" type=\"text\" name=\"phone\" \/><\/span> <\/label>\n<\/p>\n<p><label> E-mail <span class=\"obligated\">*<\/span><br \/>\n<span class=\"wpcf7-form-control-wrap\" data-name=\"email\"><input size=\"40\" maxlength=\"400\" class=\"wpcf7-form-control wpcf7-email wpcf7-validates-as-required wpcf7-text wpcf7-validates-as-email\" aria-required=\"true\" aria-invalid=\"false\" value=\"\" type=\"email\" name=\"email\" \/><\/span> <\/label>\n<\/p>\n<p><label> Questions et remarques <span class=\"obligated\">*<\/span><br \/>\n<span class=\"wpcf7-form-control-wrap\" data-name=\"your-message\"><textarea cols=\"40\" rows=\"10\" maxlength=\"2000\" class=\"wpcf7-form-control wpcf7-textarea wpcf7-validates-as-required\" aria-required=\"true\" aria-invalid=\"false\" name=\"your-message\"><\/textarea><\/span> <\/label>\n<\/p>\n<p style=\"font-size:80%;\"><br \/>\n<label> Privacy <span class=\"obligated\">*<\/span><\/label><br \/>\n<span class=\"wpcf7-form-control-wrap\" data-name=\"privacy\"><span class=\"wpcf7-form-control wpcf7-acceptance\"><span class=\"wpcf7-list-item\"><label><input type=\"checkbox\" name=\"privacy\" value=\"1\" aria-invalid=\"false\" \/><span class=\"wpcf7-list-item-label\">En utilisant ce formulaire, vous acceptez notre <a target=\"_blank\" href=\"https:\/\/www.tyroremotes.be\/fr\/declaration-de-confidentialite\/\">d\u00e9claration de confidentialit\u00e9<\/a>.<\/span><\/label><\/span><\/span><\/span>\n<\/p>\n<p>\t<div id=\"gap-1078570543\" class=\"gap-element clearfix\" style=\"display:block; height:auto;\">\n\t\t\n<style>\n#gap-1078570543 {\n  padding-top: 30px;\n}\n<\/style>\n\t<\/div>\n\t<br \/>\n<input class=\"wpcf7-form-control wpcf7-submit has-spinner\" type=\"submit\" value=\"Envoyer\" \/><br \/>\n<input type=\"read-only\" class=\"current_url\" readonly name=\"source\" value=\"https:\/\/www.tyroremotes.be\/fr\/wp-json\/wp\/v2\/pages\/9886\/\" \/>\n<\/p><div class=\"wpcf7-response-output\" aria-hidden=\"true\"><\/div>\n<\/form>\n<\/div>\n\n\t\t<\/div>\n\t\t\t\t\t<\/div>\n\n\t\n\n\t<div id=\"col-941898992\" class=\"col medium-4 large-4\"  data-animate=\"fadeInRight\">\n\t\t\t\t<div class=\"col-inner\"  >\n\t\t\t\n\t\t\t\n<p><img decoding=\"async\" src=\"https:\/\/www.tyroremotes.be\/wp-content\/uploads\/2016\/02\/offerte.jpg\" alt=\"offerte\" width=\"330\" height=\"410\" class=\"alignright size-full wp-image-4995\" srcset=\"https:\/\/www.tyroremotes.be\/wp-content\/uploads\/2016\/02\/offerte.jpg 330w, https:\/\/www.tyroremotes.be\/wp-content\/uploads\/2016\/02\/offerte-241x300.jpg 241w\" sizes=\"(max-width: 330px) 100vw, 330px\" \/><\/p>\n\t\t<\/div>\n\t\t\t\t\t<\/div>\n\n\t\n<\/div>\n","protected":false},"excerpt":{"rendered":"<p>D\u00e9crivez-nous votre application, et nous rechercherons pour vous une solution optimale. Nous allons traiter votre demande dans les plus brefs d\u00e9lais.<\/p>\n","protected":false},"author":8,"featured_media":0,"parent":0,"menu_order":0,"comment_status":"closed","ping_status":"closed","template":"","meta":{"footnotes":""},"class_list":["post-9886","page","type-page","status-publish","hentry"],"yoast_head":"<!-- This site is optimized with the Yoast SEO plugin v27.4 - https:\/\/yoast.com\/product\/yoast-seo-wordpress\/ -->\n<title>Demande de devis - Tyro Remotes<\/title>\n<meta name=\"robots\" content=\"noindex, follow\" \/>\n<meta property=\"og:locale\" content=\"fr_FR\" \/>\n<meta property=\"og:type\" content=\"article\" \/>\n<meta property=\"og:title\" content=\"Demande de devis - Tyro Remotes\" \/>\n<meta property=\"og:description\" content=\"D\u00e9crivez-nous votre application, et nous rechercherons pour vous une solution optimale. Nous allons traiter votre demande dans les plus brefs d\u00e9lais.\" \/>\n<meta property=\"og:url\" content=\"https:\/\/www.tyroremotes.be\/fr\/demande-de-devis\/\" \/>\n<meta property=\"og:site_name\" content=\"Tyro Remotes\" \/>\n<meta property=\"article:modified_time\" content=\"2024-12-02T16:04:28+00:00\" \/>\n<meta property=\"og:image\" content=\"https:\/\/www.tyroremotes.be\/wp-content\/uploads\/2016\/02\/offerte.jpg\" \/>\n\t<meta property=\"og:image:width\" content=\"330\" \/>\n\t<meta property=\"og:image:height\" content=\"410\" \/>\n\t<meta property=\"og:image:type\" content=\"image\/jpeg\" \/>\n<meta name=\"twitter:card\" content=\"summary_large_image\" \/>\n<meta name=\"twitter:site\" content=\"@TyroRemotesNL\" \/>\n<script type=\"application\/ld+json\" class=\"yoast-schema-graph\">{\"@context\":\"https:\\\/\\\/schema.org\",\"@graph\":[{\"@type\":\"WebPage\",\"@id\":\"https:\\\/\\\/www.tyroremotes.be\\\/fr\\\/demande-de-devis\\\/\",\"url\":\"https:\\\/\\\/www.tyroremotes.be\\\/fr\\\/demande-de-devis\\\/\",\"name\":\"Demande de devis - Tyro Remotes\",\"isPartOf\":{\"@id\":\"https:\\\/\\\/www.tyroremotes.be\\\/#website\"},\"primaryImageOfPage\":{\"@id\":\"https:\\\/\\\/www.tyroremotes.be\\\/fr\\\/demande-de-devis\\\/#primaryimage\"},\"image\":{\"@id\":\"https:\\\/\\\/www.tyroremotes.be\\\/fr\\\/demande-de-devis\\\/#primaryimage\"},\"thumbnailUrl\":\"https:\\\/\\\/www.tyroremotes.be\\\/wp-content\\\/uploads\\\/2016\\\/02\\\/offerte.jpg\",\"datePublished\":\"2016-02-23T14:55:40+00:00\",\"dateModified\":\"2024-12-02T16:04:28+00:00\",\"breadcrumb\":{\"@id\":\"https:\\\/\\\/www.tyroremotes.be\\\/fr\\\/demande-de-devis\\\/#breadcrumb\"},\"inLanguage\":\"fr-BE\",\"potentialAction\":[{\"@type\":\"ReadAction\",\"target\":[\"https:\\\/\\\/www.tyroremotes.be\\\/fr\\\/demande-de-devis\\\/\"]}]},{\"@type\":\"ImageObject\",\"inLanguage\":\"fr-BE\",\"@id\":\"https:\\\/\\\/www.tyroremotes.be\\\/fr\\\/demande-de-devis\\\/#primaryimage\",\"url\":\"https:\\\/\\\/www.tyroremotes.be\\\/wp-content\\\/uploads\\\/2016\\\/02\\\/offerte.jpg\",\"contentUrl\":\"https:\\\/\\\/www.tyroremotes.be\\\/wp-content\\\/uploads\\\/2016\\\/02\\\/offerte.jpg\"},{\"@type\":\"BreadcrumbList\",\"@id\":\"https:\\\/\\\/www.tyroremotes.be\\\/fr\\\/demande-de-devis\\\/#breadcrumb\",\"itemListElement\":[{\"@type\":\"ListItem\",\"position\":1,\"name\":\"Home\",\"item\":\"https:\\\/\\\/www.tyroremotes.be\\\/fr\\\/\"},{\"@type\":\"ListItem\",\"position\":2,\"name\":\"Demande de devis\"}]},{\"@type\":\"WebSite\",\"@id\":\"https:\\\/\\\/www.tyroremotes.be\\\/#website\",\"url\":\"https:\\\/\\\/www.tyroremotes.be\\\/\",\"name\":\"Tyro Remotes\",\"description\":\"\",\"potentialAction\":[{\"@type\":\"SearchAction\",\"target\":{\"@type\":\"EntryPoint\",\"urlTemplate\":\"https:\\\/\\\/www.tyroremotes.be\\\/?s={search_term_string}\"},\"query-input\":{\"@type\":\"PropertyValueSpecification\",\"valueRequired\":true,\"valueName\":\"search_term_string\"}}],\"inLanguage\":\"fr-BE\"}]}<\/script>\n<!-- \/ Yoast SEO plugin. -->","yoast_head_json":{"title":"Demande de devis - Tyro Remotes","robots":{"index":"noindex","follow":"follow"},"og_locale":"fr_FR","og_type":"article","og_title":"Demande de devis - Tyro Remotes","og_description":"D\u00e9crivez-nous votre application, et nous rechercherons pour vous une solution optimale. Nous allons traiter votre demande dans les plus brefs d\u00e9lais.","og_url":"https:\/\/www.tyroremotes.be\/fr\/demande-de-devis\/","og_site_name":"Tyro Remotes","article_modified_time":"2024-12-02T16:04:28+00:00","og_image":[{"width":330,"height":410,"url":"https:\/\/www.tyroremotes.be\/wp-content\/uploads\/2016\/02\/offerte.jpg","type":"image\/jpeg"}],"twitter_card":"summary_large_image","twitter_site":"@TyroRemotesNL","schema":{"@context":"https:\/\/schema.org","@graph":[{"@type":"WebPage","@id":"https:\/\/www.tyroremotes.be\/fr\/demande-de-devis\/","url":"https:\/\/www.tyroremotes.be\/fr\/demande-de-devis\/","name":"Demande de devis - Tyro Remotes","isPartOf":{"@id":"https:\/\/www.tyroremotes.be\/#website"},"primaryImageOfPage":{"@id":"https:\/\/www.tyroremotes.be\/fr\/demande-de-devis\/#primaryimage"},"image":{"@id":"https:\/\/www.tyroremotes.be\/fr\/demande-de-devis\/#primaryimage"},"thumbnailUrl":"https:\/\/www.tyroremotes.be\/wp-content\/uploads\/2016\/02\/offerte.jpg","datePublished":"2016-02-23T14:55:40+00:00","dateModified":"2024-12-02T16:04:28+00:00","breadcrumb":{"@id":"https:\/\/www.tyroremotes.be\/fr\/demande-de-devis\/#breadcrumb"},"inLanguage":"fr-BE","potentialAction":[{"@type":"ReadAction","target":["https:\/\/www.tyroremotes.be\/fr\/demande-de-devis\/"]}]},{"@type":"ImageObject","inLanguage":"fr-BE","@id":"https:\/\/www.tyroremotes.be\/fr\/demande-de-devis\/#primaryimage","url":"https:\/\/www.tyroremotes.be\/wp-content\/uploads\/2016\/02\/offerte.jpg","contentUrl":"https:\/\/www.tyroremotes.be\/wp-content\/uploads\/2016\/02\/offerte.jpg"},{"@type":"BreadcrumbList","@id":"https:\/\/www.tyroremotes.be\/fr\/demande-de-devis\/#breadcrumb","itemListElement":[{"@type":"ListItem","position":1,"name":"Home","item":"https:\/\/www.tyroremotes.be\/fr\/"},{"@type":"ListItem","position":2,"name":"Demande de devis"}]},{"@type":"WebSite","@id":"https:\/\/www.tyroremotes.be\/#website","url":"https:\/\/www.tyroremotes.be\/","name":"Tyro Remotes","description":"","potentialAction":[{"@type":"SearchAction","target":{"@type":"EntryPoint","urlTemplate":"https:\/\/www.tyroremotes.be\/?s={search_term_string}"},"query-input":{"@type":"PropertyValueSpecification","valueRequired":true,"valueName":"search_term_string"}}],"inLanguage":"fr-BE"}]}},"_links":{"self":[{"href":"https:\/\/www.tyroremotes.be\/fr\/wp-json\/wp\/v2\/pages\/9886","targetHints":{"allow":["GET"]}}],"collection":[{"href":"https:\/\/www.tyroremotes.be\/fr\/wp-json\/wp\/v2\/pages"}],"about":[{"href":"https:\/\/www.tyroremotes.be\/fr\/wp-json\/wp\/v2\/types\/page"}],"author":[{"embeddable":true,"href":"https:\/\/www.tyroremotes.be\/fr\/wp-json\/wp\/v2\/users\/8"}],"replies":[{"embeddable":true,"href":"https:\/\/www.tyroremotes.be\/fr\/wp-json\/wp\/v2\/comments?post=9886"}],"version-history":[{"count":11,"href":"https:\/\/www.tyroremotes.be\/fr\/wp-json\/wp\/v2\/pages\/9886\/revisions"}],"predecessor-version":[{"id":13355,"href":"https:\/\/www.tyroremotes.be\/fr\/wp-json\/wp\/v2\/pages\/9886\/revisions\/13355"}],"wp:attachment":[{"href":"https:\/\/www.tyroremotes.be\/fr\/wp-json\/wp\/v2\/media?parent=9886"}],"curies":[{"name":"wp","href":"https:\/\/api.w.org\/{rel}","templated":true}]}}