{"id":9789,"date":"2015-10-26T12:44:19","date_gmt":"2015-10-26T11:44:19","guid":{"rendered":"https:\/\/www.tyroremotes.be\/?page_id=9789"},"modified":"2018-10-17T14:50:08","modified_gmt":"2018-10-17T13:50:08","slug":"support","status":"publish","type":"page","link":"https:\/\/www.tyroremotes.be\/fr\/support\/","title":{"rendered":"Support"},"content":{"rendered":"<div class=\"row\"  id=\"row-1610935775\">\n<h1>Nous vous proposons notre aide !<\/h1>\n\n\t<div id=\"col-193591043\" class=\"col medium-2\/3 large-8\"  >\n\t\t\t\t<div class=\"col-inner\"  >\n\t\t\t\n\t\t\t\n<p>Vous avez besoin d\u2019aide avec votre syst\u00e8me de commande sans fil ? Pas de soucis ! Nous vous proposons notre aide. Que ce soit pour une reprogrammation de votre radiocommande, de la r\u00e9paration de la radiocommande ou pour le choix des icones, vous trouverez les instructions ci-dessous. Vous n\u2019y arrivez pas seul ? Contactez-nous !<\/p>\n\t\t<\/div>\n\t\t\t\t\t<\/div>\n\n\t\n\n\t<div id=\"col-1541747938\" class=\"col medium-1\/3 large-4\"  >\n\t\t\t\t<div class=\"col-inner\"  >\n\t\t\t\n\t\t\t\n<img decoding=\"async\" class=\"alignnone size-full wp-image-796\" src=\"\/wp-content\/uploads\/2015\/10\/service.jpg\" alt=\"service\" width=\"300\" height=\"220\" \/><br \/>\n\t\t<\/div>\n\t\t\t\t\t<\/div>\n\n\t\n<\/div>\n<div class=\"row row-boxed\"  id=\"row-1161568612\">\n\n\t<div id=\"col-275337774\" class=\"col medium-1\/3 large-4\"  >\n\t\t\t\t<div class=\"col-inner\"  >\n\t\t\t\n\t\t\t\n<h3>Documentation<\/h3>\n<p><img decoding=\"async\" class=\"alignnone size-full wp-image-799\" src=\"\/wp-content\/uploads\/2015\/10\/productfolder.jpg\" alt=\"productfolder\" width=\"300\" height=\"220\" \/><\/p>\n<a href=\"\/fr\/support\/documentation\" class=\"button primary is-primary is-medium\"  >\n    <span>Ouvrir<\/span>\n  <\/a>\n\t\t<\/div>\n\t\t\t\t\t<\/div>\n\n\t\n\n\t<div id=\"col-1091757763\" class=\"col medium-1\/3 large-4\"  >\n\t\t\t\t<div class=\"col-inner\"  >\n\t\t\t\n\t\t\t\n<h3>Vid\u00e9os<\/h3>\n<p><img decoding=\"async\" class=\"alignnone size-full wp-image-797\" src=\"\/wp-content\/uploads\/2015\/10\/video.jpg\" alt=\"video\" width=\"300\" height=\"220\" \/><\/p>\n<a href=\"\/fr\/support\/videos-de-programmation\" class=\"button primary is-primary is-medium\"  >\n    <span>Ouvrir<\/span>\n  <\/a>\n\n\t\t<\/div>\n\t\t\t\t\t<\/div>\n\n\t\n\n\t<div id=\"col-162638537\" class=\"col medium-1\/3 large-4\"  >\n\t\t\t\t<div class=\"col-inner\"  >\n\t\t\t\n\t\t\t\n<h3>R\u00e9parations<\/h3>\n<p><img decoding=\"async\" class=\"alignnone size-full wp-image-795\" src=\"\/wp-content\/uploads\/2015\/10\/reparatie.jpg\" alt=\"reparatie\" width=\"300\" height=\"220\" \/><\/p>\n<a href=\"\/fr\/support\/reparations\" class=\"button primary is-primary is-medium\"  >\n    <span>Ouvrir<\/span>\n  <\/a>\n\n\t\t<\/div>\n\t\t\t\t\t<\/div>\n\n\t\n<\/div>\n","protected":false},"excerpt":{"rendered":"","protected":false},"author":8,"featured_media":0,"parent":0,"menu_order":0,"comment_status":"closed","ping_status":"closed","template":"page-left-sidebar.php","meta":{"footnotes":""},"class_list":["post-9789","page","type-page","status-publish","hentry"],"yoast_head":"<!-- This site is optimized with the Yoast SEO plugin v27.4 - https:\/\/yoast.com\/product\/yoast-seo-wordpress\/ -->\n<title>Excellent service de Tyro Remotes<\/title>\n<meta name=\"description\" content=\"Avez-vous besoin d&#039;aide avec votre t\u00e9l\u00e9commande Tyro? Nous pouvons vous aider! Consultez la documentation, le formulaire de r\u00e9paration ou les vid\u00e9os.\" \/>\n<meta name=\"robots\" content=\"index, follow, max-snippet:-1, max-image-preview:large, max-video-preview:-1\" \/>\n<link rel=\"canonical\" href=\"https:\/\/www.tyroremotes.be\/fr\/support\/\" \/>\n<meta property=\"og:locale\" content=\"fr_FR\" \/>\n<meta property=\"og:type\" content=\"article\" \/>\n<meta property=\"og:title\" content=\"Excellent service de Tyro Remotes\" \/>\n<meta property=\"og:description\" content=\"Avez-vous besoin d&#039;aide avec votre t\u00e9l\u00e9commande Tyro? Nous pouvons vous aider! Consultez la documentation, le formulaire de r\u00e9paration ou les vid\u00e9os.\" \/>\n<meta property=\"og:url\" content=\"https:\/\/www.tyroremotes.be\/fr\/support\/\" \/>\n<meta property=\"og:site_name\" content=\"Tyro Remotes\" \/>\n<meta property=\"article:modified_time\" content=\"2018-10-17T13:50:08+00:00\" \/>\n<meta name=\"twitter:card\" content=\"summary_large_image\" \/>\n<meta name=\"twitter:site\" content=\"@TyroRemotesNL\" \/>\n<meta name=\"twitter:label1\" content=\"Dur\u00e9e de lecture est.\" \/>\n\t<meta name=\"twitter:data1\" content=\"1 minute\" \/>\n<script type=\"application\/ld+json\" class=\"yoast-schema-graph\">{\"@context\":\"https:\\\/\\\/schema.org\",\"@graph\":[{\"@type\":\"WebPage\",\"@id\":\"https:\\\/\\\/www.tyroremotes.be\\\/fr\\\/support\\\/\",\"url\":\"https:\\\/\\\/www.tyroremotes.be\\\/fr\\\/support\\\/\",\"name\":\"Excellent service de Tyro Remotes\",\"isPartOf\":{\"@id\":\"https:\\\/\\\/www.tyroremotes.be\\\/#website\"},\"datePublished\":\"2015-10-26T11:44:19+00:00\",\"dateModified\":\"2018-10-17T13:50:08+00:00\",\"description\":\"Avez-vous besoin d'aide avec votre t\u00e9l\u00e9commande Tyro? Nous pouvons vous aider! Consultez la documentation, le formulaire de r\u00e9paration ou les vid\u00e9os.\",\"breadcrumb\":{\"@id\":\"https:\\\/\\\/www.tyroremotes.be\\\/fr\\\/support\\\/#breadcrumb\"},\"inLanguage\":\"fr-BE\",\"potentialAction\":[{\"@type\":\"ReadAction\",\"target\":[\"https:\\\/\\\/www.tyroremotes.be\\\/fr\\\/support\\\/\"]}]},{\"@type\":\"BreadcrumbList\",\"@id\":\"https:\\\/\\\/www.tyroremotes.be\\\/fr\\\/support\\\/#breadcrumb\",\"itemListElement\":[{\"@type\":\"ListItem\",\"position\":1,\"name\":\"Home\",\"item\":\"https:\\\/\\\/www.tyroremotes.be\\\/fr\\\/\"},{\"@type\":\"ListItem\",\"position\":2,\"name\":\"Support\"}]},{\"@type\":\"WebSite\",\"@id\":\"https:\\\/\\\/www.tyroremotes.be\\\/#website\",\"url\":\"https:\\\/\\\/www.tyroremotes.be\\\/\",\"name\":\"Tyro Remotes\",\"description\":\"\",\"potentialAction\":[{\"@type\":\"SearchAction\",\"target\":{\"@type\":\"EntryPoint\",\"urlTemplate\":\"https:\\\/\\\/www.tyroremotes.be\\\/?s={search_term_string}\"},\"query-input\":{\"@type\":\"PropertyValueSpecification\",\"valueRequired\":true,\"valueName\":\"search_term_string\"}}],\"inLanguage\":\"fr-BE\"}]}<\/script>\n<!-- \/ Yoast SEO plugin. -->","yoast_head_json":{"title":"Excellent service de Tyro Remotes","description":"Avez-vous besoin d'aide avec votre t\u00e9l\u00e9commande Tyro? Nous pouvons vous aider! Consultez la documentation, le formulaire de r\u00e9paration ou les vid\u00e9os.","robots":{"index":"index","follow":"follow","max-snippet":"max-snippet:-1","max-image-preview":"max-image-preview:large","max-video-preview":"max-video-preview:-1"},"canonical":"https:\/\/www.tyroremotes.be\/fr\/support\/","og_locale":"fr_FR","og_type":"article","og_title":"Excellent service de Tyro Remotes","og_description":"Avez-vous besoin d'aide avec votre t\u00e9l\u00e9commande Tyro? Nous pouvons vous aider! Consultez la documentation, le formulaire de r\u00e9paration ou les vid\u00e9os.","og_url":"https:\/\/www.tyroremotes.be\/fr\/support\/","og_site_name":"Tyro Remotes","article_modified_time":"2018-10-17T13:50:08+00:00","twitter_card":"summary_large_image","twitter_site":"@TyroRemotesNL","twitter_misc":{"Dur\u00e9e de lecture est.":"1 minute"},"schema":{"@context":"https:\/\/schema.org","@graph":[{"@type":"WebPage","@id":"https:\/\/www.tyroremotes.be\/fr\/support\/","url":"https:\/\/www.tyroremotes.be\/fr\/support\/","name":"Excellent service de Tyro Remotes","isPartOf":{"@id":"https:\/\/www.tyroremotes.be\/#website"},"datePublished":"2015-10-26T11:44:19+00:00","dateModified":"2018-10-17T13:50:08+00:00","description":"Avez-vous besoin d'aide avec votre t\u00e9l\u00e9commande Tyro? Nous pouvons vous aider! Consultez la documentation, le formulaire de r\u00e9paration ou les vid\u00e9os.","breadcrumb":{"@id":"https:\/\/www.tyroremotes.be\/fr\/support\/#breadcrumb"},"inLanguage":"fr-BE","potentialAction":[{"@type":"ReadAction","target":["https:\/\/www.tyroremotes.be\/fr\/support\/"]}]},{"@type":"BreadcrumbList","@id":"https:\/\/www.tyroremotes.be\/fr\/support\/#breadcrumb","itemListElement":[{"@type":"ListItem","position":1,"name":"Home","item":"https:\/\/www.tyroremotes.be\/fr\/"},{"@type":"ListItem","position":2,"name":"Support"}]},{"@type":"WebSite","@id":"https:\/\/www.tyroremotes.be\/#website","url":"https:\/\/www.tyroremotes.be\/","name":"Tyro Remotes","description":"","potentialAction":[{"@type":"SearchAction","target":{"@type":"EntryPoint","urlTemplate":"https:\/\/www.tyroremotes.be\/?s={search_term_string}"},"query-input":{"@type":"PropertyValueSpecification","valueRequired":true,"valueName":"search_term_string"}}],"inLanguage":"fr-BE"}]}},"_links":{"self":[{"href":"https:\/\/www.tyroremotes.be\/fr\/wp-json\/wp\/v2\/pages\/9789","targetHints":{"allow":["GET"]}}],"collection":[{"href":"https:\/\/www.tyroremotes.be\/fr\/wp-json\/wp\/v2\/pages"}],"about":[{"href":"https:\/\/www.tyroremotes.be\/fr\/wp-json\/wp\/v2\/types\/page"}],"author":[{"embeddable":true,"href":"https:\/\/www.tyroremotes.be\/fr\/wp-json\/wp\/v2\/users\/8"}],"replies":[{"embeddable":true,"href":"https:\/\/www.tyroremotes.be\/fr\/wp-json\/wp\/v2\/comments?post=9789"}],"version-history":[{"count":2,"href":"https:\/\/www.tyroremotes.be\/fr\/wp-json\/wp\/v2\/pages\/9789\/revisions"}],"predecessor-version":[{"id":10083,"href":"https:\/\/www.tyroremotes.be\/fr\/wp-json\/wp\/v2\/pages\/9789\/revisions\/10083"}],"wp:attachment":[{"href":"https:\/\/www.tyroremotes.be\/fr\/wp-json\/wp\/v2\/media?parent=9789"}],"curies":[{"name":"wp","href":"https:\/\/api.w.org\/{rel}","templated":true}]}}