{"id":9736,"date":"2015-10-06T12:53:12","date_gmt":"2015-10-06T11:53:12","guid":{"rendered":"https:\/\/www.tyroremotes.be\/producten\/"},"modified":"2018-10-16T11:11:04","modified_gmt":"2018-10-16T10:11:04","slug":"emetteur-et-recepteur","status":"publish","type":"page","link":"https:\/\/www.tyroremotes.be\/fr\/emetteur-et-recepteur\/","title":{"rendered":"\u00c9metteur et r\u00e9cepteur"},"content":{"rendered":"<h1>\u00c9metteur et r\u00e9cepteur<\/h1>\n<p>Vous avez besoin d\u2019une commande \u00e0 distance pour votre treuil, pompe ou agr\u00e9gat par exemple ? Tyro Remotes est votre partenaire professionnel pour chaque application. Nous offrons non seulement des commandes \u00e0 distance radioguid\u00e9es pour les particuliers ; nous proposons \u00e9galement des \u00e9metteurs et r\u00e9cepteurs sp\u00e9cifiques aux clients et d\u00e9veloppons des solutions OEM pour les fabricants.<br \/>\n<div class=\"accordion\">\n\t<div id=\"accordion-3200144405\" class=\"accordion-item\">\n\t\t<a id=\"accordion-3200144405-label\" class=\"accordion-title plain\" href=\"#accordion-item-continuer_la_lecture\" aria-expanded=\"false\" aria-controls=\"accordion-3200144405-content\" >\n\t\t\t<button class=\"toggle\" aria-label=\"Toggle\"><i class=\"icon-angle-down\"><\/i><\/button>\n\t\t\t<span>Continuer la lecture<\/span>\n\t\t<\/a>\n\t\t<div id=\"accordion-3200144405-content\" class=\"accordion-inner\" aria-labelledby=\"accordion-3200144405-label\" >\n\t\t\t\n<h2>Pourquoi opter pour une commande \u00e0 distance sans fil ?<\/h2>\n<p>Nous connaissons tous les probl\u00e8mes li\u00e9s aux commandes \u00e0 distance \u00e0 c\u00e2bles et aux panneaux de commande fixes ; ils arrivent toujours jusqu\u2019\u00e0 l\u2019endroit o\u00f9 vous n\u2019en avez pas besoin. Votre libert\u00e9 de mouvement est limit\u00e9e. Gr\u00e2ce aux commandes \u00e0 distance radioguid\u00e9es industrielles de Tyro Remotes, ces probl\u00e8mes sont d\u00e9finitivement r\u00e9solus pour les machines, v\u00e9hicules, treuils etc.<\/p>\n<h2>\u00c9metteurs et r\u00e9cepteurs polyvalents<\/h2>\n<p>Qu\u2019il s\u2019agisse d\u2019un bouton d&rsquo;arr\u00eat d\u2019urgence sans fil ou d\u2019un r\u00e9cepteur \u00e0 interface RS232 ou Profibus ; les commandes \u00e0 distance radioguid\u00e9es de fr\u00e9quences 433 MHz, 868 MHz et 915 MHz offrent la bonne solution pour chaque application ou t\u00e2che. Vous avez le choix entre un \u00e9metteur et r\u00e9cepteur \u00e0 2 ou 4 canaux ou des \u00e9metteurs et r\u00e9cepteurs qui peuvent commander plus de 256 canaux. Des options comme un affichage, un retour de r\u00e9action et des menus personnalis\u00e9s garantissent aussi de pouvoir vous fournir les bons \u00e9metteurs et r\u00e9cepteurs.<\/p>\n<h2>\u00c9tanche, complexe et pour les longues distances<\/h2>\n<p>Si les circonstances imposent des exigences particuli\u00e8res \u00e0 une commande \u00e0 distance radioguid\u00e9e, vous trouverez en Tyro Remotes le bon fournisseur. Chez nous, vous trouvez des \u00e9metteurs et r\u00e9cepteurs robustes, \u00e9tanches (IP65 \u00e0 IP68), disponibles en bande large ou bande \u00e9troite et d\u2019une port\u00e9e allant jusqu\u2019\u00e0 1200 m\u00e8tres. Via votre r\u00e9cepteur, vous pouvez \u00e9galement recevoir un retour d\u2019informations fiable sur votre \u00e9metteur. Les t\u00e2ches simples et les applications plus complexes ne sont pas un probl\u00e8me pour les commandes \u00e0 distance de Tyro. Sans porter pr\u00e9judice \u00e0 la s\u00e9curit\u00e9.<\/p>\n<h2>Nous serons heureux de vous aider !<\/h2>\n<p>Vous pouvez combiner entre eux les diff\u00e9rents \u00e9metteurs et r\u00e9cepteurs. Nous concevons qu\u2019il est tr\u00e8s difficile de savoir avec certitude quelle est la meilleure solution pour votre application. C\u2019est pourquoi, nous vous prions de nous contacter pour arriver \u00e0 trouver la solution la meilleure et la plus avantageuse.<br \/>\n\t\t<\/div>\n\t<\/div>\n\t\n<\/div>\n","protected":false},"excerpt":{"rendered":"<p>\u00c9metteur et r\u00e9cepteur Vous avez besoin d\u2019une commande \u00e0 distance pour votre treuil, pompe ou agr\u00e9gat par exemple ? Tyro Remotes est votre partenaire professionnel pour chaque application. Nous offrons non seulement des commandes \u00e0 distance radioguid\u00e9es pour les particuliers ; nous proposons \u00e9galement des \u00e9metteurs et r\u00e9cepteurs sp\u00e9cifiques aux clients et d\u00e9veloppons des solutions [&#8230;]\n","protected":false},"author":9,"featured_media":0,"parent":0,"menu_order":0,"comment_status":"closed","ping_status":"closed","template":"","meta":{"footnotes":""},"class_list":["post-9736","page","type-page","status-publish","hentry"],"yoast_head":"<!-- This site is optimized with the Yoast SEO plugin v27.5 - https:\/\/yoast.com\/product\/yoast-seo-wordpress\/ -->\n<title>\u00c9metteurs et r\u00e9cepteurs radio | Tyro Remotes<\/title>\n<meta name=\"description\" content=\"D\u00e9couvrez nos \u00e9metteurs et r\u00e9cepteurs industriels. Robuste, \u00e9tanche \u00e0 l&#039;eau et t\u00e9l\u00e9commande facile \u00e0 utiliser avec les r\u00e9cepteurs.\" \/>\n<meta name=\"robots\" content=\"index, follow, max-snippet:-1, max-image-preview:large, max-video-preview:-1\" \/>\n<link rel=\"canonical\" href=\"https:\/\/www.tyroremotes.be\/fr\/emetteur-et-recepteur\/\" \/>\n<meta property=\"og:locale\" content=\"fr_FR\" \/>\n<meta property=\"og:type\" content=\"article\" \/>\n<meta property=\"og:title\" content=\"\u00c9metteurs et r\u00e9cepteurs radio | Tyro Remotes\" \/>\n<meta property=\"og:description\" content=\"D\u00e9couvrez nos \u00e9metteurs et r\u00e9cepteurs industriels. Robuste, \u00e9tanche \u00e0 l&#039;eau et t\u00e9l\u00e9commande facile \u00e0 utiliser avec les r\u00e9cepteurs.\" \/>\n<meta property=\"og:url\" content=\"https:\/\/www.tyroremotes.be\/fr\/emetteur-et-recepteur\/\" \/>\n<meta property=\"og:site_name\" content=\"Tyro Remotes\" \/>\n<meta property=\"article:modified_time\" content=\"2018-10-16T10:11:04+00:00\" \/>\n<meta name=\"twitter:card\" content=\"summary_large_image\" \/>\n<meta name=\"twitter:site\" content=\"@TyroRemotesNL\" \/>\n<meta name=\"twitter:label1\" content=\"Dur\u00e9e de lecture est.\" \/>\n\t<meta name=\"twitter:data1\" content=\"2 minutes\" \/>\n<script type=\"application\/ld+json\" class=\"yoast-schema-graph\">{\"@context\":\"https:\\\/\\\/schema.org\",\"@graph\":[{\"@type\":\"WebPage\",\"@id\":\"https:\\\/\\\/www.tyroremotes.be\\\/fr\\\/emetteur-et-recepteur\\\/\",\"url\":\"https:\\\/\\\/www.tyroremotes.be\\\/fr\\\/emetteur-et-recepteur\\\/\",\"name\":\"\u00c9metteurs et r\u00e9cepteurs radio | Tyro Remotes\",\"isPartOf\":{\"@id\":\"https:\\\/\\\/www.tyroremotes.be\\\/#website\"},\"datePublished\":\"2015-10-06T11:53:12+00:00\",\"dateModified\":\"2018-10-16T10:11:04+00:00\",\"description\":\"D\u00e9couvrez nos \u00e9metteurs et r\u00e9cepteurs industriels. Robuste, \u00e9tanche \u00e0 l'eau et t\u00e9l\u00e9commande facile \u00e0 utiliser avec les r\u00e9cepteurs.\",\"breadcrumb\":{\"@id\":\"https:\\\/\\\/www.tyroremotes.be\\\/fr\\\/emetteur-et-recepteur\\\/#breadcrumb\"},\"inLanguage\":\"fr-BE\",\"potentialAction\":[{\"@type\":\"ReadAction\",\"target\":[\"https:\\\/\\\/www.tyroremotes.be\\\/fr\\\/emetteur-et-recepteur\\\/\"]}]},{\"@type\":\"BreadcrumbList\",\"@id\":\"https:\\\/\\\/www.tyroremotes.be\\\/fr\\\/emetteur-et-recepteur\\\/#breadcrumb\",\"itemListElement\":[{\"@type\":\"ListItem\",\"position\":1,\"name\":\"Home\",\"item\":\"https:\\\/\\\/www.tyroremotes.be\\\/fr\\\/\"},{\"@type\":\"ListItem\",\"position\":2,\"name\":\"\u00c9metteur et r\u00e9cepteur\"}]},{\"@type\":\"WebSite\",\"@id\":\"https:\\\/\\\/www.tyroremotes.be\\\/#website\",\"url\":\"https:\\\/\\\/www.tyroremotes.be\\\/\",\"name\":\"Tyro Remotes\",\"description\":\"\",\"potentialAction\":[{\"@type\":\"SearchAction\",\"target\":{\"@type\":\"EntryPoint\",\"urlTemplate\":\"https:\\\/\\\/www.tyroremotes.be\\\/?s={search_term_string}\"},\"query-input\":{\"@type\":\"PropertyValueSpecification\",\"valueRequired\":true,\"valueName\":\"search_term_string\"}}],\"inLanguage\":\"fr-BE\"}]}<\/script>\n<!-- \/ Yoast SEO plugin. -->","yoast_head_json":{"title":"\u00c9metteurs et r\u00e9cepteurs radio | Tyro Remotes","description":"D\u00e9couvrez nos \u00e9metteurs et r\u00e9cepteurs industriels. Robuste, \u00e9tanche \u00e0 l'eau et t\u00e9l\u00e9commande facile \u00e0 utiliser avec les r\u00e9cepteurs.","robots":{"index":"index","follow":"follow","max-snippet":"max-snippet:-1","max-image-preview":"max-image-preview:large","max-video-preview":"max-video-preview:-1"},"canonical":"https:\/\/www.tyroremotes.be\/fr\/emetteur-et-recepteur\/","og_locale":"fr_FR","og_type":"article","og_title":"\u00c9metteurs et r\u00e9cepteurs radio | Tyro Remotes","og_description":"D\u00e9couvrez nos \u00e9metteurs et r\u00e9cepteurs industriels. Robuste, \u00e9tanche \u00e0 l'eau et t\u00e9l\u00e9commande facile \u00e0 utiliser avec les r\u00e9cepteurs.","og_url":"https:\/\/www.tyroremotes.be\/fr\/emetteur-et-recepteur\/","og_site_name":"Tyro Remotes","article_modified_time":"2018-10-16T10:11:04+00:00","twitter_card":"summary_large_image","twitter_site":"@TyroRemotesNL","twitter_misc":{"Dur\u00e9e de lecture est.":"2 minutes"},"schema":{"@context":"https:\/\/schema.org","@graph":[{"@type":"WebPage","@id":"https:\/\/www.tyroremotes.be\/fr\/emetteur-et-recepteur\/","url":"https:\/\/www.tyroremotes.be\/fr\/emetteur-et-recepteur\/","name":"\u00c9metteurs et r\u00e9cepteurs radio | Tyro Remotes","isPartOf":{"@id":"https:\/\/www.tyroremotes.be\/#website"},"datePublished":"2015-10-06T11:53:12+00:00","dateModified":"2018-10-16T10:11:04+00:00","description":"D\u00e9couvrez nos \u00e9metteurs et r\u00e9cepteurs industriels. Robuste, \u00e9tanche \u00e0 l'eau et t\u00e9l\u00e9commande facile \u00e0 utiliser avec les r\u00e9cepteurs.","breadcrumb":{"@id":"https:\/\/www.tyroremotes.be\/fr\/emetteur-et-recepteur\/#breadcrumb"},"inLanguage":"fr-BE","potentialAction":[{"@type":"ReadAction","target":["https:\/\/www.tyroremotes.be\/fr\/emetteur-et-recepteur\/"]}]},{"@type":"BreadcrumbList","@id":"https:\/\/www.tyroremotes.be\/fr\/emetteur-et-recepteur\/#breadcrumb","itemListElement":[{"@type":"ListItem","position":1,"name":"Home","item":"https:\/\/www.tyroremotes.be\/fr\/"},{"@type":"ListItem","position":2,"name":"\u00c9metteur et r\u00e9cepteur"}]},{"@type":"WebSite","@id":"https:\/\/www.tyroremotes.be\/#website","url":"https:\/\/www.tyroremotes.be\/","name":"Tyro Remotes","description":"","potentialAction":[{"@type":"SearchAction","target":{"@type":"EntryPoint","urlTemplate":"https:\/\/www.tyroremotes.be\/?s={search_term_string}"},"query-input":{"@type":"PropertyValueSpecification","valueRequired":true,"valueName":"search_term_string"}}],"inLanguage":"fr-BE"}]}},"_links":{"self":[{"href":"https:\/\/www.tyroremotes.be\/fr\/wp-json\/wp\/v2\/pages\/9736","targetHints":{"allow":["GET"]}}],"collection":[{"href":"https:\/\/www.tyroremotes.be\/fr\/wp-json\/wp\/v2\/pages"}],"about":[{"href":"https:\/\/www.tyroremotes.be\/fr\/wp-json\/wp\/v2\/types\/page"}],"author":[{"embeddable":true,"href":"https:\/\/www.tyroremotes.be\/fr\/wp-json\/wp\/v2\/users\/9"}],"replies":[{"embeddable":true,"href":"https:\/\/www.tyroremotes.be\/fr\/wp-json\/wp\/v2\/comments?post=9736"}],"version-history":[{"count":2,"href":"https:\/\/www.tyroremotes.be\/fr\/wp-json\/wp\/v2\/pages\/9736\/revisions"}],"predecessor-version":[{"id":10045,"href":"https:\/\/www.tyroremotes.be\/fr\/wp-json\/wp\/v2\/pages\/9736\/revisions\/10045"}],"wp:attachment":[{"href":"https:\/\/www.tyroremotes.be\/fr\/wp-json\/wp\/v2\/media?parent=9736"}],"curies":[{"name":"wp","href":"https:\/\/api.w.org\/{rel}","templated":true}]}}