{"id":9727,"date":"2015-10-06T11:55:32","date_gmt":"2015-10-06T10:55:32","guid":{"rendered":"https:\/\/www.tyroremotes.be\/over-tyro\/"},"modified":"2018-09-18T09:20:00","modified_gmt":"2018-09-18T08:20:00","slug":"presentation","status":"publish","type":"page","link":"https:\/\/www.tyroremotes.be\/fr\/presentation\/","title":{"rendered":"Pr\u00e9sentation"},"content":{"rendered":"<h1>Tyro Remotes en un coup d&rsquo;oeil<\/h1>\n<div class=\"row\"  id=\"row-1005596776\">\n\t<div id=\"col-716385249\" class=\"col medium-2\/3 large-8\"  >\n\t\t\t\t<div class=\"col-inner\"  >\n\t\t\t\n\t\t\t\n<p>Tyro Remotes est une soci\u00e9t\u00e9 n\u00e9erlandaise sp\u00e9cialis\u00e9e dans le d\u00e9veloppement, la production et la vente des syst\u00e8mes de commande radio professionnels pour les applications industrielles.<\/p>\n<p>Pour tout savoir sur notre entreprise : le profil de l&rsquo;entreprise y compris les missions, la vision et la structure organisationnelle, l&rsquo;histoire de Tyro Remotes, Tyro et la responsabilit\u00e9 sociale des entreprises (RSE), les prix que Tyro Remotes a obtenus, la liste de vos interlocuteurs et les 10 raisons pour lesquelles vous devriez choisir les radiocommandes Tyro Remotes.<\/p>\n\t\t<\/div>\n\t\t\t\t\t<\/div>\n\n\t\n\t<div id=\"col-827790857\" class=\"col medium-1\/3 large-4\"  >\n\t\t\t\t<div class=\"col-inner\"  >\n\t\t\t\n\t\t\t<img decoding=\"async\" class=\"alignnone size-full wp-image-2977\" src=\"\/wp-content\/uploads\/2015\/10\/vissekom_bijgesneden_210x260_01.jpg\" alt=\"Waterdichte ontvanger\" width=\"210\" height=\"260\" \/><br \/>\n\t\t<\/div>\n\t\t\t\t\t<\/div>\n\n\t<\/div>\n<div class=\"row row-boxed\"  id=\"row-253799090\">\n\n\t<div id=\"col-934535093\" class=\"col medium-1\/3 large-4\"  >\n\t\t\t\t<div class=\"col-inner\"  >\n\t\t\t\n\t\t\t\n<h5>Profil de l&rsquo;entreprise<\/h5>\n<p><img decoding=\"async\" src=\"https:\/\/www.tyroremotes.fr\/wp-content\/uploads\/2018\/06\/tyro-remotes-300x220.jpg\" alt=\"\" width=\"300\" height=\"220\" class=\"alignnone size-medium wp-image-6378\" \/><\/p>\n<a href=\"\/presentation\/profil-de-lenterprise\" class=\"button primary is-primary is-medium\"  >\n    <span>Ouvrir<\/span>\n  <\/a>\n\t\t<\/div>\n\t\t\t\t\t<\/div>\n\n\t\n\n\t<div id=\"col-593248861\" class=\"col medium-1\/3 large-4\"  >\n\t\t\t\t<div class=\"col-inner\"  >\n\t\t\t\n\t\t\t\n<h5>Histoire<\/h5>\n<p><img decoding=\"async\" class=\"alignnone size-medium wp-image-2982\" src=\"https:\/\/www.tyroremotes.be\/wp-content\/uploads\/2015\/10\/historie-300x220.jpg\" alt=\"Molens Nederland\" width=\"300\" height=\"220\" \/><\/p>\n<a href=\"\/presentation\/histoire\" class=\"button primary is-primary is-medium\"  >\n    <span>Ouvrir<\/span>\n  <\/a>\n\n\t\t<\/div>\n\t\t\t\t\t<\/div>\n\n\t\n\n\t<div id=\"col-1267959949\" class=\"col medium-1\/3 large-4\"  >\n\t\t\t\t<div class=\"col-inner\"  >\n\t\t\t\n\t\t\t\n<h5>RSE<\/h5>\n<p><img decoding=\"async\" class=\"alignnone size-medium wp-image-2984\" src=\"https:\/\/www.tyroremotes.be\/wp-content\/uploads\/2015\/10\/mvo-300x220.jpg\" alt=\"Wereldbol\" width=\"300\" height=\"220\" \/><\/p>\n<a href=\"\/presentation\/responsabilite-sociale-entreprises\" class=\"button primary is-primary is-medium\"  >\n    <span>Ouvrir<\/span>\n  <\/a>\n\n\t\t<\/div>\n\t\t\t\t\t<\/div>\n\n\t\n<\/div>\n<div class=\"row row-boxed\"  id=\"row-1769556531\">\n\n\t<div id=\"col-1300813329\" class=\"col medium-1\/3 large-4\"  >\n\t\t\t\t<div class=\"col-inner\"  >\n\t\t\t\n\t\t\t\n<h5>Prix pour Tyro<\/h5>\n<p><img decoding=\"async\" class=\"alignnone size-medium wp-image-2987\" src=\"https:\/\/www.tyroremotes.be\/wp-content\/uploads\/2015\/10\/awards-tyro-300x220.jpg\" alt=\"awards-tyro\" width=\"300\" height=\"220\" \/><\/p>\n<a href=\"\/presentation\/prix-pour-tyro\" class=\"button primary is-primary is-medium\"  >\n    <span>Ouvrir<\/span>\n  <\/a>\n\t\t<\/div>\n\t\t\t\t\t<\/div>\n\n\t\n\n\t<div id=\"col-1066090647\" class=\"col medium-1\/3 large-4\"  >\n\t\t\t\t<div class=\"col-inner\"  >\n\t\t\t\n\t\t\t\n<h5>Vos interlocuteurs<\/h5>\n<p><img decoding=\"async\" class=\"alignnone size-medium wp-image-2989\" src=\"https:\/\/www.tyroremotes.be\/wp-content\/uploads\/2015\/10\/team-300x220-300x220.jpg\" alt=\"Tyro Remotes medewerkers\" width=\"300\" height=\"220\" \/><\/p>\n<a href=\"\/presentation\/vos-interlocuteurs\" class=\"button primary is-primary is-medium\"  >\n    <span>Ouvrir<\/span>\n  <\/a>\n\t\t<\/div>\n\t\t\t\t\t<\/div>\n\n\t\n\n\t<div id=\"col-559437758\" class=\"col medium-1\/3 large-4\"  >\n\t\t\t\t<div class=\"col-inner\"  >\n\t\t\t\n\t\t\t\n<h5>Pourquoi Tyro?<\/h5>\n<p><img decoding=\"async\" class=\"alignnone size-medium wp-image-2990\" src=\"https:\/\/www.tyroremotes.be\/wp-content\/uploads\/2015\/10\/klantenservice-300x220.jpg\" alt=\"klantenservice\" width=\"300\" height=\"220\" \/><\/p>\n<a href=\"\/presentation\/pourquoi-choisir-tyro-remotes\" class=\"button primary is-primary is-medium\"  >\n    <span>Ouvrir<\/span>\n  <\/a>\n\n\t\t<\/div>\n\t\t\t\t\t<\/div>\n\n\t\n<\/div>\n","protected":false},"excerpt":{"rendered":"<p>Tyro Remotes en un coup d&rsquo;oeil<\/p>\n","protected":false},"author":9,"featured_media":0,"parent":0,"menu_order":0,"comment_status":"closed","ping_status":"closed","template":"page-left-sidebar.php","meta":{"footnotes":""},"class_list":["post-9727","page","type-page","status-publish","hentry"],"yoast_head":"<!-- This site is optimized with the Yoast SEO plugin v27.5 - https:\/\/yoast.com\/product\/yoast-seo-wordpress\/ -->\n<title>Lisez tout sur Tyro Remotes ici<\/title>\n<meta name=\"description\" content=\"Pour tout savoir sur notre soci\u00e9t\u00e9, dont la mission, la vision, la structure organisationnelle et l&#039;histoire de Tyro Remotes.\" \/>\n<meta name=\"robots\" content=\"index, follow, max-snippet:-1, max-image-preview:large, max-video-preview:-1\" \/>\n<link rel=\"canonical\" href=\"https:\/\/www.tyroremotes.be\/fr\/presentation\/\" \/>\n<meta property=\"og:locale\" content=\"fr_FR\" \/>\n<meta property=\"og:type\" content=\"article\" \/>\n<meta property=\"og:title\" content=\"Lisez tout sur Tyro Remotes ici\" \/>\n<meta property=\"og:description\" content=\"Pour tout savoir sur notre soci\u00e9t\u00e9, dont la mission, la vision, la structure organisationnelle et l&#039;histoire de Tyro Remotes.\" \/>\n<meta property=\"og:url\" content=\"https:\/\/www.tyroremotes.be\/fr\/presentation\/\" \/>\n<meta property=\"og:site_name\" content=\"Tyro Remotes\" \/>\n<meta property=\"article:modified_time\" content=\"2018-09-18T08:20:00+00:00\" \/>\n<meta property=\"og:image\" content=\"https:\/\/www.tyroremotes.fr\/wp-content\/uploads\/2018\/06\/tyro-remotes-300x220.jpg\" \/>\n<meta name=\"twitter:card\" content=\"summary_large_image\" \/>\n<meta name=\"twitter:site\" content=\"@TyroRemotesNL\" \/>\n<meta name=\"twitter:label1\" content=\"Dur\u00e9e de lecture est.\" \/>\n\t<meta name=\"twitter:data1\" content=\"1 minute\" \/>\n<script type=\"application\/ld+json\" class=\"yoast-schema-graph\">{\"@context\":\"https:\\\/\\\/schema.org\",\"@graph\":[{\"@type\":\"WebPage\",\"@id\":\"https:\\\/\\\/www.tyroremotes.be\\\/fr\\\/presentation\\\/\",\"url\":\"https:\\\/\\\/www.tyroremotes.be\\\/fr\\\/presentation\\\/\",\"name\":\"Lisez tout sur Tyro Remotes ici\",\"isPartOf\":{\"@id\":\"https:\\\/\\\/www.tyroremotes.be\\\/#website\"},\"primaryImageOfPage\":{\"@id\":\"https:\\\/\\\/www.tyroremotes.be\\\/fr\\\/presentation\\\/#primaryimage\"},\"image\":{\"@id\":\"https:\\\/\\\/www.tyroremotes.be\\\/fr\\\/presentation\\\/#primaryimage\"},\"thumbnailUrl\":\"https:\\\/\\\/www.tyroremotes.fr\\\/wp-content\\\/uploads\\\/2018\\\/06\\\/tyro-remotes-300x220.jpg\",\"datePublished\":\"2015-10-06T10:55:32+00:00\",\"dateModified\":\"2018-09-18T08:20:00+00:00\",\"description\":\"Pour tout savoir sur notre soci\u00e9t\u00e9, dont la mission, la vision, la structure organisationnelle et l'histoire de Tyro Remotes.\",\"breadcrumb\":{\"@id\":\"https:\\\/\\\/www.tyroremotes.be\\\/fr\\\/presentation\\\/#breadcrumb\"},\"inLanguage\":\"fr-BE\",\"potentialAction\":[{\"@type\":\"ReadAction\",\"target\":[\"https:\\\/\\\/www.tyroremotes.be\\\/fr\\\/presentation\\\/\"]}]},{\"@type\":\"ImageObject\",\"inLanguage\":\"fr-BE\",\"@id\":\"https:\\\/\\\/www.tyroremotes.be\\\/fr\\\/presentation\\\/#primaryimage\",\"url\":\"https:\\\/\\\/www.tyroremotes.fr\\\/wp-content\\\/uploads\\\/2018\\\/06\\\/tyro-remotes-300x220.jpg\",\"contentUrl\":\"https:\\\/\\\/www.tyroremotes.fr\\\/wp-content\\\/uploads\\\/2018\\\/06\\\/tyro-remotes-300x220.jpg\"},{\"@type\":\"BreadcrumbList\",\"@id\":\"https:\\\/\\\/www.tyroremotes.be\\\/fr\\\/presentation\\\/#breadcrumb\",\"itemListElement\":[{\"@type\":\"ListItem\",\"position\":1,\"name\":\"Home\",\"item\":\"https:\\\/\\\/www.tyroremotes.be\\\/fr\\\/\"},{\"@type\":\"ListItem\",\"position\":2,\"name\":\"Pr\u00e9sentation\"}]},{\"@type\":\"WebSite\",\"@id\":\"https:\\\/\\\/www.tyroremotes.be\\\/#website\",\"url\":\"https:\\\/\\\/www.tyroremotes.be\\\/\",\"name\":\"Tyro Remotes\",\"description\":\"\",\"potentialAction\":[{\"@type\":\"SearchAction\",\"target\":{\"@type\":\"EntryPoint\",\"urlTemplate\":\"https:\\\/\\\/www.tyroremotes.be\\\/?s={search_term_string}\"},\"query-input\":{\"@type\":\"PropertyValueSpecification\",\"valueRequired\":true,\"valueName\":\"search_term_string\"}}],\"inLanguage\":\"fr-BE\"}]}<\/script>\n<!-- \/ Yoast SEO plugin. -->","yoast_head_json":{"title":"Lisez tout sur Tyro Remotes ici","description":"Pour tout savoir sur notre soci\u00e9t\u00e9, dont la mission, la vision, la structure organisationnelle et l'histoire de Tyro Remotes.","robots":{"index":"index","follow":"follow","max-snippet":"max-snippet:-1","max-image-preview":"max-image-preview:large","max-video-preview":"max-video-preview:-1"},"canonical":"https:\/\/www.tyroremotes.be\/fr\/presentation\/","og_locale":"fr_FR","og_type":"article","og_title":"Lisez tout sur Tyro Remotes ici","og_description":"Pour tout savoir sur notre soci\u00e9t\u00e9, dont la mission, la vision, la structure organisationnelle et l'histoire de Tyro Remotes.","og_url":"https:\/\/www.tyroremotes.be\/fr\/presentation\/","og_site_name":"Tyro Remotes","article_modified_time":"2018-09-18T08:20:00+00:00","og_image":[{"url":"https:\/\/www.tyroremotes.fr\/wp-content\/uploads\/2018\/06\/tyro-remotes-300x220.jpg","type":"","width":"","height":""}],"twitter_card":"summary_large_image","twitter_site":"@TyroRemotesNL","twitter_misc":{"Dur\u00e9e de lecture est.":"1 minute"},"schema":{"@context":"https:\/\/schema.org","@graph":[{"@type":"WebPage","@id":"https:\/\/www.tyroremotes.be\/fr\/presentation\/","url":"https:\/\/www.tyroremotes.be\/fr\/presentation\/","name":"Lisez tout sur Tyro Remotes ici","isPartOf":{"@id":"https:\/\/www.tyroremotes.be\/#website"},"primaryImageOfPage":{"@id":"https:\/\/www.tyroremotes.be\/fr\/presentation\/#primaryimage"},"image":{"@id":"https:\/\/www.tyroremotes.be\/fr\/presentation\/#primaryimage"},"thumbnailUrl":"https:\/\/www.tyroremotes.fr\/wp-content\/uploads\/2018\/06\/tyro-remotes-300x220.jpg","datePublished":"2015-10-06T10:55:32+00:00","dateModified":"2018-09-18T08:20:00+00:00","description":"Pour tout savoir sur notre soci\u00e9t\u00e9, dont la mission, la vision, la structure organisationnelle et l'histoire de Tyro Remotes.","breadcrumb":{"@id":"https:\/\/www.tyroremotes.be\/fr\/presentation\/#breadcrumb"},"inLanguage":"fr-BE","potentialAction":[{"@type":"ReadAction","target":["https:\/\/www.tyroremotes.be\/fr\/presentation\/"]}]},{"@type":"ImageObject","inLanguage":"fr-BE","@id":"https:\/\/www.tyroremotes.be\/fr\/presentation\/#primaryimage","url":"https:\/\/www.tyroremotes.fr\/wp-content\/uploads\/2018\/06\/tyro-remotes-300x220.jpg","contentUrl":"https:\/\/www.tyroremotes.fr\/wp-content\/uploads\/2018\/06\/tyro-remotes-300x220.jpg"},{"@type":"BreadcrumbList","@id":"https:\/\/www.tyroremotes.be\/fr\/presentation\/#breadcrumb","itemListElement":[{"@type":"ListItem","position":1,"name":"Home","item":"https:\/\/www.tyroremotes.be\/fr\/"},{"@type":"ListItem","position":2,"name":"Pr\u00e9sentation"}]},{"@type":"WebSite","@id":"https:\/\/www.tyroremotes.be\/#website","url":"https:\/\/www.tyroremotes.be\/","name":"Tyro Remotes","description":"","potentialAction":[{"@type":"SearchAction","target":{"@type":"EntryPoint","urlTemplate":"https:\/\/www.tyroremotes.be\/?s={search_term_string}"},"query-input":{"@type":"PropertyValueSpecification","valueRequired":true,"valueName":"search_term_string"}}],"inLanguage":"fr-BE"}]}},"_links":{"self":[{"href":"https:\/\/www.tyroremotes.be\/fr\/wp-json\/wp\/v2\/pages\/9727","targetHints":{"allow":["GET"]}}],"collection":[{"href":"https:\/\/www.tyroremotes.be\/fr\/wp-json\/wp\/v2\/pages"}],"about":[{"href":"https:\/\/www.tyroremotes.be\/fr\/wp-json\/wp\/v2\/types\/page"}],"author":[{"embeddable":true,"href":"https:\/\/www.tyroremotes.be\/fr\/wp-json\/wp\/v2\/users\/9"}],"replies":[{"embeddable":true,"href":"https:\/\/www.tyroremotes.be\/fr\/wp-json\/wp\/v2\/comments?post=9727"}],"version-history":[{"count":2,"href":"https:\/\/www.tyroremotes.be\/fr\/wp-json\/wp\/v2\/pages\/9727\/revisions"}],"predecessor-version":[{"id":9729,"href":"https:\/\/www.tyroremotes.be\/fr\/wp-json\/wp\/v2\/pages\/9727\/revisions\/9729"}],"wp:attachment":[{"href":"https:\/\/www.tyroremotes.be\/fr\/wp-json\/wp\/v2\/media?parent=9727"}],"curies":[{"name":"wp","href":"https:\/\/api.w.org\/{rel}","templated":true}]}}