{"id":9623,"date":"2015-10-27T11:17:52","date_gmt":"2015-10-27T10:17:52","guid":{"rendered":"https:\/\/www.tyroremotes.be\/waarom-tyro\/"},"modified":"2018-09-11T09:18:31","modified_gmt":"2018-09-11T08:18:31","slug":"pourquoi-choisir-tyro-remotes","status":"publish","type":"page","link":"https:\/\/www.tyroremotes.be\/fr\/presentation\/pourquoi-choisir-tyro-remotes\/","title":{"rendered":"Pourquoi choisir Tyro Remotes?"},"content":{"rendered":"<h1>Pourquoi choisir Tyro Remotes?<\/h1>\n<p>Vous avez besoin d&rsquo;une radiocommande industrielle, mais il y a plusieurs fournisseurs sur le march\u00e9. Pourquoi choisir Tyro Remotes ?\n<\/ul>\n<h2>Nos avantages :<\/h2>\n<ul>\n<li>Plus de 20 ans d&rsquo;exp\u00e9rience et de connaissance dans le domaine des radiocommandes<\/li>\n<li>Le d\u00e9veloppement et la production sont en interne<\/li>\n<li>Haute qualit\u00e9, produits faciles \u00e0 utiliser avec des certificats de s\u00e9curit\u00e9<\/li>\n<li>Large gamme de produits pour r\u00e9pondre \u00e0 tous vos besoins<\/li>\n<li>Nos \u00e9metteurs \/ r\u00e9cepteurs ont un temps de r\u00e9action de seulement 0,07 seconde  (unique)<\/li>\n<li>Solutions personnalis\u00e9es<\/li>\n<li>Livraison rapide (produits standards, 3-7 jours ouvr\u00e9s pour la France)<\/li>\n<li>Votre interlocuteur parlent fran\u00e7ais (de langue maternelle) pour pouvoir vous aider de mani\u00e8re optimale<\/li>\n<\/ul>\n<h2>Nos produits sont :<\/h2>\n<ul>\n<li>S\u00fbr, fiable et de haute qualit\u00e9 avec un haut niveau de certification<\/li>\n<li>Polyvalent<\/li>\n<li>R\u00e9sistant \u00e0 la salet\u00e9 et \u00e0 l&rsquo;eau (IP65 t \/ m IP68 (= 100% \u00e9tanche))<\/li>\n<li>R\u00e9sistant aux chocs gr\u00e2ce au bo\u00eetier robuste<\/li>\n<li>Poign\u00e9e confortable avec un design ergonomique<\/li>\n<li>Approuv\u00e9 pour l&rsquo;utilisation sur les voies publiques<\/li>\n<li>Uit te rusten met klantspecifieke toetssymbolen &amp; uw eigen logo op het display<\/li>\n<li>Facile et rapide \u00e0 installer (plug &#038; play)<\/li>\n<li>Rentable (sans c\u00e2bles)<\/li>\n<li>Durable (contr\u00f4les robustes avec longue dur\u00e9e de vie)<\/li>\n<\/ul>\n<h2>Nos derni\u00e8res innovations :<\/h2>\n<ul>\n<li>Un r\u00e9cepteur moul\u00e9 100% \u00e9tanche (IP 68): L&rsquo;Aquarius de Tyro<\/li>\n<li>Un arr\u00eat d&rsquo;urgence sans fi l: l&rsquo;Indus Gemini<\/li>\n<li>Le d\u00e9marreur \u00e0 distance : efficace et rentable<\/li>\n<\/ul>\n<h2>Notre service :<\/h2>\n<p>Que ce soit pour des questions techniques ou commerciales, nous sommes heureux de pouvoir vous aider. Notre service est :<\/p>\n<ul>\n<li>Rapide<\/li>\n<li>Personnalis\u00e9<\/li>\n<li>Fiable<\/li>\n<\/ul>\n<p>Si vous avez des questions concernant nos produits ou si vous avez besoin d&rsquo;aide dans le choix, l&rsquo;installation et \/ ou la programmation de votre syst\u00e8me de commande sans fil ? Vous pouvez utilisez notre formulaire de contact ou nous appelez directement au +33 (0) 9 75 18 20 05.<\/p>\n","protected":false},"excerpt":{"rendered":"<p>Pourquoi choisir Tyro Remotes? Vous avez besoin d&rsquo;une radiocommande industrielle, mais il y a plusieurs fournisseurs sur le march\u00e9. Pourquoi choisir Tyro Remotes ? Nos avantages : Plus de 20 ans d&rsquo;exp\u00e9rience et de connaissance dans le domaine des radiocommandes Le d\u00e9veloppement et la production sont en interne Haute qualit\u00e9, produits faciles \u00e0 utiliser avec [&#8230;]\n","protected":false},"author":9,"featured_media":0,"parent":9727,"menu_order":0,"comment_status":"closed","ping_status":"closed","template":"page-left-sidebar.php","meta":{"footnotes":""},"class_list":["post-9623","page","type-page","status-publish","hentry"],"yoast_head":"<!-- This site is optimized with the Yoast SEO plugin v27.5 - https:\/\/yoast.com\/product\/yoast-seo-wordpress\/ -->\n<title>Pourquoi les clients choisissent-ils Tyro Remotes?<\/title>\n<meta name=\"description\" content=\"Comme le plus grand producteur de t\u00e9l\u00e9commandes industrielles, vous avez plus d&#039;avantages lorsque vous choisissez Tyro Remotes. Pourquoi? Lisez la suite!\" \/>\n<meta name=\"robots\" content=\"index, follow, max-snippet:-1, max-image-preview:large, max-video-preview:-1\" \/>\n<link rel=\"canonical\" href=\"https:\/\/www.tyroremotes.be\/fr\/presentation\/pourquoi-choisir-tyro-remotes\/\" \/>\n<meta property=\"og:locale\" content=\"fr_FR\" \/>\n<meta property=\"og:type\" content=\"article\" \/>\n<meta property=\"og:title\" content=\"Pourquoi les clients choisissent-ils Tyro Remotes?\" \/>\n<meta property=\"og:description\" content=\"Comme le plus grand producteur de t\u00e9l\u00e9commandes industrielles, vous avez plus d&#039;avantages lorsque vous choisissez Tyro Remotes. Pourquoi? Lisez la suite!\" \/>\n<meta property=\"og:url\" content=\"https:\/\/www.tyroremotes.be\/fr\/presentation\/pourquoi-choisir-tyro-remotes\/\" \/>\n<meta property=\"og:site_name\" content=\"Tyro Remotes\" \/>\n<meta property=\"article:modified_time\" content=\"2018-09-11T08:18:31+00:00\" \/>\n<meta name=\"twitter:card\" content=\"summary_large_image\" \/>\n<meta name=\"twitter:site\" content=\"@TyroRemotesNL\" \/>\n<meta name=\"twitter:label1\" content=\"Dur\u00e9e de lecture est.\" \/>\n\t<meta name=\"twitter:data1\" content=\"1 minute\" \/>\n<script type=\"application\/ld+json\" class=\"yoast-schema-graph\">{\"@context\":\"https:\\\/\\\/schema.org\",\"@graph\":[{\"@type\":\"WebPage\",\"@id\":\"https:\\\/\\\/www.tyroremotes.be\\\/fr\\\/presentation\\\/pourquoi-choisir-tyro-remotes\\\/\",\"url\":\"https:\\\/\\\/www.tyroremotes.be\\\/fr\\\/presentation\\\/pourquoi-choisir-tyro-remotes\\\/\",\"name\":\"Pourquoi les clients choisissent-ils Tyro Remotes?\",\"isPartOf\":{\"@id\":\"https:\\\/\\\/www.tyroremotes.be\\\/#website\"},\"datePublished\":\"2015-10-27T10:17:52+00:00\",\"dateModified\":\"2018-09-11T08:18:31+00:00\",\"description\":\"Comme le plus grand producteur de t\u00e9l\u00e9commandes industrielles, vous avez plus d'avantages lorsque vous choisissez Tyro Remotes. Pourquoi? Lisez la suite!\",\"breadcrumb\":{\"@id\":\"https:\\\/\\\/www.tyroremotes.be\\\/fr\\\/presentation\\\/pourquoi-choisir-tyro-remotes\\\/#breadcrumb\"},\"inLanguage\":\"fr-BE\",\"potentialAction\":[{\"@type\":\"ReadAction\",\"target\":[\"https:\\\/\\\/www.tyroremotes.be\\\/fr\\\/presentation\\\/pourquoi-choisir-tyro-remotes\\\/\"]}]},{\"@type\":\"BreadcrumbList\",\"@id\":\"https:\\\/\\\/www.tyroremotes.be\\\/fr\\\/presentation\\\/pourquoi-choisir-tyro-remotes\\\/#breadcrumb\",\"itemListElement\":[{\"@type\":\"ListItem\",\"position\":1,\"name\":\"Home\",\"item\":\"https:\\\/\\\/www.tyroremotes.be\\\/fr\\\/\"},{\"@type\":\"ListItem\",\"position\":2,\"name\":\"Pr\u00e9sentation\",\"item\":\"https:\\\/\\\/www.tyroremotes.be\\\/fr\\\/presentation\\\/\"},{\"@type\":\"ListItem\",\"position\":3,\"name\":\"Pourquoi choisir Tyro Remotes?\"}]},{\"@type\":\"WebSite\",\"@id\":\"https:\\\/\\\/www.tyroremotes.be\\\/#website\",\"url\":\"https:\\\/\\\/www.tyroremotes.be\\\/\",\"name\":\"Tyro Remotes\",\"description\":\"\",\"potentialAction\":[{\"@type\":\"SearchAction\",\"target\":{\"@type\":\"EntryPoint\",\"urlTemplate\":\"https:\\\/\\\/www.tyroremotes.be\\\/?s={search_term_string}\"},\"query-input\":{\"@type\":\"PropertyValueSpecification\",\"valueRequired\":true,\"valueName\":\"search_term_string\"}}],\"inLanguage\":\"fr-BE\"}]}<\/script>\n<!-- \/ Yoast SEO plugin. -->","yoast_head_json":{"title":"Pourquoi les clients choisissent-ils Tyro Remotes?","description":"Comme le plus grand producteur de t\u00e9l\u00e9commandes industrielles, vous avez plus d'avantages lorsque vous choisissez Tyro Remotes. Pourquoi? Lisez la suite!","robots":{"index":"index","follow":"follow","max-snippet":"max-snippet:-1","max-image-preview":"max-image-preview:large","max-video-preview":"max-video-preview:-1"},"canonical":"https:\/\/www.tyroremotes.be\/fr\/presentation\/pourquoi-choisir-tyro-remotes\/","og_locale":"fr_FR","og_type":"article","og_title":"Pourquoi les clients choisissent-ils Tyro Remotes?","og_description":"Comme le plus grand producteur de t\u00e9l\u00e9commandes industrielles, vous avez plus d'avantages lorsque vous choisissez Tyro Remotes. Pourquoi? Lisez la suite!","og_url":"https:\/\/www.tyroremotes.be\/fr\/presentation\/pourquoi-choisir-tyro-remotes\/","og_site_name":"Tyro Remotes","article_modified_time":"2018-09-11T08:18:31+00:00","twitter_card":"summary_large_image","twitter_site":"@TyroRemotesNL","twitter_misc":{"Dur\u00e9e de lecture est.":"1 minute"},"schema":{"@context":"https:\/\/schema.org","@graph":[{"@type":"WebPage","@id":"https:\/\/www.tyroremotes.be\/fr\/presentation\/pourquoi-choisir-tyro-remotes\/","url":"https:\/\/www.tyroremotes.be\/fr\/presentation\/pourquoi-choisir-tyro-remotes\/","name":"Pourquoi les clients choisissent-ils Tyro Remotes?","isPartOf":{"@id":"https:\/\/www.tyroremotes.be\/#website"},"datePublished":"2015-10-27T10:17:52+00:00","dateModified":"2018-09-11T08:18:31+00:00","description":"Comme le plus grand producteur de t\u00e9l\u00e9commandes industrielles, vous avez plus d'avantages lorsque vous choisissez Tyro Remotes. Pourquoi? Lisez la suite!","breadcrumb":{"@id":"https:\/\/www.tyroremotes.be\/fr\/presentation\/pourquoi-choisir-tyro-remotes\/#breadcrumb"},"inLanguage":"fr-BE","potentialAction":[{"@type":"ReadAction","target":["https:\/\/www.tyroremotes.be\/fr\/presentation\/pourquoi-choisir-tyro-remotes\/"]}]},{"@type":"BreadcrumbList","@id":"https:\/\/www.tyroremotes.be\/fr\/presentation\/pourquoi-choisir-tyro-remotes\/#breadcrumb","itemListElement":[{"@type":"ListItem","position":1,"name":"Home","item":"https:\/\/www.tyroremotes.be\/fr\/"},{"@type":"ListItem","position":2,"name":"Pr\u00e9sentation","item":"https:\/\/www.tyroremotes.be\/fr\/presentation\/"},{"@type":"ListItem","position":3,"name":"Pourquoi choisir Tyro Remotes?"}]},{"@type":"WebSite","@id":"https:\/\/www.tyroremotes.be\/#website","url":"https:\/\/www.tyroremotes.be\/","name":"Tyro Remotes","description":"","potentialAction":[{"@type":"SearchAction","target":{"@type":"EntryPoint","urlTemplate":"https:\/\/www.tyroremotes.be\/?s={search_term_string}"},"query-input":{"@type":"PropertyValueSpecification","valueRequired":true,"valueName":"search_term_string"}}],"inLanguage":"fr-BE"}]}},"_links":{"self":[{"href":"https:\/\/www.tyroremotes.be\/fr\/wp-json\/wp\/v2\/pages\/9623","targetHints":{"allow":["GET"]}}],"collection":[{"href":"https:\/\/www.tyroremotes.be\/fr\/wp-json\/wp\/v2\/pages"}],"about":[{"href":"https:\/\/www.tyroremotes.be\/fr\/wp-json\/wp\/v2\/types\/page"}],"author":[{"embeddable":true,"href":"https:\/\/www.tyroremotes.be\/fr\/wp-json\/wp\/v2\/users\/9"}],"replies":[{"embeddable":true,"href":"https:\/\/www.tyroremotes.be\/fr\/wp-json\/wp\/v2\/comments?post=9623"}],"version-history":[{"count":2,"href":"https:\/\/www.tyroremotes.be\/fr\/wp-json\/wp\/v2\/pages\/9623\/revisions"}],"predecessor-version":[{"id":9628,"href":"https:\/\/www.tyroremotes.be\/fr\/wp-json\/wp\/v2\/pages\/9623\/revisions\/9628"}],"up":[{"embeddable":true,"href":"https:\/\/www.tyroremotes.be\/fr\/wp-json\/wp\/v2\/pages\/9727"}],"wp:attachment":[{"href":"https:\/\/www.tyroremotes.be\/fr\/wp-json\/wp\/v2\/media?parent=9623"}],"curies":[{"name":"wp","href":"https:\/\/api.w.org\/{rel}","templated":true}]}}