{"id":9616,"date":"2015-10-12T12:33:46","date_gmt":"2015-10-12T11:33:46","guid":{"rendered":"https:\/\/www.tyroremotes.be\/responsabilite-sociale-enterprises\/"},"modified":"2018-10-09T10:53:17","modified_gmt":"2018-10-09T09:53:17","slug":"responsabilite-sociale-enterprises","status":"publish","type":"page","link":"https:\/\/www.tyroremotes.be\/fr\/presentation\/responsabilite-sociale-enterprises\/","title":{"rendered":"RSE"},"content":{"rendered":"<p><img decoding=\"async\" class=\"alignnone size-full wp-image-3052\" src=\"\/wp-content\/uploads\/2015\/10\/mvo_804_x_230.jpg\" alt=\"Responsabilit\u00e9 Sociale des Entreprises\" width=\"804\" height=\"230\" srcset=\"https:\/\/www.tyroremotes.be\/wp-content\/uploads\/2015\/10\/mvo_804_x_230.jpg 804w, https:\/\/www.tyroremotes.be\/wp-content\/uploads\/2015\/10\/mvo_804_x_230-510x146.jpg 510w, https:\/\/www.tyroremotes.be\/wp-content\/uploads\/2015\/10\/mvo_804_x_230-300x86.jpg 300w, https:\/\/www.tyroremotes.be\/wp-content\/uploads\/2015\/10\/mvo_804_x_230-768x220.jpg 768w\" sizes=\"(max-width: 804px) 100vw, 804px\" \/><\/p>\n<h1>La Responsabilit\u00e9 Sociale des Entreprises par Tyro Remotes<\/h1>\n<p>Responsabilit\u00e9 Sociale des Entreprises (RSE) signifie que vous en tant que soci\u00e9t\u00e9 prenez la responsabilit\u00e9 de l&rsquo;impact des entreprises sur les personnes, la soci\u00e9t\u00e9 et l&rsquo;environnement. Il s&rsquo;agit d&rsquo;activit\u00e9s qui constituent une \u00e9tape suppl\u00e9mentaire \u00e0 ce qui est d\u00e9j\u00e0 exig\u00e9 par la loi, \u00e0 travers l&rsquo;engagement social et une vision prospective.<\/p>\n<p>Tyro Remotes s&rsquo;efforce dans toutes les d\u00e9cisions d&rsquo;affaires non seulement \u00e0 d\u00e9velopper une plus grande efficacit\u00e9 d&rsquo;exploitation, mais aussi \u00e0 essayer toutes les opportunit\u00e9s d&rsquo;am\u00e9lioration de l&rsquo;impact de nos activit\u00e9s sur l&rsquo;environnement et sur le bien-\u00eatre de nos employ\u00e9s et de la soci\u00e9t\u00e9.<\/p>\n<p>Nous nous concentrons sur les domaines o\u00f9 notre impact est le plus grand et o\u00f9 le travail avec les fournisseurs et les partenaires est possible. Tyro Remotes essaie de trouver un \u00e9quilibre entre les fameux 3 P : Personnes, Planet et Profit.<\/p>\n<h2>Personnes<\/h2>\n<p>Tyro Remotes cherche le bien-\u00eatre des personnes \u00e0 l&rsquo;int\u00e9rieur et \u00e0 l&rsquo;ext\u00e9rieur de l&rsquo;entreprise \u00e0 travers :<\/p>\n<ul>\n<li>la contribution de la propre responsabilit\u00e9 des employ\u00e9s<\/li>\n<li>la stimulation du d\u00e9veloppement personnel au sens large<\/li>\n<li>d&rsquo;excellente conditions de travail<\/li>\n<li>l&rsquo;utilisation optimale des capacit\u00e9s des personnes, quelle que soit leur origine (Tyro a int\u00e9gr\u00e9 des \u00e9tudiants, des ch\u00f4meurs de longue dur\u00e9e, des \u00e9trangers et les personnes avec une invalidit\u00e9)<\/li>\n<li>la possibilit\u00e9 de combiner le travail avec d&rsquo;autres fonctions sociales<\/li>\n<li>l&rsquo;utilisation des langues maternelles des interlocuteurs, la possibilit\u00e9 de parler aux clients dans leur propre langue afin de surmonter les barri\u00e8res linguistiques et culturelles pour construire une relation durable.<\/li>\n<li>la participation dans le milieu associatif : Tyro est ambassadeur de Oxfam Novib, une organisation caritative n\u00e9erlandaise qui se bat pour un monde juste et sans pauvret\u00e9.<\/li>\n<\/ul>\n<h2>Planet<\/h2>\n<p>Tyro Remotes contribue \u00e0 un meilleur environnement \u00e0 travers :<\/p>\n<ul>\n<ul>\n<li>l&rsquo;innovation et l&rsquo;optimisation du processus de production qui permet la r\u00e9duction du mat\u00e9riel n\u00e9cessaire et la r\u00e9utilisation du mat\u00e9riel<\/li>\n<li>l&rsquo;optimisation des processus de logistique :\n<ul>\n<li>Commerciaux s\u00e9dentaires (sauf dans certain cas, pas d&rsquo;\u00e9missions de CO2 inutiles)<\/li>\n<li>Les produits d&#8217;emballage sont recyclables<\/li>\n<\/ul>\n<\/li>\n<li>l&rsquo;utilisation minimum du papier, \u00ab\u00a0bureau sans papier\u00a0\u00bb toutes les communications : devis, commandes, factures et autres sont envoy\u00e9s par e-mail<\/li>\n<li>les accords environnementaux avec les fournisseurs<\/li>\n<li>nos dons \u00e0 l&rsquo;association hollandaise pour la protection de la mer de Wadden (Waddenvereniging)<\/li>\n<\/ul>\n<\/ul>\n<h2>Profit<\/h2>\n<p>Tyro Remotes contribue \u00e0 la croissance \u00e9conomique et l&#8217;emploi \u00e0 travers :<\/p>\n<ul>\n<ul>\n<ul>\n<li>le maintien du d\u00e9veloppement et de la production de nos syst\u00e8mes dans un seul endroit aux Pays-Bas : afin que nous puissions faire le meilleur usage des connaissances de notre soci\u00e9t\u00e9 et \u00e9galement de cr\u00e9er des emplois dans la r\u00e9gion<\/li>\n<li>un programme d&rsquo;apprentissage approuv\u00e9 : nous avons de bonnes relations avec diff\u00e9rents \u00e9tablissements d&rsquo;enseignement, nous proposons chaque ann\u00e9e une formation aux \u00e9tudiants dans divers domaines<\/li>\n<li>notre r\u00f4le d&rsquo;ambassadeur pour les entreprises de la r\u00e9gion Twente, nous avons remport\u00e9 le World Trade Center Twente Export Award 2010<\/li>\n<\/ul>\n<\/ul>\n<\/ul>\n","protected":false},"excerpt":{"rendered":"<p>La Responsabilit\u00e9 Sociale des Entreprises par Tyro Remotes Responsabilit\u00e9 Sociale des Entreprises (RSE) signifie que vous en tant que soci\u00e9t\u00e9 prenez la responsabilit\u00e9 de l&rsquo;impact des entreprises sur les personnes, la soci\u00e9t\u00e9 et l&rsquo;environnement. Il s&rsquo;agit d&rsquo;activit\u00e9s qui constituent une \u00e9tape suppl\u00e9mentaire \u00e0 ce qui est d\u00e9j\u00e0 exig\u00e9 par la loi, \u00e0 travers l&rsquo;engagement social [&#8230;]\n","protected":false},"author":9,"featured_media":0,"parent":9727,"menu_order":0,"comment_status":"closed","ping_status":"closed","template":"page-left-sidebar.php","meta":{"footnotes":""},"class_list":["post-9616","page","type-page","status-publish","hentry"],"yoast_head":"<!-- This site is optimized with the Yoast SEO plugin v27.5 - https:\/\/yoast.com\/product\/yoast-seo-wordpress\/ -->\n<title>Responsabilit\u00e9 sociale des entreprises | Tyro Remotes<\/title>\n<meta name=\"description\" content=\"Tyro Remotes comme entreprise prend la responsabilit\u00e9 de l&#039;impact des entreprises sur les personnes, la soci\u00e9t\u00e9 et l&#039;environnement.\" \/>\n<meta name=\"robots\" content=\"index, follow, max-snippet:-1, max-image-preview:large, max-video-preview:-1\" \/>\n<link rel=\"canonical\" href=\"https:\/\/www.tyroremotes.be\/fr\/presentation\/responsabilite-sociale-enterprises\/\" \/>\n<meta property=\"og:locale\" content=\"fr_FR\" \/>\n<meta property=\"og:type\" content=\"article\" \/>\n<meta property=\"og:title\" content=\"Responsabilit\u00e9 sociale des entreprises | Tyro Remotes\" \/>\n<meta property=\"og:description\" content=\"Tyro Remotes comme entreprise prend la responsabilit\u00e9 de l&#039;impact des entreprises sur les personnes, la soci\u00e9t\u00e9 et l&#039;environnement.\" \/>\n<meta property=\"og:url\" content=\"https:\/\/www.tyroremotes.be\/fr\/presentation\/responsabilite-sociale-enterprises\/\" \/>\n<meta property=\"og:site_name\" content=\"Tyro Remotes\" \/>\n<meta property=\"article:modified_time\" content=\"2018-10-09T09:53:17+00:00\" \/>\n<meta name=\"twitter:card\" content=\"summary_large_image\" \/>\n<meta name=\"twitter:site\" content=\"@TyroRemotesNL\" \/>\n<meta name=\"twitter:label1\" content=\"Dur\u00e9e de lecture est.\" \/>\n\t<meta name=\"twitter:data1\" content=\"2 minutes\" \/>\n<script type=\"application\/ld+json\" class=\"yoast-schema-graph\">{\"@context\":\"https:\\\/\\\/schema.org\",\"@graph\":[{\"@type\":\"WebPage\",\"@id\":\"https:\\\/\\\/www.tyroremotes.be\\\/fr\\\/presentation\\\/responsabilite-sociale-enterprises\\\/\",\"url\":\"https:\\\/\\\/www.tyroremotes.be\\\/fr\\\/presentation\\\/responsabilite-sociale-enterprises\\\/\",\"name\":\"Responsabilit\u00e9 sociale des entreprises | Tyro Remotes\",\"isPartOf\":{\"@id\":\"https:\\\/\\\/www.tyroremotes.be\\\/#website\"},\"datePublished\":\"2015-10-12T11:33:46+00:00\",\"dateModified\":\"2018-10-09T09:53:17+00:00\",\"description\":\"Tyro Remotes comme entreprise prend la responsabilit\u00e9 de l'impact des entreprises sur les personnes, la soci\u00e9t\u00e9 et l'environnement.\",\"breadcrumb\":{\"@id\":\"https:\\\/\\\/www.tyroremotes.be\\\/fr\\\/presentation\\\/responsabilite-sociale-enterprises\\\/#breadcrumb\"},\"inLanguage\":\"fr-BE\",\"potentialAction\":[{\"@type\":\"ReadAction\",\"target\":[\"https:\\\/\\\/www.tyroremotes.be\\\/fr\\\/presentation\\\/responsabilite-sociale-enterprises\\\/\"]}]},{\"@type\":\"BreadcrumbList\",\"@id\":\"https:\\\/\\\/www.tyroremotes.be\\\/fr\\\/presentation\\\/responsabilite-sociale-enterprises\\\/#breadcrumb\",\"itemListElement\":[{\"@type\":\"ListItem\",\"position\":1,\"name\":\"Home\",\"item\":\"https:\\\/\\\/www.tyroremotes.be\\\/fr\\\/\"},{\"@type\":\"ListItem\",\"position\":2,\"name\":\"Pr\u00e9sentation\",\"item\":\"https:\\\/\\\/www.tyroremotes.be\\\/fr\\\/presentation\\\/\"},{\"@type\":\"ListItem\",\"position\":3,\"name\":\"RSE\"}]},{\"@type\":\"WebSite\",\"@id\":\"https:\\\/\\\/www.tyroremotes.be\\\/#website\",\"url\":\"https:\\\/\\\/www.tyroremotes.be\\\/\",\"name\":\"Tyro Remotes\",\"description\":\"\",\"potentialAction\":[{\"@type\":\"SearchAction\",\"target\":{\"@type\":\"EntryPoint\",\"urlTemplate\":\"https:\\\/\\\/www.tyroremotes.be\\\/?s={search_term_string}\"},\"query-input\":{\"@type\":\"PropertyValueSpecification\",\"valueRequired\":true,\"valueName\":\"search_term_string\"}}],\"inLanguage\":\"fr-BE\"}]}<\/script>\n<!-- \/ Yoast SEO plugin. -->","yoast_head_json":{"title":"Responsabilit\u00e9 sociale des entreprises | Tyro Remotes","description":"Tyro Remotes comme entreprise prend la responsabilit\u00e9 de l'impact des entreprises sur les personnes, la soci\u00e9t\u00e9 et l'environnement.","robots":{"index":"index","follow":"follow","max-snippet":"max-snippet:-1","max-image-preview":"max-image-preview:large","max-video-preview":"max-video-preview:-1"},"canonical":"https:\/\/www.tyroremotes.be\/fr\/presentation\/responsabilite-sociale-enterprises\/","og_locale":"fr_FR","og_type":"article","og_title":"Responsabilit\u00e9 sociale des entreprises | Tyro Remotes","og_description":"Tyro Remotes comme entreprise prend la responsabilit\u00e9 de l'impact des entreprises sur les personnes, la soci\u00e9t\u00e9 et l'environnement.","og_url":"https:\/\/www.tyroremotes.be\/fr\/presentation\/responsabilite-sociale-enterprises\/","og_site_name":"Tyro Remotes","article_modified_time":"2018-10-09T09:53:17+00:00","twitter_card":"summary_large_image","twitter_site":"@TyroRemotesNL","twitter_misc":{"Dur\u00e9e de lecture est.":"2 minutes"},"schema":{"@context":"https:\/\/schema.org","@graph":[{"@type":"WebPage","@id":"https:\/\/www.tyroremotes.be\/fr\/presentation\/responsabilite-sociale-enterprises\/","url":"https:\/\/www.tyroremotes.be\/fr\/presentation\/responsabilite-sociale-enterprises\/","name":"Responsabilit\u00e9 sociale des entreprises | Tyro Remotes","isPartOf":{"@id":"https:\/\/www.tyroremotes.be\/#website"},"datePublished":"2015-10-12T11:33:46+00:00","dateModified":"2018-10-09T09:53:17+00:00","description":"Tyro Remotes comme entreprise prend la responsabilit\u00e9 de l'impact des entreprises sur les personnes, la soci\u00e9t\u00e9 et l'environnement.","breadcrumb":{"@id":"https:\/\/www.tyroremotes.be\/fr\/presentation\/responsabilite-sociale-enterprises\/#breadcrumb"},"inLanguage":"fr-BE","potentialAction":[{"@type":"ReadAction","target":["https:\/\/www.tyroremotes.be\/fr\/presentation\/responsabilite-sociale-enterprises\/"]}]},{"@type":"BreadcrumbList","@id":"https:\/\/www.tyroremotes.be\/fr\/presentation\/responsabilite-sociale-enterprises\/#breadcrumb","itemListElement":[{"@type":"ListItem","position":1,"name":"Home","item":"https:\/\/www.tyroremotes.be\/fr\/"},{"@type":"ListItem","position":2,"name":"Pr\u00e9sentation","item":"https:\/\/www.tyroremotes.be\/fr\/presentation\/"},{"@type":"ListItem","position":3,"name":"RSE"}]},{"@type":"WebSite","@id":"https:\/\/www.tyroremotes.be\/#website","url":"https:\/\/www.tyroremotes.be\/","name":"Tyro Remotes","description":"","potentialAction":[{"@type":"SearchAction","target":{"@type":"EntryPoint","urlTemplate":"https:\/\/www.tyroremotes.be\/?s={search_term_string}"},"query-input":{"@type":"PropertyValueSpecification","valueRequired":true,"valueName":"search_term_string"}}],"inLanguage":"fr-BE"}]}},"_links":{"self":[{"href":"https:\/\/www.tyroremotes.be\/fr\/wp-json\/wp\/v2\/pages\/9616","targetHints":{"allow":["GET"]}}],"collection":[{"href":"https:\/\/www.tyroremotes.be\/fr\/wp-json\/wp\/v2\/pages"}],"about":[{"href":"https:\/\/www.tyroremotes.be\/fr\/wp-json\/wp\/v2\/types\/page"}],"author":[{"embeddable":true,"href":"https:\/\/www.tyroremotes.be\/fr\/wp-json\/wp\/v2\/users\/9"}],"replies":[{"embeddable":true,"href":"https:\/\/www.tyroremotes.be\/fr\/wp-json\/wp\/v2\/comments?post=9616"}],"version-history":[{"count":3,"href":"https:\/\/www.tyroremotes.be\/fr\/wp-json\/wp\/v2\/pages\/9616\/revisions"}],"predecessor-version":[{"id":9894,"href":"https:\/\/www.tyroremotes.be\/fr\/wp-json\/wp\/v2\/pages\/9616\/revisions\/9894"}],"up":[{"embeddable":true,"href":"https:\/\/www.tyroremotes.be\/fr\/wp-json\/wp\/v2\/pages\/9727"}],"wp:attachment":[{"href":"https:\/\/www.tyroremotes.be\/fr\/wp-json\/wp\/v2\/media?parent=9616"}],"curies":[{"name":"wp","href":"https:\/\/api.w.org\/{rel}","templated":true}]}}