{"id":9609,"date":"2015-10-12T07:27:42","date_gmt":"2015-10-12T06:27:42","guid":{"rendered":"https:\/\/www.tyroremotes.be\/geschiedenis\/"},"modified":"2020-01-21T12:17:54","modified_gmt":"2020-01-21T11:17:54","slug":"histoire","status":"publish","type":"page","link":"https:\/\/www.tyroremotes.be\/fr\/presentation\/histoire\/","title":{"rendered":"Histoire"},"content":{"rendered":"<p><img decoding=\"async\" class=\"alignnone size-full wp-image-8390\" src=\"https:\/\/www.tyroremotes.be\/wp-content\/uploads\/2015\/10\/historie_804_x_230.jpg\" alt=\"\" width=\"804\" height=\"230\" srcset=\"https:\/\/www.tyroremotes.be\/wp-content\/uploads\/2015\/10\/historie_804_x_230.jpg 804w, https:\/\/www.tyroremotes.be\/wp-content\/uploads\/2015\/10\/historie_804_x_230-510x146.jpg 510w, https:\/\/www.tyroremotes.be\/wp-content\/uploads\/2015\/10\/historie_804_x_230-300x86.jpg 300w, https:\/\/www.tyroremotes.be\/wp-content\/uploads\/2015\/10\/historie_804_x_230-768x220.jpg 768w\" sizes=\"(max-width: 804px) 100vw, 804px\" \/><\/p>\n<h1>Histoire de Tyro Remotes<\/h1>\n<div class=\"row\"  id=\"row-1050786778\">\n\n\t<div id=\"col-1356671123\" class=\"col medium-3\/4 large-9\"  >\n\t\t\t\t<div class=\"col-inner\"  >\n\t\t\t\n\t\t\t\n<p>En 1995, trois entreprises n\u00e9erlandaises, actives dans le secteur du transport (Tijhof, Rolego et Linse), commencent le d\u00e9veloppement d&rsquo;une radiocommande \u00e0 distance professionnelle pour le march\u00e9 automobile.<\/p>\n<p>Pour des raisons de s\u00e9curit\u00e9, mais aussi pour des raisons pratiques et d&rsquo;efficacit\u00e9, de plus en plus d&rsquo;applications sont command\u00e9es \u00e0 distance. Les trois soci\u00e9t\u00e9s ont vu ce d\u00e9veloppement et ont alors d\u00e9cid\u00e9 de cr\u00e9er l&rsquo;entreprise Tyro Products B.V. La soci\u00e9t\u00e9 est engag\u00e9e dans le d\u00e9veloppement des radiocommandes et d&rsquo;autres applications automobiles.<\/p>\n<p>Le propri\u00e9taire de Linse, le groupe VADO (qui a appartenu \u00e0 DAF), est devenu le propri\u00e9taire; Tijhof et Rolego ont apport\u00e9 leurs connaissances et sont \u00e0 l&rsquo;origine du nom Tyro BV (Tyhof et Rolego).<br \/>\n\t\t<\/div>\n\t\t\t\t\t<\/div>\n\n\t\n\n\t<div id=\"col-1127032367\" class=\"col medium-1\/4 large-3\"  >\n\t\t\t\t<div class=\"col-inner\"  >\n\t\t\t\n\t\t\t\n<img decoding=\"async\" class=\"alignnone size-full wp-image-3046\" src=\"\/wp-content\/uploads\/2015\/10\/Tyro-pand-oud_210x150.jpg\" alt=\"Oude gevel Tyro Remotes\" width=\"210\" height=\"150\" \/><br \/>\n\t<div id=\"gap-1744205217\" class=\"gap-element clearfix\" style=\"display:block; height:auto;\">\n\t\t\n<style>\n#gap-1744205217 {\n  padding-top: 15px;\n}\n<\/style>\n\t<\/div>\n\t\n<img decoding=\"async\" class=\"alignnone size-full wp-image-3045\" src=\"\/wp-content\/uploads\/2015\/10\/Tyro-pand-nieuw_210x150.jpg\" alt=\"Pand Tyro Remotes\" width=\"210\" height=\"150\" \/><br \/>\n\t\t<\/div>\n\t\t\t\t\t<\/div>\n\n\t\n<\/div>\n<h2>Recherche &amp; D\u00e9veloppement<\/h2>\n<p>Apr\u00e8s des ann\u00e9es de recherche et de d\u00e9veloppement, Tyro a pu en 2002 pr\u00e9senter sur le march\u00e9 une t\u00e9l\u00e9commande radio unique et hautement flexible. Le syst\u00e8me de commande avait un temps de r\u00e9action unique de 0,07 seconde et a \u00e9galement \u00e9t\u00e9 le premier syst\u00e8me radio en Europe (gr\u00e2ce \u00e0 <a href=\"https:\/\/remotecontrol.help\/fr\/explication\/certification-e2\" target=\"_blank\" rel=\"noopener noreferrer\">la certification e2<\/a>) a avoir \u00e9t\u00e9 approuv\u00e9 pour l&rsquo;utilisation sur les voies publiques.<\/p>\n<h2>Continuer sur sa lanc\u00e9<\/h2>\n<p>En 2004, Tyro Products B.V. en tant que l&rsquo;une des quatre composantes d&rsquo;une grande entreprise, a d\u00e9cid\u00e9 de continuer sous le nom de Tyro Remotes. A partir de ce moment, Tyro se concentre uniquement sur le d\u00e9veloppement et la production des syst\u00e8mes de radiocommunication.<\/p>\n<h2>Innovation<\/h2>\n<p>En 2005, Tyro Remotes a pr\u00e9sent\u00e9 le premier <a href=\"https:\/\/www.tyroremotes.be\/fr\/produit\/aquarius-6-ou-9-canaux\/\">r\u00e9cepteur radio 100% \u00e9tanche \u00e0 l&rsquo;eau : l&rsquo;Aquarius<\/a>. La carte \u00e9lectronique du r\u00e9cepteur est enti\u00e8rement encapsul\u00e9 dans de la r\u00e9sine, ce qui permet \u00e0 tous les appareils \u00e9lectroniques d&rsquo;avoir une protection optimale contre l&rsquo;humidit\u00e9 et la salet\u00e9.<\/p>\n<h2>\u00c9largissement de l&rsquo;assortiment<\/h2>\n<p>Dans les ann\u00e9es suivantes, Tyro Remotes a \u00e9largi sa gamme de produits avec diff\u00e9rentes <a href=\"https:\/\/www.tyroremotes.be\/fr\/pcat\/telecommandes\/\">radiocommandes<\/a> pour pouvoir r\u00e9pondre aux besoins de multiples secteurs.<\/p>\n<h2>D\u00e9veloppements<\/h2>\n<p>Il y a beaucoup de nouveaux d\u00e9veloppements en projet chez Tyro Remotes. Grace \u00e0 notre structure organisationnelle, il est possible de d\u00e9velopper \u00e0 court terme de nouveaux produits. Nous nous effor\u00e7ons de faire tout notre possible pour r\u00e9pondre aux demandes du march\u00e9. Une fois qu&rsquo;un nouveau produit est disponible, vous pouvez le voir sur le site. Vous avez \u00e9galement la possibilit\u00e9 de vous abonner \u00e0 notre newsletter (max. 6x par an) pour vous tenir au courant de nos nouvelles les plus r\u00e9centes.<\/p>\n","protected":false},"excerpt":{"rendered":"<p>Histoire de Tyro Remotes Recherche &amp; D\u00e9veloppement Apr\u00e8s des ann\u00e9es de recherche et de d\u00e9veloppement, Tyro a pu en 2002 pr\u00e9senter sur le march\u00e9 une t\u00e9l\u00e9commande radio unique et hautement flexible. Le syst\u00e8me de commande avait un temps de r\u00e9action unique de 0,07 seconde et a \u00e9galement \u00e9t\u00e9 le premier syst\u00e8me radio en Europe (gr\u00e2ce [&#8230;]\n","protected":false},"author":9,"featured_media":0,"parent":9727,"menu_order":0,"comment_status":"closed","ping_status":"closed","template":"page-left-sidebar.php","meta":{"footnotes":""},"class_list":["post-9609","page","type-page","status-publish","hentry"],"yoast_head":"<!-- This site is optimized with the Yoast SEO plugin v27.4 - https:\/\/yoast.com\/product\/yoast-seo-wordpress\/ -->\n<title>Histoire - Tyro Remotes<\/title>\n<meta name=\"description\" content=\"Jetez un coup d&#039;\u0153il sur notre histoire, notre exp\u00e9rience et notre \u00e9volution, mais aussi sur la fa\u00e7on dont nous abordons l&#039;avenir.\" \/>\n<meta name=\"robots\" content=\"index, follow, max-snippet:-1, max-image-preview:large, max-video-preview:-1\" \/>\n<link rel=\"canonical\" href=\"https:\/\/www.tyroremotes.be\/fr\/presentation\/histoire\/\" \/>\n<meta property=\"og:locale\" content=\"fr_FR\" \/>\n<meta property=\"og:type\" content=\"article\" \/>\n<meta property=\"og:title\" content=\"Histoire - Tyro Remotes\" \/>\n<meta property=\"og:description\" content=\"Jetez un coup d&#039;\u0153il sur notre histoire, notre exp\u00e9rience et notre \u00e9volution, mais aussi sur la fa\u00e7on dont nous abordons l&#039;avenir.\" \/>\n<meta property=\"og:url\" content=\"https:\/\/www.tyroremotes.be\/fr\/presentation\/histoire\/\" \/>\n<meta property=\"og:site_name\" content=\"Tyro Remotes\" \/>\n<meta property=\"article:modified_time\" content=\"2020-01-21T11:17:54+00:00\" \/>\n<meta property=\"og:image\" content=\"https:\/\/www.tyroremotes.be\/wp-content\/uploads\/2015\/10\/historie_804_x_230.jpg\" \/>\n<meta name=\"twitter:card\" content=\"summary_large_image\" \/>\n<meta name=\"twitter:site\" content=\"@TyroRemotesNL\" \/>\n<meta name=\"twitter:label1\" content=\"Dur\u00e9e de lecture est.\" \/>\n\t<meta name=\"twitter:data1\" content=\"2 minutes\" \/>\n<script type=\"application\/ld+json\" class=\"yoast-schema-graph\">{\"@context\":\"https:\\\/\\\/schema.org\",\"@graph\":[{\"@type\":\"WebPage\",\"@id\":\"https:\\\/\\\/www.tyroremotes.be\\\/fr\\\/presentation\\\/histoire\\\/\",\"url\":\"https:\\\/\\\/www.tyroremotes.be\\\/fr\\\/presentation\\\/histoire\\\/\",\"name\":\"Histoire - Tyro Remotes\",\"isPartOf\":{\"@id\":\"https:\\\/\\\/www.tyroremotes.be\\\/#website\"},\"primaryImageOfPage\":{\"@id\":\"https:\\\/\\\/www.tyroremotes.be\\\/fr\\\/presentation\\\/histoire\\\/#primaryimage\"},\"image\":{\"@id\":\"https:\\\/\\\/www.tyroremotes.be\\\/fr\\\/presentation\\\/histoire\\\/#primaryimage\"},\"thumbnailUrl\":\"https:\\\/\\\/www.tyroremotes.be\\\/wp-content\\\/uploads\\\/2015\\\/10\\\/historie_804_x_230.jpg\",\"datePublished\":\"2015-10-12T06:27:42+00:00\",\"dateModified\":\"2020-01-21T11:17:54+00:00\",\"description\":\"Jetez un coup d'\u0153il sur notre histoire, notre exp\u00e9rience et notre \u00e9volution, mais aussi sur la fa\u00e7on dont nous abordons l'avenir.\",\"breadcrumb\":{\"@id\":\"https:\\\/\\\/www.tyroremotes.be\\\/fr\\\/presentation\\\/histoire\\\/#breadcrumb\"},\"inLanguage\":\"fr-BE\",\"potentialAction\":[{\"@type\":\"ReadAction\",\"target\":[\"https:\\\/\\\/www.tyroremotes.be\\\/fr\\\/presentation\\\/histoire\\\/\"]}]},{\"@type\":\"ImageObject\",\"inLanguage\":\"fr-BE\",\"@id\":\"https:\\\/\\\/www.tyroremotes.be\\\/fr\\\/presentation\\\/histoire\\\/#primaryimage\",\"url\":\"https:\\\/\\\/www.tyroremotes.be\\\/wp-content\\\/uploads\\\/2015\\\/10\\\/historie_804_x_230.jpg\",\"contentUrl\":\"https:\\\/\\\/www.tyroremotes.be\\\/wp-content\\\/uploads\\\/2015\\\/10\\\/historie_804_x_230.jpg\"},{\"@type\":\"BreadcrumbList\",\"@id\":\"https:\\\/\\\/www.tyroremotes.be\\\/fr\\\/presentation\\\/histoire\\\/#breadcrumb\",\"itemListElement\":[{\"@type\":\"ListItem\",\"position\":1,\"name\":\"Home\",\"item\":\"https:\\\/\\\/www.tyroremotes.be\\\/fr\\\/\"},{\"@type\":\"ListItem\",\"position\":2,\"name\":\"Pr\u00e9sentation\",\"item\":\"https:\\\/\\\/www.tyroremotes.be\\\/fr\\\/presentation\\\/\"},{\"@type\":\"ListItem\",\"position\":3,\"name\":\"Histoire\"}]},{\"@type\":\"WebSite\",\"@id\":\"https:\\\/\\\/www.tyroremotes.be\\\/#website\",\"url\":\"https:\\\/\\\/www.tyroremotes.be\\\/\",\"name\":\"Tyro Remotes\",\"description\":\"\",\"potentialAction\":[{\"@type\":\"SearchAction\",\"target\":{\"@type\":\"EntryPoint\",\"urlTemplate\":\"https:\\\/\\\/www.tyroremotes.be\\\/?s={search_term_string}\"},\"query-input\":{\"@type\":\"PropertyValueSpecification\",\"valueRequired\":true,\"valueName\":\"search_term_string\"}}],\"inLanguage\":\"fr-BE\"}]}<\/script>\n<!-- \/ Yoast SEO plugin. -->","yoast_head_json":{"title":"Histoire - Tyro Remotes","description":"Jetez un coup d'\u0153il sur notre histoire, notre exp\u00e9rience et notre \u00e9volution, mais aussi sur la fa\u00e7on dont nous abordons l'avenir.","robots":{"index":"index","follow":"follow","max-snippet":"max-snippet:-1","max-image-preview":"max-image-preview:large","max-video-preview":"max-video-preview:-1"},"canonical":"https:\/\/www.tyroremotes.be\/fr\/presentation\/histoire\/","og_locale":"fr_FR","og_type":"article","og_title":"Histoire - Tyro Remotes","og_description":"Jetez un coup d'\u0153il sur notre histoire, notre exp\u00e9rience et notre \u00e9volution, mais aussi sur la fa\u00e7on dont nous abordons l'avenir.","og_url":"https:\/\/www.tyroremotes.be\/fr\/presentation\/histoire\/","og_site_name":"Tyro Remotes","article_modified_time":"2020-01-21T11:17:54+00:00","og_image":[{"url":"https:\/\/www.tyroremotes.be\/wp-content\/uploads\/2015\/10\/historie_804_x_230.jpg","type":"","width":"","height":""}],"twitter_card":"summary_large_image","twitter_site":"@TyroRemotesNL","twitter_misc":{"Dur\u00e9e de lecture est.":"2 minutes"},"schema":{"@context":"https:\/\/schema.org","@graph":[{"@type":"WebPage","@id":"https:\/\/www.tyroremotes.be\/fr\/presentation\/histoire\/","url":"https:\/\/www.tyroremotes.be\/fr\/presentation\/histoire\/","name":"Histoire - Tyro Remotes","isPartOf":{"@id":"https:\/\/www.tyroremotes.be\/#website"},"primaryImageOfPage":{"@id":"https:\/\/www.tyroremotes.be\/fr\/presentation\/histoire\/#primaryimage"},"image":{"@id":"https:\/\/www.tyroremotes.be\/fr\/presentation\/histoire\/#primaryimage"},"thumbnailUrl":"https:\/\/www.tyroremotes.be\/wp-content\/uploads\/2015\/10\/historie_804_x_230.jpg","datePublished":"2015-10-12T06:27:42+00:00","dateModified":"2020-01-21T11:17:54+00:00","description":"Jetez un coup d'\u0153il sur notre histoire, notre exp\u00e9rience et notre \u00e9volution, mais aussi sur la fa\u00e7on dont nous abordons l'avenir.","breadcrumb":{"@id":"https:\/\/www.tyroremotes.be\/fr\/presentation\/histoire\/#breadcrumb"},"inLanguage":"fr-BE","potentialAction":[{"@type":"ReadAction","target":["https:\/\/www.tyroremotes.be\/fr\/presentation\/histoire\/"]}]},{"@type":"ImageObject","inLanguage":"fr-BE","@id":"https:\/\/www.tyroremotes.be\/fr\/presentation\/histoire\/#primaryimage","url":"https:\/\/www.tyroremotes.be\/wp-content\/uploads\/2015\/10\/historie_804_x_230.jpg","contentUrl":"https:\/\/www.tyroremotes.be\/wp-content\/uploads\/2015\/10\/historie_804_x_230.jpg"},{"@type":"BreadcrumbList","@id":"https:\/\/www.tyroremotes.be\/fr\/presentation\/histoire\/#breadcrumb","itemListElement":[{"@type":"ListItem","position":1,"name":"Home","item":"https:\/\/www.tyroremotes.be\/fr\/"},{"@type":"ListItem","position":2,"name":"Pr\u00e9sentation","item":"https:\/\/www.tyroremotes.be\/fr\/presentation\/"},{"@type":"ListItem","position":3,"name":"Histoire"}]},{"@type":"WebSite","@id":"https:\/\/www.tyroremotes.be\/#website","url":"https:\/\/www.tyroremotes.be\/","name":"Tyro Remotes","description":"","potentialAction":[{"@type":"SearchAction","target":{"@type":"EntryPoint","urlTemplate":"https:\/\/www.tyroremotes.be\/?s={search_term_string}"},"query-input":{"@type":"PropertyValueSpecification","valueRequired":true,"valueName":"search_term_string"}}],"inLanguage":"fr-BE"}]}},"_links":{"self":[{"href":"https:\/\/www.tyroremotes.be\/fr\/wp-json\/wp\/v2\/pages\/9609","targetHints":{"allow":["GET"]}}],"collection":[{"href":"https:\/\/www.tyroremotes.be\/fr\/wp-json\/wp\/v2\/pages"}],"about":[{"href":"https:\/\/www.tyroremotes.be\/fr\/wp-json\/wp\/v2\/types\/page"}],"author":[{"embeddable":true,"href":"https:\/\/www.tyroremotes.be\/fr\/wp-json\/wp\/v2\/users\/9"}],"replies":[{"embeddable":true,"href":"https:\/\/www.tyroremotes.be\/fr\/wp-json\/wp\/v2\/comments?post=9609"}],"version-history":[{"count":6,"href":"https:\/\/www.tyroremotes.be\/fr\/wp-json\/wp\/v2\/pages\/9609\/revisions"}],"predecessor-version":[{"id":11208,"href":"https:\/\/www.tyroremotes.be\/fr\/wp-json\/wp\/v2\/pages\/9609\/revisions\/11208"}],"up":[{"embeddable":true,"href":"https:\/\/www.tyroremotes.be\/fr\/wp-json\/wp\/v2\/pages\/9727"}],"wp:attachment":[{"href":"https:\/\/www.tyroremotes.be\/fr\/wp-json\/wp\/v2\/media?parent=9609"}],"curies":[{"name":"wp","href":"https:\/\/api.w.org\/{rel}","templated":true}]}}