{"id":9606,"date":"2015-10-12T07:11:40","date_gmt":"2015-10-12T06:11:40","guid":{"rendered":"https:\/\/www.tyroremotes.be\/?page_id=9606"},"modified":"2018-09-11T09:17:55","modified_gmt":"2018-09-11T08:17:55","slug":"profil-de-lenterprise","status":"publish","type":"page","link":"https:\/\/www.tyroremotes.be\/fr\/presentation\/profil-de-lenterprise\/","title":{"rendered":"Profil de l&rsquo;enterprise"},"content":{"rendered":"<style type=\"text\/css\">.easyhtml5video .eh5v_script{display:none}<\/style>\n<div class=\"easyhtml5video\" style=\"position:relative;max-width:1920px;\"><video controls=\"controls\"  autoplay=\"autoplay\" poster=\"\/wp-content\/uploads\/html5video\/Pand.jpg\" style=\"width:100%\" title=\"Tyro Remotes\" loop=\"loop\" onended=\"var v=this;setTimeout(function(){v.play()},300)\"><source src=\"\/wp-content\/uploads\/html5video\/Pand.m4v\" type=\"video\/mp4\" \/><source src=\"\/wp-content\/uploads\/html5video\/Pand.webm\" type=\"video\/webm\" \/><\/video><\/div>\n<p><script src=\"\/wp-content\/uploads\/html5video\/html5ext.js\" type=\"text\/javascript\"><\/script><\/p>\n<h1>Le profil de l&rsquo;entreprise Tyro Remotes<\/h1>\n<p>Tyro Remotes est une soci\u00e9t\u00e9 n\u00e9erlandaise sp\u00e9cialis\u00e9e dans le d\u00e9veloppement, la production et la vente des syst\u00e8mes de commande radio professionnels pour diverses applications industrielles.<\/p>\n<p>Ne pensez pas \u00e0 la t\u00e9l\u00e9commande de la porte de votre garage ou \u00e0 une voiture radiocommand\u00e9e, mais plut\u00f4t \u00e0 des radiocommandes robustes, industrielles pour les pompes, treuils, grues, portails, machines, v\u00e9hicules, etc. Toutes les applications : \u00e9lectrique, hydraulique ou pneumatique peuvent \u00eatre \u00e9quip\u00e9es d&rsquo;une radiocommande professionnelle Tyro Remotes.<\/p>\n<h2>Les march\u00e9s<\/h2>\n<p>Tyro Remotes est actif dans de nombreux secteurs : transports, construction, industrie, agriculture, levage, maritime, nettoyage industriel et s\u00e9curit\u00e9. En plus de l&rsquo;accent mis sur une vari\u00e9t\u00e9 d&rsquo;applications mobiles (y compris la commande des essieux pour les transports exceptionnels), Tyro Remotes souhaite offrir une alternative int\u00e9ressante \u00e0 la commande des machine et \u00e0 la sylviculture.<\/p>\n<h2>Notre vision<\/h2>\n<p>Grace \u00e0 l&rsquo;utilisation d&rsquo;une t\u00e9l\u00e9commande radio, le niveaux d&rsquo;efficacit\u00e9 dans diverses applications industrielles, ainsi que l&rsquo;optimisation de la s\u00e9curit\u00e9, le confort et le bien-\u00eatre social des utilisateurs est en nette augmentation.<\/p>\n<h2>Notre mission<\/h2>\n<p>Tyro Remotes veut proposer \u00e0 ses client une radiocommande de qualit\u00e9 avec un maximum de valeur ajout\u00e9e afin de construire une relation \u00e0 long terme. Dans le domaine de l&rsquo;efficacit\u00e9, Tyro Remotes  souhaite offrir cette valeur ajout\u00e9e en prenant en compte toutes vos exigences sp\u00e9cifiques et en vous proposant des solutions personnalis\u00e9es. La structure organisationnelle ouverte de notre entreprise rend cela possible.<\/p>\n<p>La croissance et le d\u00e9veloppement du march\u00e9 et de l&rsquo;entreprise motive pleinement le personnel de Tyro Remotes \u00e0 aller dans cette croissance et ce d\u00e9veloppement. Tout cela dans le but d&rsquo;exploiter une situation de gagnant-gagnant entre l&rsquo;entreprise et le personnel et de cr\u00e9er une unit\u00e9.<\/p>\n<h2>Notre Structure organisationnel<\/h2>\n<p>Tyro Remotes \u00e0 fait le choix de maintenir en interne les services R&#038;D, production, vente et apr\u00e8s-vente afin d&rsquo;assurer une ligne de communication courte. Cela augmente la fiabilit\u00e9 et la flexibilit\u00e9 pour les changements et les ajustements sur le produit. La qualit\u00e9 est donc assur\u00e9e et les livraisons r\u00e9guli\u00e8res garanties. La structure organisationnelle ouverte garantit \u00e9galement une communication transparente avec le client. <\/p>\n<h2>Nos Valeurs<\/h2>\n<p>Les trois valeurs fondamentales de notre soci\u00e9t\u00e9 sont : s\u00e9curit\u00e9, qualit\u00e9 et fiabilit\u00e9. \u00c0 la fois pour vous et pour nous, il est de la plus haute importance que nos syst\u00e8mes fonctionnent correctement et ne soit pas perturb\u00e9s par d&rsquo;autres appareils \u00e9lectriques. Le bon fonctionnement ininterrompu de l&rsquo;\u00e9lectronique peut litt\u00e9ralement \u00eatre d&rsquo;une importance vitale. Tyro Remotes r\u00e9pond \u00e0 toutes les pr\u00e9rogatives europ\u00e9ennes sur ce produit. Toute modification est mise en oeuvre d\u00e8s que possible pour assurer la s\u00e9curit\u00e9 de l&rsquo;utilisateur. <\/p>\n","protected":false},"excerpt":{"rendered":"<p>Le profil de l&rsquo;entreprise Tyro Remotes Tyro Remotes est une soci\u00e9t\u00e9 n\u00e9erlandaise sp\u00e9cialis\u00e9e dans le d\u00e9veloppement, la production et la vente des syst\u00e8mes de commande radio professionnels pour diverses applications industrielles. Ne pensez pas \u00e0 la t\u00e9l\u00e9commande de la porte de votre garage ou \u00e0 une voiture radiocommand\u00e9e, mais plut\u00f4t \u00e0 des radiocommandes robustes, industrielles [&#8230;]\n","protected":false},"author":8,"featured_media":0,"parent":9727,"menu_order":0,"comment_status":"closed","ping_status":"closed","template":"page-left-sidebar.php","meta":{"footnotes":""},"class_list":["post-9606","page","type-page","status-publish","hentry"],"yoast_head":"<!-- This site is optimized with the Yoast SEO plugin v27.4 - https:\/\/yoast.com\/product\/yoast-seo-wordpress\/ -->\n<title>Profil de la soci\u00e9t\u00e9 Tyro Remotes<\/title>\n<meta name=\"description\" content=\"Quelles sont nos valeurs? Dans quels secteurs sommes nous actifs et quelle est notre vision concernant les t\u00e9l\u00e9commandes industrielles. Lisez-le ici!\" \/>\n<meta name=\"robots\" content=\"index, follow, max-snippet:-1, max-image-preview:large, max-video-preview:-1\" \/>\n<link rel=\"canonical\" href=\"https:\/\/www.tyroremotes.be\/fr\/presentation\/profil-de-lenterprise\/\" \/>\n<meta property=\"og:locale\" content=\"fr_FR\" \/>\n<meta property=\"og:type\" content=\"article\" \/>\n<meta property=\"og:title\" content=\"Profil de la soci\u00e9t\u00e9 Tyro Remotes\" \/>\n<meta property=\"og:description\" content=\"Quelles sont nos valeurs? Dans quels secteurs sommes nous actifs et quelle est notre vision concernant les t\u00e9l\u00e9commandes industrielles. Lisez-le ici!\" \/>\n<meta property=\"og:url\" content=\"https:\/\/www.tyroremotes.be\/fr\/presentation\/profil-de-lenterprise\/\" \/>\n<meta property=\"og:site_name\" content=\"Tyro Remotes\" \/>\n<meta property=\"article:modified_time\" content=\"2018-09-11T08:17:55+00:00\" \/>\n<meta name=\"twitter:card\" content=\"summary_large_image\" \/>\n<meta name=\"twitter:site\" content=\"@TyroRemotesNL\" \/>\n<meta name=\"twitter:label1\" content=\"Dur\u00e9e de lecture est.\" \/>\n\t<meta name=\"twitter:data1\" content=\"2 minutes\" \/>\n<script type=\"application\/ld+json\" class=\"yoast-schema-graph\">{\"@context\":\"https:\\\/\\\/schema.org\",\"@graph\":[{\"@type\":\"WebPage\",\"@id\":\"https:\\\/\\\/www.tyroremotes.be\\\/fr\\\/presentation\\\/profil-de-lenterprise\\\/\",\"url\":\"https:\\\/\\\/www.tyroremotes.be\\\/fr\\\/presentation\\\/profil-de-lenterprise\\\/\",\"name\":\"Profil de la soci\u00e9t\u00e9 Tyro Remotes\",\"isPartOf\":{\"@id\":\"https:\\\/\\\/www.tyroremotes.be\\\/#website\"},\"datePublished\":\"2015-10-12T06:11:40+00:00\",\"dateModified\":\"2018-09-11T08:17:55+00:00\",\"description\":\"Quelles sont nos valeurs? Dans quels secteurs sommes nous actifs et quelle est notre vision concernant les t\u00e9l\u00e9commandes industrielles. Lisez-le ici!\",\"breadcrumb\":{\"@id\":\"https:\\\/\\\/www.tyroremotes.be\\\/fr\\\/presentation\\\/profil-de-lenterprise\\\/#breadcrumb\"},\"inLanguage\":\"fr-BE\",\"potentialAction\":[{\"@type\":\"ReadAction\",\"target\":[\"https:\\\/\\\/www.tyroremotes.be\\\/fr\\\/presentation\\\/profil-de-lenterprise\\\/\"]}]},{\"@type\":\"BreadcrumbList\",\"@id\":\"https:\\\/\\\/www.tyroremotes.be\\\/fr\\\/presentation\\\/profil-de-lenterprise\\\/#breadcrumb\",\"itemListElement\":[{\"@type\":\"ListItem\",\"position\":1,\"name\":\"Home\",\"item\":\"https:\\\/\\\/www.tyroremotes.be\\\/fr\\\/\"},{\"@type\":\"ListItem\",\"position\":2,\"name\":\"Pr\u00e9sentation\",\"item\":\"https:\\\/\\\/www.tyroremotes.be\\\/fr\\\/presentation\\\/\"},{\"@type\":\"ListItem\",\"position\":3,\"name\":\"Profil de l&rsquo;enterprise\"}]},{\"@type\":\"WebSite\",\"@id\":\"https:\\\/\\\/www.tyroremotes.be\\\/#website\",\"url\":\"https:\\\/\\\/www.tyroremotes.be\\\/\",\"name\":\"Tyro Remotes\",\"description\":\"\",\"potentialAction\":[{\"@type\":\"SearchAction\",\"target\":{\"@type\":\"EntryPoint\",\"urlTemplate\":\"https:\\\/\\\/www.tyroremotes.be\\\/?s={search_term_string}\"},\"query-input\":{\"@type\":\"PropertyValueSpecification\",\"valueRequired\":true,\"valueName\":\"search_term_string\"}}],\"inLanguage\":\"fr-BE\"}]}<\/script>\n<!-- \/ Yoast SEO plugin. -->","yoast_head_json":{"title":"Profil de la soci\u00e9t\u00e9 Tyro Remotes","description":"Quelles sont nos valeurs? Dans quels secteurs sommes nous actifs et quelle est notre vision concernant les t\u00e9l\u00e9commandes industrielles. Lisez-le ici!","robots":{"index":"index","follow":"follow","max-snippet":"max-snippet:-1","max-image-preview":"max-image-preview:large","max-video-preview":"max-video-preview:-1"},"canonical":"https:\/\/www.tyroremotes.be\/fr\/presentation\/profil-de-lenterprise\/","og_locale":"fr_FR","og_type":"article","og_title":"Profil de la soci\u00e9t\u00e9 Tyro Remotes","og_description":"Quelles sont nos valeurs? Dans quels secteurs sommes nous actifs et quelle est notre vision concernant les t\u00e9l\u00e9commandes industrielles. Lisez-le ici!","og_url":"https:\/\/www.tyroremotes.be\/fr\/presentation\/profil-de-lenterprise\/","og_site_name":"Tyro Remotes","article_modified_time":"2018-09-11T08:17:55+00:00","twitter_card":"summary_large_image","twitter_site":"@TyroRemotesNL","twitter_misc":{"Dur\u00e9e de lecture est.":"2 minutes"},"schema":{"@context":"https:\/\/schema.org","@graph":[{"@type":"WebPage","@id":"https:\/\/www.tyroremotes.be\/fr\/presentation\/profil-de-lenterprise\/","url":"https:\/\/www.tyroremotes.be\/fr\/presentation\/profil-de-lenterprise\/","name":"Profil de la soci\u00e9t\u00e9 Tyro Remotes","isPartOf":{"@id":"https:\/\/www.tyroremotes.be\/#website"},"datePublished":"2015-10-12T06:11:40+00:00","dateModified":"2018-09-11T08:17:55+00:00","description":"Quelles sont nos valeurs? Dans quels secteurs sommes nous actifs et quelle est notre vision concernant les t\u00e9l\u00e9commandes industrielles. Lisez-le ici!","breadcrumb":{"@id":"https:\/\/www.tyroremotes.be\/fr\/presentation\/profil-de-lenterprise\/#breadcrumb"},"inLanguage":"fr-BE","potentialAction":[{"@type":"ReadAction","target":["https:\/\/www.tyroremotes.be\/fr\/presentation\/profil-de-lenterprise\/"]}]},{"@type":"BreadcrumbList","@id":"https:\/\/www.tyroremotes.be\/fr\/presentation\/profil-de-lenterprise\/#breadcrumb","itemListElement":[{"@type":"ListItem","position":1,"name":"Home","item":"https:\/\/www.tyroremotes.be\/fr\/"},{"@type":"ListItem","position":2,"name":"Pr\u00e9sentation","item":"https:\/\/www.tyroremotes.be\/fr\/presentation\/"},{"@type":"ListItem","position":3,"name":"Profil de l&rsquo;enterprise"}]},{"@type":"WebSite","@id":"https:\/\/www.tyroremotes.be\/#website","url":"https:\/\/www.tyroremotes.be\/","name":"Tyro Remotes","description":"","potentialAction":[{"@type":"SearchAction","target":{"@type":"EntryPoint","urlTemplate":"https:\/\/www.tyroremotes.be\/?s={search_term_string}"},"query-input":{"@type":"PropertyValueSpecification","valueRequired":true,"valueName":"search_term_string"}}],"inLanguage":"fr-BE"}]}},"_links":{"self":[{"href":"https:\/\/www.tyroremotes.be\/fr\/wp-json\/wp\/v2\/pages\/9606","targetHints":{"allow":["GET"]}}],"collection":[{"href":"https:\/\/www.tyroremotes.be\/fr\/wp-json\/wp\/v2\/pages"}],"about":[{"href":"https:\/\/www.tyroremotes.be\/fr\/wp-json\/wp\/v2\/types\/page"}],"author":[{"embeddable":true,"href":"https:\/\/www.tyroremotes.be\/fr\/wp-json\/wp\/v2\/users\/8"}],"replies":[{"embeddable":true,"href":"https:\/\/www.tyroremotes.be\/fr\/wp-json\/wp\/v2\/comments?post=9606"}],"version-history":[{"count":3,"href":"https:\/\/www.tyroremotes.be\/fr\/wp-json\/wp\/v2\/pages\/9606\/revisions"}],"predecessor-version":[{"id":9627,"href":"https:\/\/www.tyroremotes.be\/fr\/wp-json\/wp\/v2\/pages\/9606\/revisions\/9627"}],"up":[{"embeddable":true,"href":"https:\/\/www.tyroremotes.be\/fr\/wp-json\/wp\/v2\/pages\/9727"}],"wp:attachment":[{"href":"https:\/\/www.tyroremotes.be\/fr\/wp-json\/wp\/v2\/media?parent=9606"}],"curies":[{"name":"wp","href":"https:\/\/api.w.org\/{rel}","templated":true}]}}