{"id":9602,"date":"2015-10-12T12:43:51","date_gmt":"2015-10-12T12:43:51","guid":{"rendered":"https:\/\/www.tyroremotes.be\/awards\/"},"modified":"2018-09-11T08:16:06","modified_gmt":"2018-09-11T07:16:06","slug":"prix-pour-tyro","status":"publish","type":"page","link":"https:\/\/www.tyroremotes.be\/fr\/presentation\/prix-pour-tyro\/","title":{"rendered":"Prix pour Tyro"},"content":{"rendered":"<p><img decoding=\"async\" class=\"alignnone size-full wp-image-3036\" src=\"\/wp-content\/uploads\/2015\/10\/wtc_award_804_x_230.jpg\" alt=\"Winnaar WTC Award Twente\" width=\"804\" height=\"230\" srcset=\"https:\/\/www.tyroremotes.be\/wp-content\/uploads\/2015\/10\/wtc_award_804_x_230.jpg 804w, https:\/\/www.tyroremotes.be\/wp-content\/uploads\/2015\/10\/wtc_award_804_x_230-510x146.jpg 510w, https:\/\/www.tyroremotes.be\/wp-content\/uploads\/2015\/10\/wtc_award_804_x_230-300x86.jpg 300w, https:\/\/www.tyroremotes.be\/wp-content\/uploads\/2015\/10\/wtc_award_804_x_230-768x220.jpg 768w\" sizes=\"(max-width: 804px) 100vw, 804px\" \/><\/p>\n<h1>Prix pour Tyro Remotes<\/h1>\n<p>En 2010, Tyro Remotes a remport\u00e9 le prestigieux WTC Twente Export Award. Le prix a \u00e9t\u00e9 remis par le guitariste, compositeur et artiste Adje Vandenberg.<\/p>\n<p>Le jury pr\u00e9sid\u00e9 par Richard Wermelink, a fait l&rsquo;\u00e9loge du d\u00e9veloppement \u00e0 l&rsquo;international et de l&rsquo;approche strat\u00e9gique de nos exportations. Ils ont particuli\u00e8rement appr\u00e9ci\u00e9 le fait que Tyro travaille avec des commerciaux s\u00e9dentaires de diff\u00e9rentes langues maternelles. Le jury a \u00e9galement exprim\u00e9 son appr\u00e9ciation pour l&rsquo;utilisation d&rsquo;Internet et des r\u00e9seaux sociaux pour attirer de nouveaux clients.<\/p>\n<blockquote><p>\u00ab\u00a0Le laur\u00e9at du Prix WTC Twente Export a r\u00e9alis\u00e9 une prestation remarquable et inspirante dans le domaine de l&rsquo;exportation et de l&rsquo;entrepreneuriat. Ambition, perspicacit\u00e9 et pers\u00e9v\u00e9rance font de l\u00b4entreprise Tyro Remotes un exemple pour les entreprises de la r\u00e9gion de Twente\u00a0\u00bb, a d\u00e9clar\u00e9 MM. W.M.G. Weerdenburg, membre du conseil du Club Club \u00ab\u00a0WTC Twente Business Club\u00a0\u00bb.<\/p><\/blockquote>\n<p>Les deux autres nomin\u00e9s \u00e9taient le fabricant de machine Almi et le fabricant d&rsquo;\u00e9clairage de jardin Techmar. Lors de l&rsquo;\u00e9valuation, le jury a examin\u00e9 entre autre l&rsquo;orientation internationale, l&rsquo;innovation, l&rsquo;entrepreneuriat, l&rsquo;ambition, les contacts avec l&rsquo;\u00e9tranger et le r\u00f4le d\u00b4ambassadeur dans la r\u00e9gion.<\/p>\n<p>Le prix WTC Twente Export est d\u00e9cern\u00e9 chaque ann\u00e9e et est une initiative du Club \u00ab\u00a0WTC Twente Business Club\u00b4\u00b4.<\/p>\n<h2>Voir aussi :<\/h2>\n<p>Certificat WTC Export Award Twente<br \/>\nCommuniqu\u00e9 de presse du WTC Export Award Twente<\/p>\n","protected":false},"excerpt":{"rendered":"<p>Prix pour Tyro Remotes En 2010, Tyro Remotes a remport\u00e9 le prestigieux WTC Twente Export Award. Le prix a \u00e9t\u00e9 remis par le guitariste, compositeur et artiste Adje Vandenberg. Le jury pr\u00e9sid\u00e9 par Richard Wermelink, a fait l&rsquo;\u00e9loge du d\u00e9veloppement \u00e0 l&rsquo;international et de l&rsquo;approche strat\u00e9gique de nos exportations. Ils ont particuli\u00e8rement appr\u00e9ci\u00e9 le fait [&#8230;]\n","protected":false},"author":9,"featured_media":0,"parent":9727,"menu_order":0,"comment_status":"closed","ping_status":"closed","template":"page-left-sidebar.php","meta":{"footnotes":""},"class_list":["post-9602","page","type-page","status-publish","hentry"],"yoast_head":"<!-- This site is optimized with the Yoast SEO plugin v27.5 - https:\/\/yoast.com\/product\/yoast-seo-wordpress\/ -->\n<title>Prix pour Tyro | Tyro Remotes<\/title>\n<meta name=\"description\" content=\"Tyro Remotes a remport\u00e9 le prestigieux prix WTC Twente Export Award. Une initiative annuelle du WTC Twente Business club.\" \/>\n<meta name=\"robots\" content=\"index, follow, max-snippet:-1, max-image-preview:large, max-video-preview:-1\" \/>\n<link rel=\"canonical\" href=\"https:\/\/www.tyroremotes.be\/fr\/presentation\/prix-pour-tyro\/\" \/>\n<meta property=\"og:locale\" content=\"fr_FR\" \/>\n<meta property=\"og:type\" content=\"article\" \/>\n<meta property=\"og:title\" content=\"Prix pour Tyro | Tyro Remotes\" \/>\n<meta property=\"og:description\" content=\"Tyro Remotes a remport\u00e9 le prestigieux prix WTC Twente Export Award. Une initiative annuelle du WTC Twente Business club.\" \/>\n<meta property=\"og:url\" content=\"https:\/\/www.tyroremotes.be\/fr\/presentation\/prix-pour-tyro\/\" \/>\n<meta property=\"og:site_name\" content=\"Tyro Remotes\" \/>\n<meta property=\"article:modified_time\" content=\"2018-09-11T07:16:06+00:00\" \/>\n<meta name=\"twitter:card\" content=\"summary_large_image\" \/>\n<meta name=\"twitter:site\" content=\"@TyroRemotesNL\" \/>\n<meta name=\"twitter:label1\" content=\"Dur\u00e9e de lecture est.\" \/>\n\t<meta name=\"twitter:data1\" content=\"1 minute\" \/>\n<script type=\"application\/ld+json\" class=\"yoast-schema-graph\">{\"@context\":\"https:\\\/\\\/schema.org\",\"@graph\":[{\"@type\":\"WebPage\",\"@id\":\"https:\\\/\\\/www.tyroremotes.be\\\/fr\\\/presentation\\\/prix-pour-tyro\\\/\",\"url\":\"https:\\\/\\\/www.tyroremotes.be\\\/fr\\\/presentation\\\/prix-pour-tyro\\\/\",\"name\":\"Prix pour Tyro | Tyro Remotes\",\"isPartOf\":{\"@id\":\"https:\\\/\\\/www.tyroremotes.be\\\/#website\"},\"datePublished\":\"2015-10-12T12:43:51+00:00\",\"dateModified\":\"2018-09-11T07:16:06+00:00\",\"description\":\"Tyro Remotes a remport\u00e9 le prestigieux prix WTC Twente Export Award. Une initiative annuelle du WTC Twente Business club.\",\"breadcrumb\":{\"@id\":\"https:\\\/\\\/www.tyroremotes.be\\\/fr\\\/presentation\\\/prix-pour-tyro\\\/#breadcrumb\"},\"inLanguage\":\"fr-BE\",\"potentialAction\":[{\"@type\":\"ReadAction\",\"target\":[\"https:\\\/\\\/www.tyroremotes.be\\\/fr\\\/presentation\\\/prix-pour-tyro\\\/\"]}]},{\"@type\":\"BreadcrumbList\",\"@id\":\"https:\\\/\\\/www.tyroremotes.be\\\/fr\\\/presentation\\\/prix-pour-tyro\\\/#breadcrumb\",\"itemListElement\":[{\"@type\":\"ListItem\",\"position\":1,\"name\":\"Home\",\"item\":\"https:\\\/\\\/www.tyroremotes.be\\\/fr\\\/\"},{\"@type\":\"ListItem\",\"position\":2,\"name\":\"Pr\u00e9sentation\",\"item\":\"https:\\\/\\\/www.tyroremotes.be\\\/fr\\\/presentation\\\/\"},{\"@type\":\"ListItem\",\"position\":3,\"name\":\"Prix pour Tyro\"}]},{\"@type\":\"WebSite\",\"@id\":\"https:\\\/\\\/www.tyroremotes.be\\\/#website\",\"url\":\"https:\\\/\\\/www.tyroremotes.be\\\/\",\"name\":\"Tyro Remotes\",\"description\":\"\",\"potentialAction\":[{\"@type\":\"SearchAction\",\"target\":{\"@type\":\"EntryPoint\",\"urlTemplate\":\"https:\\\/\\\/www.tyroremotes.be\\\/?s={search_term_string}\"},\"query-input\":{\"@type\":\"PropertyValueSpecification\",\"valueRequired\":true,\"valueName\":\"search_term_string\"}}],\"inLanguage\":\"fr-BE\"}]}<\/script>\n<!-- \/ Yoast SEO plugin. -->","yoast_head_json":{"title":"Prix pour Tyro | Tyro Remotes","description":"Tyro Remotes a remport\u00e9 le prestigieux prix WTC Twente Export Award. Une initiative annuelle du WTC Twente Business club.","robots":{"index":"index","follow":"follow","max-snippet":"max-snippet:-1","max-image-preview":"max-image-preview:large","max-video-preview":"max-video-preview:-1"},"canonical":"https:\/\/www.tyroremotes.be\/fr\/presentation\/prix-pour-tyro\/","og_locale":"fr_FR","og_type":"article","og_title":"Prix pour Tyro | Tyro Remotes","og_description":"Tyro Remotes a remport\u00e9 le prestigieux prix WTC Twente Export Award. Une initiative annuelle du WTC Twente Business club.","og_url":"https:\/\/www.tyroremotes.be\/fr\/presentation\/prix-pour-tyro\/","og_site_name":"Tyro Remotes","article_modified_time":"2018-09-11T07:16:06+00:00","twitter_card":"summary_large_image","twitter_site":"@TyroRemotesNL","twitter_misc":{"Dur\u00e9e de lecture est.":"1 minute"},"schema":{"@context":"https:\/\/schema.org","@graph":[{"@type":"WebPage","@id":"https:\/\/www.tyroremotes.be\/fr\/presentation\/prix-pour-tyro\/","url":"https:\/\/www.tyroremotes.be\/fr\/presentation\/prix-pour-tyro\/","name":"Prix pour Tyro | Tyro Remotes","isPartOf":{"@id":"https:\/\/www.tyroremotes.be\/#website"},"datePublished":"2015-10-12T12:43:51+00:00","dateModified":"2018-09-11T07:16:06+00:00","description":"Tyro Remotes a remport\u00e9 le prestigieux prix WTC Twente Export Award. Une initiative annuelle du WTC Twente Business club.","breadcrumb":{"@id":"https:\/\/www.tyroremotes.be\/fr\/presentation\/prix-pour-tyro\/#breadcrumb"},"inLanguage":"fr-BE","potentialAction":[{"@type":"ReadAction","target":["https:\/\/www.tyroremotes.be\/fr\/presentation\/prix-pour-tyro\/"]}]},{"@type":"BreadcrumbList","@id":"https:\/\/www.tyroremotes.be\/fr\/presentation\/prix-pour-tyro\/#breadcrumb","itemListElement":[{"@type":"ListItem","position":1,"name":"Home","item":"https:\/\/www.tyroremotes.be\/fr\/"},{"@type":"ListItem","position":2,"name":"Pr\u00e9sentation","item":"https:\/\/www.tyroremotes.be\/fr\/presentation\/"},{"@type":"ListItem","position":3,"name":"Prix pour Tyro"}]},{"@type":"WebSite","@id":"https:\/\/www.tyroremotes.be\/#website","url":"https:\/\/www.tyroremotes.be\/","name":"Tyro Remotes","description":"","potentialAction":[{"@type":"SearchAction","target":{"@type":"EntryPoint","urlTemplate":"https:\/\/www.tyroremotes.be\/?s={search_term_string}"},"query-input":{"@type":"PropertyValueSpecification","valueRequired":true,"valueName":"search_term_string"}}],"inLanguage":"fr-BE"}]}},"_links":{"self":[{"href":"https:\/\/www.tyroremotes.be\/fr\/wp-json\/wp\/v2\/pages\/9602","targetHints":{"allow":["GET"]}}],"collection":[{"href":"https:\/\/www.tyroremotes.be\/fr\/wp-json\/wp\/v2\/pages"}],"about":[{"href":"https:\/\/www.tyroremotes.be\/fr\/wp-json\/wp\/v2\/types\/page"}],"author":[{"embeddable":true,"href":"https:\/\/www.tyroremotes.be\/fr\/wp-json\/wp\/v2\/users\/9"}],"replies":[{"embeddable":true,"href":"https:\/\/www.tyroremotes.be\/fr\/wp-json\/wp\/v2\/comments?post=9602"}],"version-history":[{"count":2,"href":"https:\/\/www.tyroremotes.be\/fr\/wp-json\/wp\/v2\/pages\/9602\/revisions"}],"predecessor-version":[{"id":9604,"href":"https:\/\/www.tyroremotes.be\/fr\/wp-json\/wp\/v2\/pages\/9602\/revisions\/9604"}],"up":[{"embeddable":true,"href":"https:\/\/www.tyroremotes.be\/fr\/wp-json\/wp\/v2\/pages\/9727"}],"wp:attachment":[{"href":"https:\/\/www.tyroremotes.be\/fr\/wp-json\/wp\/v2\/media?parent=9602"}],"curies":[{"name":"wp","href":"https:\/\/api.w.org\/{rel}","templated":true}]}}