{"id":10491,"date":"2017-10-11T14:19:39","date_gmt":"2017-10-11T13:19:39","guid":{"rendered":"https:\/\/www.tyroremotes.be\/?page_id=10491"},"modified":"2019-07-22T13:40:12","modified_gmt":"2019-07-22T12:40:12","slug":"declaration-de-confidentialite","status":"publish","type":"page","link":"https:\/\/www.tyroremotes.be\/fr\/declaration-de-confidentialite\/","title":{"rendered":"D\u00e9claration de confidentialit\u00e9"},"content":{"rendered":"<h2>Donn\u00e9es personnelles que nous traitons<\/h2>\n<p>Tyro Remotes traite les donn\u00e9es personnelles vous concernant parce que vous utilisez nos services et \/ ou parce que vous les fournissez vous-m\u00eame.<\/p>\n<p>Tyro Products B.V.<br \/>\nBedrijvenpark Twente 299<br \/>\n7602 KK Almelo, Les Pays Bas<\/p>\n<h2>S\u00e9curit\u00e9<\/h2>\n<p>Tyro Remotes prend la protection de vos donn\u00e9es au s\u00e9rieux et prend les mesures appropri\u00e9es pour emp\u00eacher l&rsquo;abus, la perte, l&rsquo;acc\u00e8s non autoris\u00e9, la divulgation non d\u00e9sir\u00e9e et la modification non autoris\u00e9e. Si vous avez l&rsquo;impression que vos donn\u00e9es ne sont pas s\u00e9curis\u00e9es ou qu&rsquo;il existe des signes d&rsquo;abus, veuillez contacter notre service client\u00e8le ou envoyer un e-mail \u00e0 <a href=\"mailto:info@tyroremotes.eu\">info@tyroremotes.eu<\/a>.<\/p>\n<p>Tyro Remotes a pris les mesures suivantes pour prot\u00e9ger vos donn\u00e9es personnelles:<\/p>\n<ul>\n<li>Logiciel de s\u00e9curit\u00e9, tel qu&rsquo;un antivirus et un \u00abfirewall\u00bb.<\/li>\n<li>Logiciel automatis\u00e9 pour supprimer les vuln\u00e9rabilit\u00e9s et supprimer les logiciels malveillants.<\/li>\n<li>TLS (anciennement SSL) Nous envoyons vos donn\u00e9es \u00e0 une connexion Internet s\u00e9curis\u00e9e. Vous pouvez le voir \u00e0 la barre d&rsquo;adresse \u00ab\u00a0https\u00a0\u00bb et au cadenas dans la barre d&rsquo;adresse.<\/li>\n<li>DKIM, SPF et DMARC sont trois standards Internet que nous utilisons pour vous emp\u00eacher de recevoir des e-mails contenant des virus, du spam ou des mails destin\u00e9s \u00e0 obtenir des donn\u00e9es personnelles (de connexion) en notre nom.<\/li>\n<li>DNSSEC est une s\u00e9curit\u00e9 suppl\u00e9mentaire (en plus du DNS) pour la conversion d&rsquo;un nom de domaine de Tyro Remotes \u00e0 l&rsquo;adresse IP associ\u00e9e (nom du serveur); il est fourni avec une signature num\u00e9rique. Vous pouvez faire v\u00e9rifier cette signature automatiquement. De cette fa\u00e7on, nous vous emp\u00eachons d&rsquo;\u00eatre redirig\u00e9 vers une fausse adresse IP.<\/li>\n<li>Les environnements critiques sont prot\u00e9g\u00e9s par une v\u00e9rification en deux \u00e9tapes.<\/li>\n<\/ul>\n<p>Voici un aper\u00e7u des donn\u00e9es personnelles que nous traitons:<\/p>\n<ul>\n<li>Pr\u00e9nom et nom<\/li>\n<li>Adresse e-mail<\/li>\n<li>Informations sur vos activit\u00e9s sur nos sites Internet<\/li>\n<li>Adresse IP<\/li>\n<li>Navigateur Internet et type d&rsquo;appareil<\/li>\n<\/ul>\n<h2>Pourquoi avons-nous besoin de vos donn\u00e9es?<\/h2>\n<p>Tyro Remotes traite vos donn\u00e9es personnelles aux fins suivantes:<\/p>\n<ul>\n<li>Traitement de votre devis ou commande. Sans correctes donn\u00e9es personnelles, nous ne sommes pas en mesure de g\u00e9rer correctement un devis ou une commande.<\/li>\n<li>Avoir une correspondance avec vous.<\/li>\n<li>Traiter une demande d&#8217;emploi.<\/li>\n<li>Si nous sommes l\u00e9galement oblig\u00e9s de le faire, tels que les informations dont nous avons besoin pour notre d\u00e9claration de revenus.<\/li>\n<li>En outre, nous pouvons \u00e9galement collecter des informations concernant votre utilisation de nos sites Internet. Pour cela, nous utilisons diff\u00e9rentes techniques, y compris les cookies.<\/li>\n<\/ul>\n<h2>Combien de temps gardons-nous vos donn\u00e9es personnelles?<\/h2>\n<p>Tyro Remotes ne gardera pas vos donn\u00e9es personnelles plus longtemps que ce qui est strictement n\u00e9cessaire pour atteindre les objectifs pour lesquels vos donn\u00e9es sont collect\u00e9es.<\/p>\n<h2>Partage avec autrui<\/h2>\n<p>Tyro Remotes fournit les donn\u00e9es personnelles exclusivement \u00e0 des tiers seulement si cela est n\u00e9cessaire pour la mise en \u0153uvre de notre accord ou pour se conformer \u00e0 une obligation l\u00e9gale.<\/p>\n<p>Votre adresse email, pr\u00e9nom et nom sont stock\u00e9s dans l&rsquo;environnement s\u00e9curis\u00e9 d&rsquo;un partenaire externe (Mailchimp); un logiciel pour l&rsquo;envoi de bulletins d&rsquo;information. Cet environnement est tr\u00e8s bien prot\u00e9g\u00e9 gr\u00e2ce \u00e0 une v\u00e9rification en deux \u00e9tapes. Mailchimp fait tout pour se conformer au nouveau r\u00e8glement g\u00e9n\u00e9ral sur la protection des donn\u00e9es (GDPR).\u00a06. Dresser un bilan d\u2019une visite sur notre site Internet\u00a0Tyro Remotes utilise des cookies fonctionnels, analytiques et de suivi. Un cookie est un petit fichier de texte qui est stock\u00e9 dans le navigateur de votre ordinateur, tablette ou smartphone lors de votre premi\u00e8re visite sur ce site. Tyro Remotes utilise des cookies avec une fonctionnalit\u00e9 purement technique. Ceux-ci assurent que le site fonctionne correctement, par exemple, vos param\u00e8tres pr\u00e9f\u00e9r\u00e9s peuvent \u00eatre m\u00e9moris\u00e9s et nous aider \u00e0 faire fonctionner le site correctement. Gr\u00e2ce aux cookies, nous pouvons \u00e9galement optimiser notre site Internet. En outre, nous pla\u00e7ons des cookies qui gardent une trace de vos habitudes de navigation afin que nous puissions vous proposer des offres personnalis\u00e9s.\u00a0Vous pouvez d\u00e9sactiver les cookies en configurant votre navigateur Internet afin qu&rsquo;il ne stocke plus de cookies. En outre, vous pouvez \u00e9galement supprimer toutes les informations pr\u00e9c\u00e9demment enregistr\u00e9es via les param\u00e8tres de votre navigateur.<\/p>\n<h2>Inspecter, modifier ou supprimer des donn\u00e9es personnelles<\/h2>\n<p>Vous avez le droit d\u2019inspecter, de modifier ou de supprimer vos donn\u00e9es personnelles. Vous pouvez envoyer une demande d&rsquo;inspection, de modification ou de suppression \u00e0 <a href=\"mailto:info@tyroremotes.eu\">info@tyroremotes.eu<\/a>. Pour nous assurer que la demande d&rsquo;acc\u00e8s a \u00e9t\u00e9 faite par vous-m\u00eame, nous vous demandons d&rsquo;envoyer avec votre demande une copie de votre pi\u00e8ce d&rsquo;identit\u00e9. Nous vous demandons de noircir votre photo et votre num\u00e9ro de carte nationale d\u2019identit\u00e9 dans cette copie de pi\u00e8ce d\u2019identit\u00e9. C&rsquo;est pour prot\u00e9ger votre vie priv\u00e9e. Tyro Remotes r\u00e9pondra \u00e0 votre demande d\u00e8s que possible, mais dans un d\u00e9lai de quatre semaines.<\/p>\n<h2>R\u00e9clamations<\/h2>\n<p>Avez-vous une plainte concernant l&rsquo;utilisation de vos donn\u00e9es personnelles? Par exemple parce que vous pensez que Tyro Remotes ne g\u00e8re pas vos donn\u00e9es personnelles avec soin? Vous pouvez toujours premi\u00e8rement nous signaler votre plainte. Mais si vous en n&rsquo;\u00eates pas satisfait, vous pouvez alors adresser votre plainte \u00e0 l&rsquo;autorit\u00e9 responsable des donn\u00e9es personnelles.<\/p>\n","protected":false},"excerpt":{"rendered":"<p>Donn\u00e9es personnelles que nous traitons Tyro Remotes traite les donn\u00e9es personnelles vous concernant parce que vous utilisez nos services et \/ ou parce que vous les fournissez vous-m\u00eame. Tyro Products B.V. Bedrijvenpark Twente 299 7602 KK Almelo, Les Pays Bas S\u00e9curit\u00e9 Tyro Remotes prend la protection de vos donn\u00e9es au s\u00e9rieux et prend les mesures [&#8230;]\n","protected":false},"author":8,"featured_media":0,"parent":0,"menu_order":0,"comment_status":"closed","ping_status":"closed","template":"","meta":{"footnotes":""},"class_list":["post-10491","page","type-page","status-publish","hentry"],"yoast_head":"<!-- This site is optimized with the Yoast SEO plugin v27.5 - https:\/\/yoast.com\/product\/yoast-seo-wordpress\/ -->\n<title>D\u00e9claration de confidentialit\u00e9 - Tyro Remotes<\/title>\n<meta name=\"robots\" content=\"index, follow, max-snippet:-1, max-image-preview:large, max-video-preview:-1\" \/>\n<link rel=\"canonical\" href=\"https:\/\/www.tyroremotes.be\/fr\/declaration-de-confidentialite\/\" \/>\n<meta property=\"og:locale\" content=\"fr_FR\" \/>\n<meta property=\"og:type\" content=\"article\" \/>\n<meta property=\"og:title\" content=\"D\u00e9claration de confidentialit\u00e9 - Tyro Remotes\" \/>\n<meta property=\"og:description\" content=\"Donn\u00e9es personnelles que nous traitons Tyro Remotes traite les donn\u00e9es personnelles vous concernant parce que vous utilisez nos services et \/ ou parce que vous les fournissez vous-m\u00eame. Tyro Products B.V. Bedrijvenpark Twente 299 7602 KK Almelo, Les Pays Bas S\u00e9curit\u00e9 Tyro Remotes prend la protection de vos donn\u00e9es au s\u00e9rieux et prend les mesures [...]\" \/>\n<meta property=\"og:url\" content=\"https:\/\/www.tyroremotes.be\/fr\/declaration-de-confidentialite\/\" \/>\n<meta property=\"og:site_name\" content=\"Tyro Remotes\" \/>\n<meta property=\"article:modified_time\" content=\"2019-07-22T12:40:12+00:00\" \/>\n<meta name=\"twitter:card\" content=\"summary_large_image\" \/>\n<meta name=\"twitter:site\" content=\"@TyroRemotesNL\" \/>\n<meta name=\"twitter:label1\" content=\"Dur\u00e9e de lecture est.\" \/>\n\t<meta name=\"twitter:data1\" content=\"5 minutes\" \/>\n<script type=\"application\/ld+json\" class=\"yoast-schema-graph\">{\"@context\":\"https:\\\/\\\/schema.org\",\"@graph\":[{\"@type\":\"WebPage\",\"@id\":\"https:\\\/\\\/www.tyroremotes.be\\\/fr\\\/declaration-de-confidentialite\\\/\",\"url\":\"https:\\\/\\\/www.tyroremotes.be\\\/fr\\\/declaration-de-confidentialite\\\/\",\"name\":\"D\u00e9claration de confidentialit\u00e9 - Tyro Remotes\",\"isPartOf\":{\"@id\":\"https:\\\/\\\/www.tyroremotes.be\\\/#website\"},\"datePublished\":\"2017-10-11T13:19:39+00:00\",\"dateModified\":\"2019-07-22T12:40:12+00:00\",\"breadcrumb\":{\"@id\":\"https:\\\/\\\/www.tyroremotes.be\\\/fr\\\/declaration-de-confidentialite\\\/#breadcrumb\"},\"inLanguage\":\"fr-BE\",\"potentialAction\":[{\"@type\":\"ReadAction\",\"target\":[\"https:\\\/\\\/www.tyroremotes.be\\\/fr\\\/declaration-de-confidentialite\\\/\"]}]},{\"@type\":\"BreadcrumbList\",\"@id\":\"https:\\\/\\\/www.tyroremotes.be\\\/fr\\\/declaration-de-confidentialite\\\/#breadcrumb\",\"itemListElement\":[{\"@type\":\"ListItem\",\"position\":1,\"name\":\"Home\",\"item\":\"https:\\\/\\\/www.tyroremotes.be\\\/fr\\\/\"},{\"@type\":\"ListItem\",\"position\":2,\"name\":\"D\u00e9claration de confidentialit\u00e9\"}]},{\"@type\":\"WebSite\",\"@id\":\"https:\\\/\\\/www.tyroremotes.be\\\/#website\",\"url\":\"https:\\\/\\\/www.tyroremotes.be\\\/\",\"name\":\"Tyro Remotes\",\"description\":\"\",\"potentialAction\":[{\"@type\":\"SearchAction\",\"target\":{\"@type\":\"EntryPoint\",\"urlTemplate\":\"https:\\\/\\\/www.tyroremotes.be\\\/?s={search_term_string}\"},\"query-input\":{\"@type\":\"PropertyValueSpecification\",\"valueRequired\":true,\"valueName\":\"search_term_string\"}}],\"inLanguage\":\"fr-BE\"}]}<\/script>\n<!-- \/ Yoast SEO plugin. -->","yoast_head_json":{"title":"D\u00e9claration de confidentialit\u00e9 - Tyro Remotes","robots":{"index":"index","follow":"follow","max-snippet":"max-snippet:-1","max-image-preview":"max-image-preview:large","max-video-preview":"max-video-preview:-1"},"canonical":"https:\/\/www.tyroremotes.be\/fr\/declaration-de-confidentialite\/","og_locale":"fr_FR","og_type":"article","og_title":"D\u00e9claration de confidentialit\u00e9 - Tyro Remotes","og_description":"Donn\u00e9es personnelles que nous traitons Tyro Remotes traite les donn\u00e9es personnelles vous concernant parce que vous utilisez nos services et \/ ou parce que vous les fournissez vous-m\u00eame. Tyro Products B.V. Bedrijvenpark Twente 299 7602 KK Almelo, Les Pays Bas S\u00e9curit\u00e9 Tyro Remotes prend la protection de vos donn\u00e9es au s\u00e9rieux et prend les mesures [...]","og_url":"https:\/\/www.tyroremotes.be\/fr\/declaration-de-confidentialite\/","og_site_name":"Tyro Remotes","article_modified_time":"2019-07-22T12:40:12+00:00","twitter_card":"summary_large_image","twitter_site":"@TyroRemotesNL","twitter_misc":{"Dur\u00e9e de lecture est.":"5 minutes"},"schema":{"@context":"https:\/\/schema.org","@graph":[{"@type":"WebPage","@id":"https:\/\/www.tyroremotes.be\/fr\/declaration-de-confidentialite\/","url":"https:\/\/www.tyroremotes.be\/fr\/declaration-de-confidentialite\/","name":"D\u00e9claration de confidentialit\u00e9 - Tyro Remotes","isPartOf":{"@id":"https:\/\/www.tyroremotes.be\/#website"},"datePublished":"2017-10-11T13:19:39+00:00","dateModified":"2019-07-22T12:40:12+00:00","breadcrumb":{"@id":"https:\/\/www.tyroremotes.be\/fr\/declaration-de-confidentialite\/#breadcrumb"},"inLanguage":"fr-BE","potentialAction":[{"@type":"ReadAction","target":["https:\/\/www.tyroremotes.be\/fr\/declaration-de-confidentialite\/"]}]},{"@type":"BreadcrumbList","@id":"https:\/\/www.tyroremotes.be\/fr\/declaration-de-confidentialite\/#breadcrumb","itemListElement":[{"@type":"ListItem","position":1,"name":"Home","item":"https:\/\/www.tyroremotes.be\/fr\/"},{"@type":"ListItem","position":2,"name":"D\u00e9claration de confidentialit\u00e9"}]},{"@type":"WebSite","@id":"https:\/\/www.tyroremotes.be\/#website","url":"https:\/\/www.tyroremotes.be\/","name":"Tyro Remotes","description":"","potentialAction":[{"@type":"SearchAction","target":{"@type":"EntryPoint","urlTemplate":"https:\/\/www.tyroremotes.be\/?s={search_term_string}"},"query-input":{"@type":"PropertyValueSpecification","valueRequired":true,"valueName":"search_term_string"}}],"inLanguage":"fr-BE"}]}},"_links":{"self":[{"href":"https:\/\/www.tyroremotes.be\/fr\/wp-json\/wp\/v2\/pages\/10491","targetHints":{"allow":["GET"]}}],"collection":[{"href":"https:\/\/www.tyroremotes.be\/fr\/wp-json\/wp\/v2\/pages"}],"about":[{"href":"https:\/\/www.tyroremotes.be\/fr\/wp-json\/wp\/v2\/types\/page"}],"author":[{"embeddable":true,"href":"https:\/\/www.tyroremotes.be\/fr\/wp-json\/wp\/v2\/users\/8"}],"replies":[{"embeddable":true,"href":"https:\/\/www.tyroremotes.be\/fr\/wp-json\/wp\/v2\/comments?post=10491"}],"version-history":[{"count":1,"href":"https:\/\/www.tyroremotes.be\/fr\/wp-json\/wp\/v2\/pages\/10491\/revisions"}],"predecessor-version":[{"id":10493,"href":"https:\/\/www.tyroremotes.be\/fr\/wp-json\/wp\/v2\/pages\/10491\/revisions\/10493"}],"wp:attachment":[{"href":"https:\/\/www.tyroremotes.be\/fr\/wp-json\/wp\/v2\/media?parent=10491"}],"curies":[{"name":"wp","href":"https:\/\/api.w.org\/{rel}","templated":true}]}}