{"id":10155,"date":"2018-10-29T11:37:27","date_gmt":"2018-10-29T10:37:27","guid":{"rendered":"https:\/\/www.tyroremotes.be\/?page_id=10155"},"modified":"2018-10-29T11:52:27","modified_gmt":"2018-10-29T10:52:27","slug":"declaration-de-conformite","status":"publish","type":"page","link":"https:\/\/www.tyroremotes.be\/fr\/support\/documentation\/declaration-de-conformite\/","title":{"rendered":"D\u00e9claration de conformit\u00e9"},"content":{"rendered":"<h1>D\u00e9claration de conformit\u00e9<\/h1>\n<table style=\"border: 1px solid #dadada;\">\n<thead>\n<tr>\n<th style=\"border-bottom: 2px solid #dadada; min-width: 100px;\" colspan=\"1\">T\u00e9l\u00e9commande<\/th>\n<th style=\"border-bottom: 2px solid #dadada; min-width: 100px;\" colspan=\"1\">R\u00e9cepteur<\/th>\n<th style=\"text-align: center; border-bottom: 2px solid #dadada;\" colspan=\"1\">Document<\/th>\n<\/tr>\n<\/thead>\n<tbody>\n<tr>\n<td colspan=\"1\">Pollux<\/td>\n<td colspan=\"1\">Auriga<\/td>\n<td style=\"text-align: center; border-left: 1px solid #dadada;\" rowspan=\"5\"><a href=\"https:\/\/www.tyroremotes.be\/wp-content\/uploads\/2018\/10\/Declaration-of-Conformity_Pollux.pdf\"\ntarget=\"_blank\" rel=\"noopener\"><img decoding=\"async\" class=\"aligncenter size-full wp-image-6819\" src=\"https:\/\/www.tyroremotes.nl\/wp-content\/uploads\/2015\/10\/downloadpdf3.png\" alt=\"\" width=\"75\" height=\"50\" \/><\/a><\/td>\n<\/tr>\n<tr>\n<td colspan=\"1\"><\/td>\n<td colspan=\"1\">Pavo<\/td>\n<\/tr>\n<tr>\n<td colspan=\"1\"><\/td>\n<td colspan=\"1\">Aquila<\/td>\n<\/tr>\n<tr>\n<td colspan=\"1\"><\/td>\n<td colspan=\"1\">Norma<\/td>\n<\/tr>\n<tr>\n<td colspan=\"1\"><\/td>\n<td colspan=\"1\">Aquarius<\/td>\n<\/tr>\n<\/tbody>\n<\/table>\n<table style=\"border: 1px solid #dadada;\">\n<thead>\n<tr>\n<th style=\"border-bottom: 2px solid #dadada; min-width: 100px;\" colspan=\"1\">T\u00e9l\u00e9commande<\/th>\n<th style=\"border-bottom: 2px solid #dadada; min-width: 100px;\" colspan=\"1\">R\u00e9cepteur<\/th>\n<th style=\"text-align: center; border-bottom: 2px solid #dadada;\" colspan=\"1\">Document<\/th>\n<\/tr>\n<\/thead>\n<tbody>\n<tr>\n<td colspan=\"1\">Pyxis<\/td>\n<td colspan=\"1\">Auriga<\/td>\n<td style=\"text-align: center; border-left: 1px solid #dadada;\" rowspan=\"9\"><a href=\"https:\/\/www.tyroremotes.be\/wp-content\/uploads\/2018\/10\/Declaration-of-Conformity_E4-products.pdf\"\ntarget=\"_blank\" rel=\"noopener\"><img decoding=\"async\" class=\"aligncenter size-full wp-image-6819\" src=\"https:\/\/www.tyroremotes.nl\/wp-content\/uploads\/2015\/10\/downloadpdf3.png\" alt=\"\" width=\"75\" height=\"50\" \/><\/a><\/td>\n<\/tr>\n<tr>\n<td colspan=\"1\">Corvus<\/td>\n<td colspan=\"1\">Pavo<\/td>\n<\/tr>\n<tr>\n<td colspan=\"1\">Libra<\/td>\n<td colspan=\"1\">Aquila<\/td>\n<\/tr>\n<tr>\n<td colspan=\"1\">Cetus<\/td>\n<td colspan=\"1\">Norma<\/td>\n<\/tr>\n<tr>\n<td colspan=\"1\">Lyra<\/td>\n<td colspan=\"1\">Aquarius<\/td>\n<\/tr>\n<tr>\n<td colspan=\"1\">Musca<\/td>\n<td colspan=\"1\">Hydrus<\/td>\n<\/tr>\n<tr>\n<td colspan=\"1\">Sedna<\/td>\n<td colspan=\"1\">Virgo<\/td>\n<\/tr>\n<tr>\n<td colspan=\"1\">Fornax<\/td>\n<td colspan=\"1\"><\/td>\n<\/tr>\n<\/tbody>\n<\/table>\n<table style=\"border: 1px solid #dadada;\">\n<thead>\n<tr>\n<th style=\"border-bottom: 2px solid #dadada; min-width: 100px;\" colspan=\"1\">T\u00e9l\u00e9commande<\/th>\n<th style=\"border-bottom: 2px solid #dadada; min-width: 100px;\" colspan=\"1\">R\u00e9cepteur<\/th>\n<th style=\"text-align: center; border-bottom: 2px solid #dadada;\" colspan=\"1\">Document<\/th>\n<\/tr>\n<\/thead>\n<tbody>\n<tr>\n<td colspan=\"1\">Indus AQ<\/td>\n<td colspan=\"1\">Auriga<\/td>\n<td style=\"text-align: center; border-left: 1px solid #dadada;\" rowspan=\"2\"><a href=\"https:\/\/www.tyroremotes.be\/wp-content\/uploads\/2018\/10\/Declaration-of-Conformity_NON-E4-products.pdf\" target=\"_blank\" rel=\"noopener\"><img decoding=\"async\" class=\"aligncenter size-full wp-image-6819\" src=\"https:\/\/www.tyroremotes.nl\/wp-content\/uploads\/2015\/10\/downloadpdf3.png\" alt=\"\" width=\"75\" height=\"50\" \/><\/a><\/td>\n<\/tr>\n<tr>\n<td colspan=\"1\">Fornax<\/td>\n<td colspan=\"1\">Aquarius<\/td>\n<\/tr>\n<\/tbody>\n<\/table>\n<table style=\"border: 1px solid #dadada;\">\n<thead>\n<tr>\n<th style=\"border-bottom: 2px solid #dadada; min-width: 100px;\" colspan=\"1\">T\u00e9l\u00e9commande<\/th>\n<th style=\"border-bottom: 2px solid #dadada; min-width: 100px;\" colspan=\"1\">R\u00e9cepteur<\/th>\n<th style=\"text-align: center; border-bottom: 2px solid #dadada;\" colspan=\"1\">Document<\/th>\n<\/tr>\n<\/thead>\n<tbody>\n<tr>\n<td colspan=\"1\">Indus 1S<\/td>\n<td colspan=\"1\">Gemini 1S<\/td>\n<td style=\"text-align: center; border-left: 1px solid #dadada;\" rowspan=\"1\"><a href=\"https:\/\/www.tyroremotes.be\/wp-content\/uploads\/2018\/10\/Declaration-of-conformity_Indus_Gemini.pdf\" target=\"_blank\" rel=\"noopener\"><img decoding=\"async\" class=\"aligncenter size-full wp-image-6819\" src=\"https:\/\/www.tyroremotes.nl\/wp-content\/uploads\/2015\/10\/downloadpdf3.png\" alt=\"\" width=\"75\" height=\"50\" \/><\/a><\/td>\n<\/tr>\n<\/tbody>\n<\/table>\n<table style=\"border: 1px solid #dadada;\">\n<thead>\n<tr>\n<th style=\"border-bottom: 2px solid #dadada; min-width: 100px;\" colspan=\"1\">T\u00e9l\u00e9commande<\/th>\n<th style=\"border-bottom: 2px solid #dadada; min-width: 100px;\" colspan=\"1\">R\u00e9cepteur<\/th>\n<th style=\"text-align: center; border-bottom: 2px solid #dadada;\" colspan=\"1\">Document<\/th>\n<\/tr>\n<\/thead>\n<tbody>\n<tr>\n<td colspan=\"1\">Indus 1S India<\/td>\n<td colspan=\"1\">Gemini 1S India<\/td>\n<td style=\"text-align: center; border-left: 1px solid #dadada;\" rowspan=\"1\"><a href=\"https:\/\/www.tyroremotes.be\/wp-content\/uploads\/2018\/10\/Declaration-of-conformity_Indus_Gemini_india.pdf\"\ntarget=\"_blank\" rel=\"noopener\"><img decoding=\"async\" class=\"aligncenter size-full wp-image-6819\" src=\"https:\/\/www.tyroremotes.nl\/wp-content\/uploads\/2015\/10\/downloadpdf3.png\" alt=\"\" width=\"75\" height=\"50\" \/><\/a><\/td>\n<\/tr>\n<\/tbody>\n<\/table>\n","protected":false},"excerpt":{"rendered":"<p>D\u00e9claration de conformit\u00e9 T\u00e9l\u00e9commande R\u00e9cepteur Document Pollux Auriga Pavo Aquila Norma Aquarius T\u00e9l\u00e9commande R\u00e9cepteur Document Pyxis Auriga Corvus Pavo Libra Aquila Cetus Norma Lyra Aquarius Musca Hydrus Sedna Virgo Fornax T\u00e9l\u00e9commande R\u00e9cepteur Document Indus AQ Auriga Fornax Aquarius T\u00e9l\u00e9commande R\u00e9cepteur Document Indus 1S Gemini 1S T\u00e9l\u00e9commande R\u00e9cepteur Document Indus 1S India Gemini 1S India<\/p>\n","protected":false},"author":8,"featured_media":0,"parent":10016,"menu_order":0,"comment_status":"closed","ping_status":"closed","template":"","meta":{"footnotes":""},"class_list":["post-10155","page","type-page","status-publish","hentry"],"yoast_head":"<!-- This site is optimized with the Yoast SEO plugin v27.5 - https:\/\/yoast.com\/product\/yoast-seo-wordpress\/ -->\n<title>D\u00e9claration de conformit\u00e9 - Tyro Remotes<\/title>\n<meta name=\"robots\" content=\"index, follow, max-snippet:-1, max-image-preview:large, max-video-preview:-1\" \/>\n<link rel=\"canonical\" href=\"https:\/\/www.tyroremotes.be\/fr\/support\/documentation\/declaration-de-conformite\/\" \/>\n<meta property=\"og:locale\" content=\"fr_FR\" \/>\n<meta property=\"og:type\" content=\"article\" \/>\n<meta property=\"og:title\" content=\"D\u00e9claration de conformit\u00e9 - Tyro Remotes\" \/>\n<meta property=\"og:description\" content=\"D\u00e9claration de conformit\u00e9 T\u00e9l\u00e9commande R\u00e9cepteur Document Pollux Auriga Pavo Aquila Norma Aquarius T\u00e9l\u00e9commande R\u00e9cepteur Document Pyxis Auriga Corvus Pavo Libra Aquila Cetus Norma Lyra Aquarius Musca Hydrus Sedna Virgo Fornax T\u00e9l\u00e9commande R\u00e9cepteur Document Indus AQ Auriga Fornax Aquarius T\u00e9l\u00e9commande R\u00e9cepteur Document Indus 1S Gemini 1S T\u00e9l\u00e9commande R\u00e9cepteur Document Indus 1S India Gemini 1S India\" \/>\n<meta property=\"og:url\" content=\"https:\/\/www.tyroremotes.be\/fr\/support\/documentation\/declaration-de-conformite\/\" \/>\n<meta property=\"og:site_name\" content=\"Tyro Remotes\" \/>\n<meta property=\"article:modified_time\" content=\"2018-10-29T10:52:27+00:00\" \/>\n<meta property=\"og:image\" content=\"https:\/\/www.tyroremotes.nl\/wp-content\/uploads\/2015\/10\/downloadpdf3.png\" \/>\n<meta name=\"twitter:card\" content=\"summary_large_image\" \/>\n<meta name=\"twitter:site\" content=\"@TyroRemotesNL\" \/>\n<script type=\"application\/ld+json\" class=\"yoast-schema-graph\">{\"@context\":\"https:\\\/\\\/schema.org\",\"@graph\":[{\"@type\":\"WebPage\",\"@id\":\"https:\\\/\\\/www.tyroremotes.be\\\/fr\\\/support\\\/documentation\\\/declaration-de-conformite\\\/\",\"url\":\"https:\\\/\\\/www.tyroremotes.be\\\/fr\\\/support\\\/documentation\\\/declaration-de-conformite\\\/\",\"name\":\"D\u00e9claration de conformit\u00e9 - Tyro Remotes\",\"isPartOf\":{\"@id\":\"https:\\\/\\\/www.tyroremotes.be\\\/#website\"},\"primaryImageOfPage\":{\"@id\":\"https:\\\/\\\/www.tyroremotes.be\\\/fr\\\/support\\\/documentation\\\/declaration-de-conformite\\\/#primaryimage\"},\"image\":{\"@id\":\"https:\\\/\\\/www.tyroremotes.be\\\/fr\\\/support\\\/documentation\\\/declaration-de-conformite\\\/#primaryimage\"},\"thumbnailUrl\":\"https:\\\/\\\/www.tyroremotes.nl\\\/wp-content\\\/uploads\\\/2015\\\/10\\\/downloadpdf3.png\",\"datePublished\":\"2018-10-29T10:37:27+00:00\",\"dateModified\":\"2018-10-29T10:52:27+00:00\",\"breadcrumb\":{\"@id\":\"https:\\\/\\\/www.tyroremotes.be\\\/fr\\\/support\\\/documentation\\\/declaration-de-conformite\\\/#breadcrumb\"},\"inLanguage\":\"fr-BE\",\"potentialAction\":[{\"@type\":\"ReadAction\",\"target\":[\"https:\\\/\\\/www.tyroremotes.be\\\/fr\\\/support\\\/documentation\\\/declaration-de-conformite\\\/\"]}]},{\"@type\":\"ImageObject\",\"inLanguage\":\"fr-BE\",\"@id\":\"https:\\\/\\\/www.tyroremotes.be\\\/fr\\\/support\\\/documentation\\\/declaration-de-conformite\\\/#primaryimage\",\"url\":\"https:\\\/\\\/www.tyroremotes.nl\\\/wp-content\\\/uploads\\\/2015\\\/10\\\/downloadpdf3.png\",\"contentUrl\":\"https:\\\/\\\/www.tyroremotes.nl\\\/wp-content\\\/uploads\\\/2015\\\/10\\\/downloadpdf3.png\"},{\"@type\":\"BreadcrumbList\",\"@id\":\"https:\\\/\\\/www.tyroremotes.be\\\/fr\\\/support\\\/documentation\\\/declaration-de-conformite\\\/#breadcrumb\",\"itemListElement\":[{\"@type\":\"ListItem\",\"position\":1,\"name\":\"Home\",\"item\":\"https:\\\/\\\/www.tyroremotes.be\\\/fr\\\/\"},{\"@type\":\"ListItem\",\"position\":2,\"name\":\"Support\",\"item\":\"https:\\\/\\\/www.tyroremotes.be\\\/fr\\\/support\\\/\"},{\"@type\":\"ListItem\",\"position\":3,\"name\":\"Documentation\",\"item\":\"https:\\\/\\\/www.tyroremotes.be\\\/fr\\\/support\\\/documentation\\\/\"},{\"@type\":\"ListItem\",\"position\":4,\"name\":\"D\u00e9claration de conformit\u00e9\"}]},{\"@type\":\"WebSite\",\"@id\":\"https:\\\/\\\/www.tyroremotes.be\\\/#website\",\"url\":\"https:\\\/\\\/www.tyroremotes.be\\\/\",\"name\":\"Tyro Remotes\",\"description\":\"\",\"potentialAction\":[{\"@type\":\"SearchAction\",\"target\":{\"@type\":\"EntryPoint\",\"urlTemplate\":\"https:\\\/\\\/www.tyroremotes.be\\\/?s={search_term_string}\"},\"query-input\":{\"@type\":\"PropertyValueSpecification\",\"valueRequired\":true,\"valueName\":\"search_term_string\"}}],\"inLanguage\":\"fr-BE\"}]}<\/script>\n<!-- \/ Yoast SEO plugin. -->","yoast_head_json":{"title":"D\u00e9claration de conformit\u00e9 - Tyro Remotes","robots":{"index":"index","follow":"follow","max-snippet":"max-snippet:-1","max-image-preview":"max-image-preview:large","max-video-preview":"max-video-preview:-1"},"canonical":"https:\/\/www.tyroremotes.be\/fr\/support\/documentation\/declaration-de-conformite\/","og_locale":"fr_FR","og_type":"article","og_title":"D\u00e9claration de conformit\u00e9 - Tyro Remotes","og_description":"D\u00e9claration de conformit\u00e9 T\u00e9l\u00e9commande R\u00e9cepteur Document Pollux Auriga Pavo Aquila Norma Aquarius T\u00e9l\u00e9commande R\u00e9cepteur Document Pyxis Auriga Corvus Pavo Libra Aquila Cetus Norma Lyra Aquarius Musca Hydrus Sedna Virgo Fornax T\u00e9l\u00e9commande R\u00e9cepteur Document Indus AQ Auriga Fornax Aquarius T\u00e9l\u00e9commande R\u00e9cepteur Document Indus 1S Gemini 1S T\u00e9l\u00e9commande R\u00e9cepteur Document Indus 1S India Gemini 1S India","og_url":"https:\/\/www.tyroremotes.be\/fr\/support\/documentation\/declaration-de-conformite\/","og_site_name":"Tyro Remotes","article_modified_time":"2018-10-29T10:52:27+00:00","og_image":[{"url":"https:\/\/www.tyroremotes.nl\/wp-content\/uploads\/2015\/10\/downloadpdf3.png","type":"","width":"","height":""}],"twitter_card":"summary_large_image","twitter_site":"@TyroRemotesNL","schema":{"@context":"https:\/\/schema.org","@graph":[{"@type":"WebPage","@id":"https:\/\/www.tyroremotes.be\/fr\/support\/documentation\/declaration-de-conformite\/","url":"https:\/\/www.tyroremotes.be\/fr\/support\/documentation\/declaration-de-conformite\/","name":"D\u00e9claration de conformit\u00e9 - Tyro Remotes","isPartOf":{"@id":"https:\/\/www.tyroremotes.be\/#website"},"primaryImageOfPage":{"@id":"https:\/\/www.tyroremotes.be\/fr\/support\/documentation\/declaration-de-conformite\/#primaryimage"},"image":{"@id":"https:\/\/www.tyroremotes.be\/fr\/support\/documentation\/declaration-de-conformite\/#primaryimage"},"thumbnailUrl":"https:\/\/www.tyroremotes.nl\/wp-content\/uploads\/2015\/10\/downloadpdf3.png","datePublished":"2018-10-29T10:37:27+00:00","dateModified":"2018-10-29T10:52:27+00:00","breadcrumb":{"@id":"https:\/\/www.tyroremotes.be\/fr\/support\/documentation\/declaration-de-conformite\/#breadcrumb"},"inLanguage":"fr-BE","potentialAction":[{"@type":"ReadAction","target":["https:\/\/www.tyroremotes.be\/fr\/support\/documentation\/declaration-de-conformite\/"]}]},{"@type":"ImageObject","inLanguage":"fr-BE","@id":"https:\/\/www.tyroremotes.be\/fr\/support\/documentation\/declaration-de-conformite\/#primaryimage","url":"https:\/\/www.tyroremotes.nl\/wp-content\/uploads\/2015\/10\/downloadpdf3.png","contentUrl":"https:\/\/www.tyroremotes.nl\/wp-content\/uploads\/2015\/10\/downloadpdf3.png"},{"@type":"BreadcrumbList","@id":"https:\/\/www.tyroremotes.be\/fr\/support\/documentation\/declaration-de-conformite\/#breadcrumb","itemListElement":[{"@type":"ListItem","position":1,"name":"Home","item":"https:\/\/www.tyroremotes.be\/fr\/"},{"@type":"ListItem","position":2,"name":"Support","item":"https:\/\/www.tyroremotes.be\/fr\/support\/"},{"@type":"ListItem","position":3,"name":"Documentation","item":"https:\/\/www.tyroremotes.be\/fr\/support\/documentation\/"},{"@type":"ListItem","position":4,"name":"D\u00e9claration de conformit\u00e9"}]},{"@type":"WebSite","@id":"https:\/\/www.tyroremotes.be\/#website","url":"https:\/\/www.tyroremotes.be\/","name":"Tyro Remotes","description":"","potentialAction":[{"@type":"SearchAction","target":{"@type":"EntryPoint","urlTemplate":"https:\/\/www.tyroremotes.be\/?s={search_term_string}"},"query-input":{"@type":"PropertyValueSpecification","valueRequired":true,"valueName":"search_term_string"}}],"inLanguage":"fr-BE"}]}},"_links":{"self":[{"href":"https:\/\/www.tyroremotes.be\/fr\/wp-json\/wp\/v2\/pages\/10155","targetHints":{"allow":["GET"]}}],"collection":[{"href":"https:\/\/www.tyroremotes.be\/fr\/wp-json\/wp\/v2\/pages"}],"about":[{"href":"https:\/\/www.tyroremotes.be\/fr\/wp-json\/wp\/v2\/types\/page"}],"author":[{"embeddable":true,"href":"https:\/\/www.tyroremotes.be\/fr\/wp-json\/wp\/v2\/users\/8"}],"replies":[{"embeddable":true,"href":"https:\/\/www.tyroremotes.be\/fr\/wp-json\/wp\/v2\/comments?post=10155"}],"version-history":[{"count":4,"href":"https:\/\/www.tyroremotes.be\/fr\/wp-json\/wp\/v2\/pages\/10155\/revisions"}],"predecessor-version":[{"id":10159,"href":"https:\/\/www.tyroremotes.be\/fr\/wp-json\/wp\/v2\/pages\/10155\/revisions\/10159"}],"up":[{"embeddable":true,"href":"https:\/\/www.tyroremotes.be\/fr\/wp-json\/wp\/v2\/pages\/10016"}],"wp:attachment":[{"href":"https:\/\/www.tyroremotes.be\/fr\/wp-json\/wp\/v2\/media?parent=10155"}],"curies":[{"name":"wp","href":"https:\/\/api.w.org\/{rel}","templated":true}]}}