{"id":10115,"date":"2015-10-27T08:21:21","date_gmt":"2015-10-27T07:21:21","guid":{"rendered":"https:\/\/www.tyroremotes.be\/?page_id=10115"},"modified":"2018-10-19T12:37:41","modified_gmt":"2018-10-19T11:37:41","slug":"programmation-auriga-pavo-aquila","status":"publish","type":"page","link":"https:\/\/www.tyroremotes.be\/fr\/support\/videos-de-programmation\/programmation-auriga-pavo-aquila\/","title":{"rendered":"Programmation Auriga \/ Pavo \/ Aquila"},"content":{"rendered":"<h2>Programmation des \u00e9metteurs Pyxis, Corvus &amp; Libra avec les r\u00e9cepteurs Auriga, Pavo &amp; Aquila<\/h2>\n<p>S&rsquo;il vous pla\u00eet cliquer sur l&rsquo;ic\u00f4ne \u00absous-titres\u00bb pour activer les sous-titres (fran\u00e7ais, anglais, allemand ou n\u00e9erlandais).<\/p>\n<p><iframe width=\"1020\" height=\"574\" src=\"https:\/\/www.youtube.com\/embed\/ecm1BatjFhs?feature=oembed\" frameborder=\"0\" allow=\"autoplay; encrypted-media\" allowfullscreen><\/iframe><\/p>\n<h2>Auriga\/Pavo\/Aquila: programmation de votre t\u00e9l\u00e9commande en 10 \u00e9tapes faciles<\/h2>\n<div class=\"row\"  id=\"row-1760679827\">\n\n\t<div id=\"col-1930729086\" class=\"col medium-8 large-8\"  >\n\t\t\t\t<div class=\"col-inner\"  >\n\t\t\t\n\t\t\t\n<ol>\n<li>D\u00e9vissez le r\u00e9cepteur. Vous pouvez voir 2 circuits imprim\u00e9s l&rsquo;un au-dessus de l&rsquo;autre<\/li>\n<li>Reliez la masse \u00e0 l&rsquo;alimentation V-<\/li>\n<li>Brancher l&rsquo;alimentation sur le V +<\/li>\n<li>Localisez le bouton blanc sur le circuit imprim\u00e9 du bas et le maintenir enfonc\u00e9<\/li>\n<li>Mettez le syst\u00e8me sous tension<\/li>\n<li>Allumez l&rsquo;\u00e9metteur avec le bouton vert et maintenez ce bouton enfonc\u00e9<\/li>\n<li>Vous entendez le relais cliquer<\/li>\n<li>Vous pouvez maintenant rel\u00e2cher les deux boutons<\/li>\n<li>V\u00e9rifiez que l&rsquo;\u00e9metteur soit bien programm\u00e9<\/li>\n<li>Vous pouvez revisser le bo\u00eetier du r\u00e9cepteur, le syst\u00e8me est maintenant pr\u00eat \u00e0 \u00eatre utilis\u00e9.<\/li>\n<\/ol>\n<ul>\n<li>R\u00e9p\u00e9tez les \u00e9tapes 4 \u00e0 9 si vous souhaitez programmer plusieurs \u00e9metteurs au r\u00e9cepteur.<\/li>\n<li>Pour supprimer la programmation de tous les \u00e9metteurs, r\u00e9p\u00e9tez les \u00e9tapes 5 et 6 et maintenez enfonc\u00e9 plus de 10 secondes le bouton blanc du circuit imprim\u00e9.<\/li>\n<li>Apr\u00e8s montage, coupez et isolez les fils non utilis\u00e9s.<\/li>\n<\/ul>\n\t\t<\/div>\n\t\t\t\t\t<\/div>\n\n\t\n\n\t<div id=\"col-892538423\" class=\"col medium-4 large-4\"  >\n\t\t\t\t<div class=\"col-inner\"  >\n\t\t\t\n\t\t\t\n\t<div class=\"img has-hover x md-x lg-x y md-y lg-y\" id=\"image_1841319321\">\n\t\t<a class=\"image-lightbox lightbox-gallery\" title=\"\" href=\"\">\t\t\t\t\t\t<div class=\"img-inner dark\" >\n\t\t\t\t\t\t\t\t\t\n\t\t\t\t\t<\/div>\n\t\t\t\t\t\t<\/a>\t\t\n<style>\n#image_1841319321 {\n  width: 100%;\n}\n<\/style>\n\t<\/div>\n\t\n<p style=\"text-align: center\">Le bouton blanc sur le PCB (cliquez pour agrandir)<\/p>\n\t\t<\/div>\n\t\t\t\t\t<\/div>\n\n\t\n<\/div>\n","protected":false},"excerpt":{"rendered":"<p>Programmation des \u00e9metteurs Pyxis, Corvus &amp; Libra avec les r\u00e9cepteurs Auriga, Pavo &amp; Aquila S&rsquo;il vous pla\u00eet cliquer sur l&rsquo;ic\u00f4ne \u00absous-titres\u00bb pour activer les sous-titres (fran\u00e7ais, anglais, allemand ou n\u00e9erlandais). Auriga\/Pavo\/Aquila: programmation de votre t\u00e9l\u00e9commande en 10 \u00e9tapes faciles<\/p>\n","protected":false},"author":9,"featured_media":0,"parent":10059,"menu_order":0,"comment_status":"closed","ping_status":"closed","template":"page-left-sidebar.php","meta":{"footnotes":""},"class_list":["post-10115","page","type-page","status-publish","hentry"],"yoast_head":"<!-- This site is optimized with the Yoast SEO plugin v27.6 - https:\/\/yoast.com\/product\/yoast-seo-wordpress\/ -->\n<title>Programmation de t\u00e9l\u00e9commande Pyxis, Corvus ou Libra avec Auriga<\/title>\n<meta name=\"description\" content=\"Voivi comment faire la programmation votre t\u00e9l\u00e9commande Tyro comprenant l&#039;\u00e9metteur Pyxis, Corvus ou Libra avec son r\u00e9cepteur Auriga, Pavo ou Aquila \u00e0 l&#039;aide d&#039;une vid\u00e9o You Tube.\" \/>\n<meta name=\"robots\" content=\"index, follow, max-snippet:-1, max-image-preview:large, max-video-preview:-1\" \/>\n<link rel=\"canonical\" href=\"https:\/\/www.tyroremotes.be\/fr\/support\/videos-de-programmation\/programmation-auriga-pavo-aquila\/\" \/>\n<meta property=\"og:locale\" content=\"fr_FR\" \/>\n<meta property=\"og:type\" content=\"article\" \/>\n<meta property=\"og:title\" content=\"Programmation de t\u00e9l\u00e9commande Pyxis, Corvus ou Libra avec Auriga\" \/>\n<meta property=\"og:description\" content=\"Voivi comment faire la programmation votre t\u00e9l\u00e9commande Tyro comprenant l&#039;\u00e9metteur Pyxis, Corvus ou Libra avec son r\u00e9cepteur Auriga, Pavo ou Aquila \u00e0 l&#039;aide d&#039;une vid\u00e9o You Tube.\" \/>\n<meta property=\"og:url\" content=\"https:\/\/www.tyroremotes.be\/fr\/support\/videos-de-programmation\/programmation-auriga-pavo-aquila\/\" \/>\n<meta property=\"og:site_name\" content=\"Tyro Remotes\" \/>\n<meta property=\"article:modified_time\" content=\"2018-10-19T11:37:41+00:00\" \/>\n<meta name=\"twitter:card\" content=\"summary_large_image\" \/>\n<meta name=\"twitter:site\" content=\"@TyroRemotesNL\" \/>\n<meta name=\"twitter:label1\" content=\"Dur\u00e9e de lecture est.\" \/>\n\t<meta name=\"twitter:data1\" content=\"1 minute\" \/>\n<script type=\"application\/ld+json\" class=\"yoast-schema-graph\">{\"@context\":\"https:\\\/\\\/schema.org\",\"@graph\":[{\"@type\":\"WebPage\",\"@id\":\"https:\\\/\\\/www.tyroremotes.be\\\/fr\\\/support\\\/videos-de-programmation\\\/programmation-auriga-pavo-aquila\\\/\",\"url\":\"https:\\\/\\\/www.tyroremotes.be\\\/fr\\\/support\\\/videos-de-programmation\\\/programmation-auriga-pavo-aquila\\\/\",\"name\":\"Programmation de t\u00e9l\u00e9commande Pyxis, Corvus ou Libra avec Auriga\",\"isPartOf\":{\"@id\":\"https:\\\/\\\/www.tyroremotes.be\\\/#website\"},\"datePublished\":\"2015-10-27T07:21:21+00:00\",\"dateModified\":\"2018-10-19T11:37:41+00:00\",\"description\":\"Voivi comment faire la programmation votre t\u00e9l\u00e9commande Tyro comprenant l'\u00e9metteur Pyxis, Corvus ou Libra avec son r\u00e9cepteur Auriga, Pavo ou Aquila \u00e0 l'aide d'une vid\u00e9o You Tube.\",\"breadcrumb\":{\"@id\":\"https:\\\/\\\/www.tyroremotes.be\\\/fr\\\/support\\\/videos-de-programmation\\\/programmation-auriga-pavo-aquila\\\/#breadcrumb\"},\"inLanguage\":\"fr-BE\",\"potentialAction\":[{\"@type\":\"ReadAction\",\"target\":[\"https:\\\/\\\/www.tyroremotes.be\\\/fr\\\/support\\\/videos-de-programmation\\\/programmation-auriga-pavo-aquila\\\/\"]}]},{\"@type\":\"BreadcrumbList\",\"@id\":\"https:\\\/\\\/www.tyroremotes.be\\\/fr\\\/support\\\/videos-de-programmation\\\/programmation-auriga-pavo-aquila\\\/#breadcrumb\",\"itemListElement\":[{\"@type\":\"ListItem\",\"position\":1,\"name\":\"Home\",\"item\":\"https:\\\/\\\/www.tyroremotes.be\\\/fr\\\/\"},{\"@type\":\"ListItem\",\"position\":2,\"name\":\"Support\",\"item\":\"https:\\\/\\\/www.tyroremotes.be\\\/fr\\\/support\\\/\"},{\"@type\":\"ListItem\",\"position\":3,\"name\":\"Vid\u00e9os de Programmation\",\"item\":\"https:\\\/\\\/www.tyroremotes.be\\\/fr\\\/support\\\/videos-de-programmation\\\/\"},{\"@type\":\"ListItem\",\"position\":4,\"name\":\"Programmation Auriga \\\/ Pavo \\\/ Aquila\"}]},{\"@type\":\"WebSite\",\"@id\":\"https:\\\/\\\/www.tyroremotes.be\\\/#website\",\"url\":\"https:\\\/\\\/www.tyroremotes.be\\\/\",\"name\":\"Tyro Remotes\",\"description\":\"\",\"potentialAction\":[{\"@type\":\"SearchAction\",\"target\":{\"@type\":\"EntryPoint\",\"urlTemplate\":\"https:\\\/\\\/www.tyroremotes.be\\\/?s={search_term_string}\"},\"query-input\":{\"@type\":\"PropertyValueSpecification\",\"valueRequired\":true,\"valueName\":\"search_term_string\"}}],\"inLanguage\":\"fr-BE\"}]}<\/script>\n<!-- \/ Yoast SEO plugin. -->","yoast_head_json":{"title":"Programmation de t\u00e9l\u00e9commande Pyxis, Corvus ou Libra avec Auriga","description":"Voivi comment faire la programmation votre t\u00e9l\u00e9commande Tyro comprenant l'\u00e9metteur Pyxis, Corvus ou Libra avec son r\u00e9cepteur Auriga, Pavo ou Aquila \u00e0 l'aide d'une vid\u00e9o You Tube.","robots":{"index":"index","follow":"follow","max-snippet":"max-snippet:-1","max-image-preview":"max-image-preview:large","max-video-preview":"max-video-preview:-1"},"canonical":"https:\/\/www.tyroremotes.be\/fr\/support\/videos-de-programmation\/programmation-auriga-pavo-aquila\/","og_locale":"fr_FR","og_type":"article","og_title":"Programmation de t\u00e9l\u00e9commande Pyxis, Corvus ou Libra avec Auriga","og_description":"Voivi comment faire la programmation votre t\u00e9l\u00e9commande Tyro comprenant l'\u00e9metteur Pyxis, Corvus ou Libra avec son r\u00e9cepteur Auriga, Pavo ou Aquila \u00e0 l'aide d'une vid\u00e9o You Tube.","og_url":"https:\/\/www.tyroremotes.be\/fr\/support\/videos-de-programmation\/programmation-auriga-pavo-aquila\/","og_site_name":"Tyro Remotes","article_modified_time":"2018-10-19T11:37:41+00:00","twitter_card":"summary_large_image","twitter_site":"@TyroRemotesNL","twitter_misc":{"Dur\u00e9e de lecture est.":"1 minute"},"schema":{"@context":"https:\/\/schema.org","@graph":[{"@type":"WebPage","@id":"https:\/\/www.tyroremotes.be\/fr\/support\/videos-de-programmation\/programmation-auriga-pavo-aquila\/","url":"https:\/\/www.tyroremotes.be\/fr\/support\/videos-de-programmation\/programmation-auriga-pavo-aquila\/","name":"Programmation de t\u00e9l\u00e9commande Pyxis, Corvus ou Libra avec Auriga","isPartOf":{"@id":"https:\/\/www.tyroremotes.be\/#website"},"datePublished":"2015-10-27T07:21:21+00:00","dateModified":"2018-10-19T11:37:41+00:00","description":"Voivi comment faire la programmation votre t\u00e9l\u00e9commande Tyro comprenant l'\u00e9metteur Pyxis, Corvus ou Libra avec son r\u00e9cepteur Auriga, Pavo ou Aquila \u00e0 l'aide d'une vid\u00e9o You Tube.","breadcrumb":{"@id":"https:\/\/www.tyroremotes.be\/fr\/support\/videos-de-programmation\/programmation-auriga-pavo-aquila\/#breadcrumb"},"inLanguage":"fr-BE","potentialAction":[{"@type":"ReadAction","target":["https:\/\/www.tyroremotes.be\/fr\/support\/videos-de-programmation\/programmation-auriga-pavo-aquila\/"]}]},{"@type":"BreadcrumbList","@id":"https:\/\/www.tyroremotes.be\/fr\/support\/videos-de-programmation\/programmation-auriga-pavo-aquila\/#breadcrumb","itemListElement":[{"@type":"ListItem","position":1,"name":"Home","item":"https:\/\/www.tyroremotes.be\/fr\/"},{"@type":"ListItem","position":2,"name":"Support","item":"https:\/\/www.tyroremotes.be\/fr\/support\/"},{"@type":"ListItem","position":3,"name":"Vid\u00e9os de Programmation","item":"https:\/\/www.tyroremotes.be\/fr\/support\/videos-de-programmation\/"},{"@type":"ListItem","position":4,"name":"Programmation Auriga \/ Pavo \/ Aquila"}]},{"@type":"WebSite","@id":"https:\/\/www.tyroremotes.be\/#website","url":"https:\/\/www.tyroremotes.be\/","name":"Tyro Remotes","description":"","potentialAction":[{"@type":"SearchAction","target":{"@type":"EntryPoint","urlTemplate":"https:\/\/www.tyroremotes.be\/?s={search_term_string}"},"query-input":{"@type":"PropertyValueSpecification","valueRequired":true,"valueName":"search_term_string"}}],"inLanguage":"fr-BE"}]}},"_links":{"self":[{"href":"https:\/\/www.tyroremotes.be\/fr\/wp-json\/wp\/v2\/pages\/10115","targetHints":{"allow":["GET"]}}],"collection":[{"href":"https:\/\/www.tyroremotes.be\/fr\/wp-json\/wp\/v2\/pages"}],"about":[{"href":"https:\/\/www.tyroremotes.be\/fr\/wp-json\/wp\/v2\/types\/page"}],"author":[{"embeddable":true,"href":"https:\/\/www.tyroremotes.be\/fr\/wp-json\/wp\/v2\/users\/9"}],"replies":[{"embeddable":true,"href":"https:\/\/www.tyroremotes.be\/fr\/wp-json\/wp\/v2\/comments?post=10115"}],"version-history":[{"count":1,"href":"https:\/\/www.tyroremotes.be\/fr\/wp-json\/wp\/v2\/pages\/10115\/revisions"}],"predecessor-version":[{"id":10117,"href":"https:\/\/www.tyroremotes.be\/fr\/wp-json\/wp\/v2\/pages\/10115\/revisions\/10117"}],"up":[{"embeddable":true,"href":"https:\/\/www.tyroremotes.be\/fr\/wp-json\/wp\/v2\/pages\/10059"}],"wp:attachment":[{"href":"https:\/\/www.tyroremotes.be\/fr\/wp-json\/wp\/v2\/media?parent=10115"}],"curies":[{"name":"wp","href":"https:\/\/api.w.org\/{rel}","templated":true}]}}