{"id":10055,"date":"2016-09-19T08:04:26","date_gmt":"2016-09-19T07:04:26","guid":{"rendered":"https:\/\/www.tyroremotes.be\/?page_id=10055"},"modified":"2018-10-17T13:43:05","modified_gmt":"2018-10-17T12:43:05","slug":"programmation-lyra-hydrus","status":"publish","type":"page","link":"https:\/\/www.tyroremotes.be\/fr\/support\/videos-de-programmation\/programmation-lyra-hydrus\/","title":{"rendered":"Programmation Lyra \/ Hydrus"},"content":{"rendered":"<h1>Programmation Lyra \/ Hydrus<\/h1>\n<p>Ce tutoriel est con\u00e7u pour la t\u00e9l\u00e9commande Lyra en combinaison avec le r\u00e9cepteur Hydrus.<\/p>\n<p><iframe width=\"1020\" height=\"574\" src=\"https:\/\/www.youtube.com\/embed\/hWW1PR3ktYA?feature=oembed\" frameborder=\"0\" allow=\"autoplay; encrypted-media\" allowfullscreen><\/iframe><\/p>\n<h2>Programmation d\u2019un nouvel \u00e9metteur Lyra (ou suppl\u00e9mentaire) avec le r\u00e9cepteur Hydrus<\/h2>\n<pre>Tous les syst\u00e8mes ont d\u00e9j\u00e0 \u00e9t\u00e9 programm\u00e9 en usine. Si vous souhaitez programmer un nouvel \u00e9metteur au r\u00e9cepteur, vous n'avez rien \u00e0 changer \u00e0 la programmation du produit.<\/pre>\n<ol>\n<li>Assurez vous que le r\u00e9cepteur Hydrus soit correctement branch\u00e9 \u00e0 l\u2019alimentation<\/li>\n<li>Appuyez bri\u00e8vement et fermement sur le bouton de programmation noir sur le dessous du r\u00e9cepteur Hydrus (\u00e0 c\u00f4t\u00e9 du c\u00e2ble d&rsquo;alimentation).<\/li>\n<li>La led du r\u00e9cepteur Hydrus va s\u2019allumer en rouge<\/li>\n<li>Allumez l\u2019\u00e9metteur Lyra en appuyant sur le bouton \u201con\u201d<\/li>\n<li>La led du r\u00e9cepteur Hydrus va clignoter en vert.<\/li>\n<li>L\u2019\u00e9metteur Lyra est maintenant programm\u00e9 au r\u00e9cepteur Hydrus.<\/li>\n<li>R\u00e9p\u00e9tez les \u00e9tapes ci-dessus pour ajouter un autre \u00e9metteur Lyra (max. 54)<\/li>\n<\/ol>\n<p>Pour effacer du syst\u00e8me tous les \u00e9metteurs programm\u00e9s, appuyez sur le bouton noir de programmation pendant 8 secondes jusqu&rsquo;\u00e0 ce que la led rouge du r\u00e9cepteur Hydrus s&rsquo;\u00e9teigne.<\/p>\n<h2>Changer la fonctionnalit\u00e9 &#8211; Impulsion ou Bistable<\/h2>\n<p>Le syst\u00e8me Lyra \/ Hydrus dispose de deux modes de fonctionnement diff\u00e9rents que vous pouvez d\u00e9finir \u00e0 votre convenance :<\/p>\n<p><iframe width=\"1020\" height=\"574\" src=\"https:\/\/www.youtube.com\/embed\/hWW1PR3ktYA?start=51&#038;feature=oembed\" frameborder=\"0\" allow=\"autoplay; encrypted-media\" allowfullscreen><\/iframe><\/p>\n<ol>\n<li>Assurez vous que le r\u00e9cepteur soit Hydrus correctement branch\u00e9 \u00e0 l\u2019alimentation<\/li>\n<li>Appuyez sur le bouton ON de l\u2019\u00e9metteur Lyra jusqu\u2019\u00e0 ce qu\u2019il s\u2019allume.<\/li>\n<li>Appuyer sur le bouton noir de programmation sur le dessous du r\u00e9cepteur Hydrus enfonc\u00e9e jusqu&rsquo;\u00e0 ce que le voyant led rouge s&rsquo;\u00e9teigne (\u00b1 8 sec.). Rel\u00e2chez le bouton de programmation. Tous les \u00e9metteurs sont d\u00e9sormais supprim\u00e9s du syst\u00e8me.<\/li>\n<li>Appuyez bri\u00e8vement et fermement sur le bouton de programmation noir sur le dessous du r\u00e9cepteur Hydrus. La led du r\u00e9cepteur Hydrus va s&rsquo;allumer en rouge.<\/li>\n<li>Appuyez simultan\u00e9ment sur les touches \u25b2 et \u25bc de l&rsquo;\u00e9metteur Lyra.<\/li>\n<li>La led du r\u00e9cepteur Hydrus va clignoter en vert.<\/li>\n<li>L&rsquo;\u00e9metteur Lyra est maintenant programm\u00e9 au r\u00e9cepteur Hydrus, et utilise le mode touches bistables (appuyez sur le bouton = ON, appuyez \u00e0 nouveau = OFF).<\/li>\n<li>Testez la fonctionnalit\u00e9 des sorties pour v\u00e9rifier la configuration.<\/li>\n<\/ol>\n","protected":false},"excerpt":{"rendered":"<p>Programmation Lyra \/ Hydrus Ce tutoriel est con\u00e7u pour la t\u00e9l\u00e9commande Lyra en combinaison avec le r\u00e9cepteur Hydrus. Programmation d\u2019un nouvel \u00e9metteur Lyra (ou suppl\u00e9mentaire) avec le r\u00e9cepteur Hydrus Tous les syst\u00e8mes ont d\u00e9j\u00e0 \u00e9t\u00e9 programm\u00e9 en usine. Si vous souhaitez programmer un nouvel \u00e9metteur au r\u00e9cepteur, vous n&rsquo;avez rien \u00e0 changer \u00e0 la programmation [&#8230;]\n","protected":false},"author":9,"featured_media":0,"parent":10059,"menu_order":0,"comment_status":"closed","ping_status":"closed","template":"page-left-sidebar.php","meta":{"footnotes":""},"class_list":["post-10055","page","type-page","status-publish","hentry"],"yoast_head":"<!-- This site is optimized with the Yoast SEO plugin v27.5 - https:\/\/yoast.com\/product\/yoast-seo-wordpress\/ -->\n<title>Programmation de la t\u00e9l\u00e9commande Lyra avec le r\u00e9cepteur Hydrus<\/title>\n<meta name=\"description\" content=\"Regardez la vid\u00e9o d&#039;instruction montrant les \u00e9tapes requises pour programmer la Tyro Lyra\/Hydrus. L&#039;op\u00e9ration a deux fonctions.\" \/>\n<meta name=\"robots\" content=\"index, follow, max-snippet:-1, max-image-preview:large, max-video-preview:-1\" \/>\n<link rel=\"canonical\" href=\"https:\/\/www.tyroremotes.be\/fr\/support\/videos-de-programmation\/programmation-lyra-hydrus\/\" \/>\n<meta property=\"og:locale\" content=\"fr_FR\" \/>\n<meta property=\"og:type\" content=\"article\" \/>\n<meta property=\"og:title\" content=\"Programmation de la t\u00e9l\u00e9commande Lyra avec le r\u00e9cepteur Hydrus\" \/>\n<meta property=\"og:description\" content=\"Regardez la vid\u00e9o d&#039;instruction montrant les \u00e9tapes requises pour programmer la Tyro Lyra\/Hydrus. L&#039;op\u00e9ration a deux fonctions.\" \/>\n<meta property=\"og:url\" content=\"https:\/\/www.tyroremotes.be\/fr\/support\/videos-de-programmation\/programmation-lyra-hydrus\/\" \/>\n<meta property=\"og:site_name\" content=\"Tyro Remotes\" \/>\n<meta property=\"article:modified_time\" content=\"2018-10-17T12:43:05+00:00\" \/>\n<meta name=\"twitter:card\" content=\"summary_large_image\" \/>\n<meta name=\"twitter:site\" content=\"@TyroRemotesNL\" \/>\n<meta name=\"twitter:label1\" content=\"Dur\u00e9e de lecture est.\" \/>\n\t<meta name=\"twitter:data1\" content=\"2 minutes\" \/>\n<script type=\"application\/ld+json\" class=\"yoast-schema-graph\">{\"@context\":\"https:\\\/\\\/schema.org\",\"@graph\":[{\"@type\":\"WebPage\",\"@id\":\"https:\\\/\\\/www.tyroremotes.be\\\/fr\\\/support\\\/videos-de-programmation\\\/programmation-lyra-hydrus\\\/\",\"url\":\"https:\\\/\\\/www.tyroremotes.be\\\/fr\\\/support\\\/videos-de-programmation\\\/programmation-lyra-hydrus\\\/\",\"name\":\"Programmation de la t\u00e9l\u00e9commande Lyra avec le r\u00e9cepteur Hydrus\",\"isPartOf\":{\"@id\":\"https:\\\/\\\/www.tyroremotes.be\\\/#website\"},\"datePublished\":\"2016-09-19T07:04:26+00:00\",\"dateModified\":\"2018-10-17T12:43:05+00:00\",\"description\":\"Regardez la vid\u00e9o d'instruction montrant les \u00e9tapes requises pour programmer la Tyro Lyra\\\/Hydrus. L'op\u00e9ration a deux fonctions.\",\"breadcrumb\":{\"@id\":\"https:\\\/\\\/www.tyroremotes.be\\\/fr\\\/support\\\/videos-de-programmation\\\/programmation-lyra-hydrus\\\/#breadcrumb\"},\"inLanguage\":\"fr-BE\",\"potentialAction\":[{\"@type\":\"ReadAction\",\"target\":[\"https:\\\/\\\/www.tyroremotes.be\\\/fr\\\/support\\\/videos-de-programmation\\\/programmation-lyra-hydrus\\\/\"]}]},{\"@type\":\"BreadcrumbList\",\"@id\":\"https:\\\/\\\/www.tyroremotes.be\\\/fr\\\/support\\\/videos-de-programmation\\\/programmation-lyra-hydrus\\\/#breadcrumb\",\"itemListElement\":[{\"@type\":\"ListItem\",\"position\":1,\"name\":\"Home\",\"item\":\"https:\\\/\\\/www.tyroremotes.be\\\/fr\\\/\"},{\"@type\":\"ListItem\",\"position\":2,\"name\":\"Support\",\"item\":\"https:\\\/\\\/www.tyroremotes.be\\\/fr\\\/support\\\/\"},{\"@type\":\"ListItem\",\"position\":3,\"name\":\"Vid\u00e9os de Programmation\",\"item\":\"https:\\\/\\\/www.tyroremotes.be\\\/fr\\\/support\\\/videos-de-programmation\\\/\"},{\"@type\":\"ListItem\",\"position\":4,\"name\":\"Programmation Lyra \\\/ Hydrus\"}]},{\"@type\":\"WebSite\",\"@id\":\"https:\\\/\\\/www.tyroremotes.be\\\/#website\",\"url\":\"https:\\\/\\\/www.tyroremotes.be\\\/\",\"name\":\"Tyro Remotes\",\"description\":\"\",\"potentialAction\":[{\"@type\":\"SearchAction\",\"target\":{\"@type\":\"EntryPoint\",\"urlTemplate\":\"https:\\\/\\\/www.tyroremotes.be\\\/?s={search_term_string}\"},\"query-input\":{\"@type\":\"PropertyValueSpecification\",\"valueRequired\":true,\"valueName\":\"search_term_string\"}}],\"inLanguage\":\"fr-BE\"}]}<\/script>\n<!-- \/ Yoast SEO plugin. -->","yoast_head_json":{"title":"Programmation de la t\u00e9l\u00e9commande Lyra avec le r\u00e9cepteur Hydrus","description":"Regardez la vid\u00e9o d'instruction montrant les \u00e9tapes requises pour programmer la Tyro Lyra\/Hydrus. L'op\u00e9ration a deux fonctions.","robots":{"index":"index","follow":"follow","max-snippet":"max-snippet:-1","max-image-preview":"max-image-preview:large","max-video-preview":"max-video-preview:-1"},"canonical":"https:\/\/www.tyroremotes.be\/fr\/support\/videos-de-programmation\/programmation-lyra-hydrus\/","og_locale":"fr_FR","og_type":"article","og_title":"Programmation de la t\u00e9l\u00e9commande Lyra avec le r\u00e9cepteur Hydrus","og_description":"Regardez la vid\u00e9o d'instruction montrant les \u00e9tapes requises pour programmer la Tyro Lyra\/Hydrus. L'op\u00e9ration a deux fonctions.","og_url":"https:\/\/www.tyroremotes.be\/fr\/support\/videos-de-programmation\/programmation-lyra-hydrus\/","og_site_name":"Tyro Remotes","article_modified_time":"2018-10-17T12:43:05+00:00","twitter_card":"summary_large_image","twitter_site":"@TyroRemotesNL","twitter_misc":{"Dur\u00e9e de lecture est.":"2 minutes"},"schema":{"@context":"https:\/\/schema.org","@graph":[{"@type":"WebPage","@id":"https:\/\/www.tyroremotes.be\/fr\/support\/videos-de-programmation\/programmation-lyra-hydrus\/","url":"https:\/\/www.tyroremotes.be\/fr\/support\/videos-de-programmation\/programmation-lyra-hydrus\/","name":"Programmation de la t\u00e9l\u00e9commande Lyra avec le r\u00e9cepteur Hydrus","isPartOf":{"@id":"https:\/\/www.tyroremotes.be\/#website"},"datePublished":"2016-09-19T07:04:26+00:00","dateModified":"2018-10-17T12:43:05+00:00","description":"Regardez la vid\u00e9o d'instruction montrant les \u00e9tapes requises pour programmer la Tyro Lyra\/Hydrus. L'op\u00e9ration a deux fonctions.","breadcrumb":{"@id":"https:\/\/www.tyroremotes.be\/fr\/support\/videos-de-programmation\/programmation-lyra-hydrus\/#breadcrumb"},"inLanguage":"fr-BE","potentialAction":[{"@type":"ReadAction","target":["https:\/\/www.tyroremotes.be\/fr\/support\/videos-de-programmation\/programmation-lyra-hydrus\/"]}]},{"@type":"BreadcrumbList","@id":"https:\/\/www.tyroremotes.be\/fr\/support\/videos-de-programmation\/programmation-lyra-hydrus\/#breadcrumb","itemListElement":[{"@type":"ListItem","position":1,"name":"Home","item":"https:\/\/www.tyroremotes.be\/fr\/"},{"@type":"ListItem","position":2,"name":"Support","item":"https:\/\/www.tyroremotes.be\/fr\/support\/"},{"@type":"ListItem","position":3,"name":"Vid\u00e9os de Programmation","item":"https:\/\/www.tyroremotes.be\/fr\/support\/videos-de-programmation\/"},{"@type":"ListItem","position":4,"name":"Programmation Lyra \/ Hydrus"}]},{"@type":"WebSite","@id":"https:\/\/www.tyroremotes.be\/#website","url":"https:\/\/www.tyroremotes.be\/","name":"Tyro Remotes","description":"","potentialAction":[{"@type":"SearchAction","target":{"@type":"EntryPoint","urlTemplate":"https:\/\/www.tyroremotes.be\/?s={search_term_string}"},"query-input":{"@type":"PropertyValueSpecification","valueRequired":true,"valueName":"search_term_string"}}],"inLanguage":"fr-BE"}]}},"_links":{"self":[{"href":"https:\/\/www.tyroremotes.be\/fr\/wp-json\/wp\/v2\/pages\/10055","targetHints":{"allow":["GET"]}}],"collection":[{"href":"https:\/\/www.tyroremotes.be\/fr\/wp-json\/wp\/v2\/pages"}],"about":[{"href":"https:\/\/www.tyroremotes.be\/fr\/wp-json\/wp\/v2\/types\/page"}],"author":[{"embeddable":true,"href":"https:\/\/www.tyroremotes.be\/fr\/wp-json\/wp\/v2\/users\/9"}],"replies":[{"embeddable":true,"href":"https:\/\/www.tyroremotes.be\/fr\/wp-json\/wp\/v2\/comments?post=10055"}],"version-history":[{"count":1,"href":"https:\/\/www.tyroremotes.be\/fr\/wp-json\/wp\/v2\/pages\/10055\/revisions"}],"predecessor-version":[{"id":10056,"href":"https:\/\/www.tyroremotes.be\/fr\/wp-json\/wp\/v2\/pages\/10055\/revisions\/10056"}],"up":[{"embeddable":true,"href":"https:\/\/www.tyroremotes.be\/fr\/wp-json\/wp\/v2\/pages\/10059"}],"wp:attachment":[{"href":"https:\/\/www.tyroremotes.be\/fr\/wp-json\/wp\/v2\/media?parent=10055"}],"curies":[{"name":"wp","href":"https:\/\/api.w.org\/{rel}","templated":true}]}}