{"id":10023,"date":"2015-10-12T13:13:06","date_gmt":"2015-10-12T12:13:06","guid":{"rendered":"https:\/\/www.tyroremotes.be\/?page_id=10023"},"modified":"2018-10-15T09:59:23","modified_gmt":"2018-10-15T08:59:23","slug":"iso-9001","status":"publish","type":"page","link":"https:\/\/www.tyroremotes.be\/fr\/presentation\/iso-9001\/","title":{"rendered":"ISO 9001"},"content":{"rendered":"<h1>La gestion de la qualit\u00e9 chez Tyro<\/h1>\n<div class=\"row\"  id=\"row-674073046\">\n\n\t<div id=\"col-1811994805\" class=\"col medium-3\/4 large-9\"  >\n\t\t\t\t<div class=\"col-inner\"  >\n\t\t\t\n\t\t\t\n<p>Le syst\u00e8me de gestion de la qualit\u00e9 de Tyro Remotes est certifi\u00e9 selon la norme ISO 9001-2008. Qualit\u00e9 et s\u00e9curit\u00e9 sont \u00e0 la base de toutes les activit\u00e9s chez Tyro Remotes.<\/p>\n<p>Tous les employ\u00e9s de chez Tyro Remotes contribuent continuellement et activement \u00e0 l\u2019assurance et \u00e0 l\u2019optimisation de la qualit\u00e9 de nos produits, services et processus.<\/p>\n<h2Ons kwaliteitsmanagementsysteem bestaat uit:<\/h2>\n<ul>\n<li>Contr\u00f4le de la qualit\u00e9, audits et \u00e9valuation de nos fournisseurs<\/li>\n<li>Contr\u00f4le de la qualit\u00e9 \/ Contr\u00f4le des mat\u00e9riaux de production \u00e0 la r\u00e9ception<\/li>\n<li>Contr\u00f4le de la qualit\u00e9 du processus de production<\/li>\n<li>Contr\u00f4le de qualit\u00e9 \u00e0 100% pour tous les syst\u00e8mes exp\u00e9di\u00e9s<\/li>\n<\/ul>\n<p><a href=\"https:\/\/www.tyroremotes.be\/fr\/support\/documentation\/iso-certificering\/\">NEN EN ISO 9001 Certificaat Tyro Remotes<\/a><\/p>\n\t\t<\/div>\n\t\t\t\t\t<\/div>\n\n\t\n\n\t<div id=\"col-1307812973\" class=\"col medium-1\/4 large-3\"  >\n\t\t\t\t<div class=\"col-inner\"  >\n\t\t\t\n\t\t\t<img decoding=\"async\" src=\"https:\/\/www.tyroremotes.be\/wp-content\/uploads\/2015\/10\/Logo-NCK-4KL-ISO-9001-300x147.jpg\" alt=\"\" width=\"300\" height=\"147\" class=\"alignnone size-medium wp-image-8389\" \/><\/p>\n\t\t<\/div>\n\t\t\t\t\t<\/div>\n\n\t\n<\/div>\n","protected":false},"excerpt":{"rendered":"<p>La gestion de la qualit\u00e9 chez Tyro<\/p>\n","protected":false},"author":9,"featured_media":0,"parent":9727,"menu_order":0,"comment_status":"closed","ping_status":"closed","template":"page-left-sidebar.php","meta":{"footnotes":""},"class_list":["post-10023","page","type-page","status-publish","hentry"],"yoast_head":"<!-- This site is optimized with the Yoast SEO plugin v27.3 - https:\/\/yoast.com\/product\/yoast-seo-wordpress\/ -->\n<title>ISO 9001 - Tyro Remotes<\/title>\n<meta name=\"robots\" content=\"index, follow, max-snippet:-1, max-image-preview:large, max-video-preview:-1\" \/>\n<link rel=\"canonical\" href=\"https:\/\/www.tyroremotes.be\/fr\/presentation\/iso-9001\/\" \/>\n<meta property=\"og:locale\" content=\"fr_FR\" \/>\n<meta property=\"og:type\" content=\"article\" \/>\n<meta property=\"og:title\" content=\"ISO 9001 - Tyro Remotes\" \/>\n<meta property=\"og:description\" content=\"La gestion de la qualit\u00e9 chez Tyro\" \/>\n<meta property=\"og:url\" content=\"https:\/\/www.tyroremotes.be\/fr\/presentation\/iso-9001\/\" \/>\n<meta property=\"og:site_name\" content=\"Tyro Remotes\" \/>\n<meta property=\"article:modified_time\" content=\"2018-10-15T08:59:23+00:00\" \/>\n<meta property=\"og:image\" content=\"https:\/\/www.tyroremotes.be\/wp-content\/uploads\/2015\/10\/Logo-NCK-4KL-ISO-9001-300x147.jpg\" \/>\n<meta name=\"twitter:card\" content=\"summary_large_image\" \/>\n<meta name=\"twitter:site\" content=\"@TyroRemotesNL\" \/>\n<script type=\"application\/ld+json\" class=\"yoast-schema-graph\">{\"@context\":\"https:\\\/\\\/schema.org\",\"@graph\":[{\"@type\":\"WebPage\",\"@id\":\"https:\\\/\\\/www.tyroremotes.be\\\/fr\\\/presentation\\\/iso-9001\\\/\",\"url\":\"https:\\\/\\\/www.tyroremotes.be\\\/fr\\\/presentation\\\/iso-9001\\\/\",\"name\":\"ISO 9001 - Tyro Remotes\",\"isPartOf\":{\"@id\":\"https:\\\/\\\/www.tyroremotes.be\\\/#website\"},\"primaryImageOfPage\":{\"@id\":\"https:\\\/\\\/www.tyroremotes.be\\\/fr\\\/presentation\\\/iso-9001\\\/#primaryimage\"},\"image\":{\"@id\":\"https:\\\/\\\/www.tyroremotes.be\\\/fr\\\/presentation\\\/iso-9001\\\/#primaryimage\"},\"thumbnailUrl\":\"https:\\\/\\\/www.tyroremotes.be\\\/wp-content\\\/uploads\\\/2015\\\/10\\\/Logo-NCK-4KL-ISO-9001-300x147.jpg\",\"datePublished\":\"2015-10-12T12:13:06+00:00\",\"dateModified\":\"2018-10-15T08:59:23+00:00\",\"breadcrumb\":{\"@id\":\"https:\\\/\\\/www.tyroremotes.be\\\/fr\\\/presentation\\\/iso-9001\\\/#breadcrumb\"},\"inLanguage\":\"fr-BE\",\"potentialAction\":[{\"@type\":\"ReadAction\",\"target\":[\"https:\\\/\\\/www.tyroremotes.be\\\/fr\\\/presentation\\\/iso-9001\\\/\"]}]},{\"@type\":\"ImageObject\",\"inLanguage\":\"fr-BE\",\"@id\":\"https:\\\/\\\/www.tyroremotes.be\\\/fr\\\/presentation\\\/iso-9001\\\/#primaryimage\",\"url\":\"https:\\\/\\\/www.tyroremotes.be\\\/wp-content\\\/uploads\\\/2015\\\/10\\\/Logo-NCK-4KL-ISO-9001-300x147.jpg\",\"contentUrl\":\"https:\\\/\\\/www.tyroremotes.be\\\/wp-content\\\/uploads\\\/2015\\\/10\\\/Logo-NCK-4KL-ISO-9001-300x147.jpg\"},{\"@type\":\"BreadcrumbList\",\"@id\":\"https:\\\/\\\/www.tyroremotes.be\\\/fr\\\/presentation\\\/iso-9001\\\/#breadcrumb\",\"itemListElement\":[{\"@type\":\"ListItem\",\"position\":1,\"name\":\"Home\",\"item\":\"https:\\\/\\\/www.tyroremotes.be\\\/fr\\\/\"},{\"@type\":\"ListItem\",\"position\":2,\"name\":\"Pr\u00e9sentation\",\"item\":\"https:\\\/\\\/www.tyroremotes.be\\\/fr\\\/presentation\\\/\"},{\"@type\":\"ListItem\",\"position\":3,\"name\":\"ISO 9001\"}]},{\"@type\":\"WebSite\",\"@id\":\"https:\\\/\\\/www.tyroremotes.be\\\/#website\",\"url\":\"https:\\\/\\\/www.tyroremotes.be\\\/\",\"name\":\"Tyro Remotes\",\"description\":\"\",\"potentialAction\":[{\"@type\":\"SearchAction\",\"target\":{\"@type\":\"EntryPoint\",\"urlTemplate\":\"https:\\\/\\\/www.tyroremotes.be\\\/?s={search_term_string}\"},\"query-input\":{\"@type\":\"PropertyValueSpecification\",\"valueRequired\":true,\"valueName\":\"search_term_string\"}}],\"inLanguage\":\"fr-BE\"}]}<\/script>\n<!-- \/ Yoast SEO plugin. -->","yoast_head_json":{"title":"ISO 9001 - Tyro Remotes","robots":{"index":"index","follow":"follow","max-snippet":"max-snippet:-1","max-image-preview":"max-image-preview:large","max-video-preview":"max-video-preview:-1"},"canonical":"https:\/\/www.tyroremotes.be\/fr\/presentation\/iso-9001\/","og_locale":"fr_FR","og_type":"article","og_title":"ISO 9001 - Tyro Remotes","og_description":"La gestion de la qualit\u00e9 chez Tyro","og_url":"https:\/\/www.tyroremotes.be\/fr\/presentation\/iso-9001\/","og_site_name":"Tyro Remotes","article_modified_time":"2018-10-15T08:59:23+00:00","og_image":[{"url":"https:\/\/www.tyroremotes.be\/wp-content\/uploads\/2015\/10\/Logo-NCK-4KL-ISO-9001-300x147.jpg","type":"","width":"","height":""}],"twitter_card":"summary_large_image","twitter_site":"@TyroRemotesNL","schema":{"@context":"https:\/\/schema.org","@graph":[{"@type":"WebPage","@id":"https:\/\/www.tyroremotes.be\/fr\/presentation\/iso-9001\/","url":"https:\/\/www.tyroremotes.be\/fr\/presentation\/iso-9001\/","name":"ISO 9001 - Tyro Remotes","isPartOf":{"@id":"https:\/\/www.tyroremotes.be\/#website"},"primaryImageOfPage":{"@id":"https:\/\/www.tyroremotes.be\/fr\/presentation\/iso-9001\/#primaryimage"},"image":{"@id":"https:\/\/www.tyroremotes.be\/fr\/presentation\/iso-9001\/#primaryimage"},"thumbnailUrl":"https:\/\/www.tyroremotes.be\/wp-content\/uploads\/2015\/10\/Logo-NCK-4KL-ISO-9001-300x147.jpg","datePublished":"2015-10-12T12:13:06+00:00","dateModified":"2018-10-15T08:59:23+00:00","breadcrumb":{"@id":"https:\/\/www.tyroremotes.be\/fr\/presentation\/iso-9001\/#breadcrumb"},"inLanguage":"fr-BE","potentialAction":[{"@type":"ReadAction","target":["https:\/\/www.tyroremotes.be\/fr\/presentation\/iso-9001\/"]}]},{"@type":"ImageObject","inLanguage":"fr-BE","@id":"https:\/\/www.tyroremotes.be\/fr\/presentation\/iso-9001\/#primaryimage","url":"https:\/\/www.tyroremotes.be\/wp-content\/uploads\/2015\/10\/Logo-NCK-4KL-ISO-9001-300x147.jpg","contentUrl":"https:\/\/www.tyroremotes.be\/wp-content\/uploads\/2015\/10\/Logo-NCK-4KL-ISO-9001-300x147.jpg"},{"@type":"BreadcrumbList","@id":"https:\/\/www.tyroremotes.be\/fr\/presentation\/iso-9001\/#breadcrumb","itemListElement":[{"@type":"ListItem","position":1,"name":"Home","item":"https:\/\/www.tyroremotes.be\/fr\/"},{"@type":"ListItem","position":2,"name":"Pr\u00e9sentation","item":"https:\/\/www.tyroremotes.be\/fr\/presentation\/"},{"@type":"ListItem","position":3,"name":"ISO 9001"}]},{"@type":"WebSite","@id":"https:\/\/www.tyroremotes.be\/#website","url":"https:\/\/www.tyroremotes.be\/","name":"Tyro Remotes","description":"","potentialAction":[{"@type":"SearchAction","target":{"@type":"EntryPoint","urlTemplate":"https:\/\/www.tyroremotes.be\/?s={search_term_string}"},"query-input":{"@type":"PropertyValueSpecification","valueRequired":true,"valueName":"search_term_string"}}],"inLanguage":"fr-BE"}]}},"_links":{"self":[{"href":"https:\/\/www.tyroremotes.be\/fr\/wp-json\/wp\/v2\/pages\/10023","targetHints":{"allow":["GET"]}}],"collection":[{"href":"https:\/\/www.tyroremotes.be\/fr\/wp-json\/wp\/v2\/pages"}],"about":[{"href":"https:\/\/www.tyroremotes.be\/fr\/wp-json\/wp\/v2\/types\/page"}],"author":[{"embeddable":true,"href":"https:\/\/www.tyroremotes.be\/fr\/wp-json\/wp\/v2\/users\/9"}],"replies":[{"embeddable":true,"href":"https:\/\/www.tyroremotes.be\/fr\/wp-json\/wp\/v2\/comments?post=10023"}],"version-history":[{"count":3,"href":"https:\/\/www.tyroremotes.be\/fr\/wp-json\/wp\/v2\/pages\/10023\/revisions"}],"predecessor-version":[{"id":10028,"href":"https:\/\/www.tyroremotes.be\/fr\/wp-json\/wp\/v2\/pages\/10023\/revisions\/10028"}],"up":[{"embeddable":true,"href":"https:\/\/www.tyroremotes.be\/fr\/wp-json\/wp\/v2\/pages\/9727"}],"wp:attachment":[{"href":"https:\/\/www.tyroremotes.be\/fr\/wp-json\/wp\/v2\/media?parent=10023"}],"curies":[{"name":"wp","href":"https:\/\/api.w.org\/{rel}","templated":true}]}}